{"id":1821,"date":"2024-08-30T09:44:42","date_gmt":"2024-08-30T09:44:42","guid":{"rendered":"https:\/\/www.globallogic.com\/de\/?page_id=1821"},"modified":"2025-02-07T06:42:01","modified_gmt":"2025-02-07T06:42:01","slug":"press-release","status":"publish","type":"page","link":"https:\/\/www.globallogic.com\/de\/about\/press-room\/press-release\/","title":{"rendered":"Press Release"},"content":{"rendered":"\r\n<!-- Locations Hero banner -->\r\n \r\n<section class=\"partner_detail_banner_block locations_banner_block \" id=\"banner-locations-block_f4d40185d961bc45725ee44694b05fb3\">\r\n    <div class=\"container\">\r\n        <div class=\"banner_content_block\">\r\n            <ul class=\"breadcrumb\"><\/ul>            \r\n                            <h1>GlobalLogic bringt neue Perspektiven in die Nachrichten und auf Events weltweit ein.<\/h1>\r\n                    <\/div>\r\n    <\/div>\r\n<\/section>\r\n\n\n\n<!-- Featured Posts Slider --> \n    <section class=\"event_banner_block \" id=\"fea-posts-sliderblock_4a66bc256a40a719683acd5f47f299e9\">\n        <div class=\"container\">\n            <div class=\"swiper eventSlider\">\n                <div class=\"swiper-wrapper\">\n                                                                                                            <div class=\"swiper-slide\">\n                                        <a href=\"https:\/\/www.globallogic.com\/de\/about\/press-room\/press-release\/globallogic-announces-availability-of-velocityai-on-google-cloud-marketplace-to-accelerate-enterprise-ai-adoption-and-it-ot-integration-at-scale\/\" class=\"insightCard fullWidth\">\n                                            <div class=\"insight_overlay\">\n                                                                                                <div class=\"insight_sub_head\">\n                                                                                                                                                                    <span><\/span>\n                                                                                                    <\/div>\n                                                                                                    <h3 class=\"trim\">GlobalLogic k\u00fcndigt die Verf\u00fcgbarkeit von VelocityAI im Google Cloud Marketplace an, um die Einf\u00fchrung von Enterprise AI und die Integration von IT\/OT in gro\u00dfem Ma\u00dfstab zu beschleunigen<\/h3>\n                                                                                            <\/div>\n                                            \n                                                <div class=\"insight_img\">\n\n                                                    <img width=\"1130\" height=\"636\" src=\"https:\/\/www.globallogic.com\/de\/wp-content\/uploads\/sites\/14\/2026\/04\/gl-velocityAI-1024x576-1.png\" class=\"attachment-full size-full\" alt=\"\" loading=\"lazy\" decoding=\"async\" srcset=\"https:\/\/www.globallogic.com\/de\/wp-content\/uploads\/sites\/14\/2026\/04\/gl-velocityAI-1024x576-1.png 1024w, https:\/\/www.globallogic.com\/de\/wp-content\/uploads\/sites\/14\/2026\/04\/gl-velocityAI-1024x576-1-300x169.png 300w, https:\/\/www.globallogic.com\/de\/wp-content\/uploads\/sites\/14\/2026\/04\/gl-velocityAI-1024x576-1-768x432.png 768w\" sizes=\"auto, (max-width: 1024px) 100vw, 1024px\" \/>\n                                                <\/div>\n                                                                                    <\/a>\n                                    <\/div>\n                                                                        <div class=\"swiper-slide\">\n                                        <a href=\"https:\/\/www.globallogic.com\/de\/about\/press-room\/press-release\/globallogic-and-elektrobit-strengthen-partnership-to-accelerate-next-generation-software-defined-vehicles\/\" class=\"insightCard fullWidth\">\n                                            <div class=\"insight_overlay\">\n                                                                                                <div class=\"insight_sub_head\">\n                                                                                                                                                                    <span><\/span>\n                                                                                                    <\/div>\n                                                                                                    <h3 class=\"trim\">GlobalLogic und Elektrobit st\u00e4rken Partnerschaft zur Beschleunigung der n\u00e4chsten Generation softwaredefinierter Fahrzeuge<\/h3>\n                                                                                            <\/div>\n                                            \n                                                <div class=\"insight_img\">\n\n                                                    <img width=\"1130\" height=\"636\" src=\"https:\/\/www.globallogic.com\/de\/wp-content\/uploads\/sites\/14\/2026\/01\/large-Website-feature-image.png\" class=\"attachment-full size-full  wpsmartcrop-image \" alt=\"\" loading=\"lazy\" decoding=\"async\" srcset=\"https:\/\/www.globallogic.com\/de\/wp-content\/uploads\/sites\/14\/2026\/01\/large-Website-feature-image.png 786w, https:\/\/www.globallogic.com\/de\/wp-content\/uploads\/sites\/14\/2026\/01\/large-Website-feature-image-300x195.png 300w, https:\/\/www.globallogic.com\/de\/wp-content\/uploads\/sites\/14\/2026\/01\/large-Website-feature-image-768x500.png 768w\" sizes=\"auto, (max-width: 786px) 100vw, 786px\" data-smartcrop-focus=\"[63,59]\" \/>\n                                                <\/div>\n                                                                                    <\/a>\n                                    <\/div>\n                                                                        <div class=\"swiper-slide\">\n                                        <a href=\"https:\/\/www.globallogic.com\/de\/about\/press-room\/press-release\/globallogic-appoints-lujean-smith-as-chief-marketing-officer\/\" class=\"insightCard fullWidth\">\n                                            <div class=\"insight_overlay\">\n                                                                                                <div class=\"insight_sub_head\">\n                                                                                                                                                                    <span><\/span>\n                                                                                                    <\/div>\n                                                                                                    <h3 class=\"trim\">GlobalLogic ernennt LuJean Smith zur Chief Marketing Officer, um Markenwachstum und KI-Transformation zu beschleunigen<\/h3>\n                                                                                            <\/div>\n                                            \n                                                <div class=\"insight_img\">\n\n                                                    <img width=\"1130\" height=\"636\" src=\"https:\/\/www.globallogic.com\/de\/wp-content\/uploads\/sites\/14\/2026\/01\/LuJean_Smith_.png\" class=\"attachment-full size-full\" alt=\"\" loading=\"lazy\" decoding=\"async\" srcset=\"https:\/\/www.globallogic.com\/de\/wp-content\/uploads\/sites\/14\/2026\/01\/LuJean_Smith_.png 708w, https:\/\/www.globallogic.com\/de\/wp-content\/uploads\/sites\/14\/2026\/01\/LuJean_Smith_-300x269.png 300w\" sizes=\"auto, (max-width: 708px) 100vw, 708px\" \/>\n                                                <\/div>\n                                                                                    <\/a>\n                                    <\/div>\n                                                                        <div class=\"swiper-slide\">\n                                        <a href=\"https:\/\/www.globallogic.com\/de\/about\/press-room\/press-release\/globallogic-announces-strategic-leadership-appointments-to-drive-next-phase-of-growth\/\" class=\"insightCard fullWidth\">\n                                            <div class=\"insight_overlay\">\n                                                                                                <div class=\"insight_sub_head\">\n                                                                                                                                                                    <span><\/span>\n                                                                                                    <\/div>\n                                                                                                    <h3 class=\"trim\">GlobalLogic k\u00fcndigt strategische F\u00fchrungswechsel an, um die n\u00e4chste Wachstumsphase voranzutreiben<\/h3>\n                                                                                            <\/div>\n                                            \n                                                <div class=\"insight_img\">\n\n                                                    <img width=\"1130\" height=\"636\" src=\"https:\/\/www.globallogic.com\/de\/wp-content\/uploads\/sites\/14\/2025\/12\/Frame.png\" class=\"attachment-full size-full\" alt=\"\" loading=\"lazy\" decoding=\"async\" srcset=\"https:\/\/www.globallogic.com\/de\/wp-content\/uploads\/sites\/14\/2025\/12\/Frame.png 1920w, https:\/\/www.globallogic.com\/de\/wp-content\/uploads\/sites\/14\/2025\/12\/Frame-300x169.png 300w, https:\/\/www.globallogic.com\/de\/wp-content\/uploads\/sites\/14\/2025\/12\/Frame-1024x576.png 1024w, https:\/\/www.globallogic.com\/de\/wp-content\/uploads\/sites\/14\/2025\/12\/Frame-768x432.png 768w, https:\/\/www.globallogic.com\/de\/wp-content\/uploads\/sites\/14\/2025\/12\/Frame-1536x864.png 1536w\" sizes=\"auto, (max-width: 1920px) 100vw, 1920px\" \/>\n                                                <\/div>\n                                                                                    <\/a>\n                                    <\/div>\n                                    \n                                                                <\/div>\n                                    <div class=\"swiper_control\">\n                        <div class=\"swiper-scrollbar\"><\/div>\n                        <nav class=\"swiper_nav\" aria-label=\"Featured Post Slider Navigation\">\n                            <div class=\"swiper-button-prev\"><\/div>\n                            <div class=\"swiper-button-next\"><\/div>\n                        <\/nav>\n                    <\/div>\n                    \n            <\/div>\n    <\/section>\n    ","protected":false},"excerpt":{"rendered":"","protected":false},"author":1,"featured_media":0,"parent":60,"menu_order":0,"comment_status":"closed","ping_status":"closed","template":"templates\/press-release.php","meta":{"_acf_changed":false,"footnotes":""},"class_list":["post-1821","page","type-page","status-publish","hentry"],"acf":[],"aioseo_notices":[],"_links":{"self":[{"href":"https:\/\/www.globallogic.com\/de\/wp-json\/wp\/v2\/pages\/1821","targetHints":{"allow":["GET"]}}],"collection":[{"href":"https:\/\/www.globallogic.com\/de\/wp-json\/wp\/v2\/pages"}],"about":[{"href":"https:\/\/www.globallogic.com\/de\/wp-json\/wp\/v2\/types\/page"}],"author":[{"embeddable":true,"href":"https:\/\/www.globallogic.com\/de\/wp-json\/wp\/v2\/users\/1"}],"replies":[{"embeddable":true,"href":"https:\/\/www.globallogic.com\/de\/wp-json\/wp\/v2\/comments?post=1821"}],"version-history":[{"count":4,"href":"https:\/\/www.globallogic.com\/de\/wp-json\/wp\/v2\/pages\/1821\/revisions"}],"predecessor-version":[{"id":102075,"href":"https:\/\/www.globallogic.com\/de\/wp-json\/wp\/v2\/pages\/1821\/revisions\/102075"}],"up":[{"embeddable":true,"href":"https:\/\/www.globallogic.com\/de\/wp-json\/wp\/v2\/pages\/60"}],"wp:attachment":[{"href":"https:\/\/www.globallogic.com\/de\/wp-json\/wp\/v2\/media?parent=1821"}],"curies":[{"name":"wp","href":"https:\/\/api.w.org\/{rel}","templated":true}]}}