{"id":18917,"date":"2018-03-22T07:40:24","date_gmt":"2018-03-22T07:40:24","guid":{"rendered":"https:\/\/www.globallogic.com\/?page_id=18917"},"modified":"2018-03-22T07:40:24","modified_gmt":"2018-03-22T07:40:24","slug":"gdpr","status":"publish","type":"page","link":"https:\/\/www.globallogic.com\/de\/gdpr\/","title":{"rendered":"DSGVO"},"content":{"rendered":"<div class=\"classic_editor_content\">Stand: 11. August 2021<\/p>\n<p>Die Datenschutz-Grundverordnung (DSGVO) ist seit dem 25. Mai 2018 unmittelbar anwendbares Gesetz in allen Mitgliedstaaten der Europ\u00e4ischen Union und des Europ\u00e4ischen Wirtschaftsraums (EU\/EWR).<\/p>\n<p>Die DSGVO verfolgt die folgenden Ziele:<\/p>\n<ol>\n<li>Harmonisierung der Datenschutzregelungen in der gesamten EU;<\/li>\n<li>Modernisierung der Datenschutzgesetze im Lichte des technologischen Fortschritts;<\/li>\n<li>St\u00e4rkung der Rechte der Betroffenen;<\/li>\n<li>Anhebung der Rechenschaftsanforderungen und Pflichten von Verantwortlichen und Auftragsverarbeiter; und<\/li>\n<li>Sicherstellung besserer Dokumentationen und Nachweise \u00fcber die Einhaltung der Datenschutzanforderungen und mehr Transparenz dar\u00fcber, wie, von wem und wof\u00fcr Daten verwendet werden.<\/li>\n<\/ol>\n<p>Die DSGVO gilt f\u00fcr Unternehmen (in der EU und au\u00dferhalb), die personenbezogene Daten von nat\u00fcrlichen Personen in der EU verarbeiten, einschlie\u00dflich der personenbezogenen Daten von GlobalLogic-Kunden, ihren Endkunden und Mitarbeitern.<\/p>\n<p><strong><em>Was unternimmt GlobalLogic in Bezug auf die DSGVO?<\/em><\/strong><\/p>\n<p>GlobalLogic, ein Unternehmen der Hitachi-Gruppe, verarbeitet personenbezogene Daten sowohl als Verantwortlicher als auch als Auftragsverarbeiter. Wir nehmen unsere DSGVO-Verpflichtungen sehr ernst. Um uns auf die DSGVO vorzubereiten, haben wir ein DSGVO-Ma\u00dfnahmen-Programm durchgef\u00fchrt, einschlie\u00dflich Folgendem:<\/p>\n<ol>\n<li>Auditierung unserer globalen Datenverarbeitungsvorg\u00e4nge;<\/li>\n<li>Bewertung der Datensicherheit in unserer Unternehmensgruppe;<\/li>\n<li>Auffrischung unserer Schulungen, Richtlinien und Prozesse;<\/li>\n<li>Sicherstellung, dass f\u00fcr unsere Dienstleister, die als Auftragsverarbeiter und Unterauftragsverarbeiter fungieren, angemessene Bedingungen gelten.<\/li>\n<li>Aktualisierung unseres Einsatzes von Cookies und \u00e4hnlichen Technologien auf unserer Website, unserer Marketing-E-Mails und Mechanismen, die es Nutzern erm\u00f6glichen, ihre Marketingpr\u00e4ferenzen festzulegen.<\/li>\n<\/ol>\n<p>Im Rahmen unseres DSGVO-Programms \u00fcberwachen wir kontinuierlich \u00c4nderungen des anwendbaren Rechts, neue Richtlinien und Beschl\u00fcsse der Datenschutzbeh\u00f6rden sowie Best-Practice Methoden am Markt. Wir \u00fcberpr\u00fcfen unsere Praktiken, Richtlinien und Verfahren mindestens auf j\u00e4hrlicher Basis und aktualisieren sie entsprechend.<\/p>\n<p><strong><em>Was sind die Verpflichtungen von GlobalLogic gegen\u00fcber Kunden und Betroffenen?<\/em><\/strong><\/p>\n<p>GlobalLogic ist bestrebt, die Anforderungen der DSGVO in der Praxis zu erf\u00fcllen. Das bedeutet, dass wir uns bei der Datenverarbeitung f\u00fcr unsere Kunden an Folgendes halten:<\/p>\n<ol>\n<li>Wir verarbeiten personenbezogene Daten, die Sie kontrollieren und f\u00fcr die Sie verantwortlich sind, nur auf Ihren Wunsch hin, gem\u00e4\u00df der Vereinbarung, die wir mit Ihnen getroffen haben, einer schriftlichen Anweisung oder wie gesetzlich vorgeschrieben.<\/li>\n<li>Wir setzen geeignete technische und organisatorische Ma\u00dfnahmen ein, um ein Sicherheitsniveau zu gew\u00e4hrleisten, das hinsichtlich der von der Verarbeitung ausgehenden Risiken angemessen ist. Dazu geh\u00f6ren u.a. Sicherheit auf Endpunkt-, Gateway- und Serverebene in unseren R\u00e4umlichkeiten, starke Passwort-Regeln, t\u00e4gliche Antiviren-Updates, Einsatz von Verschl\u00fcsselung, SSL-VPN f\u00fcr den externen Zugriff, sicherer Zugriff auf unsere Systeme \u00fcber kabelgebundene und drahtlose Netzwerke, zentrales Patch-Management, Zugangskontrolle, interne Regelwerke und Schulungen.<\/li>\n<li>Wir ergreifen alle angemessenen Ma\u00dfnahmen, um sicherzustellen, dass nur autorisiertes Personal, das Vertraulichkeitsverpflichtungen unterliegt, Zugang zu personenbezogenen Daten erh\u00e4lt.<\/li>\n<li>Wir beauftragen Unterauftragnehmer mit der Durchf\u00fchrung der Ihnen gegen\u00fcber zu erbringenden Dienstleistungen nur mit Ihrer Zustimmung. Wir werden die Unterauftragnehmer an Bedingungen binden, die nicht weniger streng sind als die Ihnen gegen\u00fcber eingegangenen Verpflichtungen.<\/li>\n<li>Wir werden nichts absichtlich tun, das Sie gegen die DSGVO versto\u00dfen lassen w\u00fcrde und wir werden Ihnen mitteilen, wenn wir feststellen, dass Ihre Weisungen dem widersprechen, was die DSGVO erlaubt.<\/li>\n<li>Wir unterst\u00fctzen Sie bei der Erf\u00fcllung von Anfragen von Betroffenen (nat\u00fcrlichen Personen) zur Aus\u00fcbung ihrer Rechte und bei Anfragen von Aufsichtsbeh\u00f6rden.<\/li>\n<li>Wir informieren Sie unverz\u00fcglich, wenn wir von einem Versto\u00df oder einem mutma\u00dflichen Versto\u00df erfahren, der Ihre Daten kompromittieren oder gef\u00e4hrden k\u00f6nnte.<\/li>\n<li>Wenn wir personenbezogene Daten aus der EU\/dem EWR an ein Drittland \u00fcbermitteln m\u00fcssen, werden wir hierf\u00fcr geeignete Garantien vorsehen.<\/li>\n<\/ol>\n<p>Die obige Liste ist nicht ersch\u00f6pfend und GlobalLogic verpflichtet sich, bei der Verarbeitung personenbezogener Daten in der Verantwortung unserer Kunden oder deren Kunden alle Pflichten von Auftragsverarbeitern aus der DSGVO zu erf\u00fcllen.<\/p>\n<p>Sollten Sie Fragen zu unserer Herangehensweise beim Datenschutz haben, wenden Sie sich bitte an  <a rel=\"external nofollow\" target=\"_blank\" href=\"mailto:privacy@globallogic.com\">privacy@globallogic.com<\/a>, damit wir die Fragen mit Ihnen besprechen k\u00f6nnen.<\/div>\n","protected":false},"excerpt":{"rendered":"<p>Stand: 11. August 2021 Die Datenschutz-Grundverordnung (DSGVO) ist seit dem 25. Mai 2018 unmittelbar anwendbares Gesetz in allen Mitgliedstaaten der Europ\u00e4ischen Union und des Europ\u00e4ischen Wirtschaftsraums (EU\/EWR). Die DSGVO verfolgt die folgenden Ziele: Harmonisierung der Datenschutzregelungen in der gesamten EU; Modernisierung der Datenschutzgesetze im Lichte des technologischen Fortschritts; St\u00e4rkung der Rechte der Betroffenen; Anhebung der Rechenschaftsanforderungen und Pflichten von Verantwortlichen und Auftragsverarbeiter; und Sicherstellung besserer Dokumentationen und Nachweise \u00fcber die Einhaltung der Datenschutzanforderungen und mehr Transparenz dar\u00fcber, wie, von wem und wof\u00fcr Daten verwendet werden. Die DSGVO gilt f\u00fcr Unternehmen (in der EU und au\u00dferhalb), die personenbezogene Daten von nat\u00fcrlichen Personen in der EU verarbeiten, einschlie\u00dflich der personenbezogenen Daten von GlobalLogic-Kunden, ihren Endkunden und Mitarbeitern. Was unternimmt GlobalLogic in Bezug auf die DSGVO? GlobalLogic, ein Unternehmen der Hitachi-Gruppe, verarbeitet personenbezogene Daten sowohl als Verantwortlicher als auch als Auftragsverarbeiter. Wir nehmen unsere DSGVO-Verpflichtungen sehr ernst. Um uns auf die DSGVO vorzubereiten, haben wir ein DSGVO-Ma\u00dfnahmen-Programm durchgef\u00fchrt, einschlie\u00dflich Folgendem: Auditierung unserer globalen Datenverarbeitungsvorg\u00e4nge; Bewertung der Datensicherheit in unserer Unternehmensgruppe; Auffrischung unserer Schulungen, Richtlinien und Prozesse; Sicherstellung, dass f\u00fcr unsere Dienstleister, die als Auftragsverarbeiter und Unterauftragsverarbeiter fungieren, angemessene Bedingungen gelten. Aktualisierung unseres Einsatzes von Cookies und \u00e4hnlichen Technologien auf unserer Website, unserer Marketing-E-Mails&#8230;<\/p>\n","protected":false},"author":12,"featured_media":5783,"parent":0,"menu_order":99,"comment_status":"closed","ping_status":"closed","template":"page-templates\/footer-page.php","meta":{"_acf_changed":false,"footnotes":""},"class_list":["post-18917","page","type-page","status-publish","has-post-thumbnail","hentry"],"acf":[],"aioseo_notices":[],"_links":{"self":[{"href":"https:\/\/www.globallogic.com\/de\/wp-json\/wp\/v2\/pages\/18917","targetHints":{"allow":["GET"]}}],"collection":[{"href":"https:\/\/www.globallogic.com\/de\/wp-json\/wp\/v2\/pages"}],"about":[{"href":"https:\/\/www.globallogic.com\/de\/wp-json\/wp\/v2\/types\/page"}],"author":[{"embeddable":true,"href":"https:\/\/www.globallogic.com\/de\/wp-json\/wp\/v2\/users\/12"}],"replies":[{"embeddable":true,"href":"https:\/\/www.globallogic.com\/de\/wp-json\/wp\/v2\/comments?post=18917"}],"version-history":[{"count":0,"href":"https:\/\/www.globallogic.com\/de\/wp-json\/wp\/v2\/pages\/18917\/revisions"}],"wp:featuredmedia":[{"embeddable":true,"href":"https:\/\/www.globallogic.com\/de\/wp-json\/wp\/v2\/media\/5783"}],"wp:attachment":[{"href":"https:\/\/www.globallogic.com\/de\/wp-json\/wp\/v2\/media?parent=18917"}],"curies":[{"name":"wp","href":"https:\/\/api.w.org\/{rel}","templated":true}]}}