{"id":37193,"date":"2020-02-20T11:00:48","date_gmt":"2020-02-20T11:00:48","guid":{"rendered":"https:\/\/www.globallogic.com\/?page_id=37193"},"modified":"2020-02-20T11:00:48","modified_gmt":"2020-02-20T11:00:48","slug":"privacy","status":"publish","type":"page","link":"https:\/\/www.globallogic.com\/de\/privacy\/","title":{"rendered":"Datenschutz"},"content":{"rendered":"<div class=\"classic_editor_content\">GlobalLogic nimmt den Datenschutz sehr ernst und hat sich dazu verpflichtet, alle anwendbaren Vorschriften einzuhalten. An dieser Stelle unserer Website erl\u00e4utern wir, wie wir die Privatsph\u00e4re derer sch\u00fctzen, deren personenbezogene Daten wir verarbeiten.<\/p>\n<p>N\u00e4heres erfahren Sie unter folgenden Links:<br \/>\n1. <a href=\"https:\/\/www.globallogic.com\/de\/privacy-policy\/\"> Allgemeine Datenschutzhinweise<\/a> \u2013 betreffend die Verarbeitung personenbezogener Daten der Nutzer dieser Website, unserer potenziellen oder tats\u00e4chlichen Kunden, Lieferanten, Auftragnehmer, anderer an unseren Aktivit\u00e4ten interessierten Personen (z. B. Medien) oder Personen, die namens oder im Auftrag einer der oben genannten Personen\/Einrichtungen t\u00e4tig sind (z. B. als deren Mitarbeiter oder Gesellschafter).<br \/>\n2. <a href=\"https:\/\/www.globallogic.com\/de\/recruitment-privacy\/\">Globale Datenschutzerkl\u00e4rung f\u00fcr Bewerber<\/a> \u2013 Hinweise f\u00fcr die Bewerbung auf Stellen bei GlobalLogic.<br \/>\n3. <a href=\"https:\/\/www.globallogic.com\/de\/cookies-policy\/\">Cookies-Hinweise <\/a> \u2013Dieses Dokument richtet sich an Nutzer unserer Website, einschlie\u00dflich Bewerber, die auf der Suche nach Karrierechancen sind, und Empf\u00e4nger unserer Marketing-E-Mails und beschreibt die Verwendung von Cookies.<\/p>\n<p>4. <a href=\"https:\/\/www.globallogic.com\/de\/gdpr\/\">DSGVO-Statement<\/a> \u2013 Informationen \u00fcber unseren Ma\u00dfnahmen zur Einhaltung der DSGVO Anforderungen.<\/p>\n<p>Wenn Sie Fragen haben, k\u00f6nnen Sie uns jederzeit unter <a rel=\"external nofollow\" target=\"_blank\" href=\"mailto:privacy@globallogic.com\">privacy@globallogic.com<\/a> kontaktieren.<\/div>\n","protected":false},"excerpt":{"rendered":"<p>GlobalLogic nimmt den Datenschutz sehr ernst und hat sich dazu verpflichtet, alle anwendbaren Vorschriften einzuhalten. An dieser Stelle unserer Website erl\u00e4utern wir, wie wir die Privatsph\u00e4re derer sch\u00fctzen, deren personenbezogene Daten wir verarbeiten. N\u00e4heres erfahren Sie unter folgenden Links: 1. Allgemeine Datenschutzhinweise \u2013 betreffend die Verarbeitung personenbezogener Daten der Nutzer dieser Website, unserer potenziellen oder tats\u00e4chlichen Kunden, Lieferanten, Auftragnehmer, anderer an unseren Aktivit\u00e4ten interessierten Personen (z. B. Medien) oder Personen, die namens oder im Auftrag einer der oben genannten Personen\/Einrichtungen t\u00e4tig sind (z. B. als deren Mitarbeiter oder Gesellschafter). 2. Globale Datenschutzerkl\u00e4rung f\u00fcr Bewerber \u2013 Hinweise f\u00fcr die Bewerbung auf Stellen bei GlobalLogic. 3. Cookies-Hinweise \u2013Dieses Dokument richtet sich an Nutzer unserer Website, einschlie\u00dflich Bewerber, die auf der Suche nach Karrierechancen sind, und Empf\u00e4nger unserer Marketing-E-Mails und beschreibt die Verwendung von Cookies. 4. DSGVO-Statement \u2013 Informationen \u00fcber unseren Ma\u00dfnahmen zur Einhaltung der DSGVO Anforderungen. Wenn Sie Fragen haben, k\u00f6nnen Sie uns jederzeit unter privacy@globallogic.com kontaktieren.<\/p>\n","protected":false},"author":26,"featured_media":41094,"parent":0,"menu_order":43,"comment_status":"closed","ping_status":"closed","template":"page-templates\/footer-page.php","meta":{"_acf_changed":false,"footnotes":""},"class_list":["post-37193","page","type-page","status-publish","has-post-thumbnail","hentry"],"acf":[],"aioseo_notices":[],"_links":{"self":[{"href":"https:\/\/www.globallogic.com\/de\/wp-json\/wp\/v2\/pages\/37193","targetHints":{"allow":["GET"]}}],"collection":[{"href":"https:\/\/www.globallogic.com\/de\/wp-json\/wp\/v2\/pages"}],"about":[{"href":"https:\/\/www.globallogic.com\/de\/wp-json\/wp\/v2\/types\/page"}],"author":[{"embeddable":true,"href":"https:\/\/www.globallogic.com\/de\/wp-json\/wp\/v2\/users\/26"}],"replies":[{"embeddable":true,"href":"https:\/\/www.globallogic.com\/de\/wp-json\/wp\/v2\/comments?post=37193"}],"version-history":[{"count":0,"href":"https:\/\/www.globallogic.com\/de\/wp-json\/wp\/v2\/pages\/37193\/revisions"}],"wp:featuredmedia":[{"embeddable":true,"href":"https:\/\/www.globallogic.com\/de\/wp-json\/wp\/v2\/media\/41094"}],"wp:attachment":[{"href":"https:\/\/www.globallogic.com\/de\/wp-json\/wp\/v2\/media?parent=37193"}],"curies":[{"name":"wp","href":"https:\/\/api.w.org\/{rel}","templated":true}]}}