 
{"id":53,"date":"2024-08-07T07:49:17","date_gmt":"2024-08-07T07:49:17","guid":{"rendered":"https:\/\/www.globallogic.com\/de\/?page_id=53"},"modified":"2025-03-13T08:12:57","modified_gmt":"2025-03-13T08:12:57","slug":"partners","status":"publish","type":"page","link":"https:\/\/www.globallogic.com\/de\/about\/partners\/","title":{"rendered":"Partners"},"content":{"rendered":"    <section class=\"about_banner_block\" id=\"partners-hero-banner-block_b05e9d9815f8b760130b78487ad31fef\">\r\n        <div class=\"container\">\r\n            <div class=\"about_banner_area\">\r\n                                    <h1>Wir pflegen starke Partnerschaften mit f\u00fchrenden Branchenakteuren, um unseren Kunden echten Mehrwert zu bieten.<\/h1>\r\n                                                    <div class=\"about_banner_content\">\r\n                        <p>Durch die enge Zusammenarbeit mit f\u00fchrenden Technologiepartnern wie AWS, Google Cloud und Microsoft Azure liefern wir innovative, ma\u00dfgeschneiderte L\u00f6sungen, die Gesch\u00e4fts\u00adtransformationen erm\u00f6glichen. Unsere Expertise in den Bereichen Cloud, Daten, KI und Automatisierung hilft Kunden dabei, neue Chancen zu erschlie\u00dfen, Wachstum zu beschleunigen und nachhaltigen Erfolg zu erzielen.<\/p>\r\n                                            <\/div>\r\n                            <\/div>\r\n        <\/div>\r\n                    <img fetchpriority=\"high\" width=\"1440\" height=\"300\" src=\"https:\/\/www.globallogic.com\/de\/wp-content\/uploads\/sites\/14\/2024\/08\/about_banner-1.jpg\" class=\"home_banner_img\" alt=\"GlobalLogic\" loading=\"eager\" decoding=\"async\" srcset=\"https:\/\/www.globallogic.com\/de\/wp-content\/uploads\/sites\/14\/2024\/08\/about_banner-1.jpg 1440w, https:\/\/www.globallogic.com\/de\/wp-content\/uploads\/sites\/14\/2024\/08\/about_banner-1-300x63.jpg 300w, https:\/\/www.globallogic.com\/de\/wp-content\/uploads\/sites\/14\/2024\/08\/about_banner-1-1024x214.jpg 1024w, https:\/\/www.globallogic.com\/de\/wp-content\/uploads\/sites\/14\/2024\/08\/about_banner-1-768x161.jpg 768w\" sizes=\"(max-width: 1440px) 100vw, 1440px\" \/>            <\/section>\r\n\r\n\n\n    <section class=\"partners-block \" id=\"partners-list-block-block_e60d5d0692740d9b27a6139cc13c0f91\">\r\n        <div class=\"container\">\r\n            <div class=\"partners-head-block\">\r\n                                    <div class=\"sub_head\">Partners<\/div>\r\n                                <div class=\"partners-head-content\">\r\n                                            <h2 data-aos=\"fade-right\" data-aos-duration=\"1000\">Die Kraft der Partnerschaft<\/h2>\r\n                                                                <p>Unsere Partnerschaften bieten uns exklusiven Zugang zu Tools, Schulungen und Ressourcen. Dadurch sind wir in der Lage, Ihre Produkte schneller und mit besseren Ergebnissen auf den Markt zu bringen.<\/p>\r\n                                    <\/div>\r\n            <\/div>\r\n                            <div class=\"partners-cards\">\r\n                                            <div class=\"card\" id=\"post-99460\">\r\n                            <div class=\"partner-icon\">\r\n                                <img width=\"75\" height=\"44\" src=\"https:\/\/www.globallogic.com\/de\/wp-content\/uploads\/sites\/14\/2024\/09\/AWS-logo.svg\" class=\"attachment-full size-full\" alt=\"\" loading=\"eager\" decoding=\"async\" \/>                            <\/div>\r\n                            <div class=\"card-text\">\r\n                                <h4 class=\"card-title\">AWS + GlobalLogic<\/h4>\r\n                                <div class=\"card-body\"><p>Entdecken Sie die AWS-Partner-Services von GlobalLogic, die Expertise in Cloud-L\u00f6sungen bieten, um Ihre digitale Transformation zu beschleunigen und Innovationen voranzutreiben.<\/p>\n<\/div>\r\n                                <a href=\"https:\/\/www.globallogic.com\/de\/about\/partners\/aws\/\" class=\"secondaryBtn\">Erfahren Sie mehr<\/a>\r\n                            <\/div>\r\n                        <\/div>\r\n                                            <div class=\"card\" id=\"post-100180\">\r\n                            <div class=\"partner-icon\">\r\n                                <img width=\"187\" height=\"41\" src=\"https:\/\/www.globallogic.com\/de\/wp-content\/uploads\/sites\/14\/2024\/10\/Microsoft_logo.png\" class=\"attachment-full size-full\" alt=\"\" loading=\"eager\" decoding=\"async\" \/>                            <\/div>\r\n                            <div class=\"card-text\">\r\n                                <h4 class=\"card-title\">Wir sind ein Microsoft-Partner<\/h4>\r\n                                <div class=\"card-body\"><p>Erfahren Sie, wie GlobalLogic als Microsoft-Partner Cloud-, KI- und Digital Engineering-L\u00f6sungen liefert, um Innovationen und Transformationen zu beschleunigen.<\/p>\n<\/div>\r\n                                <a href=\"https:\/\/www.globallogic.com\/de\/about\/partners\/microsoft-azure\/\" class=\"secondaryBtn\">Erfahren Sie mehr<\/a>\r\n                            <\/div>\r\n                        <\/div>\r\n                                            <div class=\"card\" id=\"post-99802\">\r\n                            <div class=\"partner-icon\">\r\n                                <img width=\"544\" height=\"96\" src=\"https:\/\/www.globallogic.com\/de\/wp-content\/uploads\/sites\/14\/2024\/10\/GoogleCloud.png\" class=\"attachment-full size-full\" alt=\"\" loading=\"eager\" decoding=\"async\" srcset=\"https:\/\/www.globallogic.com\/de\/wp-content\/uploads\/sites\/14\/2024\/10\/GoogleCloud.png 544w, https:\/\/www.globallogic.com\/de\/wp-content\/uploads\/sites\/14\/2024\/10\/GoogleCloud-300x53.png 300w\" sizes=\"(max-width: 544px) 100vw, 544px\" \/>                            <\/div>\r\n                            <div class=\"card-text\">\r\n                                <h4 class=\"card-title\">Wir sind Google Cloud Partner<\/h4>\r\n                                <div class=\"card-body\"><p>Beschleunigen Sie Innovationen mit GlobalLogic und Google Cloud durch den Einsatz von KI, skalierbaren Cloud-L\u00f6sungen und moderner Anwendungsentwicklung, um Ihr Gesch\u00e4ftswachstum voranzutreiben.<\/p>\n<\/div>\r\n                                <a href=\"https:\/\/www.globallogic.com\/de\/about\/partners\/gcp\/\" class=\"secondaryBtn\">Erfahren Sie mehr<\/a>\r\n                            <\/div>\r\n                        <\/div>\r\n                                            <div class=\"card\" id=\"post-64778\">\r\n                            <div class=\"partner-icon\">\r\n                                <img width=\"600\" height=\"393\" src=\"https:\/\/www.globallogic.com\/de\/wp-content\/uploads\/sites\/14\/2022\/06\/Tempo_Partner.jpg\" class=\"attachment-full size-full\" alt=\"\" loading=\"eager\" decoding=\"async\" srcset=\"https:\/\/www.globallogic.com\/de\/wp-content\/uploads\/sites\/14\/2022\/06\/Tempo_Partner.jpg 600w, https:\/\/www.globallogic.com\/de\/wp-content\/uploads\/sites\/14\/2022\/06\/Tempo_Partner-300x197.jpg 300w\" sizes=\"(max-width: 600px) 100vw, 600px\" \/>                            <\/div>\r\n                            <div class=\"card-text\">\r\n                                <h4 class=\"card-title\">Tempo<\/h4>\r\n                                <div class=\"card-body\"><\/div>\r\n                                <a href=\"https:\/\/www.globallogic.com\/de\/about\/partners\/tempo\/\" class=\"secondaryBtn\">Erfahren Sie mehr<\/a>\r\n                            <\/div>\r\n                        <\/div>\r\n                                            <div class=\"card\" id=\"post-27271\">\r\n                            <div class=\"partner-icon\">\r\n                                <img width=\"600\" height=\"393\" src=\"https:\/\/www.globallogic.com\/de\/wp-content\/uploads\/sites\/14\/2019\/10\/ALMParnter-RGB.png\" class=\"attachment-full size-full\" alt=\"\" loading=\"eager\" decoding=\"async\" srcset=\"https:\/\/www.globallogic.com\/de\/wp-content\/uploads\/sites\/14\/2019\/10\/ALMParnter-RGB.png 600w, https:\/\/www.globallogic.com\/de\/wp-content\/uploads\/sites\/14\/2019\/10\/ALMParnter-RGB-300x197.png 300w\" sizes=\"(max-width: 600px) 100vw, 600px\" \/>                            <\/div>\r\n                            <div class=\"card-text\">\r\n                                <h4 class=\"card-title\">ALM Works<\/h4>\r\n                                <div class=\"card-body\"><\/div>\r\n                                <a href=\"https:\/\/www.globallogic.com\/de\/about\/partners\/almworks\/\" class=\"secondaryBtn\">Erfahren Sie mehr<\/a>\r\n                            <\/div>\r\n                        <\/div>\r\n                                            <div class=\"card\" id=\"post-27270\">\r\n                            <div class=\"partner-icon\">\r\n                                <img width=\"600\" height=\"393\" src=\"https:\/\/www.globallogic.com\/de\/wp-content\/uploads\/sites\/14\/2019\/10\/Deviniti_Orange.png\" class=\"attachment-full size-full\" alt=\"\" loading=\"eager\" decoding=\"async\" srcset=\"https:\/\/www.globallogic.com\/de\/wp-content\/uploads\/sites\/14\/2019\/10\/Deviniti_Orange.png 600w, https:\/\/www.globallogic.com\/de\/wp-content\/uploads\/sites\/14\/2019\/10\/Deviniti_Orange-300x197.png 300w\" sizes=\"(max-width: 600px) 100vw, 600px\" \/>                            <\/div>\r\n                            <div class=\"card-text\">\r\n                                <h4 class=\"card-title\">Deviniti<\/h4>\r\n                                <div class=\"card-body\"><\/div>\r\n                                <a href=\"https:\/\/www.globallogic.com\/de\/about\/partners\/deviniti\/\" class=\"secondaryBtn\">Erfahren Sie mehr<\/a>\r\n                            <\/div>\r\n                        <\/div>\r\n                                            <div class=\"card\" id=\"post-27269\">\r\n                            <div class=\"partner-icon\">\r\n                                <img width=\"600\" height=\"393\" src=\"https:\/\/www.globallogic.com\/de\/wp-content\/uploads\/sites\/14\/2019\/10\/Bitband_Partner.jpg\" class=\"attachment-full size-full\" alt=\"\" loading=\"eager\" decoding=\"async\" srcset=\"https:\/\/www.globallogic.com\/de\/wp-content\/uploads\/sites\/14\/2019\/10\/Bitband_Partner.jpg 600w, https:\/\/www.globallogic.com\/de\/wp-content\/uploads\/sites\/14\/2019\/10\/Bitband_Partner-300x197.jpg 300w\" sizes=\"(max-width: 600px) 100vw, 600px\" \/>                            <\/div>\r\n                            <div class=\"card-text\">\r\n                                <h4 class=\"card-title\">Bitband<\/h4>\r\n                                <div class=\"card-body\"><\/div>\r\n                                <a href=\"https:\/\/www.globallogic.com\/de\/about\/partners\/bitband\/\" class=\"secondaryBtn\">Erfahren Sie mehr<\/a>\r\n                            <\/div>\r\n                        <\/div>\r\n                                            <div class=\"card\" id=\"post-27262\">\r\n                            <div class=\"partner-icon\">\r\n                                <img width=\"600\" height=\"393\" src=\"https:\/\/www.globallogic.com\/de\/wp-content\/uploads\/sites\/14\/2019\/10\/MiniOrange_Partner.jpg\" class=\"attachment-full size-full\" alt=\"\" loading=\"eager\" decoding=\"async\" srcset=\"https:\/\/www.globallogic.com\/de\/wp-content\/uploads\/sites\/14\/2019\/10\/MiniOrange_Partner.jpg 600w, https:\/\/www.globallogic.com\/de\/wp-content\/uploads\/sites\/14\/2019\/10\/MiniOrange_Partner-300x197.jpg 300w\" sizes=\"(max-width: 600px) 100vw, 600px\" \/>                            <\/div>\r\n                            <div class=\"card-text\">\r\n                                <h4 class=\"card-title\">MiniOrange<\/h4>\r\n                                <div class=\"card-body\"><\/div>\r\n                                <a href=\"https:\/\/www.globallogic.com\/de\/about\/partners\/miniorange\/\" class=\"secondaryBtn\">Erfahren Sie mehr<\/a>\r\n                            <\/div>\r\n                        <\/div>\r\n                                    <\/div>\r\n                <a href=\"#\" class=\"secondaryBtn loadBtn\">Load more<\/a>\r\n                    <\/div>\r\n    <\/section>\r\n\n\n    <section class=\"get_in_block  \" id=\"get-in-block_c001eb3a3de3d84df234127e1e13e482\">\r\n        <div class=\"container\">\r\n            <div class=\"get_in_area\">\r\n                                    <a href=\"https:\/\/www.globallogic.com\/de\/contact\/\" class=\"primaryBtn\">Kontaktieren Sie uns<\/a>\r\n                \r\n                                    <h2>\r\n                                                    <span>Lassen  Sie uns<\/span>\r\n                                                    <span>gemeinsam Impact<\/span>\r\n                                                    <span>gestalten<\/span>\r\n                                            <\/h2>\r\n                                                    <p>GlobalLogic bietet einzigartige Erfahrung und Expertise an der Schnittstelle von Daten, Design und Engineering.<\/p>\r\n                                <div class=\"get_in_overlay\"><\/div>\r\n            <\/div>\r\n        <\/div>\r\n    <\/section>\r\n","protected":false},"excerpt":{"rendered":"<p>Erfahren Sie, wie unsere Partnerschaften mit AWS, Google Cloud und Microsoft Azure Innovation vorantreiben, Wachstum beschleunigen und ma\u00dfgeschneiderte digitale L\u00f6sungen f\u00fcr unsere Kunden liefern.<\/p>\n","protected":false},"author":1,"featured_media":0,"parent":47,"menu_order":0,"comment_status":"closed","ping_status":"closed","template":"templates\/partners.php","meta":{"_acf_changed":false,"footnotes":""},"class_list":["post-53","page","type-page","status-publish","hentry"],"acf":[],"aioseo_notices":[],"_links":{"self":[{"href":"https:\/\/www.globallogic.com\/de\/wp-json\/wp\/v2\/pages\/53","targetHints":{"allow":["GET"]}}],"collection":[{"href":"https:\/\/www.globallogic.com\/de\/wp-json\/wp\/v2\/pages"}],"about":[{"href":"https:\/\/www.globallogic.com\/de\/wp-json\/wp\/v2\/types\/page"}],"author":[{"embeddable":true,"href":"https:\/\/www.globallogic.com\/de\/wp-json\/wp\/v2\/users\/1"}],"replies":[{"embeddable":true,"href":"https:\/\/www.globallogic.com\/de\/wp-json\/wp\/v2\/comments?post=53"}],"version-history":[{"count":14,"href":"https:\/\/www.globallogic.com\/de\/wp-json\/wp\/v2\/pages\/53\/revisions"}],"predecessor-version":[{"id":100961,"href":"https:\/\/www.globallogic.com\/de\/wp-json\/wp\/v2\/pages\/53\/revisions\/100961"}],"up":[{"embeddable":true,"href":"https:\/\/www.globallogic.com\/de\/wp-json\/wp\/v2\/pages\/47"}],"wp:attachment":[{"href":"https:\/\/www.globallogic.com\/de\/wp-json\/wp\/v2\/media?parent=53"}],"curies":[{"name":"wp","href":"https:\/\/api.w.org\/{rel}","templated":true}]}}