{"id":5795,"date":"2016-01-27T18:16:16","date_gmt":"2016-01-27T18:16:16","guid":{"rendered":"http:\/\/eze-website-redesign.globallogic.com.ar\/_wordpress\/?page_id=5795"},"modified":"2016-01-27T18:16:16","modified_gmt":"2016-01-27T18:16:16","slug":"locations","status":"publish","type":"page","link":"https:\/\/www.globallogic.com\/de\/about-2\/locations\/","title":{"rendered":"Standorte"},"content":{"rendered":"<div class=\"classic_editor_content\">[section-wrapper]<br \/>\n[section-header size=8 title=&#8220;Wir sind global in mehr als nur dem Namen&#8220;]<br \/>\nGlobal steht in unserem Namen, aber es liegt auch in unserer DNA. Wir betreiben Design- und Entwicklungszentren auf der ganzen Welt, in den St\u00e4dten und Regionen, in denen herausragende Talente leben und arbeiten. Dadurch k\u00f6nnen wir auf einen gro\u00dfen Pool an Fachwissen zur\u00fcckgreifen, um au\u00dfergew\u00f6hnliche Produkte f\u00fcr jedes Engagement zu entwickeln.<br \/>\n[\/section-header]<br \/>\n[\/section-wrapper]<\/div>\n","protected":false},"excerpt":{"rendered":"<p>[section-wrapper] [section-header size=8 title=&#8220;Wir sind global in mehr als nur dem Namen&#8220;] Global steht in unserem Namen, aber es liegt auch in unserer DNA. Wir betreiben Design- und Entwicklungszentren auf der ganzen Welt, in den St\u00e4dten und Regionen, in denen herausragende Talente leben und arbeiten. Dadurch k\u00f6nnen wir auf einen gro\u00dfen Pool an Fachwissen zur\u00fcckgreifen, um au\u00dfergew\u00f6hnliche Produkte f\u00fcr jedes Engagement zu entwickeln. [\/section-header] [\/section-wrapper]<\/p>\n","protected":false},"author":79,"featured_media":0,"parent":26523,"menu_order":83,"comment_status":"closed","ping_status":"closed","template":"page-templates\/who-we-are_locations.php","meta":{"_acf_changed":false,"footnotes":""},"class_list":["post-5795","page","type-page","status-publish","hentry"],"acf":[],"aioseo_notices":[],"_links":{"self":[{"href":"https:\/\/www.globallogic.com\/de\/wp-json\/wp\/v2\/pages\/5795","targetHints":{"allow":["GET"]}}],"collection":[{"href":"https:\/\/www.globallogic.com\/de\/wp-json\/wp\/v2\/pages"}],"about":[{"href":"https:\/\/www.globallogic.com\/de\/wp-json\/wp\/v2\/types\/page"}],"author":[{"embeddable":true,"href":"https:\/\/www.globallogic.com\/de\/wp-json\/wp\/v2\/users\/79"}],"replies":[{"embeddable":true,"href":"https:\/\/www.globallogic.com\/de\/wp-json\/wp\/v2\/comments?post=5795"}],"version-history":[{"count":0,"href":"https:\/\/www.globallogic.com\/de\/wp-json\/wp\/v2\/pages\/5795\/revisions"}],"up":[{"embeddable":true,"href":"https:\/\/www.globallogic.com\/de\/wp-json\/wp\/v2\/pages\/26523"}],"wp:attachment":[{"href":"https:\/\/www.globallogic.com\/de\/wp-json\/wp\/v2\/media?parent=5795"}],"curies":[{"name":"wp","href":"https:\/\/api.w.org\/{rel}","templated":true}]}}