{"id":58846,"date":"2021-11-11T05:32:00","date_gmt":"2021-11-11T05:32:00","guid":{"rendered":"https:\/\/www.globallogic.com\/de\/?page_id=58846"},"modified":"2024-10-18T10:07:57","modified_gmt":"2024-10-18T10:07:57","slug":"nachhaltigkeit","status":"publish","type":"page","link":"https:\/\/www.globallogic.com\/de\/about\/nachhaltigkeit\/","title":{"rendered":"Nachhaltigkeit"},"content":{"rendered":"<div class=\"classic_editor_content\">Seitdem wir zur Hitachi-Familie geh\u00f6ren, sind wir Teil eines Unternehmens, das mit seinem <a href=\"https:\/\/social-innovation.hitachi\/en-eu\/about\/\" target=\"_blank\" rel=\"external nofollow\" target=\"_blank\">Social Innovation Business<\/a> die Erf\u00fcllung der wichtigsten sozialen und \u00f6kologischen Bed\u00fcrfnisse der Welt in den Mittelpunkt stellt.<\/p>\n<p><a href=\"https:\/\/www.hitachi.us\/about\/hitachi\/sustainability\" target=\"_blank\" rel=\"external nofollow\" target=\"_blank\">Erfahren Sie mehr<\/a> \u00fcber unsere Initiativen zur Realisierung einer nachhaltigen Gesellschaft und zur Verbesserung der Lebensqualit\u00e4t der Menschen durch die L\u00f6sung sozialer, \u00f6kologischer und wirtschaftlicher Probleme.<\/p>\n<h3 class=\"w-100 mt-5 mb-3\">Hitachi Nachhaltigkeit<\/h3>\n<p>Wir bei Hitachi betrachten die von den Vereinten Nationen aufgestellten SDGs als eine Initiative, die f\u00fcr die Schaffung einer nachhaltigen Gesellschaft und die Verbesserung der Lebensqualit\u00e4t der Menschen durch die L\u00f6sung sozialer, \u00f6kologischer und wirtschaftlicher Probleme entscheidend ist. Wir verpflichten uns, zur Erreichung der SDGs beizutragen, indem wir unser Social Innovation Business nutzen und Nachhaltigkeit in allen Branchen und in der Gesellschaft vorantreiben.<\/p>\n<p>Als globaler Mischkonzern ist Hitachi in verschiedenen Gesch\u00e4ftsfeldern t\u00e4tig. Wir sind der Meinung, dass wir mit unserem bewussten Handeln nicht nur unsere finanziellen Ziele erreichen, sondern gleichzeitig auch negative soziale und \u00f6kologische Auswirkungen reduzieren sollten. Au\u00dferdem wissen wir, dass alle SDGs miteinander verbunden sind. Durch innovative L\u00f6sungen werden wir weiterhin direkt und indirekt zu allen 17 SDGs beitragen.<\/p>\n<p><img loading=\"lazy\" decoding=\"async\" class=\"alignnone size-full wp-image-59166\" src=\"https:\/\/www.globallogic.com\/de\/wp-content\/uploads\/sites\/26\/2021\/11\/Sustainability-17-Germany.jpg\" alt=\"Sustainability-17-Germany\" width=\"1024\" height=\"510\" srcset=\"https:\/\/www.globallogic.com\/de\/wp-content\/uploads\/sites\/14\/2021\/11\/Sustainability-17-Germany.jpg 1024w, https:\/\/www.globallogic.com\/de\/wp-content\/uploads\/sites\/14\/2021\/11\/Sustainability-17-Germany-300x149.jpg 300w, https:\/\/www.globallogic.com\/de\/wp-content\/uploads\/sites\/14\/2021\/11\/Sustainability-17-Germany-768x383.jpg 768w\" sizes=\"auto, (max-width: 1024px) 100vw, 1024px\" \/><\/p>\n<p>&nbsp;<\/p>\n<p>&nbsp;<\/p>\n<p class=\"text-center\"><a class=\"sustainability-button\" href=\"https:\/\/www.hitachi.com\/sustainability\/download\/\" target=\"_blank\" rel=\"external nofollow\" target=\"_blank\">Hitachi Nachhaltigkeitsbericht <\/a><\/p>\n<\/div>\n","protected":false},"excerpt":{"rendered":"<p>Seitdem wir zur Hitachi-Familie geh\u00f6ren, sind wir Teil eines Unternehmens, das mit seinem Social Innovation Business die Erf\u00fcllung der wichtigsten sozialen und \u00f6kologischen Bed\u00fcrfnisse der Welt in den Mittelpunkt stellt. Erfahren Sie mehr \u00fcber unsere Initiativen zur Realisierung einer nachhaltigen Gesellschaft und zur Verbesserung der Lebensqualit\u00e4t der Menschen durch die L\u00f6sung sozialer, \u00f6kologischer und wirtschaftlicher Probleme. Hitachi Nachhaltigkeit Wir bei Hitachi betrachten die von den Vereinten Nationen aufgestellten SDGs als eine Initiative, die f\u00fcr die Schaffung einer nachhaltigen Gesellschaft und die Verbesserung der Lebensqualit\u00e4t der Menschen durch die L\u00f6sung sozialer, \u00f6kologischer und wirtschaftlicher Probleme entscheidend ist. Wir verpflichten uns, zur Erreichung der SDGs beizutragen, indem wir unser Social Innovation Business nutzen und Nachhaltigkeit in allen Branchen und in der Gesellschaft vorantreiben. Als globaler Mischkonzern ist Hitachi in verschiedenen Gesch\u00e4ftsfeldern t\u00e4tig. Wir sind der Meinung, dass wir mit unserem bewussten Handeln nicht nur unsere finanziellen Ziele erreichen, sondern gleichzeitig auch negative soziale und \u00f6kologische Auswirkungen reduzieren sollten. Au\u00dferdem wissen wir, dass alle SDGs miteinander verbunden sind. Durch innovative L\u00f6sungen werden wir weiterhin direkt und indirekt zu allen 17 SDGs beitragen. &nbsp; &nbsp; Hitachi Nachhaltigkeitsbericht<\/p>\n","protected":false},"author":7,"featured_media":0,"parent":47,"menu_order":13,"comment_status":"closed","ping_status":"closed","template":"","meta":{"_acf_changed":false,"footnotes":""},"class_list":["post-58846","page","type-page","status-publish","hentry"],"acf":[],"aioseo_notices":[],"_links":{"self":[{"href":"https:\/\/www.globallogic.com\/de\/wp-json\/wp\/v2\/pages\/58846","targetHints":{"allow":["GET"]}}],"collection":[{"href":"https:\/\/www.globallogic.com\/de\/wp-json\/wp\/v2\/pages"}],"about":[{"href":"https:\/\/www.globallogic.com\/de\/wp-json\/wp\/v2\/types\/page"}],"author":[{"embeddable":true,"href":"https:\/\/www.globallogic.com\/de\/wp-json\/wp\/v2\/users\/7"}],"replies":[{"embeddable":true,"href":"https:\/\/www.globallogic.com\/de\/wp-json\/wp\/v2\/comments?post=58846"}],"version-history":[{"count":1,"href":"https:\/\/www.globallogic.com\/de\/wp-json\/wp\/v2\/pages\/58846\/revisions"}],"predecessor-version":[{"id":100546,"href":"https:\/\/www.globallogic.com\/de\/wp-json\/wp\/v2\/pages\/58846\/revisions\/100546"}],"up":[{"embeddable":true,"href":"https:\/\/www.globallogic.com\/de\/wp-json\/wp\/v2\/pages\/47"}],"wp:attachment":[{"href":"https:\/\/www.globallogic.com\/de\/wp-json\/wp\/v2\/media?parent=58846"}],"curies":[{"name":"wp","href":"https:\/\/api.w.org\/{rel}","templated":true}]}}