{"id":1454,"date":"2024-08-26T05:10:08","date_gmt":"2024-08-26T05:10:08","guid":{"rendered":"https:\/\/www.globallogic.com\/hr\/?page_id=1454"},"modified":"2024-10-25T04:36:16","modified_gmt":"2024-10-25T04:36:16","slug":"private-equity","status":"publish","type":"page","link":"https:\/\/www.globallogic.com\/hr\/private-equity\/","title":{"rendered":"Private Equity"},"content":{"rendered":"\r\n<!--Home About Section -->\r\n<section class=\"home_about_block \" id=\"home-about-block_57c941c6360f6ea6a0a6614c788e5e7b\">\r\n    <div class=\"container\">\r\n        <div class=\"home_about_area\">\r\n                        <!-- <h2 class=\"home_about_head\"> -->\r\n                <h2 class=\"ind_detail_about_head\">Partnerstvom s private equity sponzorima poti\u010demo stvaranje vrijednosti kroz strategije rasta i operativnu izvrsnost. S dokazanom ekspertizom u dizajnu, in\u017eenjeringu i umjetnoj inteligenciji (AI), poma\u017eemo pove\u0107ati EBITDA-u i transformirati portfeljske kompanije kako bi donosile ve\u0107e prinose.<\/h2>\r\n\r\n\r\n            <!-- <\/h2> -->\r\n                        <div class=\"home_about_content\">\r\n                                                                <\/div>\r\n        <\/div>\r\n    <\/div>\r\n<\/section>\r\n\n\n\r\n\r\n    <section class=\"home_service_block  \" id=\"home-about-block_09fbada944aba2d623ef26cdd7e5123b\">\r\n        <div class=\"container\">\r\n                            <div class=\"section_head\">\r\n                                            <div class=\"sub_head\">\u0160to nudimo<\/div>\r\n                                            <h2>Otkrijte kako donosimo vrijednost za rast poslovanja<\/h2>\r\n                                    <\/div>\r\n                                        <div class=\"swiper homeServiceSlider offeringsManualSlider\">\r\n                    <div class=\"swiper-wrapper\">\r\n                                                    <div class=\"swiper-slide\">\r\n                                <div class=\"home_service_box\">\r\n                                    <div>\r\n                                                                                <h3>Rast i \u0161irenje tr\u017ei\u0161ta<\/h3>\r\n                                                                                                                        <p>Fokusirani smo na poticanje rasta i \u0161irenje na tr\u017ei\u0161tu putem strategija koje omogu\u0107avaju organski rast, ulazak na nova tr\u017ei\u0161ta i lansiranje novih proizvoda. Na\u0161a podr\u0161ka u podru\u010dju spajanja i akvizicija (M&#038;A) osigurava nesmetane akvizicije, integracije i prodaje, dok tako\u0111er poma\u017eemo pove\u0107ati prihode optimizacijom stjecanja i zadr\u017eavanja kupaca te pobolj\u0161anjem ukupnog korisni\u010dkog iskustva.<\/p>                                                                            <\/div>\r\n                                                                    <\/div>\r\n                            <\/div>\r\n                                                    <div class=\"swiper-slide\">\r\n                                <div class=\"home_service_box\">\r\n                                    <div>\r\n                                                                                <h3>Operativna u\u010dinkovitost<\/h3>\r\n                                                                                                                        <p>Poma\u017eemo vam optimizirati procese i koristiti automatizaciju kako biste smanjili tro\u0161kove. Na\u0161 pristup pobolj\u0161ava operacije opskrbnog lanca i napore u istra\u017eivanju i razvoju (R&#038;D) radi ve\u0107e ukupne u\u010dinkovitosti. Tako\u0111er, usmjeravamo se na odr\u017eivost dizajniranjem, razvojem softvera i operacija koje smanjuju utjecaj na okoli\u0161.<\/p>                                                                            <\/div>\r\n                                                                    <\/div>\r\n                            <\/div>\r\n                                                    <div class=\"swiper-slide\">\r\n                                <div class=\"home_service_box\">\r\n                                    <div>\r\n                                                                                <h3>Tehnolo\u0161ka transformacija<\/h3>\r\n                                                                                                                        <p>Poma\u017eemo modernizirati legacy sustave, migrirati u oblak i integrirati nove tehnologije kako biste osigurali konkurentsku prednost. Uklju\u010divanjem AI-a, automatizacije i strategija monetizacije podataka, poti\u010demo inovacije i stvaramo nove prilike za rast.<\/p>                                                                            <\/div>\r\n                                                                    <\/div>\r\n                            <\/div>\r\n                                                    <div class=\"swiper-slide\">\r\n                                <div class=\"home_service_box\">\r\n                                    <div>\r\n                                                                                <h3>Liderstvo, uskla\u0111enost i upravljanje rizikom<\/h3>\r\n                                                                                                                        <p>Osiguravamo transformaciju talenata i liderstva kako bismo potaknuli operativni uspjeh, osiguravaju\u0107i da va\u0161a organizacija ima potrebnu stru\u010dnost. Na\u0161e usluge uklju\u010duju uskla\u0111enost s propisima, smanjenje rizika i strategije kiberneti\u010dke sigurnosti za za\u0161titu va\u0161eg poslovanja. Tako\u0111er, fokusiramo se na optimizaciju kapitalne strukture i planiranje izlaska, poma\u017eu\u0107i vam da se pripremite za uspje\u0161ne likvidacijske doga\u0111aje i maksimizirate vrijednost.<\/p>                                                                            <\/div>\r\n                                                                    <\/div>\r\n                            <\/div>\r\n                                            <\/div>\r\n                    <div class=\"swiper_control\">\r\n                        <div class=\"swiper-scrollbar serviceScroll scrollbar\"><\/div>\r\n                        <nav class=\"swiper_nav\" aria-label=\"Offering Manual Slider Navigation\">\r\n                            <div class=\"swiper-button-prev service-prev\"><\/div>\r\n                            <div class=\"swiper-button-next service-next\"><\/div>\r\n                        <\/nav>\r\n                    <\/div>\r\n                <\/div>\r\n                    <\/div>\r\n    <\/section>\r\n\n\n\r\n<!-- Home Work Section -->\r\n    <section class=\"detail_counter_block industries_counter_block \" id=\"service-counterblock_6d230e6ffec663eb6d634c2e71f2a2a4\"\r\n        style=\"background:url('https:\/\/www.globallogic.com\/hr\/wp-content\/uploads\/sites\/10\/2024\/09\/team_bg.webp') no-repeat center center \/ cover\">\r\n        <div class=\"container\">\r\n            <div class=\"detail_counter_area\">\r\n                                    <div class=\"detail_counter_box\">\r\n                        <div class=\"home_counter_count_outer\">\r\n                                                            <div class=\"detail_counter_count\" data-target=\" 50\">0<\/div>\r\n                                                                                        <span>+<\/span>\r\n                                                    <\/div>\r\n                                                    <div class=\"detail_counter_content\">sponzora se oslanja na na\u0161 Private Equity priru\u010dnik<\/div>\r\n                                            <\/div>\r\n                                    <div class=\"detail_counter_box\">\r\n                        <div class=\"home_counter_count_outer\">\r\n                                                            <div class=\"detail_counter_count\" data-target=\"100\">0<\/div>\r\n                                                                                        <span>+<\/span>\r\n                                                    <\/div>\r\n                                                    <div class=\"detail_counter_content\">portfeljskih kompanija <\/div>\r\n                                            <\/div>\r\n                                    <div class=\"detail_counter_box\">\r\n                        <div class=\"home_counter_count_outer\">\r\n                                                            <div class=\"detail_counter_count\" data-target=\"30\">0<\/div>\r\n                                                                                        <span>K+<\/span>\r\n                                                    <\/div>\r\n                                                    <div class=\"detail_counter_content\">in\u017eenjera <\/div>\r\n                                            <\/div>\r\n                            <\/div>\r\n        <\/div>\r\n    <\/section>\r\n\n\n\n<!-- Home Work Section -->\n    <section class=\"home_work_block  dark\"\n             id=\"home-about-block_7afcbb598b103d287178a8e5fca244e4\">\n        <div class=\"container\">\n                                                <div class=\"sub_head\">Na\u0161 rad<\/div>\n                                <div class=\"section_head_with_content\">\n                                            <div class=\"section_head_left\">\n                            <h2>Studije slu\u010daja<\/h2>\n                        <\/div>\n                                        <div class=\"section_content_right\">\n                                                    <p>Radimo s najve\u0107im i najinovativnijim tvrtkama na svijetu, stvaraju\u0107i sna\u017ena partnerstva za razvoj pametnih proizvoda, platformi i usluga.<\/p>\n                                                                            <a href=\"https:\/\/www.globallogic.com\/hr\/insights\/case-studies\/\"\n                               class=\"secondaryBtn\">Pogledajte sve na\u0161e studije slu\u010daja<\/a>\n                                               <\/div>\n                <\/div>\n            \n\n                        <div class=\"swiper homeWorkSlider\">\n                <div class=\"swiper-wrapper\">\n                                                                            <div class=\"swiper-slide\">\n                                    <a href=\"https:\/\/www.globallogic.com\/hr\/insights\/case-studies\/aiops-payment-hub-monitoring-uk-retail-bank\/\" class=\"caseStudyCard\">\n                                        <div class=\"case_study_overlay\">\n                                            <p>Accelerating Banking Resilience with AI-Driven Payment Monitoring<\/p>\n                                        <\/div>\n                                        <img width=\"437\" height=\"582\" src=\"https:\/\/www.globallogic.com\/wp-content\/uploads\/2025\/05\/Digital-Banking-Payment-scaled.jpg\" class=\"attachment-full size-full  wpsmartcrop-image\" alt=\"Featured case study name\" loading=\"lazy\" decoding=\"async\" srcset=\"https:\/\/www.globallogic.com\/wp-content\/uploads\/2025\/05\/Digital-Banking-Payment-scaled.jpg 2560w, https:\/\/www.globallogic.com\/wp-content\/uploads\/2025\/05\/Digital-Banking-Payment-scaled-300x200.jpg 300w, https:\/\/www.globallogic.com\/wp-content\/uploads\/2025\/05\/Digital-Banking-Payment-scaled-1024x683.jpg 1024w, https:\/\/www.globallogic.com\/wp-content\/uploads\/2025\/05\/Digital-Banking-Payment-scaled-768x512.jpg 768w, https:\/\/www.globallogic.com\/wp-content\/uploads\/2025\/05\/Digital-Banking-Payment-scaled-1536x1024.jpg 1536w, https:\/\/www.globallogic.com\/wp-content\/uploads\/2025\/05\/Digital-Banking-Payment-scaled-2048x1366.jpg 2048w\" sizes=\"auto, (max-width: 2560px) 100vw, 2560px\" data-smartcrop-focus=\"[50,50]\" \/>                                    <\/a>\n                                                                    <\/div>\n                                                                <div class=\"swiper-slide\">\n                                    <a href=\"https:\/\/www.globallogic.com\/hr\/insights\/case-studies\/ai-ml-customer-experience-transformation\/\" class=\"caseStudyCard\">\n                                        <div class=\"case_study_overlay\">\n                                            <p>Transforming CX for a Leading Telecom Provider with AI\/ML-Driven Intelligence<\/p>\n                                        <\/div>\n                                                                                    <img alt=\"Transforming CX for a Leading Telecom Provider with AI\/ML-Driven Intelligence\" loading=\"lazy\" decoding=\"async\"\n                                                 src=\"https:\/\/www.globallogic.com\/wp-content\/uploads\/2025\/02\/Web-Mobile-1.jpg\" width=\"437\" height=\"582\" \/>\n                                                                                     <\/a>\n                                                                    <\/div>\n                                                                <div class=\"swiper-slide\">\n                                    <a href=\"https:\/\/www.globallogic.com\/hr\/insights\/case-studies\/ai-knowledge-management-automation\/\" class=\"caseStudyCard\">\n                                        <div class=\"case_study_overlay\">\n                                            <p>Enhancing Knowledge Management with AI-powered Automation<\/p>\n                                        <\/div>\n                                                                                    <img alt=\"Enhancing Knowledge Management with AI-powered Automation\" loading=\"lazy\" decoding=\"async\"\n                                                 src=\"https:\/\/www.globallogic.com\/wp-content\/uploads\/2025\/02\/GL3.0_CaseStudy_Enhancing-knowledge-management-with-AI-powered-automation_768x1024.jpg\" width=\"437\" height=\"582\" \/>\n                                                                                     <\/a>\n                                                                    <\/div>\n                                                <\/div>\n                <div class=\"swiper_control\">\n                    <div class=\"swiper-scrollbar\"><\/div>\n                <\/div>\n            <\/div>\n        <\/div>\n    <\/section>\n\n\n    <section class=\"get_in_block  \" id=\"get-in-block_8356ff239d6ec6b3e90c6e6403a41da5\">\r\n        <div class=\"container\">\r\n            <div class=\"get_in_area\">\r\n                                    <a href=\"https:\/\/www.globallogic.com\/hr\/contact\/\" class=\"primaryBtn\">Kontaktirajte nas<\/a>\r\n                \r\n                                    <h2>\r\n                                                    <span>Po\u010dnimo zajedno<\/span>\r\n                                                    <span>stvarati in\u017eenjering sa<\/span>\r\n                                                    <span>stvarnim u\u010dinkom<\/span>\r\n                                            <\/h2>\r\n                                                    <p>GlobalLogic donosi jedinstveno iskustvo i stru\u010dnost u spajanju podataka, dizajna i in\u017eenjeringa<\/p>\r\n                                <div class=\"get_in_overlay\"><\/div>\r\n            <\/div>\r\n        <\/div>\r\n    <\/section>\r\n","protected":false},"excerpt":{"rendered":"","protected":false},"author":1,"featured_media":100559,"parent":0,"menu_order":0,"comment_status":"closed","ping_status":"closed","template":"templates\/private-equity.php","meta":{"_acf_changed":false,"footnotes":""},"class_list":["post-1454","page","type-page","status-publish","has-post-thumbnail","hentry"],"acf":[],"aioseo_notices":[],"_links":{"self":[{"href":"https:\/\/www.globallogic.com\/hr\/wp-json\/wp\/v2\/pages\/1454","targetHints":{"allow":["GET"]}}],"collection":[{"href":"https:\/\/www.globallogic.com\/hr\/wp-json\/wp\/v2\/pages"}],"about":[{"href":"https:\/\/www.globallogic.com\/hr\/wp-json\/wp\/v2\/types\/page"}],"author":[{"embeddable":true,"href":"https:\/\/www.globallogic.com\/hr\/wp-json\/wp\/v2\/users\/1"}],"replies":[{"embeddable":true,"href":"https:\/\/www.globallogic.com\/hr\/wp-json\/wp\/v2\/comments?post=1454"}],"version-history":[{"count":34,"href":"https:\/\/www.globallogic.com\/hr\/wp-json\/wp\/v2\/pages\/1454\/revisions"}],"predecessor-version":[{"id":100569,"href":"https:\/\/www.globallogic.com\/hr\/wp-json\/wp\/v2\/pages\/1454\/revisions\/100569"}],"wp:featuredmedia":[{"embeddable":true,"href":"https:\/\/www.globallogic.com\/hr\/wp-json\/wp\/v2\/media\/100559"}],"wp:attachment":[{"href":"https:\/\/www.globallogic.com\/hr\/wp-json\/wp\/v2\/media?parent=1454"}],"curies":[{"name":"wp","href":"https:\/\/api.w.org\/{rel}","templated":true}]}}