{"id":1817,"date":"2024-08-30T09:40:27","date_gmt":"2024-08-30T09:40:27","guid":{"rendered":"https:\/\/www.globallogic.com\/hr\/?page_id=1817"},"modified":"2025-03-13T07:55:48","modified_gmt":"2025-03-13T07:55:48","slug":"events","status":"publish","type":"page","link":"https:\/\/www.globallogic.com\/hr\/about\/events\/","title":{"rendered":"Doga\u0111anja"},"content":{"rendered":"\r\n<!-- Locations Hero banner -->\r\n \r\n<section class=\"partner_detail_banner_block locations_banner_block \" id=\"banner-locations-block_04c91c99ac213883e9e7eda342ba738b\">\r\n    <div class=\"container\">\r\n        <div class=\"banner_content_block\">\r\n            <ul class=\"breadcrumb\"><\/ul>            \r\n                            <h1>GlobalLogic unosi nove perspektive kroz vijesti i doga\u0111anja diljem svijeta.<\/h1>\r\n                    <\/div>\r\n    <\/div>\r\n<\/section>\r\n\n\n\n<!-- Featured Posts Slider --> \n    <section class=\"event_banner_block \" id=\"fea-posts-sliderblock_9843a6a72c122debcc62a6e96b2dba13\">\n        <div class=\"container\">\n            <div class=\"swiper eventSlider\">\n                <div class=\"swiper-wrapper\">\n                                                                                                            <div class=\"swiper-slide\">\n                                        <a href=\"https:\/\/www.globallogic.com\/hr\/about\/events\/lumen-engineering-2024-predavanje-i-konzultacije-od-strane-globallogica\/\" class=\"insightCard fullWidth\">\n                                            <div class=\"insight_overlay\">\n                                                                                                <div class=\"insight_sub_head\">\n                                                                                                    <\/div>\n                                                                                                    <h3 class=\"trim\">LUMEN Engineering 2024 \u2013 predavanje i konzultacije od strane GlobalLogica<\/h3>\n                                                                                            <\/div>\n                                            \n                                                <div class=\"insight_img\">\n\n                                                    <img width=\"1130\" height=\"636\" src=\"https:\/\/www.globallogic.com\/hr\/wp-content\/uploads\/sites\/10\/2024\/07\/Featured.jpg\" class=\"attachment-full size-full\" alt=\"\" loading=\"lazy\" decoding=\"async\" srcset=\"https:\/\/www.globallogic.com\/hr\/wp-content\/uploads\/sites\/10\/2024\/07\/Featured.jpg 500w, https:\/\/www.globallogic.com\/hr\/wp-content\/uploads\/sites\/10\/2024\/07\/Featured-300x198.jpg 300w\" sizes=\"auto, (max-width: 500px) 100vw, 500px\" \/>\n                                                <\/div>\n                                                                                    <\/a>\n                                    <\/div>\n                                                                        <div class=\"swiper-slide\">\n                                        <a href=\"https:\/\/www.globallogic.com\/hr\/about\/events\/uspjesan-peti-za-redom-nastup-globallogica-na-debug-konferenciji\/\" class=\"insightCard fullWidth\">\n                                            <div class=\"insight_overlay\">\n                                                                                                <div class=\"insight_sub_head\">\n                                                                                                    <\/div>\n                                                                                                    <h3 class=\"trim\">Uspje\u0161an, peti za redom, nastup GlobalLogica  na debug Konferenciji<\/h3>\n                                                                                            <\/div>\n                                            \n                                                <div class=\"insight_img\">\n\n                                                    <img width=\"1130\" height=\"636\" src=\"https:\/\/www.globallogic.com\/hr\/wp-content\/uploads\/sites\/10\/2024\/07\/Featured-2.jpg\" class=\"attachment-full size-full\" alt=\"\" loading=\"lazy\" decoding=\"async\" srcset=\"https:\/\/www.globallogic.com\/hr\/wp-content\/uploads\/sites\/10\/2024\/07\/Featured-2.jpg 500w, https:\/\/www.globallogic.com\/hr\/wp-content\/uploads\/sites\/10\/2024\/07\/Featured-2-300x198.jpg 300w\" sizes=\"auto, (max-width: 500px) 100vw, 500px\" \/>\n                                                <\/div>\n                                                                                    <\/a>\n                                    <\/div>\n                                                                        <div class=\"swiper-slide\">\n                                        <a href=\"https:\/\/www.globallogic.com\/hr\/about\/events\/marko-saric-pronasao-sam-pravu-mjeru-izmedu-uzivanja-s-obitelji-bavljenja-hobijima-i-ostvarivanja-poslovnih-ambicija\/\" class=\"insightCard fullWidth\">\n                                            <div class=\"insight_overlay\">\n                                                                                                <div class=\"insight_sub_head\">\n                                                                                                    <\/div>\n                                                                                                    <h3 class=\"trim\">Marko \u0160ari\u0107: \u201cProna\u0161ao sam pravu mjeru izme\u0111u u\u017eivanja s obitelji, bavljenja hobijima i ostvarivanja poslovnih ambicija\u201d<\/h3>\n                                                                                            <\/div>\n                                            \n                                                <div class=\"insight_img\">\n\n                                                    <img width=\"1130\" height=\"636\" src=\"https:\/\/www.globallogic.com\/hr\/wp-content\/uploads\/sites\/10\/2024\/05\/Featured-2.jpg\" class=\"attachment-full size-full\" alt=\"\" loading=\"lazy\" decoding=\"async\" srcset=\"https:\/\/www.globallogic.com\/hr\/wp-content\/uploads\/sites\/10\/2024\/05\/Featured-2.jpg 500w, https:\/\/www.globallogic.com\/hr\/wp-content\/uploads\/sites\/10\/2024\/05\/Featured-2-300x198.jpg 300w\" sizes=\"auto, (max-width: 500px) 100vw, 500px\" \/>\n                                                <\/div>\n                                                                                    <\/a>\n                                    <\/div>\n                                                                        <div class=\"swiper-slide\">\n                                        <a href=\"https:\/\/www.globallogic.com\/hr\/about\/events\/pridruzite-nam-se-na-standu-i-predavanju-na-debug-konferenciji-6-i-7-lipnja-2024\/\" class=\"insightCard fullWidth\">\n                                            <div class=\"insight_overlay\">\n                                                                                                <div class=\"insight_sub_head\">\n                                                                                                    <\/div>\n                                                                                                    <h3 class=\"trim\">Pridru\u017eite nam se na \u0161tandu i predavanju na debug  konferenciji 6. i 7. lipnja 2024.<\/h3>\n                                                                                            <\/div>\n                                            \n                                                <div class=\"insight_img\">\n\n                                                    <img width=\"1130\" height=\"636\" src=\"https:\/\/www.globallogic.com\/hr\/wp-content\/uploads\/sites\/10\/2024\/06\/Featured.jpg\" class=\"attachment-full size-full\" alt=\"\" loading=\"lazy\" decoding=\"async\" srcset=\"https:\/\/www.globallogic.com\/hr\/wp-content\/uploads\/sites\/10\/2024\/06\/Featured.jpg 500w, https:\/\/www.globallogic.com\/hr\/wp-content\/uploads\/sites\/10\/2024\/06\/Featured-300x198.jpg 300w\" sizes=\"auto, (max-width: 500px) 100vw, 500px\" \/>\n                                                <\/div>\n                                                                                    <\/a>\n                                    <\/div>\n                                    \n                                                                <\/div>\n                                    <div class=\"swiper_control\">\n                        <div class=\"swiper-scrollbar\"><\/div>\n                        <nav class=\"swiper_nav\" aria-label=\"Featured Post Slider Navigation\">\n                            <div class=\"swiper-button-prev\"><\/div>\n                            <div class=\"swiper-button-next\"><\/div>\n                        <\/nav>\n                    <\/div>\n                    \n            <\/div>\n    <\/section>\n    ","protected":false},"excerpt":{"rendered":"","protected":false},"author":1,"featured_media":0,"parent":47,"menu_order":0,"comment_status":"closed","ping_status":"closed","template":"templates\/events.php","meta":{"_acf_changed":false,"footnotes":""},"class_list":["post-1817","page","type-page","status-publish","hentry"],"acf":[],"aioseo_notices":[],"_links":{"self":[{"href":"https:\/\/www.globallogic.com\/hr\/wp-json\/wp\/v2\/pages\/1817","targetHints":{"allow":["GET"]}}],"collection":[{"href":"https:\/\/www.globallogic.com\/hr\/wp-json\/wp\/v2\/pages"}],"about":[{"href":"https:\/\/www.globallogic.com\/hr\/wp-json\/wp\/v2\/types\/page"}],"author":[{"embeddable":true,"href":"https:\/\/www.globallogic.com\/hr\/wp-json\/wp\/v2\/users\/1"}],"replies":[{"embeddable":true,"href":"https:\/\/www.globallogic.com\/hr\/wp-json\/wp\/v2\/comments?post=1817"}],"version-history":[{"count":5,"href":"https:\/\/www.globallogic.com\/hr\/wp-json\/wp\/v2\/pages\/1817\/revisions"}],"predecessor-version":[{"id":102122,"href":"https:\/\/www.globallogic.com\/hr\/wp-json\/wp\/v2\/pages\/1817\/revisions\/102122"}],"up":[{"embeddable":true,"href":"https:\/\/www.globallogic.com\/hr\/wp-json\/wp\/v2\/pages\/47"}],"wp:attachment":[{"href":"https:\/\/www.globallogic.com\/hr\/wp-json\/wp\/v2\/media?parent=1817"}],"curies":[{"name":"wp","href":"https:\/\/api.w.org\/{rel}","templated":true}]}}