{"id":18917,"date":"2018-03-22T07:40:24","date_gmt":"2018-03-22T07:40:24","guid":{"rendered":"https:\/\/www.globallogic.com\/hr\/?page_id=18917"},"modified":"2018-03-22T07:40:24","modified_gmt":"2018-03-22T07:40:24","slug":"gdpr","status":"publish","type":"page","link":"https:\/\/www.globallogic.com\/hr\/gdpr\/","title":{"rendered":"GDPR"},"content":{"rendered":"<div class=\"classic_editor_content\">Posljednji put a\u017eurirano: 11. kolovoza 2021<\/p>\n<p>Op\u0107a uredba o za\u0161titi podataka (GDPR) je stupila na snagu 25. svibnja 2018. GDPR je automatski postao propisom u svim dr\u017eavama \u010dlanicama Europske unije i Europskog gospodarskog prostora (EU\/EGP).<\/p>\n<p>Ciljevi GDPR-a su:<\/p>\n<ol>\n<li>Harmonizirati propise o za\u0161titi podataka diljem EU;<\/li>\n<li>Modernizirati propise o za\u0161titi podataka u svjetlu tehnolo\u0161ke promjene;<\/li>\n<li>Pove\u0107anje prava pojedinaca;<\/li>\n<li>Pove\u0107anje zahtjeva odgovornosti i obveza za voditelje obrade i izvr\u0161itelje obrade;<\/li>\n<li>Osiguranje boljih dokumenata i dokaza o uskla\u0111enosti s propisima o za\u0161titi podataka i vi\u0161e transparentnosti o tome na koji na\u010din se podaci koriste, tko ih koristi i za\u0161to.<\/li>\n<\/ol>\n<p>GDPR se primjenjuje na poduze\u0107a (bilo da su unutar EU ili ne) koji obra\u0111uju osobne podatke pojedinaca u EU, uklju\u010duju\u0107i osobne podatke GL-ovih kupaca, njihovih krajnjih klijenata i radnika.<\/p>\n<p><b><i>\u0160to GlobalLogic \u010dini u vezi s GDPR-om?<\/i><\/b><\/p>\n<p>GlobalLogic, dru\u0161tvo unutar Hitachi grupe obra\u0111uje osobne podatke i kao voditelj obrade i kao izvr\u0161itelj obrade, i shva\u0107amo na\u0161e obveze prema GDPR-u vrlo ozbiljno.. Kako bismo se pripremili za GDPR, preuzeli smo program aktivnosti uklju\u010duju\u0107i osobito:<\/p>\n<ol>\n<li>Reviziju na\u0161ih globalnih aktivnosti obrade podataka;<\/li>\n<li>Ocjenu sigurnosti podataka diljem na\u0161e grupe;<\/li>\n<li>A\u017euriranja na\u0161ih osposobljavanja, politika i postupaka;<\/li>\n<li>Osiguranje da su na snazi odgovaraju\u0107i uvjeti s na\u0161im dobavlja\u010dima koji djeluju kao izvr\u0161itelji obrade i podizvr\u0161itelji obrade;<\/li>\n<li>A\u017euriranja na\u0161eg kori\u0161tenja kola\u010di\u0107a i sli\u010dnih tehnologija na na\u0161oj web stranici, marketin\u0161kim emailovima i na\u0161ih mehanizama za dozvoljavanje korisnicima da izraze svoje marketin\u0161ke preferencije.<\/li>\n<\/ol>\n<p>Prema na\u0161em GDPR programu, kontinuirano nadziremo promjene primjenjivih propisa, nove smjernice i odluke tijela za za\u0161titu podataka, i najbolje tr\u017ei\u0161ne prakse. Pregledavamo na\u0161e prakse, politike i postupke i a\u017euriramo ih kad je to potrebno, a najmanje na godi\u0161njoj osnovi.<\/p>\n<p><b><i>Koje su GlobalLogic-ove obveze prema kupcima i ispitanicima? <\/i><\/b><\/p>\n<p>GlobalLogic je obvezan postupati u skladu sa zahtjevima GDPR-a u praksi; ovo zna\u010di da smo obvezni \u010diniti sljede\u0107e kad obra\u0111ujemo podatke za na\u0161e kupce:<\/p>\n<ol>\n<li>Obra\u0111ujemo osobne podatke koje Vi kontrolirate i za koje ste Vi odgovorni samo na Va\u0161 zahtjev, u skladu s ugovorom koji imamo s Vama, pisanom uputom ili ako to zahtijevaju propisi;<\/li>\n<li>Implementiramo odgovaraju\u0107e tehni\u010dke i organizacijske mjere radi osiguranja razine sigurnosti primjerene rizicima koje predstavlja obrada, \u0161to mo\u017ee uklju\u010divati Krajnje to\u010dke, Pristupnik, Sigurnost na razini poslu\u017eitelja u na\u0161im prostorijama, politike jakih lozinki, svakodnevna a\u017euriranja antivirusa, kori\u0161tenje enkripcije, SSL VPN za vanjski pristup, sigurni pristup putem \u017ei\u010dane ili be\u017ei\u010dne mre\u017ee na\u0161im sustavima, centralizirano upravljanje zakrpama, kontrola pristupa, i, izme\u0111u ostalog, politike i osposobljavanja;<\/li>\n<li>Poduzimamo sve razumne korake radi osiguranja da samo ovla\u0161teni zaposlenici koji podlije\u017eu obvezama povjerljivosti imaju pristup osobnim podacima;<\/li>\n<li>Anga\u017eirat \u0107emo podizvr\u0161itelje obrade samo radi pomo\u0107i u pru\u017eanju usluga koje Vama isporu\u010dujemo, uz Va\u0161u privolu. Nametnut \u0107emo podizvr\u0161iteljima obrade uvjete koji nisu manje strogi od ovih obveza koje smo preuzeli prema Vama;<\/li>\n<li>Ne\u0107emo namjerno u\u010diniti ni\u0161ta \u0161to bi Vas dovelo do povrede GDPR-a, i obavijestit \u0107emo Vas ako saznamo da su Va\u0161e upute protivne onome \u0161to dopu\u0161ta GDPR;<\/li>\n<li>Pomo\u0107i \u0107emo Vam u ispunjenju bilo kojih zahtjeva primljenih od strane ispitanika (pojedinaca) radi ostvarenja njihovih prava ili bilo kojih zahtjeva regulatora;<\/li>\n<li>Odmah \u0107emo Vas obavijestiti nakon saznanja za bilo kakvu povredu ili sumnju na povredu koja bi mogla ugroziti Va\u0161e podatke ili stvoriti rizik za njih;<\/li>\n<li>Kad moramo prenijeti osobne podatke izvan EU\/EGP-a, to \u0107emo u\u010diniti u skladu s odgovaraju\u0107im pravnim za\u0161titama.<\/li>\n<\/ol>\n<p>Navedeni popis nije iscrpan te je GlobalLogic obvezan ispuniti sve svoje obveze kao izvr\u0161itelj obrade osobnih podataka koji su pod kontrolom na\u0161ih kupaca  ili njihovih krajnjih klijenata, u skladu s GDPR-om.<\/p>\n<p>Ako imate bilo kakva pitanja o na\u0161em pristupu privatnosti podataka molimo kontaktirajte  <a rel=\"external nofollow\" target=\"_blank\" href=\"mailto:privacy@globallogic.com\"><span lang=\"EN-US\"><span lang=\"HR\">privacy@globallogic.com<\/span><\/span><\/a> i rado \u0107emo s Vama detaljnije razgovarati.<\/div>\n","protected":false},"excerpt":{"rendered":"<p>Posljednji put a\u017eurirano: 11. kolovoza 2021 Op\u0107a uredba o za\u0161titi podataka (GDPR) je stupila na snagu 25. svibnja 2018. GDPR je automatski postao propisom u svim dr\u017eavama \u010dlanicama Europske unije i Europskog gospodarskog prostora (EU\/EGP). Ciljevi GDPR-a su: Harmonizirati propise o za\u0161titi podataka diljem EU; Modernizirati propise o za\u0161titi podataka u svjetlu tehnolo\u0161ke promjene; Pove\u0107anje prava pojedinaca; Pove\u0107anje zahtjeva odgovornosti i obveza za voditelje obrade i izvr\u0161itelje obrade; Osiguranje boljih dokumenata i dokaza o uskla\u0111enosti s propisima o za\u0161titi podataka i vi\u0161e transparentnosti o tome na koji na\u010din se podaci koriste, tko ih koristi i za\u0161to. GDPR se primjenjuje na poduze\u0107a (bilo da su unutar EU ili ne) koji obra\u0111uju osobne podatke pojedinaca u EU, uklju\u010duju\u0107i osobne podatke GL-ovih kupaca, njihovih krajnjih klijenata i radnika. \u0160to GlobalLogic \u010dini u vezi s GDPR-om? GlobalLogic, dru\u0161tvo unutar Hitachi grupe obra\u0111uje osobne podatke i kao voditelj obrade i kao izvr\u0161itelj obrade, i shva\u0107amo na\u0161e obveze prema GDPR-u vrlo ozbiljno.. Kako bismo se pripremili za GDPR, preuzeli smo program aktivnosti uklju\u010duju\u0107i osobito: Reviziju na\u0161ih globalnih aktivnosti obrade podataka; Ocjenu sigurnosti podataka diljem na\u0161e grupe; A\u017euriranja na\u0161ih osposobljavanja, politika i postupaka; Osiguranje da su na snazi odgovaraju\u0107i uvjeti s na\u0161im dobavlja\u010dima koji djeluju kao izvr\u0161itelji&#8230;<\/p>\n","protected":false},"author":12,"featured_media":5783,"parent":0,"menu_order":76,"comment_status":"closed","ping_status":"closed","template":"page-templates\/footer-page.php","meta":{"_acf_changed":false,"footnotes":""},"class_list":["post-18917","page","type-page","status-publish","has-post-thumbnail","hentry"],"acf":[],"aioseo_notices":[],"_links":{"self":[{"href":"https:\/\/www.globallogic.com\/hr\/wp-json\/wp\/v2\/pages\/18917","targetHints":{"allow":["GET"]}}],"collection":[{"href":"https:\/\/www.globallogic.com\/hr\/wp-json\/wp\/v2\/pages"}],"about":[{"href":"https:\/\/www.globallogic.com\/hr\/wp-json\/wp\/v2\/types\/page"}],"author":[{"embeddable":true,"href":"https:\/\/www.globallogic.com\/hr\/wp-json\/wp\/v2\/users\/12"}],"replies":[{"embeddable":true,"href":"https:\/\/www.globallogic.com\/hr\/wp-json\/wp\/v2\/comments?post=18917"}],"version-history":[{"count":0,"href":"https:\/\/www.globallogic.com\/hr\/wp-json\/wp\/v2\/pages\/18917\/revisions"}],"wp:featuredmedia":[{"embeddable":true,"href":"https:\/\/www.globallogic.com\/hr\/wp-json\/wp\/v2\/media\/5783"}],"wp:attachment":[{"href":"https:\/\/www.globallogic.com\/hr\/wp-json\/wp\/v2\/media?parent=18917"}],"curies":[{"name":"wp","href":"https:\/\/api.w.org\/{rel}","templated":true}]}}