 
{"id":51,"date":"2024-08-06T09:40:55","date_gmt":"2024-08-06T09:40:55","guid":{"rendered":"https:\/\/www.globallogic.com\/hr\/?page_id=51"},"modified":"2025-01-30T06:36:50","modified_gmt":"2025-01-30T06:36:50","slug":"leadership","status":"publish","type":"page","link":"https:\/\/www.globallogic.com\/hr\/about\/leadership\/","title":{"rendered":"Leadership"},"content":{"rendered":"\r\n<!-- Leadership Hero banner -->\r\n<section class=\"leadership_banner_block \" id=\"banner-leaderships-block_3ac226f714ecde19f290a03df5743ecf\">\r\n    <div class=\"container\">\r\n        <div class=\"leader_banner_area\">\r\n                            <div class=\"banner-left\">\r\n                    <h1>Upoznajte na\u0161e lidere<\/h1>\r\n                <\/div>\r\n                        <div class=\"banner-right\">\r\n                                    <div class=\"banner-description\">GlobalLogicov menad\u017eerski tim donosi globalnu perspektivu, bogato industrijsko iskustvo i strast za inovacije.<\/div>\r\n                            <\/div>\r\n        <\/div>\r\n    <\/div>\r\n            <img fetchpriority=\"high\" width=\"1440\" height=\"1010\" src=\"https:\/\/www.globallogic.com\/hr\/wp-content\/uploads\/sites\/10\/2025\/01\/Meet-Our-Leaders-hero.jpg\" class=\"leader_banner_img\" alt=\"\" loading=\"eager\" decoding=\"async\" srcset=\"https:\/\/www.globallogic.com\/hr\/wp-content\/uploads\/sites\/10\/2025\/01\/Meet-Our-Leaders-hero.jpg 1920w, https:\/\/www.globallogic.com\/hr\/wp-content\/uploads\/sites\/10\/2025\/01\/Meet-Our-Leaders-hero-300x169.jpg 300w, https:\/\/www.globallogic.com\/hr\/wp-content\/uploads\/sites\/10\/2025\/01\/Meet-Our-Leaders-hero-1024x576.jpg 1024w, https:\/\/www.globallogic.com\/hr\/wp-content\/uploads\/sites\/10\/2025\/01\/Meet-Our-Leaders-hero-768x432.jpg 768w, https:\/\/www.globallogic.com\/hr\/wp-content\/uploads\/sites\/10\/2025\/01\/Meet-Our-Leaders-hero-1536x864.jpg 1536w\" sizes=\"(max-width: 1920px) 100vw, 1920px\" \/>    <\/section>\r\n\n\n\r\n<!-- leadership tab -->\r\n    <section class=\"leadership_tab \" id=\"profiles-terms-block_633e877ac7d1fdd1a715532b8cf910b2\">\r\n        <div class=\"tabs-wrap\">\r\n            <div class=\"container\">\r\n                <ul class=\"tabs\">\r\n                                        <li><a href=\"https:\/\/www.globallogic.com\/hr\/about\/leadership\/\" class=\"tab active\">Corporate<\/a><\/li>                         <li><a href=\"https:\/\/www.globallogic.com\/hr\/about\/leadership\/regional\/\" class=\"tab \">Regional<\/a><\/li>                         <li><a href=\"https:\/\/www.globallogic.com\/hr\/about\/leadership\/business-unit\/\" class=\"tab \">Business Unit<\/a><\/li>                 <\/ul>\r\n            <\/div>\r\n        <\/div>\r\n                                    <div class=\"container\">\r\n                    <div class=\"leadership-tab-content\">\r\n                        <div class=\"leadership-tab-item\">\r\n                            <div class=\"boxContent\">\r\n                                                                    <div class=\"box\">\r\n                                        <a href=\"https:\/\/www.globallogic.com\/hr\/about\/leadership\/srini-shankar\/\">\r\n                                                                                            <div class=\"image\">\r\n                                                <img width=\"708\" height=\"634\" src=\"https:\/\/www.globallogic.com\/hr\/wp-content\/uploads\/sites\/10\/2023\/11\/Srini-Bio.jpg\" class=\"attachment-full size-full\" alt=\"leader\" loading=\"eager\" decoding=\"async\" srcset=\"https:\/\/www.globallogic.com\/hr\/wp-content\/uploads\/sites\/10\/2023\/11\/Srini-Bio.jpg 708w, https:\/\/www.globallogic.com\/hr\/wp-content\/uploads\/sites\/10\/2023\/11\/Srini-Bio-300x269.jpg 300w\" sizes=\"(max-width: 708px) 100vw, 708px\" \/>                                                <\/div>\r\n                                                                                        <div class=\"person-details\">\r\n                                                                                                                                                <div class=\"role\">Predsjednik i glavni izvr\u0161ni direktor<\/div>\r\n                                                <h5 class=\"name\">Srini Shankar<\/h5>\r\n                                            <\/div>\r\n                                        <\/a>\r\n                                    <\/div>\r\n                                                                    <div class=\"box\">\r\n                                        <a href=\"https:\/\/www.globallogic.com\/hr\/about\/leadership\/siba-satapathy\/\">\r\n                                                                                            <div class=\"image\">\r\n                                                <img width=\"798\" height=\"1000\" src=\"https:\/\/www.globallogic.com\/hr\/wp-content\/uploads\/sites\/10\/2025\/08\/Siba-Satapathy.png\" class=\"attachment-full size-full  wpsmartcrop-image \" alt=\"leader\" loading=\"eager\" decoding=\"async\" srcset=\"https:\/\/www.globallogic.com\/hr\/wp-content\/uploads\/sites\/10\/2025\/08\/Siba-Satapathy.png 798w, https:\/\/www.globallogic.com\/hr\/wp-content\/uploads\/sites\/10\/2025\/08\/Siba-Satapathy-239x300.png 239w, https:\/\/www.globallogic.com\/hr\/wp-content\/uploads\/sites\/10\/2025\/08\/Siba-Satapathy-768x962.png 768w\" sizes=\"(max-width: 798px) 100vw, 798px\" data-smartcrop-focus=\"[44,28]\" \/>                                                <\/div>\r\n                                                                                        <div class=\"person-details\">\r\n                                                                                                                                                <div class=\"role\">Glavni direktor za rast i transformaciju<\/div>\r\n                                                <h5 class=\"name\">Siba Satapathy<\/h5>\r\n                                            <\/div>\r\n                                        <\/a>\r\n                                    <\/div>\r\n                                                                    <div class=\"box\">\r\n                                        <a href=\"https:\/\/www.globallogic.com\/hr\/about\/leadership\/sumit-sood\/\">\r\n                                                                                            <div class=\"image\">\r\n                                                <img width=\"501\" height=\"669\" src=\"https:\/\/www.globallogic.com\/hr\/wp-content\/uploads\/sites\/10\/2024\/10\/Sumit-Sood-501x669-1.jpg\" class=\"attachment-full size-full  wpsmartcrop-image \" alt=\"leader\" loading=\"eager\" decoding=\"async\" srcset=\"https:\/\/www.globallogic.com\/hr\/wp-content\/uploads\/sites\/10\/2024\/10\/Sumit-Sood-501x669-1.jpg 501w, https:\/\/www.globallogic.com\/hr\/wp-content\/uploads\/sites\/10\/2024\/10\/Sumit-Sood-501x669-1-225x300.jpg 225w\" sizes=\"(max-width: 501px) 100vw, 501px\" data-smartcrop-focus=\"[49,17]\" \/>                                                <\/div>\r\n                                                                                        <div class=\"person-details\">\r\n                                                                                                                                                <div class=\"role\">Glavni direktor za sinergiju i transformaciju <\/div>\r\n                                                <h5 class=\"name\">Sumit Sood<\/h5>\r\n                                            <\/div>\r\n                                        <\/a>\r\n                                    <\/div>\r\n                                                                    <div class=\"box\">\r\n                                        <a href=\"https:\/\/www.globallogic.com\/hr\/about\/leadership\/vikas-kaul\/\">\r\n                                                                                            <div class=\"image\">\r\n                                                <img width=\"1521\" height=\"2027\" src=\"https:\/\/www.globallogic.com\/hr\/wp-content\/uploads\/sites\/10\/2025\/08\/Vikas-Kaul-picture.jpg\" class=\"attachment-full size-full  wpsmartcrop-image \" alt=\"leader\" loading=\"eager\" decoding=\"async\" srcset=\"https:\/\/www.globallogic.com\/hr\/wp-content\/uploads\/sites\/10\/2025\/08\/Vikas-Kaul-picture.jpg 1521w, https:\/\/www.globallogic.com\/hr\/wp-content\/uploads\/sites\/10\/2025\/08\/Vikas-Kaul-picture-225x300.jpg 225w, https:\/\/www.globallogic.com\/hr\/wp-content\/uploads\/sites\/10\/2025\/08\/Vikas-Kaul-picture-768x1023.jpg 768w, https:\/\/www.globallogic.com\/hr\/wp-content\/uploads\/sites\/10\/2025\/08\/Vikas-Kaul-picture-1153x1536.jpg 1153w\" sizes=\"(max-width: 1521px) 100vw, 1521px\" data-smartcrop-focus=\"[59,30]\" \/>                                                <\/div>\r\n                                                                                        <div class=\"person-details\">\r\n                                                                                                                                                <div class=\"role\">Glavni direktor za ljudske potencijale<\/div>\r\n                                                <h5 class=\"name\">Vikas Kaul<\/h5>\r\n                                            <\/div>\r\n                                        <\/a>\r\n                                    <\/div>\r\n                                                                    <div class=\"box\">\r\n                                        <a href=\"https:\/\/www.globallogic.com\/hr\/about\/leadership\/vaibhav-sharma\/\">\r\n                                                                                            <div class=\"image\">\r\n                                                <img width=\"501\" height=\"669\" src=\"https:\/\/www.globallogic.com\/hr\/wp-content\/uploads\/sites\/10\/2024\/10\/Vaibhav-Sharma-501x669-1.jpg\" class=\"attachment-full size-full  wpsmartcrop-image \" alt=\"leader\" loading=\"eager\" decoding=\"async\" srcset=\"https:\/\/www.globallogic.com\/hr\/wp-content\/uploads\/sites\/10\/2024\/10\/Vaibhav-Sharma-501x669-1.jpg 501w, https:\/\/www.globallogic.com\/hr\/wp-content\/uploads\/sites\/10\/2024\/10\/Vaibhav-Sharma-501x669-1-225x300.jpg 225w\" sizes=\"(max-width: 501px) 100vw, 501px\" data-smartcrop-focus=\"[50,16]\" \/>                                                <\/div>\r\n                                                                                        <div class=\"person-details\">\r\n                                                                                                                                                <div class=\"role\">Glavni financijski direktor<\/div>\r\n                                                <h5 class=\"name\">Vaibhav Sharma<\/h5>\r\n                                            <\/div>\r\n                                        <\/a>\r\n                                    <\/div>\r\n                                                                    <div class=\"box\">\r\n                                        <a href=\"https:\/\/www.globallogic.com\/hr\/about\/leadership\/rodrigo-cofino\/\">\r\n                                                                                            <div class=\"image\">\r\n                                                <img width=\"501\" height=\"669\" src=\"https:\/\/www.globallogic.com\/hr\/wp-content\/uploads\/sites\/10\/2024\/10\/Rodrigo-Cofino-501x669-1.jpg\" class=\"attachment-full size-full  wpsmartcrop-image \" alt=\"leader\" loading=\"eager\" decoding=\"async\" srcset=\"https:\/\/www.globallogic.com\/hr\/wp-content\/uploads\/sites\/10\/2024\/10\/Rodrigo-Cofino-501x669-1.jpg 501w, https:\/\/www.globallogic.com\/hr\/wp-content\/uploads\/sites\/10\/2024\/10\/Rodrigo-Cofino-501x669-1-225x300.jpg 225w\" sizes=\"(max-width: 501px) 100vw, 501px\" data-smartcrop-focus=\"[49,22]\" \/>                                                <\/div>\r\n                                                                                        <div class=\"person-details\">\r\n                                                                                                                                                <div class=\"role\">Glavni direktor za strategiju (Chief Strategy Officer)<\/div>\r\n                                                <h5 class=\"name\">Rodrigo Cofi\u00f1o<\/h5>\r\n                                            <\/div>\r\n                                        <\/a>\r\n                                    <\/div>\r\n                                                                    <div class=\"box\">\r\n                                        <a href=\"https:\/\/www.globallogic.com\/hr\/about\/leadership\/victoria-libin\/\">\r\n                                                                                            <div class=\"image\">\r\n                                                <img width=\"501\" height=\"669\" src=\"https:\/\/www.globallogic.com\/hr\/wp-content\/uploads\/sites\/10\/2024\/10\/Victoria-Libin-501x669-1.jpg\" class=\"attachment-full size-full  wpsmartcrop-image \" alt=\"leader\" loading=\"eager\" decoding=\"async\" srcset=\"https:\/\/www.globallogic.com\/hr\/wp-content\/uploads\/sites\/10\/2024\/10\/Victoria-Libin-501x669-1.jpg 501w, https:\/\/www.globallogic.com\/hr\/wp-content\/uploads\/sites\/10\/2024\/10\/Victoria-Libin-501x669-1-225x300.jpg 225w\" sizes=\"(max-width: 501px) 100vw, 501px\" data-smartcrop-focus=\"[50,29]\" \/>                                                <\/div>\r\n                                                                                        <div class=\"person-details\">\r\n                                                                                                                                                <div class=\"role\">Glavna pravna savjetnica i korporativna tajnica<\/div>\r\n                                                <h5 class=\"name\">Victoria Libin<\/h5>\r\n                                            <\/div>\r\n                                        <\/a>\r\n                                    <\/div>\r\n                                                                    <div class=\"box\">\r\n                                        <a href=\"https:\/\/www.globallogic.com\/hr\/about\/leadership\/ethan-matyas\/\">\r\n                                                                                            <div class=\"image\">\r\n                                                <img width=\"502\" height=\"670\" src=\"https:\/\/www.globallogic.com\/hr\/wp-content\/uploads\/sites\/10\/2025\/06\/Ethan-502x670-2.png\" class=\"attachment-full size-full  wpsmartcrop-image \" alt=\"leader\" loading=\"eager\" decoding=\"async\" srcset=\"https:\/\/www.globallogic.com\/hr\/wp-content\/uploads\/sites\/10\/2025\/06\/Ethan-502x670-2.png 502w, https:\/\/www.globallogic.com\/hr\/wp-content\/uploads\/sites\/10\/2025\/06\/Ethan-502x670-2-225x300.png 225w\" sizes=\"(max-width: 502px) 100vw, 502px\" data-smartcrop-focus=\"[54,33]\" \/>                                                <\/div>\r\n                                                                                        <div class=\"person-details\">\r\n                                                                                                                                                <div class=\"role\">Chief Delivery Officer <\/div>\r\n                                                <h5 class=\"name\">Ethan Matyas<\/h5>\r\n                                            <\/div>\r\n                                        <\/a>\r\n                                    <\/div>\r\n                                                                    <div class=\"box\">\r\n                                        <a href=\"https:\/\/www.globallogic.com\/hr\/about\/leadership\/vishal-anand\/\">\r\n                                                                                            <div class=\"image\">\r\n                                                <img width=\"1366\" height=\"2048\" src=\"https:\/\/www.globallogic.com\/hr\/wp-content\/uploads\/sites\/10\/2019\/06\/Vishal-Anand-profile.jpg\" class=\"attachment-full size-full  wpsmartcrop-image \" alt=\"leader\" loading=\"eager\" decoding=\"async\" srcset=\"https:\/\/www.globallogic.com\/hr\/wp-content\/uploads\/sites\/10\/2019\/06\/Vishal-Anand-profile.jpg 1366w, https:\/\/www.globallogic.com\/hr\/wp-content\/uploads\/sites\/10\/2019\/06\/Vishal-Anand-profile-200x300.jpg 200w, https:\/\/www.globallogic.com\/hr\/wp-content\/uploads\/sites\/10\/2019\/06\/Vishal-Anand-profile-683x1024.jpg 683w, https:\/\/www.globallogic.com\/hr\/wp-content\/uploads\/sites\/10\/2019\/06\/Vishal-Anand-profile-768x1151.jpg 768w, https:\/\/www.globallogic.com\/hr\/wp-content\/uploads\/sites\/10\/2019\/06\/Vishal-Anand-profile-1025x1536.jpg 1025w\" sizes=\"(max-width: 1366px) 100vw, 1366px\" data-smartcrop-focus=\"[53,25]\" \/>                                                <\/div>\r\n                                                                                        <div class=\"person-details\">\r\n                                                                                                                                                <div class=\"role\">Glavni operativni direktor | Voditelj regije Amerika<\/div>\r\n                                                <h5 class=\"name\">Vishal Anand<\/h5>\r\n                                            <\/div>\r\n                                        <\/a>\r\n                                    <\/div>\r\n                                                                    <div class=\"box\">\r\n                                        <a href=\"https:\/\/www.globallogic.com\/hr\/about\/leadership\/yuriy-yuzifovich\/\">\r\n                                                                                            <div class=\"image\">\r\n                                                <img width=\"501\" height=\"669\" src=\"https:\/\/www.globallogic.com\/hr\/wp-content\/uploads\/sites\/10\/2024\/10\/Yuriy-Yuzifovich-501x669-1.jpg\" class=\"attachment-full size-full  wpsmartcrop-image \" alt=\"leader\" loading=\"eager\" decoding=\"async\" srcset=\"https:\/\/www.globallogic.com\/hr\/wp-content\/uploads\/sites\/10\/2024\/10\/Yuriy-Yuzifovich-501x669-1.jpg 501w, https:\/\/www.globallogic.com\/hr\/wp-content\/uploads\/sites\/10\/2024\/10\/Yuriy-Yuzifovich-501x669-1-225x300.jpg 225w\" sizes=\"(max-width: 501px) 100vw, 501px\" data-smartcrop-focus=\"[50,30]\" \/>                                                <\/div>\r\n                                                                                        <div class=\"person-details\">\r\n                                                                                                                                                <div class=\"role\">Glavni tehnolo\u0161ki direktor, AI<\/div>\r\n                                                <h5 class=\"name\">Yuriy Yuzifovich<\/h5>\r\n                                            <\/div>\r\n                                        <\/a>\r\n                                    <\/div>\r\n                                                                    <div class=\"box\">\r\n                                        <a href=\"https:\/\/www.globallogic.com\/hr\/about\/leadership\/suhail-khaki\/\">\r\n                                                                                            <div class=\"image\">\r\n                                                <img width=\"501\" height=\"669\" src=\"https:\/\/www.globallogic.com\/hr\/wp-content\/uploads\/sites\/10\/2025\/07\/Suhail-Khaki-501x669-2.jpg\" class=\"attachment-full size-full  wpsmartcrop-image \" alt=\"leader\" loading=\"eager\" decoding=\"async\" srcset=\"https:\/\/www.globallogic.com\/hr\/wp-content\/uploads\/sites\/10\/2025\/07\/Suhail-Khaki-501x669-2.jpg 501w, https:\/\/www.globallogic.com\/hr\/wp-content\/uploads\/sites\/10\/2025\/07\/Suhail-Khaki-501x669-2-225x300.jpg 225w\" sizes=\"(max-width: 501px) 100vw, 501px\" data-smartcrop-focus=\"[44,32]\" \/>                                                <\/div>\r\n                                                                                        <div class=\"person-details\">\r\n                                                                                                                                                <div class=\"role\">Glavni direktor za tehnologiju (Chief Technology Officer), \u017divotni ciklus razvoja softvera (SDLC)<\/div>\r\n                                                <h5 class=\"name\">Suhail Khaki<\/h5>\r\n                                            <\/div>\r\n                                        <\/a>\r\n                                    <\/div>\r\n                                                                    <div class=\"box\">\r\n                                        <a href=\"https:\/\/www.globallogic.com\/hr\/about\/leadership\/timothy-morey\/\">\r\n                                                                                            <div class=\"image\">\r\n                                                <img width=\"501\" height=\"669\" src=\"https:\/\/www.globallogic.com\/hr\/wp-content\/uploads\/sites\/10\/2024\/10\/Timothy-Morey-501x669-1.jpg\" class=\"attachment-full size-full  wpsmartcrop-image \" alt=\"leader\" loading=\"eager\" decoding=\"async\" srcset=\"https:\/\/www.globallogic.com\/hr\/wp-content\/uploads\/sites\/10\/2024\/10\/Timothy-Morey-501x669-1.jpg 501w, https:\/\/www.globallogic.com\/hr\/wp-content\/uploads\/sites\/10\/2024\/10\/Timothy-Morey-501x669-1-225x300.jpg 225w\" sizes=\"(max-width: 501px) 100vw, 501px\" data-smartcrop-focus=\"[50,17]\" \/>                                                <\/div>\r\n                                                                                        <div class=\"person-details\">\r\n                                                                                                                                                <div class=\"role\">Vi\u0161i potpredsjednik i voditelj odjela za dizajn i konzalting <br>Direktor Method Inc.<\/div>\r\n                                                <h5 class=\"name\">Timothy Morey<\/h5>\r\n                                            <\/div>\r\n                                        <\/a>\r\n                                    <\/div>\r\n                                                                    <div class=\"box\">\r\n                                        <a href=\"https:\/\/www.globallogic.com\/hr\/about\/leadership\/raj-sethi\/\">\r\n                                                                                            <div class=\"image\">\r\n                                                <img width=\"501\" height=\"669\" src=\"https:\/\/www.globallogic.com\/hr\/wp-content\/uploads\/sites\/10\/2025\/07\/Raj-Sethi-501x669-1.jpg\" class=\"attachment-full size-full  wpsmartcrop-image \" alt=\"leader\" loading=\"eager\" decoding=\"async\" srcset=\"https:\/\/www.globallogic.com\/hr\/wp-content\/uploads\/sites\/10\/2025\/07\/Raj-Sethi-501x669-1.jpg 501w, https:\/\/www.globallogic.com\/hr\/wp-content\/uploads\/sites\/10\/2025\/07\/Raj-Sethi-501x669-1-225x300.jpg 225w\" sizes=\"(max-width: 501px) 100vw, 501px\" data-smartcrop-focus=\"[47,25]\" \/>                                                <\/div>\r\n                                                                                        <div class=\"person-details\">\r\n                                                                                                                                                <div class=\"role\">Vi\u0161i potpredsjednik i voditelj tr\u017ei\u0161ne strategije (Go-To-Market) za \u017eivotni ciklus razvoja softvera (SDLC)<\/div>\r\n                                                <h5 class=\"name\">Raj Sethi<\/h5>\r\n                                            <\/div>\r\n                                        <\/a>\r\n                                    <\/div>\r\n                                                            <\/div>\r\n                        <\/div>\r\n                    <\/div>\r\n                <\/div>\r\n                <!-- <div class=\"pagination_area\">\r\n                    <div class=\"container\">\r\n                        <div class=\"pagination\">\r\n                                                    <\/div>\r\n                    <\/div>\r\n                <\/div> -->\r\n                <\/section>\r\n\n\n\r\n<!-- Open Vacancy -->\r\n    <section class=\"leadership-open-vacancies location-open-vacancies\" id=\"open-vacancy-block_fac3dd739c3c79a8a9ecd82203c14373\">\r\n        <div class=\"container\">\r\n            <div class=\"open-vacancies-content\">\r\n                                    <h2>Va\u0161a \u0161ansa da utje\u010dete na svijet oko sebe po\u010dinje sada<\/h2>\r\n                \r\n                <div class=\"leader_banner_buttons\">\r\n                                            <a href=\"https:\/\/www.globallogic.com\/hr\/careers\/\" class=\"primaryBtn\">Istra\u017eite otvorene pozicije<\/a>\r\n                                                                <a href=\"https:\/\/www.globallogic.com\/hr\/about\/\" class=\"primaryBtn white\">Saznajte vi\u0161e o nama<\/a>\r\n                                    <\/div>\r\n\r\n            <\/div>\r\n        <\/div>\r\n                    <img width=\"1440\" height=\"1010\" src=\"https:\/\/www.globallogic.com\/hr\/wp-content\/uploads\/sites\/10\/2024\/08\/open-vacancies.webp\" class=\"open-vacancies_img\" alt=\"ExploreOpenVacancies\" loading=\"eager\" decoding=\"async\" srcset=\"https:\/\/www.globallogic.com\/hr\/wp-content\/uploads\/sites\/10\/2024\/08\/open-vacancies.webp 1440w, https:\/\/www.globallogic.com\/hr\/wp-content\/uploads\/sites\/10\/2024\/08\/open-vacancies-300x131.webp 300w, https:\/\/www.globallogic.com\/hr\/wp-content\/uploads\/sites\/10\/2024\/08\/open-vacancies-1024x448.webp 1024w, https:\/\/www.globallogic.com\/hr\/wp-content\/uploads\/sites\/10\/2024\/08\/open-vacancies-768x336.webp 768w\" sizes=\"(max-width: 1440px) 100vw, 1440px\" \/>            \r\n            <\/section>\r\n","protected":false},"excerpt":{"rendered":"","protected":false},"author":1,"featured_media":0,"parent":47,"menu_order":0,"comment_status":"closed","ping_status":"closed","template":"templates\/leadership.php","meta":{"_acf_changed":false,"footnotes":""},"class_list":["post-51","page","type-page","status-publish","hentry"],"acf":[],"aioseo_notices":[],"_links":{"self":[{"href":"https:\/\/www.globallogic.com\/hr\/wp-json\/wp\/v2\/pages\/51","targetHints":{"allow":["GET"]}}],"collection":[{"href":"https:\/\/www.globallogic.com\/hr\/wp-json\/wp\/v2\/pages"}],"about":[{"href":"https:\/\/www.globallogic.com\/hr\/wp-json\/wp\/v2\/types\/page"}],"author":[{"embeddable":true,"href":"https:\/\/www.globallogic.com\/hr\/wp-json\/wp\/v2\/users\/1"}],"replies":[{"embeddable":true,"href":"https:\/\/www.globallogic.com\/hr\/wp-json\/wp\/v2\/comments?post=51"}],"version-history":[{"count":16,"href":"https:\/\/www.globallogic.com\/hr\/wp-json\/wp\/v2\/pages\/51\/revisions"}],"predecessor-version":[{"id":101836,"href":"https:\/\/www.globallogic.com\/hr\/wp-json\/wp\/v2\/pages\/51\/revisions\/101836"}],"up":[{"embeddable":true,"href":"https:\/\/www.globallogic.com\/hr\/wp-json\/wp\/v2\/pages\/47"}],"wp:attachment":[{"href":"https:\/\/www.globallogic.com\/hr\/wp-json\/wp\/v2\/media?parent=51"}],"curies":[{"name":"wp","href":"https:\/\/api.w.org\/{rel}","templated":true}]}}