{"id":53,"date":"2024-08-07T07:49:17","date_gmt":"2024-08-07T07:49:17","guid":{"rendered":"https:\/\/www.globallogic.com\/hr\/?page_id=53"},"modified":"2025-03-13T07:50:56","modified_gmt":"2025-03-13T07:50:56","slug":"partners","status":"publish","type":"page","link":"https:\/\/www.globallogic.com\/hr\/about\/partners\/","title":{"rendered":"Partners"},"content":{"rendered":"    <section class=\"about_banner_block\" id=\"partners-hero-banner-block_9e391f5a91fe8ffbc86d715a312e7ece\">\r\n        <div class=\"container\">\r\n            <div class=\"about_banner_area\">\r\n                                    <h1>Gradimo sna\u017ena partnerstva s vode\u0107im industrijskim liderima kako bismo kreirali dodatnu vrijednost za na\u0161e klijente<\/h1>\r\n                                                    <div class=\"about_banner_content\">\r\n                        <p>Kroz blisku suradnju s vode\u0107im tehnolo\u0161kim partnerima, kao \u0161to su AWS, Google Cloud i Microsoft Azure, isporu\u010dujemo inovativna i prilago\u0111ena rje\u0161enja koja omogu\u0107uju poslovnu transformaciju. Na\u0161a stru\u010dnost u oblaku, podacima, umjetnoj inteligenciji (AI) i automatizaciji poma\u017ee klijentima stvoriti nove prilike, ubrzati rast i ostvariti dugoro\u010dan utjecaj.<\/p>\r\n                                            <\/div>\r\n                            <\/div>\r\n        <\/div>\r\n                    <img fetchpriority=\"high\" width=\"1440\" height=\"300\" src=\"https:\/\/www.globallogic.com\/hr\/wp-content\/uploads\/sites\/10\/2024\/08\/about_banner-1.jpg\" class=\"home_banner_img\" alt=\"GlobalLogic\" loading=\"eager\" decoding=\"async\" srcset=\"https:\/\/www.globallogic.com\/hr\/wp-content\/uploads\/sites\/10\/2024\/08\/about_banner-1.jpg 1440w, https:\/\/www.globallogic.com\/hr\/wp-content\/uploads\/sites\/10\/2024\/08\/about_banner-1-300x63.jpg 300w, https:\/\/www.globallogic.com\/hr\/wp-content\/uploads\/sites\/10\/2024\/08\/about_banner-1-1024x214.jpg 1024w, https:\/\/www.globallogic.com\/hr\/wp-content\/uploads\/sites\/10\/2024\/08\/about_banner-1-768x161.jpg 768w\" sizes=\"(max-width: 1440px) 100vw, 1440px\" \/>            <\/section>\r\n\r\n\n\n    <section class=\"partners-block \" id=\"partners-list-block-block_8858f31819c642d5096a29dc6308dcb9\">\r\n        <div class=\"container\">\r\n            <div class=\"partners-head-block\">\r\n                                    <div class=\"sub_head\">Partneri<\/div>\r\n                                <div class=\"partners-head-content\">\r\n                                            <h2 data-aos=\"fade-right\" data-aos-duration=\"1000\">Snaga partnerstva<\/h2>\r\n                                                                <p>Na\u0161a partnerstva osiguravaju ekskluzivan pristup alatima, obukama i resursima. Tako\u0111er nam omogu\u0107uju da va\u0161e proizvode br\u017ee plasiramo na tr\u017ei\u0161te i postignemo bolje rezultate.<\/p>\r\n                                    <\/div>\r\n            <\/div>\r\n                            <div class=\"partners-cards\">\r\n                                            <div class=\"card\" id=\"post-99539\">\r\n                            <div class=\"partner-icon\">\r\n                                <img width=\"75\" height=\"44\" src=\"https:\/\/www.globallogic.com\/hr\/wp-content\/uploads\/sites\/10\/2024\/09\/AWS-logo.svg\" class=\"attachment-full size-full\" alt=\"\" loading=\"eager\" decoding=\"async\" \/>                            <\/div>\r\n                            <div class=\"card-text\">\r\n                                <h4 class=\"card-title\">AWS<\/h4>\r\n                                <div class=\"card-body\"><p>In\u017eenjering sa stvarnim u\u010dinkom uz rje\u0161enja od AWS-a<\/p>\n<\/div>\r\n                                <a href=\"https:\/\/www.globallogic.com\/hr\/about\/partners\/aws\/\" class=\"secondaryBtn\">Saznajte vi\u0161e<\/a>\r\n                            <\/div>\r\n                        <\/div>\r\n                                            <div class=\"card\" id=\"post-99818\">\r\n                            <div class=\"partner-icon\">\r\n                                <img width=\"187\" height=\"41\" src=\"https:\/\/www.globallogic.com\/hr\/wp-content\/uploads\/sites\/10\/2024\/10\/Microsoft_logo.png\" class=\"attachment-full size-full\" alt=\"\" loading=\"eager\" decoding=\"async\" \/>                            <\/div>\r\n                            <div class=\"card-text\">\r\n                                <h4 class=\"card-title\">Microsoft<\/h4>\r\n                                <div class=\"card-body\"><p>Transformacija poslovanja kroz razli\u010dite industrije uz Microsoft Azure<\/p>\n<\/div>\r\n                                <a href=\"https:\/\/www.globallogic.com\/hr\/about\/partners\/microsoft-azure\/\" class=\"secondaryBtn\">Saznajte vi\u0161e<\/a>\r\n                            <\/div>\r\n                        <\/div>\r\n                                            <div class=\"card\" id=\"post-103504\">\r\n                            <div class=\"partner-icon\">\r\n                                <img src=\"https:\/\/www.globallogic.com\/hr\/wp-content\/uploads\/sites\/10\/2026\/01\/ServiceNow-Black_Green-Logo.png\" class=\"attachment-full size-full\" alt=\"\" loading=\"eager\" decoding=\"async\" \/>                            <\/div>\r\n                            <div class=\"card-text\">\r\n                                <h4 class=\"card-title\">ServiceNow<\/h4>\r\n                                <div class=\"card-body\"><p>ServiceNow osna\u017euje korporativne organizacije kako bi postigli svoje ciljeve digitalne transformacije putem jedinstvene cloud platforme.<\/p>\n<\/div>\r\n                                <a href=\"https:\/\/www.globallogic.com\/hr\/about\/partners\/servicenow\/\" class=\"secondaryBtn\">Saznajte vi\u0161e<\/a>\r\n                            <\/div>\r\n                        <\/div>\r\n                                            <div class=\"card\" id=\"post-103453\">\r\n                            <div class=\"partner-icon\">\r\n                                <img src=\"https:\/\/www.globallogic.com\/hr\/wp-content\/uploads\/sites\/10\/2026\/01\/Adobe-logo-color.png\" class=\"attachment-full size-full\" alt=\"\" loading=\"eager\" decoding=\"async\" \/>                            <\/div>\r\n                            <div class=\"card-text\">\r\n                                <h4 class=\"card-title\">Adobe<\/h4>\r\n                                <div class=\"card-body\"><p>Partnerstvo s GlobalLogicom za unapre\u0111enje digitalnih iskustava, optimizaciju e-trgovine i pojednostavljenje marketin\u0161ke automatizacije uz Adobe-certificiranu stru\u010dnost.<\/p>\n<\/div>\r\n                                <a href=\"https:\/\/www.globallogic.com\/hr\/about\/partners\/adobe\/\" class=\"secondaryBtn\">Saznajte vi\u0161e<\/a>\r\n                            <\/div>\r\n                        <\/div>\r\n                                            <div class=\"card\" id=\"post-103513\">\r\n                            <div class=\"partner-icon\">\r\n                                <img src=\"https:\/\/www.globallogic.com\/hr\/wp-content\/uploads\/sites\/10\/2026\/01\/Overture-1.jpg\" class=\"attachment-full size-full\" alt=\"\" loading=\"eager\" decoding=\"async\" \/>                            <\/div>\r\n                            <div class=\"card-text\">\r\n                                <h4 class=\"card-title\">Overture Maps Foundation<\/h4>\r\n                                <div class=\"card-body\"><p>Iskoristite napredne geospacijalne usluge i otvorene kartografske podatke, omogu\u0107uju\u0107i kreiranje karata u stvarnom vremenu, a\u017euriranja i rje\u0161enja sljede\u0107e generacije.<\/p>\n<\/div>\r\n                                <a href=\"https:\/\/www.globallogic.com\/hr\/about\/partners\/we-are-overture-maps-foundation-partner\/\" class=\"secondaryBtn\">Saznajte vi\u0161e<\/a>\r\n                            <\/div>\r\n                        <\/div>\r\n                                            <div class=\"card\" id=\"post-99817\">\r\n                            <div class=\"partner-icon\">\r\n                                <img width=\"544\" height=\"96\" src=\"https:\/\/www.globallogic.com\/hr\/wp-content\/uploads\/sites\/10\/2024\/10\/GoogleCloud.png\" class=\"attachment-full size-full\" alt=\"\" loading=\"eager\" decoding=\"async\" srcset=\"https:\/\/www.globallogic.com\/hr\/wp-content\/uploads\/sites\/10\/2024\/10\/GoogleCloud.png 544w, https:\/\/www.globallogic.com\/hr\/wp-content\/uploads\/sites\/10\/2024\/10\/GoogleCloud-300x53.png 300w\" sizes=\"(max-width: 544px) 100vw, 544px\" \/>                            <\/div>\r\n                            <div class=\"card-text\">\r\n                                <h4 class=\"card-title\">Google Cloud<\/h4>\r\n                                <div class=\"card-body\"><p>Ubrzavanje inovacija s Google Cloudom<\/p>\n<\/div>\r\n                                <a href=\"https:\/\/www.globallogic.com\/hr\/about\/partners\/gcp\/\" class=\"secondaryBtn\">Saznajte vi\u0161e<\/a>\r\n                            <\/div>\r\n                        <\/div>\r\n                                            <div class=\"card\" id=\"post-103487\">\r\n                            <div class=\"partner-icon\">\r\n                                <img src=\"https:\/\/www.globallogic.com\/hr\/wp-content\/uploads\/sites\/10\/2026\/01\/Boomi_2-Color_Logo_Positive.png\" class=\"attachment-full size-full\" alt=\"\" loading=\"eager\" decoding=\"async\" \/>                            <\/div>\r\n                            <div class=\"card-text\">\r\n                                <h4 class=\"card-title\">Boomi<\/h4>\r\n                                <div class=\"card-body\"><p>GlobalLogicovo partnerstvo s Boomijem poma\u017ee na\u0161im klijentima otkriti njihove podatke i aplikacije, dok pru\u017eamo jedinstven poslovni pregled za upravljanje operativnom u\u010dinkovito\u0161\u0107u, agilno\u0161\u0107u i inovacijama na razini tvrtke.<\/p>\n<\/div>\r\n                                <a href=\"https:\/\/www.globallogic.com\/hr\/about\/partners\/boomi-partner\/\" class=\"secondaryBtn\">Saznajte vi\u0161e<\/a>\r\n                            <\/div>\r\n                        <\/div>\r\n                                            <div class=\"card\" id=\"post-103428\">\r\n                            <div class=\"partner-icon\">\r\n                                <img src=\"https:\/\/www.globallogic.com\/hr\/wp-content\/uploads\/sites\/10\/2026\/01\/Salesforce-Logo-889x649-1.png\" class=\"attachment-full size-full\" alt=\"\" loading=\"eager\" decoding=\"async\" \/>                            <\/div>\r\n                            <div class=\"card-text\">\r\n                                <h4 class=\"card-title\">Salesforce<\/h4>\r\n                                <div class=\"card-body\"><p>Transformirajte korisni\u010dka iskustva i ubrzajte inovacije uz GlobalLogicova industrijski specifi\u010dna Salesforce rje\u0161enja, dizajnirana za provo\u0111enje digitalne transformacije u velikom opsegu.<\/p>\n<\/div>\r\n                                <a href=\"https:\/\/www.globallogic.com\/hr\/about\/partners\/salesforce-partner\/\" class=\"secondaryBtn\">Saznajte vi\u0161e<\/a>\r\n                            <\/div>\r\n                        <\/div>\r\n                                    <\/div>\r\n                <a href=\"#\" class=\"secondaryBtn loadBtn\">U\u010ditaj vi\u0161e<\/a>\r\n                    <\/div>\r\n    <\/section>\r\n\n\n    <section class=\"get_in_block  \" id=\"get-in-block_5c122f340bd935fcb0b253f477453078\">\r\n        <div class=\"container\">\r\n            <div class=\"get_in_area\">\r\n                                    <a href=\"https:\/\/www.globallogic.com\/hr\/contact\/\" class=\"primaryBtn\">Kontaktirajte nas<\/a>\r\n                \r\n                                    <h2>\r\n                                                    <span>Po\u010dnimo zajedno<\/span>\r\n                                                    <span>stvarati in\u017eenjering sa<\/span>\r\n                                                    <span>stvarnim u\u010dinkom<\/span>\r\n                                            <\/h2>\r\n                                                    <p>GlobalLogic donosi jedinstveno iskustvo i stru\u010dnost u spajanju podataka, dizajna i in\u017eenjeringa<\/p>\r\n                                <div class=\"get_in_overlay\"><\/div>\r\n            <\/div>\r\n        <\/div>\r\n    <\/section>\r\n","protected":false},"excerpt":{"rendered":"","protected":false},"author":1,"featured_media":0,"parent":47,"menu_order":0,"comment_status":"closed","ping_status":"closed","template":"templates\/partners.php","meta":{"_acf_changed":false,"footnotes":""},"class_list":["post-53","page","type-page","status-publish","hentry"],"acf":[],"aioseo_notices":[],"_links":{"self":[{"href":"https:\/\/www.globallogic.com\/hr\/wp-json\/wp\/v2\/pages\/53","targetHints":{"allow":["GET"]}}],"collection":[{"href":"https:\/\/www.globallogic.com\/hr\/wp-json\/wp\/v2\/pages"}],"about":[{"href":"https:\/\/www.globallogic.com\/hr\/wp-json\/wp\/v2\/types\/page"}],"author":[{"embeddable":true,"href":"https:\/\/www.globallogic.com\/hr\/wp-json\/wp\/v2\/users\/1"}],"replies":[{"embeddable":true,"href":"https:\/\/www.globallogic.com\/hr\/wp-json\/wp\/v2\/comments?post=53"}],"version-history":[{"count":15,"href":"https:\/\/www.globallogic.com\/hr\/wp-json\/wp\/v2\/pages\/53\/revisions"}],"predecessor-version":[{"id":100865,"href":"https:\/\/www.globallogic.com\/hr\/wp-json\/wp\/v2\/pages\/53\/revisions\/100865"}],"up":[{"embeddable":true,"href":"https:\/\/www.globallogic.com\/hr\/wp-json\/wp\/v2\/pages\/47"}],"wp:attachment":[{"href":"https:\/\/www.globallogic.com\/hr\/wp-json\/wp\/v2\/media?parent=53"}],"curies":[{"name":"wp","href":"https:\/\/api.w.org\/{rel}","templated":true}]}}