{"id":58698,"date":"2021-11-11T05:22:45","date_gmt":"2021-11-11T05:22:45","guid":{"rendered":"https:\/\/www.globallogic.com\/hr\/?page_id=58698"},"modified":"2024-10-18T08:03:59","modified_gmt":"2024-10-18T08:03:59","slug":"odrzivost","status":"publish","type":"page","link":"https:\/\/www.globallogic.com\/hr\/about\/odrzivost\/","title":{"rendered":"Odr\u017eivost"},"content":{"rendered":"<div class=\"classic_editor_content\">Otkako smo se pridru\u017eili obitelji Hitachi, dio smo tvrtke koja daje odgovore na kriti\u010dne dru\u0161tvene i ekolo\u0161ke potrebe u svijetu kroz svoje <a target=\"_blank\" href=\"https:\/\/social-innovation.hitachi\/en-eu\/about\/\" rel=\"external nofollow\" target=\"_blank\">poslovanje dru\u0161tvenih inovacija<\/a>.<\/p>\n<p><a target=\"_blank\" href=\"https:\/\/www.hitachi.us\/about\/hitachi\/sustainability\" rel=\"external nofollow\" target=\"_blank\">Saznajte vi\u0161e<\/a> o na\u0161im inicijativama za ostvarivanje odr\u017eivog dru\u0161tva i pobolj\u0161anje kvalitete \u017eivota ljudi rje\u0161avanjem dru\u0161tvenih, ekolo\u0161kih i ekonomskih problema.<\/p>\n<h3 class=\"w-100 mt-5 mb-3\">Odr\u017eivost u Hitachiju<\/h3>\n<p>U Hitachiju smatramo UN-ove Ciljeve odr\u017eivog razvoja (SDG), inicijativom koja je klju\u010dna za ostvarenje odr\u017eivog dru\u0161tva i pobolj\u0161anje kvalitete \u017eivota ljudi rje\u0161avanjem dru\u0161tvenih, ekolo\u0161kih i gospodarskih pitanja. Predani smo doprinijeti ostvarivanju tih ciljeva kori\u0161tenjem na\u0161eg poslovanja dru\u0161tvenih inovacija i poticanjem odr\u017eivosti u svim industrijama i dru\u0161tvu. <\/p>\n<p>Kao globalni konglomerat, Hitachi djeluje u razli\u010ditim poslovnim podru\u010djima i vjerujemo da na\u0161e svjesno djelovanje ne samo da treba ispuniti na\u0161e financijske ciljeve, ve\u0107 istovremeno i smanjiti negativan dru\u0161tveni i ekolo\u0161ki utjecaj. Osim toga, razumijemo kako su svi Ciljevi odr\u017eivog razvoja (SDG) me\u0111usobno povezani te \u0107emo stoga kroz inovativna rje\u0161enja nastaviti doprinositi svih 17 SDG-a, izravno i neizravno. <\/p>\n<p>&nbsp;<\/p>\n<p><a href=\"https:\/\/www.hitachi.us\/about\/hitachi\/sustainability\" target=\"_blank\" rel=\"external nofollow\" target=\"_blank\"><img loading=\"lazy\" decoding=\"async\" class=\"wp-image-60526 size-full aligncenter\" src=\"https:\/\/www.globallogic.com\/wp-content\/uploads\/2021\/10\/image1170x530cropped-1.jpg\" alt=\"hitachi sustainability\" width=\"1170\" height=\"611\" \/><\/a><\/p>\n<p>&nbsp;<\/p>\n<p class=\"text-center\"><a class=\"sustainability-button\" href=\"https:\/\/www.hitachi.com\/sustainability\/download\/\" target=\"_blank\" rel=\"external nofollow\" target=\"_blank\">Hitachi izvje\u0161\u0107e o odr\u017eivosti  <\/a><\/p>\n<\/div>\n","protected":false},"excerpt":{"rendered":"<p>Otkako smo se pridru\u017eili obitelji Hitachi, dio smo tvrtke koja daje odgovore na kriti\u010dne dru\u0161tvene i ekolo\u0161ke potrebe u svijetu kroz svoje poslovanje dru\u0161tvenih inovacija. Saznajte vi\u0161e o na\u0161im inicijativama za ostvarivanje odr\u017eivog dru\u0161tva i pobolj\u0161anje kvalitete \u017eivota ljudi rje\u0161avanjem dru\u0161tvenih, ekolo\u0161kih i ekonomskih problema. Odr\u017eivost u Hitachiju U Hitachiju smatramo UN-ove Ciljeve odr\u017eivog razvoja (SDG), inicijativom koja je klju\u010dna za ostvarenje odr\u017eivog dru\u0161tva i pobolj\u0161anje kvalitete \u017eivota ljudi rje\u0161avanjem dru\u0161tvenih, ekolo\u0161kih i gospodarskih pitanja. Predani smo doprinijeti ostvarivanju tih ciljeva kori\u0161tenjem na\u0161eg poslovanja dru\u0161tvenih inovacija i poticanjem odr\u017eivosti u svim industrijama i dru\u0161tvu. Kao globalni konglomerat, Hitachi djeluje u razli\u010ditim poslovnim podru\u010djima i vjerujemo da na\u0161e svjesno djelovanje ne samo da treba ispuniti na\u0161e financijske ciljeve, ve\u0107 istovremeno i smanjiti negativan dru\u0161tveni i ekolo\u0161ki utjecaj. Osim toga, razumijemo kako su svi Ciljevi odr\u017eivog razvoja (SDG) me\u0111usobno povezani te \u0107emo stoga kroz inovativna rje\u0161enja nastaviti doprinositi svih 17 SDG-a, izravno i neizravno. &nbsp; &nbsp; Hitachi izvje\u0161\u0107e o odr\u017eivosti<\/p>\n","protected":false},"author":7,"featured_media":0,"parent":47,"menu_order":9,"comment_status":"closed","ping_status":"closed","template":"","meta":{"_acf_changed":false,"footnotes":""},"class_list":["post-58698","page","type-page","status-publish","hentry"],"acf":[],"aioseo_notices":[],"_links":{"self":[{"href":"https:\/\/www.globallogic.com\/hr\/wp-json\/wp\/v2\/pages\/58698","targetHints":{"allow":["GET"]}}],"collection":[{"href":"https:\/\/www.globallogic.com\/hr\/wp-json\/wp\/v2\/pages"}],"about":[{"href":"https:\/\/www.globallogic.com\/hr\/wp-json\/wp\/v2\/types\/page"}],"author":[{"embeddable":true,"href":"https:\/\/www.globallogic.com\/hr\/wp-json\/wp\/v2\/users\/7"}],"replies":[{"embeddable":true,"href":"https:\/\/www.globallogic.com\/hr\/wp-json\/wp\/v2\/comments?post=58698"}],"version-history":[{"count":1,"href":"https:\/\/www.globallogic.com\/hr\/wp-json\/wp\/v2\/pages\/58698\/revisions"}],"predecessor-version":[{"id":100214,"href":"https:\/\/www.globallogic.com\/hr\/wp-json\/wp\/v2\/pages\/58698\/revisions\/100214"}],"up":[{"embeddable":true,"href":"https:\/\/www.globallogic.com\/hr\/wp-json\/wp\/v2\/pages\/47"}],"wp:attachment":[{"href":"https:\/\/www.globallogic.com\/hr\/wp-json\/wp\/v2\/media?parent=58698"}],"curies":[{"name":"wp","href":"https:\/\/api.w.org\/{rel}","templated":true}]}}