 
{"id":617,"date":"2024-08-20T05:59:25","date_gmt":"2024-08-20T05:59:25","guid":{"rendered":"https:\/\/www.globallogic.com\/hr\/?page_id=617"},"modified":"2025-01-30T06:38:24","modified_gmt":"2025-01-30T06:38:24","slug":"business-unit","status":"publish","type":"page","link":"https:\/\/www.globallogic.com\/hr\/about\/leadership\/business-unit\/","title":{"rendered":"Business Unit"},"content":{"rendered":"\r\n<!-- Leadership Hero banner -->\r\n<section class=\"leadership_banner_block \" id=\"banner-leaderships-block_d0c2b086afbe3b63b398e8964c00d03f\">\r\n    <div class=\"container\">\r\n        <div class=\"leader_banner_area\">\r\n                            <div class=\"banner-left\">\r\n                    <h1>Upoznajte na\u0161e lidere<\/h1>\r\n                <\/div>\r\n                        <div class=\"banner-right\">\r\n                                    <div class=\"banner-description\">GlobalLogicov menad\u017eerski tim donosi globalnu perspektivu, bogato industrijsko iskustvo i strast za inovacije.<\/div>\r\n                            <\/div>\r\n        <\/div>\r\n    <\/div>\r\n            <img fetchpriority=\"high\" width=\"1440\" height=\"1010\" src=\"https:\/\/www.globallogic.com\/hr\/wp-content\/uploads\/sites\/10\/2025\/01\/Meet-Our-Leaders-hero.jpg\" class=\"leader_banner_img\" alt=\"\" loading=\"eager\" decoding=\"async\" srcset=\"https:\/\/www.globallogic.com\/hr\/wp-content\/uploads\/sites\/10\/2025\/01\/Meet-Our-Leaders-hero.jpg 1920w, https:\/\/www.globallogic.com\/hr\/wp-content\/uploads\/sites\/10\/2025\/01\/Meet-Our-Leaders-hero-300x169.jpg 300w, https:\/\/www.globallogic.com\/hr\/wp-content\/uploads\/sites\/10\/2025\/01\/Meet-Our-Leaders-hero-1024x576.jpg 1024w, https:\/\/www.globallogic.com\/hr\/wp-content\/uploads\/sites\/10\/2025\/01\/Meet-Our-Leaders-hero-768x432.jpg 768w, https:\/\/www.globallogic.com\/hr\/wp-content\/uploads\/sites\/10\/2025\/01\/Meet-Our-Leaders-hero-1536x864.jpg 1536w\" sizes=\"(max-width: 1920px) 100vw, 1920px\" \/>    <\/section>\r\n\n\n\r\n<!-- leadership tab -->\r\n    <section class=\"leadership_tab \" id=\"profiles-terms-block_08fb41435e0551f11c15a240305293bf\">\r\n        <div class=\"tabs-wrap\">\r\n            <div class=\"container\">\r\n                <ul class=\"tabs\">\r\n                                        <li><a href=\"https:\/\/www.globallogic.com\/hr\/about\/leadership\/\" class=\"tab \">Corporate<\/a><\/li>                         <li><a href=\"https:\/\/www.globallogic.com\/hr\/about\/leadership\/regional\/\" class=\"tab \">Regional<\/a><\/li>                         <li><a href=\"https:\/\/www.globallogic.com\/hr\/about\/leadership\/business-unit\/\" class=\"tab active\">Business Unit<\/a><\/li>                 <\/ul>\r\n            <\/div>\r\n        <\/div>\r\n                                    <div class=\"container\">\r\n                    <div class=\"leadership-tab-content\">\r\n                        <div class=\"leadership-tab-item\">\r\n                            <div class=\"boxContent\">\r\n                                                                    <div class=\"box\">\r\n                                        <a href=\"https:\/\/www.globallogic.com\/hr\/about\/leadership\/natasha-haksar\/\">\r\n                                                                                            <div class=\"image\">\r\n                                                <img width=\"501\" height=\"669\" src=\"https:\/\/www.globallogic.com\/hr\/wp-content\/uploads\/sites\/10\/2024\/10\/Natasha-Haksar-501x669-1.jpg\" class=\"attachment-full size-full  wpsmartcrop-image \" alt=\"leader\" loading=\"eager\" decoding=\"async\" srcset=\"https:\/\/www.globallogic.com\/hr\/wp-content\/uploads\/sites\/10\/2024\/10\/Natasha-Haksar-501x669-1.jpg 501w, https:\/\/www.globallogic.com\/hr\/wp-content\/uploads\/sites\/10\/2024\/10\/Natasha-Haksar-501x669-1-225x300.jpg 225w\" sizes=\"(max-width: 501px) 100vw, 501px\" data-smartcrop-focus=\"[50,24]\" \/>                                                <\/div>\r\n                                                                                        <div class=\"person-details\">\r\n                                                                                                                                                <div class=\"role\">Vi\u0161a potpredsjednica i voditeljica globalne industrije za medije i zabavu (M&#038;E)<\/div>\r\n                                                <h5 class=\"name\">Natasha Haksar<\/h5>\r\n                                            <\/div>\r\n                                        <\/a>\r\n                                    <\/div>\r\n                                                                    <div class=\"box\">\r\n                                        <a href=\"https:\/\/www.globallogic.com\/hr\/about\/leadership\/avnish-singh\/\">\r\n                                                                                            <div class=\"image\">\r\n                                                <img width=\"501\" height=\"669\" src=\"https:\/\/www.globallogic.com\/hr\/wp-content\/uploads\/sites\/10\/2024\/10\/Avnish-Singh-501x669-1.jpg\" class=\"attachment-full size-full  wpsmartcrop-image \" alt=\"leader\" loading=\"eager\" decoding=\"async\" srcset=\"https:\/\/www.globallogic.com\/hr\/wp-content\/uploads\/sites\/10\/2024\/10\/Avnish-Singh-501x669-1.jpg 501w, https:\/\/www.globallogic.com\/hr\/wp-content\/uploads\/sites\/10\/2024\/10\/Avnish-Singh-501x669-1-225x300.jpg 225w\" sizes=\"(max-width: 501px) 100vw, 501px\" data-smartcrop-focus=\"[50,22]\" \/>                                                <\/div>\r\n                                                                                        <div class=\"person-details\">\r\n                                                                                                                                                <div class=\"role\">Potpredsjednik grupe i globalni voditelj odjela za in\u017eenjering sadr\u017eaja<\/div>\r\n                                                <h5 class=\"name\">Avnish Singh<\/h5>\r\n                                            <\/div>\r\n                                        <\/a>\r\n                                    <\/div>\r\n                                                                    <div class=\"box\">\r\n                                        <a href=\"https:\/\/www.globallogic.com\/hr\/about\/leadership\/ramki-krishna\/\">\r\n                                                                                            <div class=\"image\">\r\n                                                <img width=\"501\" height=\"669\" src=\"https:\/\/www.globallogic.com\/hr\/wp-content\/uploads\/sites\/10\/2024\/10\/Ramki-Krishna-501x669-1.jpg\" class=\"attachment-full size-full  wpsmartcrop-image \" alt=\"leader\" loading=\"eager\" decoding=\"async\" srcset=\"https:\/\/www.globallogic.com\/hr\/wp-content\/uploads\/sites\/10\/2024\/10\/Ramki-Krishna-501x669-1.jpg 501w, https:\/\/www.globallogic.com\/hr\/wp-content\/uploads\/sites\/10\/2024\/10\/Ramki-Krishna-501x669-1-225x300.jpg 225w\" sizes=\"(max-width: 501px) 100vw, 501px\" data-smartcrop-focus=\"[49,25]\" \/>                                                <\/div>\r\n                                                                                        <div class=\"person-details\">\r\n                                                                                                                                                <div class=\"role\">Potpredsjednik grupe i generalni direktor, automobilsko i industrijsko poslovanje<\/div>\r\n                                                <h5 class=\"name\">Ramki Krishna<\/h5>\r\n                                            <\/div>\r\n                                        <\/a>\r\n                                    <\/div>\r\n                                                                    <div class=\"box\">\r\n                                        <a href=\"https:\/\/www.globallogic.com\/hr\/about\/leadership\/sameer-tikoo\/\">\r\n                                                                                            <div class=\"image\">\r\n                                                <img width=\"501\" height=\"669\" src=\"https:\/\/www.globallogic.com\/hr\/wp-content\/uploads\/sites\/10\/2020\/08\/SameerTikoo_501x669.jpg\" class=\"attachment-full size-full  wpsmartcrop-image \" alt=\"leader\" loading=\"eager\" decoding=\"async\" srcset=\"https:\/\/www.globallogic.com\/hr\/wp-content\/uploads\/sites\/10\/2020\/08\/SameerTikoo_501x669.jpg 501w, https:\/\/www.globallogic.com\/hr\/wp-content\/uploads\/sites\/10\/2020\/08\/SameerTikoo_501x669-225x300.jpg 225w\" sizes=\"(max-width: 501px) 100vw, 501px\" data-smartcrop-focus=\"[50,32]\" \/>                                                <\/div>\r\n                                                                                        <div class=\"person-details\">\r\n                                                                                                                                                <div class=\"role\">Potpredsjednik grupe i voditelj vertikale Komunikacije i pru\u017eatelji mre\u017enih usluga<\/div>\r\n                                                <h5 class=\"name\">Sameer Tikoo<\/h5>\r\n                                            <\/div>\r\n                                        <\/a>\r\n                                    <\/div>\r\n                                                                    <div class=\"box\">\r\n                                        <a href=\"https:\/\/www.globallogic.com\/hr\/about\/leadership\/krishna-padmanabhan\/\">\r\n                                                                                            <div class=\"image\">\r\n                                                <img width=\"300\" height=\"300\" src=\"https:\/\/www.globallogic.com\/hr\/wp-content\/uploads\/sites\/10\/2025\/02\/Krishna-Padmanabhan-300x300-1.jpg\" class=\"attachment-full size-full  wpsmartcrop-image \" alt=\"leader\" loading=\"eager\" decoding=\"async\" srcset=\"https:\/\/www.globallogic.com\/hr\/wp-content\/uploads\/sites\/10\/2025\/02\/Krishna-Padmanabhan-300x300-1.jpg 300w, https:\/\/www.globallogic.com\/hr\/wp-content\/uploads\/sites\/10\/2025\/02\/Krishna-Padmanabhan-300x300-1-250x250.jpg 250w\" sizes=\"(max-width: 300px) 100vw, 300px\" data-smartcrop-focus=\"[52,3]\" \/>                                                <\/div>\r\n                                                                                        <div class=\"person-details\">\r\n                                                                                                                                                <div class=\"role\">Potpredsjednik grupe i generalni direktor, Zdravstvo i biolo\u0161ke znanosti<\/div>\r\n                                                <h5 class=\"name\">Krishna Padmanabhan<\/h5>\r\n                                            <\/div>\r\n                                        <\/a>\r\n                                    <\/div>\r\n                                                                    <div class=\"box\">\r\n                                        <a href=\"https:\/\/www.globallogic.com\/hr\/about\/leadership\/mike-connors\/\">\r\n                                                                                            <div class=\"image\">\r\n                                                <img width=\"1536\" height=\"1536\" src=\"https:\/\/www.globallogic.com\/hr\/wp-content\/uploads\/sites\/10\/2025\/02\/Mike-V2075x.jpg\" class=\"attachment-full size-full  wpsmartcrop-image \" alt=\"leader\" loading=\"eager\" decoding=\"async\" srcset=\"https:\/\/www.globallogic.com\/hr\/wp-content\/uploads\/sites\/10\/2025\/02\/Mike-V2075x.jpg 1536w, https:\/\/www.globallogic.com\/hr\/wp-content\/uploads\/sites\/10\/2025\/02\/Mike-V2075x-300x300.jpg 300w, https:\/\/www.globallogic.com\/hr\/wp-content\/uploads\/sites\/10\/2025\/02\/Mike-V2075x-1024x1024.jpg 1024w, https:\/\/www.globallogic.com\/hr\/wp-content\/uploads\/sites\/10\/2025\/02\/Mike-V2075x-250x250.jpg 250w, https:\/\/www.globallogic.com\/hr\/wp-content\/uploads\/sites\/10\/2025\/02\/Mike-V2075x-768x768.jpg 768w\" sizes=\"(max-width: 1536px) 100vw, 1536px\" data-smartcrop-focus=\"[53,32]\" \/>                                                <\/div>\r\n                                                                                        <div class=\"person-details\">\r\n                                                                                                                                                <div class=\"role\">Vi\u0161i potpredsjednik i voditelj industrijske vertikale, Financijske usluge i potro\u0161a\u010dki sektor, Amerika<\/div>\r\n                                                <h5 class=\"name\">Mike Connors<\/h5>\r\n                                            <\/div>\r\n                                        <\/a>\r\n                                    <\/div>\r\n                                                                    <div class=\"box\">\r\n                                        <a href=\"https:\/\/www.globallogic.com\/hr\/about\/leadership\/vivek-daga\/\">\r\n                                                                                            <div class=\"image\">\r\n                                                <img width=\"501\" height=\"669\" src=\"https:\/\/www.globallogic.com\/hr\/wp-content\/uploads\/sites\/10\/2024\/10\/Vivek-Daga-501x669-1.jpg\" class=\"attachment-full size-full  wpsmartcrop-image \" alt=\"leader\" loading=\"eager\" decoding=\"async\" srcset=\"https:\/\/www.globallogic.com\/hr\/wp-content\/uploads\/sites\/10\/2024\/10\/Vivek-Daga-501x669-1.jpg 501w, https:\/\/www.globallogic.com\/hr\/wp-content\/uploads\/sites\/10\/2024\/10\/Vivek-Daga-501x669-1-225x300.jpg 225w\" sizes=\"(max-width: 501px) 100vw, 501px\" data-smartcrop-focus=\"[52,31]\" \/>                                                <\/div>\r\n                                                                                        <div class=\"person-details\">\r\n                                                                                                                                                <div class=\"role\">Potpredsjednik grupe i upravitelj UK&#038;I i tr\u017ei\u0161ta u razvoju<\/div>\r\n                                                <h5 class=\"name\">Vivek Daga<\/h5>\r\n                                            <\/div>\r\n                                        <\/a>\r\n                                    <\/div>\r\n                                                                    <div class=\"box\">\r\n                                        <a href=\"https:\/\/www.globallogic.com\/hr\/about\/leadership\/ashok-iyengar\/\">\r\n                                                                                            <div class=\"image\">\r\n                                                <img width=\"501\" height=\"669\" src=\"https:\/\/www.globallogic.com\/hr\/wp-content\/uploads\/sites\/10\/2025\/07\/Ashok-Headshot-1.png\" class=\"attachment-full size-full  wpsmartcrop-image \" alt=\"leader\" loading=\"eager\" decoding=\"async\" srcset=\"https:\/\/www.globallogic.com\/hr\/wp-content\/uploads\/sites\/10\/2025\/07\/Ashok-Headshot-1.png 501w, https:\/\/www.globallogic.com\/hr\/wp-content\/uploads\/sites\/10\/2025\/07\/Ashok-Headshot-1-225x300.png 225w\" sizes=\"(max-width: 501px) 100vw, 501px\" data-smartcrop-focus=\"[49,26]\" \/>                                                <\/div>\r\n                                                                                        <div class=\"person-details\">\r\n                                                                                                                                                <div class=\"role\">Vi\u0161i potpredsjednik i voditelj Hitachi Synergy poslovne jedinice<\/div>\r\n                                                <h5 class=\"name\">Ashok Iyengar<\/h5>\r\n                                            <\/div>\r\n                                        <\/a>\r\n                                    <\/div>\r\n                                                            <\/div>\r\n                        <\/div>\r\n                    <\/div>\r\n                <\/div>\r\n                <!-- <div class=\"pagination_area\">\r\n                    <div class=\"container\">\r\n                        <div class=\"pagination\">\r\n                                                    <\/div>\r\n                    <\/div>\r\n                <\/div> -->\r\n                <\/section>\r\n\n\n\r\n<!-- Open Vacancy -->\r\n    <section class=\"leadership-open-vacancies location-open-vacancies\" id=\"open-vacancy-block_aff075d8f5f6106675572d7e6d93badf\">\r\n        <div class=\"container\">\r\n            <div class=\"open-vacancies-content\">\r\n                                    <h2>Va\u0161a \u0161ansa da utje\u010dete na svijet oko sebe po\u010dinje sada<\/h2>\r\n                \r\n                <div class=\"leader_banner_buttons\">\r\n                                            <a href=\"https:\/\/www.globallogic.com\/hr\/careers\/\" class=\"primaryBtn\">Istra\u017eite otvorene pozicije<\/a>\r\n                                                                <a href=\"https:\/\/www.globallogic.com\/hr\/about\/\" class=\"primaryBtn white\">Saznajte vi\u0161e o nama<\/a>\r\n                                    <\/div>\r\n\r\n            <\/div>\r\n        <\/div>\r\n                    <img width=\"1440\" height=\"1010\" src=\"https:\/\/www.globallogic.com\/hr\/wp-content\/uploads\/sites\/10\/2024\/08\/open-vacancies.webp\" class=\"open-vacancies_img\" alt=\"ExploreOpenVacancies\" loading=\"eager\" decoding=\"async\" srcset=\"https:\/\/www.globallogic.com\/hr\/wp-content\/uploads\/sites\/10\/2024\/08\/open-vacancies.webp 1440w, https:\/\/www.globallogic.com\/hr\/wp-content\/uploads\/sites\/10\/2024\/08\/open-vacancies-300x131.webp 300w, https:\/\/www.globallogic.com\/hr\/wp-content\/uploads\/sites\/10\/2024\/08\/open-vacancies-1024x448.webp 1024w, https:\/\/www.globallogic.com\/hr\/wp-content\/uploads\/sites\/10\/2024\/08\/open-vacancies-768x336.webp 768w\" sizes=\"(max-width: 1440px) 100vw, 1440px\" \/>            \r\n            <\/section>\r\n","protected":false},"excerpt":{"rendered":"","protected":false},"author":1,"featured_media":0,"parent":51,"menu_order":0,"comment_status":"closed","ping_status":"closed","template":"templates\/leadership-profiles.php","meta":{"_acf_changed":false,"footnotes":""},"class_list":["post-617","page","type-page","status-publish","hentry"],"acf":[],"aioseo_notices":[],"_links":{"self":[{"href":"https:\/\/www.globallogic.com\/hr\/wp-json\/wp\/v2\/pages\/617","targetHints":{"allow":["GET"]}}],"collection":[{"href":"https:\/\/www.globallogic.com\/hr\/wp-json\/wp\/v2\/pages"}],"about":[{"href":"https:\/\/www.globallogic.com\/hr\/wp-json\/wp\/v2\/types\/page"}],"author":[{"embeddable":true,"href":"https:\/\/www.globallogic.com\/hr\/wp-json\/wp\/v2\/users\/1"}],"replies":[{"embeddable":true,"href":"https:\/\/www.globallogic.com\/hr\/wp-json\/wp\/v2\/comments?post=617"}],"version-history":[{"count":15,"href":"https:\/\/www.globallogic.com\/hr\/wp-json\/wp\/v2\/pages\/617\/revisions"}],"predecessor-version":[{"id":101838,"href":"https:\/\/www.globallogic.com\/hr\/wp-json\/wp\/v2\/pages\/617\/revisions\/101838"}],"up":[{"embeddable":true,"href":"https:\/\/www.globallogic.com\/hr\/wp-json\/wp\/v2\/pages\/51"}],"wp:attachment":[{"href":"https:\/\/www.globallogic.com\/hr\/wp-json\/wp\/v2\/media?parent=617"}],"curies":[{"name":"wp","href":"https:\/\/api.w.org\/{rel}","templated":true}]}}