{"id":97398,"date":"2024-09-10T13:43:04","date_gmt":"2024-09-10T13:43:04","guid":{"rendered":"https:\/\/www.globallogic.com\/hr\/?page_id=97398"},"modified":"2025-02-06T06:34:26","modified_gmt":"2025-02-06T06:34:26","slug":"case-studies","status":"publish","type":"page","link":"https:\/\/www.globallogic.com\/hr\/insights\/case-studies\/","title":{"rendered":"Studije slu\u010daja"},"content":{"rendered":"\r\n<!-- Locations Hero banner -->\r\n \r\n<section class=\"partner_detail_banner_block locations_banner_block \" id=\"banner-locations-block_4272131ca716031dbc2d34721c226ccd\">\r\n    <div class=\"container\">\r\n        <div class=\"banner_content_block\">\r\n            <ul class=\"breadcrumb\"><\/ul>            \r\n                            <h1>Istra\u017eite razmi\u0161ljanja nekih od GlobalLogicovih stratega i in\u017eenjera<\/h1>\r\n                    <\/div>\r\n    <\/div>\r\n<\/section>\r\n\n\n\n<!-- Featured Posts Slider --> \n    <section class=\"event_banner_block \" id=\"fea-posts-sliderblock_45369c5261ccaa9ecb7a31605745cd5e\">\n        <div class=\"container\">\n            <div class=\"swiper eventSlider\">\n                <div class=\"swiper-wrapper\">\n                    \n                                                                                            <div class=\"swiper-slide\">\n                                        <a href=\"https:\/\/www.globallogic.com\/hr\/insights\/case-studies\/aiops-payment-hub-monitoring-uk-retail-bank\/\" class=\"insightCard fullWidth\" insightpost-56410>\n                                            <div class=\"insight_overlay\">\n                                                <div class=\"insight_tags\">\n                                                    <span class=\"category-tag\">AI-Powered SDLC<\/span><span class=\"industry-tag\">Financial Services<\/span>                                                <\/div>\n                                                <div class=\"insight_sub_head\">\n                                                    <div class=\"author-list\">\n                                                                                                                    <span>GlobalLogic<\/span>                                                    <\/div>\n                                                                                                                                                        <\/div>\n                                                <h3 class=\"trim\">Accelerating Banking Resilience with AI-Driven Payment Monitoring<\/h3>\n                                            <\/div>\n                                                                                            <div class=\"insight_img\">\n                                                    <img width=\"1130\" height=\"636\" src=\"https:\/\/www.globallogic.com\/wp-content\/uploads\/2025\/05\/Digital-Banking-Payment-scaled.jpg\" class=\"attachment-full size-full  wpsmartcrop-image\" alt=\"\" loading=\"lazy\" decoding=\"async\" srcset=\"https:\/\/www.globallogic.com\/wp-content\/uploads\/2025\/05\/Digital-Banking-Payment-scaled.jpg 2560w, https:\/\/www.globallogic.com\/wp-content\/uploads\/2025\/05\/Digital-Banking-Payment-scaled-300x200.jpg 300w, https:\/\/www.globallogic.com\/wp-content\/uploads\/2025\/05\/Digital-Banking-Payment-scaled-1024x683.jpg 1024w, https:\/\/www.globallogic.com\/wp-content\/uploads\/2025\/05\/Digital-Banking-Payment-scaled-768x512.jpg 768w, https:\/\/www.globallogic.com\/wp-content\/uploads\/2025\/05\/Digital-Banking-Payment-scaled-1536x1024.jpg 1536w, https:\/\/www.globallogic.com\/wp-content\/uploads\/2025\/05\/Digital-Banking-Payment-scaled-2048x1366.jpg 2048w\" sizes=\"auto, (max-width: 2560px) 100vw, 2560px\" data-smartcrop-focus=\"[50,50]\" \/>                                                <\/div>\n                                                                                    <\/a>\n                                    <\/div>\n\n                                                                        <div class=\"swiper-slide\">\n                                        <a href=\"https:\/\/www.globallogic.com\/hr\/insights\/case-studies\/ai-ml-customer-experience-transformation\/\" class=\"insightCard fullWidth\" insightpost-120954>\n                                            <div class=\"insight_overlay\">\n                                                <div class=\"insight_tags\">\n                                                    <span class=\"category-tag\">Analytics<\/span><span class=\"category-tag\">Data Engineering<\/span><span class=\"category-tag\">MLOps<\/span><span class=\"industry-tag\">Communications and Network Providers<\/span>                                                <\/div>\n                                                <div class=\"insight_sub_head\">\n                                                    <div class=\"author-list\">\n                                                                                                                    <span>GlobalLogic<\/span>                                                    <\/div>\n                                                                                                                                                        <\/div>\n                                                <h3 class=\"trim\">Transforming CX for a Leading Telecom Provider with AI\/ML-Driven Intelligence<\/h3>\n                                            <\/div>\n                                                                                            <div class=\"insight_img\">\n                                                    <img width=\"1130\" height=\"636\" src=\"https:\/\/www.globallogic.com\/wp-content\/uploads\/2025\/02\/Web-Desktop-Image-1-min.jpg\" class=\"attachment-full size-full\" alt=\"\" loading=\"lazy\" decoding=\"async\" srcset=\"https:\/\/www.globallogic.com\/wp-content\/uploads\/2025\/02\/Web-Desktop-Image-1-min.jpg 1920w, https:\/\/www.globallogic.com\/wp-content\/uploads\/2025\/02\/Web-Desktop-Image-1-min-300x169.jpg 300w, https:\/\/www.globallogic.com\/wp-content\/uploads\/2025\/02\/Web-Desktop-Image-1-min-1024x576.jpg 1024w, https:\/\/www.globallogic.com\/wp-content\/uploads\/2025\/02\/Web-Desktop-Image-1-min-768x432.jpg 768w, https:\/\/www.globallogic.com\/wp-content\/uploads\/2025\/02\/Web-Desktop-Image-1-min-1536x864.jpg 1536w\" sizes=\"auto, (max-width: 1920px) 100vw, 1920px\" \/>                                                <\/div>\n                                                                                    <\/a>\n                                    <\/div>\n\n                                                                        <div class=\"swiper-slide\">\n                                        <a href=\"https:\/\/www.globallogic.com\/hr\/insights\/case-studies\/ai-knowledge-management-automation\/\" class=\"insightCard fullWidth\" insightpost-120957>\n                                            <div class=\"insight_overlay\">\n                                                <div class=\"insight_tags\">\n                                                    <span class=\"category-tag\">GenAI<\/span><span class=\"industry-tag\">Technology<\/span>                                                <\/div>\n                                                <div class=\"insight_sub_head\">\n                                                    <div class=\"author-list\">\n                                                                                                                    <span>GlobalLogic<\/span>                                                    <\/div>\n                                                                                                                                                        <\/div>\n                                                <h3 class=\"trim\">Enhancing Knowledge Management with AI-powered Automation<\/h3>\n                                            <\/div>\n                                                                                            <div class=\"insight_img\">\n                                                    <img width=\"1130\" height=\"636\" src=\"https:\/\/www.globallogic.com\/wp-content\/uploads\/2025\/02\/GL3.0_CaseStudy_Enhancing-knowledge-management-with-AI-powered-automation_1920x1080.jpg\" class=\"attachment-full size-full  wpsmartcrop-image\" alt=\"\" loading=\"lazy\" decoding=\"async\" srcset=\"https:\/\/www.globallogic.com\/wp-content\/uploads\/2025\/02\/GL3.0_CaseStudy_Enhancing-knowledge-management-with-AI-powered-automation_1920x1080.jpg 1920w, https:\/\/www.globallogic.com\/wp-content\/uploads\/2025\/02\/GL3.0_CaseStudy_Enhancing-knowledge-management-with-AI-powered-automation_1920x1080-300x169.jpg 300w, https:\/\/www.globallogic.com\/wp-content\/uploads\/2025\/02\/GL3.0_CaseStudy_Enhancing-knowledge-management-with-AI-powered-automation_1920x1080-1024x576.jpg 1024w, https:\/\/www.globallogic.com\/wp-content\/uploads\/2025\/02\/GL3.0_CaseStudy_Enhancing-knowledge-management-with-AI-powered-automation_1920x1080-768x432.jpg 768w, https:\/\/www.globallogic.com\/wp-content\/uploads\/2025\/02\/GL3.0_CaseStudy_Enhancing-knowledge-management-with-AI-powered-automation_1920x1080-1536x864.jpg 1536w\" sizes=\"auto, (max-width: 1920px) 100vw, 1920px\" data-smartcrop-focus=\"[61,33]\" \/>                                                <\/div>\n                                                                                    <\/a>\n                                    <\/div>\n\n                                                                        <div class=\"swiper-slide\">\n                                        <a href=\"https:\/\/www.globallogic.com\/hr\/insights\/case-studies\/globallogic-fuels-software-development-pipeline\/\" class=\"insightCard fullWidth\" insightpost-120872>\n                                            <div class=\"insight_overlay\">\n                                                <div class=\"insight_tags\">\n                                                    <span class=\"industry-tag\">Industrial and Energy<\/span>                                                <\/div>\n                                                <div class=\"insight_sub_head\">\n                                                    <div class=\"author-list\">\n                                                                                                                    <span>GlobalLogic<\/span>                                                    <\/div>\n                                                                                                                                                        <\/div>\n                                                <h3 class=\"trim\">GlobalLogic Fuels Software Development Pipeline<\/h3>\n                                            <\/div>\n                                                                                            <div class=\"insight_img\">\n                                                    <img width=\"1130\" height=\"636\" src=\"https:\/\/www.globallogic.com\/wp-content\/uploads\/2025\/02\/Web-Desktop-Image-1-1.jpg\" class=\"attachment-full size-full  wpsmartcrop-image\" alt=\"\" loading=\"lazy\" decoding=\"async\" srcset=\"https:\/\/www.globallogic.com\/wp-content\/uploads\/2025\/02\/Web-Desktop-Image-1-1.jpg 1920w, https:\/\/www.globallogic.com\/wp-content\/uploads\/2025\/02\/Web-Desktop-Image-1-1-300x169.jpg 300w, https:\/\/www.globallogic.com\/wp-content\/uploads\/2025\/02\/Web-Desktop-Image-1-1-1024x576.jpg 1024w, https:\/\/www.globallogic.com\/wp-content\/uploads\/2025\/02\/Web-Desktop-Image-1-1-768x432.jpg 768w, https:\/\/www.globallogic.com\/wp-content\/uploads\/2025\/02\/Web-Desktop-Image-1-1-1536x864.jpg 1536w\" sizes=\"auto, (max-width: 1920px) 100vw, 1920px\" data-smartcrop-focus=\"[50,50]\" \/>                                                <\/div>\n                                                                                    <\/a>\n                                    <\/div>\n\n                                    \n                                                    \n                                    <\/div>\n                                    <div class=\"swiper_control\">\n                        <div class=\"swiper-scrollbar\"><\/div>\n                        <nav class=\"swiper_nav\" aria-label=\"Featured Post Slider Navigation\">\n                            <div class=\"swiper-button-prev\"><\/div>\n                            <div class=\"swiper-button-next\"><\/div>\n                        <\/nav>\n                    <\/div>\n                    \n            <\/div>\n    <\/section>\n    ","protected":false},"excerpt":{"rendered":"","protected":false},"author":1,"featured_media":0,"parent":99,"menu_order":0,"comment_status":"closed","ping_status":"closed","template":"templates\/insights-casestudies.php","meta":{"_acf_changed":false,"footnotes":""},"class_list":["post-97398","page","type-page","status-publish","hentry"],"acf":[],"aioseo_notices":[],"_links":{"self":[{"href":"https:\/\/www.globallogic.com\/hr\/wp-json\/wp\/v2\/pages\/97398","targetHints":{"allow":["GET"]}}],"collection":[{"href":"https:\/\/www.globallogic.com\/hr\/wp-json\/wp\/v2\/pages"}],"about":[{"href":"https:\/\/www.globallogic.com\/hr\/wp-json\/wp\/v2\/types\/page"}],"author":[{"embeddable":true,"href":"https:\/\/www.globallogic.com\/hr\/wp-json\/wp\/v2\/users\/1"}],"replies":[{"embeddable":true,"href":"https:\/\/www.globallogic.com\/hr\/wp-json\/wp\/v2\/comments?post=97398"}],"version-history":[{"count":8,"href":"https:\/\/www.globallogic.com\/hr\/wp-json\/wp\/v2\/pages\/97398\/revisions"}],"predecessor-version":[{"id":102072,"href":"https:\/\/www.globallogic.com\/hr\/wp-json\/wp\/v2\/pages\/97398\/revisions\/102072"}],"up":[{"embeddable":true,"href":"https:\/\/www.globallogic.com\/hr\/wp-json\/wp\/v2\/pages\/99"}],"wp:attachment":[{"href":"https:\/\/www.globallogic.com\/hr\/wp-json\/wp\/v2\/media?parent=97398"}],"curies":[{"name":"wp","href":"https:\/\/api.w.org\/{rel}","templated":true}]}}