 
{"id":101139,"date":"2024-10-04T11:53:00","date_gmt":"2024-10-04T11:53:00","guid":{"rendered":"https:\/\/www.globallogic.com\/latam\/?page_id=101139"},"modified":"2024-11-05T11:57:50","modified_gmt":"2024-11-05T11:57:50","slug":"globallogic-y-google-te-invitan-a-un-evento-exclusivo","status":"publish","type":"page","link":"https:\/\/www.globallogic.com\/latam\/globallogic-y-google-te-invitan-a-un-evento-exclusivo\/","title":{"rendered":"GlobalLogic y Google te invitan a un evento exclusivo \u2026"},"content":{"rendered":"<!-- Paragraph section -->\r\n<section class=\"caseContent\">\r\n    <div class=\"container\">\r\n    <p>En este evento, analizaremos c\u00f3mo la tecnolog\u00eda est\u00e1 revolucionando la manera en que las empresas interact\u00faan con sus clientes y c\u00f3mo estas innovaciones pueden ser aprovechadas para preparar a la industria para un futuro 3.0.<\/p>\n<p>Contaremos con la participaci\u00f3n de expertos del sector que compartir\u00e1n sus experiencias y estrategias exitosas para implementar soluciones innovadoras en diversas industrias.<\/p>\n<h2>Detalle del evento<\/h2>\n<p><strong><span style=\"vertical-align: inherit;\"><b>D\u00eda y horario<\/b>:<\/span><\/strong><span style=\"vertical-align: inherit;\"> <span style=\"font-weight: 400;\">Mi\u00e9rcoles 16 de octubre de 8:30 a 11hs. <\/span><\/span><\/p>\n<p><strong><span style=\"vertical-align: inherit;\"><b>Direcci\u00f3n<\/b>:<\/span><\/strong><span style=\"vertical-align: inherit;\"> <span style=\"font-weight: 400;\">Alicia M. de Justo 350, 2nd Floor, Caba.<\/span><\/span><\/p>\n<p><strong><span style=\"vertical-align: inherit;\">Agenda:<\/span><\/strong><\/p>\n<ul>\n<li><span style=\"font-weight: 400;\"><strong>8:30 hs &#8211; 9 hs:<\/strong> Acreditaci\u00f3n y Welcome Coffee<\/span><\/li>\n<li><span style=\"font-weight: 400;\"><strong>9:10 hs &#8211; 9:50 hs:<\/strong> Charla \u00abExpansi\u00f3n sin fronteras: Potencia tu organizaci\u00f3n con IA y tecnolog\u00edas de integraci\u00f3n\u00bb<\/span><\/li>\n<li><span style=\"font-weight: 400;\"><strong>9:50 hs &#8211; 10:05 hs:<\/strong> Coffee Break<\/span><\/li>\n<li><span style=\"font-weight: 400;\"><strong>10:05 hs &#8211; 10:55 hs:<\/strong> Charla \u00abLibera el potencial de GenAI para los desaf\u00edos de integraci\u00f3n con Apigee &amp; App Integration\u00bb<\/span><\/li>\n<li><span style=\"font-weight: 400;\"><strong>10:55 hs &#8211; 11:00 hs:<\/strong> Cierre y Networking<\/span><\/li>\n<\/ul>\n    <\/div>\r\n <\/section>\r\n \n\n\n<h2 class=\"wp-block-heading\">Conoc\u00e9 a nuestros ponentes<\/h2>\n\n\n\n<div class=\"wp-block-columns is-layout-flex wp-container-core-columns-is-layout-9d6595d7 wp-block-columns-is-layout-flex\">\n<div class=\"wp-block-column is-layout-flow wp-block-column-is-layout-flow\">\n<figure class=\"wp-block-image size-full\"><img loading=\"lazy\" decoding=\"async\" width=\"150\" height=\"150\" src=\"https:\/\/www.globallogic.com\/latam\/wp-content\/uploads\/sites\/5\/2024\/11\/Gabriel-Arango-Speaker-150x150-1.png\" alt=\"\" class=\"wp-image-101144\" \/><\/figure>\n\n\n\n<p><strong>Expansi\u00f3n sin fronteras: Potencia tu organizaci\u00f3n con AI y tecnolog\u00edas de Integraci\u00f3n<\/strong><\/p>\n\n\n\n<p>Speaker: Gabriel Arango, Head of Technology GlobalLogic LatAm.<\/p>\n<\/div>\n\n\n\n<div class=\"wp-block-column is-layout-flow wp-block-column-is-layout-flow\">\n<figure class=\"wp-block-image size-full\"><img loading=\"lazy\" decoding=\"async\" width=\"150\" height=\"150\" src=\"https:\/\/www.globallogic.com\/latam\/wp-content\/uploads\/sites\/5\/2024\/11\/Gonzalo-Correo-Gogle1-150x150-1.png\" alt=\"\" class=\"wp-image-101145\" \/><\/figure>\n\n\n\n<p><strong><font style=\"vertical-align: inherit;\"><font style=\"vertical-align: inherit;\">Unlock the power of GenAI for integration challenges with Apigee and App Integration<\/font><\/font><\/strong><\/p>\n\n\n\n<p>Speaker: Gonzalo Correa, Sales Specialist BAP LATAM<\/p>\n<\/div>\n<\/div>\n\n\n\n<div style=\"height:30px\" aria-hidden=\"true\" class=\"wp-block-spacer\"><\/div>\n\n\n\n<h2 class=\"wp-block-heading\">Reg\u00edstrese ahora<\/h2>\n\n\n\n<div class=\"wp-block-contact-form-7-contact-form-selector\">\n<div class=\"wpcf7 no-js\" id=\"wpcf7-f101149-o1\" lang=\"es-ES\" dir=\"ltr\" data-wpcf7-id=\"101149\">\n<div class=\"screen-reader-response\"><p role=\"status\" aria-live=\"polite\" aria-atomic=\"true\"><\/p> <ul><\/ul><\/div>\n<form action=\"\/latam\/wp-json\/wp\/v2\/pages\/101139#wpcf7-f101149-o1\" method=\"post\" class=\"wpcf7-form init\" aria-label=\"Formulario de contacto\" novalidate=\"novalidate\" data-status=\"init\">\n<fieldset class=\"hidden-fields-container\"><input type=\"hidden\" name=\"_wpcf7\" value=\"101149\" \/><input type=\"hidden\" name=\"_wpcf7_version\" value=\"6.1.5\" \/><input type=\"hidden\" name=\"_wpcf7_locale\" value=\"es_ES\" \/><input type=\"hidden\" name=\"_wpcf7_unit_tag\" value=\"wpcf7-f101149-o1\" \/><input type=\"hidden\" name=\"_wpcf7_container_post\" value=\"0\" \/><input type=\"hidden\" name=\"_wpcf7_posted_data_hash\" value=\"\" \/><input type=\"hidden\" name=\"_wpcf7dtx_version\" value=\"5.0.5\" \/><input type=\"hidden\" name=\"_wpcf7_recaptcha_response\" value=\"\" \/>\n<\/fieldset>\n<div class=\"container join_our_content\">\n<div class=\"row\">\n<div class=\"col-md-6\">\n<span class=\"wpcf7-form-control-wrap\" data-name=\"firstname\"><input size=\"40\" maxlength=\"400\" class=\"wpcf7-form-control wpcf7-text wpcf7-validates-as-required first\" id=\"fname\" aria-required=\"true\" aria-invalid=\"false\" placeholder=\"Nombre *\" value=\"\" type=\"text\" name=\"firstname\" \/><\/span>\n<\/div>\n<div class=\"col-md-6\">\n<span class=\"wpcf7-form-control-wrap\" data-name=\"lastname\"><input size=\"40\" maxlength=\"400\" class=\"wpcf7-form-control wpcf7-text wpcf7-validates-as-required last\" aria-required=\"true\" aria-invalid=\"false\" placeholder=\"Apellido *\" value=\"\" type=\"text\" name=\"lastname\" \/><\/span>\n<\/div>\n<\/div>\n<div class=\"row\">\n<div class=\"col-md-6\">\n<span class=\"wpcf7-form-control-wrap\" data-name=\"emails\"><input size=\"40\" maxlength=\"400\" class=\"wpcf7-form-control wpcf7-email wpcf7-validates-as-required wpcf7-text wpcf7-validates-as-email\" aria-required=\"true\" aria-invalid=\"false\" placeholder=\"Direcci\u00f3n de correo electr\u00f3nico profesional *\" value=\"\" type=\"email\" name=\"emails\" \/><\/span>\n<\/div>\n<div class=\"col-md-6\">\n<span class=\"wpcf7-form-control-wrap\" data-name=\"title\"><input size=\"40\" maxlength=\"400\" class=\"wpcf7-form-control wpcf7-text wpcf7-validates-as-required title\" aria-required=\"true\" aria-invalid=\"false\" placeholder=\"Puesto *\" value=\"\" type=\"text\" name=\"title\" \/><\/span>\n<\/div>\n<\/div>\n<div class=\"row\">\n<div class=\"col-md-12\">\n<span class=\"wpcf7-form-control-wrap\" data-name=\"Empresa\"><input size=\"40\" maxlength=\"400\" class=\"wpcf7-form-control wpcf7-text\" aria-invalid=\"false\" placeholder=\"Empresa\" value=\"\" type=\"text\" name=\"Empresa\" \/><\/span>\n<\/div>\n<\/div>\n<div class=\"row\">\n<div class=\"col-md-12\">\n<span class=\"wpcf7-form-control-wrap\" data-name=\"acceptance-41\"><span class=\"wpcf7-form-control wpcf7-acceptance optional\"><span class=\"wpcf7-list-item\"><label><input type=\"checkbox\" name=\"acceptance-41\" value=\"1\" aria-invalid=\"false\" \/><span class=\"wpcf7-list-item-label\">Acepto que mis datos de registro puedan ser compartidos tanto con Google como con GlobalLogic para fines relacionados con el evento.<\/span><\/label><\/span><\/span><\/span>\n<div class=\"acc_txt\">Puede retirar su consentimiento en cualquier momento.\nPara m\u00e1s informaci\u00f3n sobre c\u00f3mo GlobalLogic protege su privacidad y procesa sus datos personales, consulte nuestra <a style=\"color: #f60;\" href=\"https:\/\/www.globallogic.com\/privacy-policy\/\" target=\"_blank\">Pol\u00edtica de privacidad.<\/a>\n<\/div>\n<\/div>\n<\/div>\n<div class=\"row\">\n<span class=\"wpcf7-form-control-wrap recaptcha\" data-name=\"recaptcha\"><span data-sitekey=\"6LcFRVwqAAAAACd8nc_QyBOgHgFFhzrX7MpLmobp\" class=\"wpcf7-form-control wpcf7-recaptcha g-recaptcha\"><\/span>\r\n<noscript>\r\n\t<div class=\"grecaptcha-noscript\">\r\n\t\t<iframe loading=\"lazy\" src=\"https:\/\/www.google.com\/recaptcha\/api\/fallback?k=6LcFRVwqAAAAACd8nc_QyBOgHgFFhzrX7MpLmobp\" frameborder=\"0\" scrolling=\"no\" width=\"310\" height=\"430\">\r\n\t\t<\/iframe>\r\n\t\t<textarea name=\"g-recaptcha-response\" rows=\"3\" cols=\"40\" placeholder=\"Aqu\u00ed la respuesta de reCAPTCHA\">\r\n\t\t<\/textarea>\r\n\t<\/div>\r\n<\/noscript>\r\n<\/span>\n<\/div>\n<div class=\"submit-form\">\n<input class=\"wpcf7-form-control wpcf7-submit has-spinner mod-orange\" type=\"submit\" value=\"Reg\u00edstrese ahora\" \/>\n<\/div>\n<\/div><div class=\"wpcf7-response-output\" aria-hidden=\"true\"><\/div>\n<\/form>\n<\/div>\n<\/div>\n\n\n\n<p><\/p>\n","protected":false},"excerpt":{"rendered":"<p>Conoc\u00e9 a nuestros ponentes Expansi\u00f3n sin fronteras: Potencia tu organizaci\u00f3n con AI y tecnolog\u00edas de Integraci\u00f3n Speaker: Gabriel Arango, Head of Technology GlobalLogic LatAm. Unlock the power of GenAI for integration challenges with Apigee and App Integration Speaker: Gonzalo Correa, Sales Specialist BAP LATAM Reg\u00edstrese ahora<\/p>\n","protected":false},"author":1,"featured_media":101159,"parent":0,"menu_order":0,"comment_status":"closed","ping_status":"closed","template":"templates\/text-content-template.php","meta":{"_acf_changed":false,"footnotes":""},"class_list":["post-101139","page","type-page","status-publish","has-post-thumbnail","hentry"],"acf":[],"aioseo_notices":[],"_links":{"self":[{"href":"https:\/\/www.globallogic.com\/latam\/wp-json\/wp\/v2\/pages\/101139","targetHints":{"allow":["GET"]}}],"collection":[{"href":"https:\/\/www.globallogic.com\/latam\/wp-json\/wp\/v2\/pages"}],"about":[{"href":"https:\/\/www.globallogic.com\/latam\/wp-json\/wp\/v2\/types\/page"}],"author":[{"embeddable":true,"href":"https:\/\/www.globallogic.com\/latam\/wp-json\/wp\/v2\/users\/1"}],"replies":[{"embeddable":true,"href":"https:\/\/www.globallogic.com\/latam\/wp-json\/wp\/v2\/comments?post=101139"}],"version-history":[{"count":10,"href":"https:\/\/www.globallogic.com\/latam\/wp-json\/wp\/v2\/pages\/101139\/revisions"}],"predecessor-version":[{"id":101155,"href":"https:\/\/www.globallogic.com\/latam\/wp-json\/wp\/v2\/pages\/101139\/revisions\/101155"}],"wp:featuredmedia":[{"embeddable":true,"href":"https:\/\/www.globallogic.com\/latam\/wp-json\/wp\/v2\/media\/101159"}],"wp:attachment":[{"href":"https:\/\/www.globallogic.com\/latam\/wp-json\/wp\/v2\/media?parent=101139"}],"curies":[{"name":"wp","href":"https:\/\/api.w.org\/{rel}","templated":true}]}}