{"id":15086,"date":"2018-03-20T13:44:44","date_gmt":"2018-03-20T13:44:44","guid":{"rendered":"https:\/\/www.globallogic.com\/latam\/?page_id=15086"},"modified":"2018-03-20T13:44:44","modified_gmt":"2018-03-20T13:44:44","slug":"cookies-policy","status":"publish","type":"page","link":"https:\/\/www.globallogic.com\/latam\/cookies-policy\/","title":{"rendered":"Aviso de cookies"},"content":{"rendered":"<div class=\"classic_editor_content\"><span style=\"text-decoration: underline\"><b><i>Spanish versi\u00f3n<\/i><\/b><\/span><\/p>\n<p><span style=\"font-weight: 400\">Pol\u00edtica de cookies<\/span><\/p>\n<p><span style=\"font-weight: 400\">\u00daltima actualizaci\u00f3n: 14\/02\/2023<\/span><\/p>\n<p><span style=\"font-weight: 400\">Somos GlobalLogic, una empresa del grupo Hitachi (\u201cGlobalLogic\u201d).<\/span><\/p>\n<p><b><i>\u00bfQu\u00e9 son las cookies?<\/i><\/b><\/p>\n<p><span style=\"font-weight: 400\">Las cookies son piezas de informaci\u00f3n (peque\u00f1os archivos de texto) que el servidor transfiere y almacena en su dispositivo (generalmente en el disco duro de su computadora) cada vez que usted visita y\/o usa el sitio web de GlobalLogic. Almacenan informaci\u00f3n sobre c\u00f3mo usted utiliza el sitio web.<\/span><\/p>\n<p><span style=\"font-weight: 400\">Cuando visita el sitio web de GlobalLogic, las cookies nos permiten, en particular, reconocer su dispositivo y a usted como usuario recurrente y pueden recopilar datos sobre, por ejemplo, el nombre de dominio de su proveedor de servicios de Internet, tipo de navegador, tipo de sistema operativo, direcci\u00f3n IP, sitios web que visit\u00f3, elementos que ha descargado, as\u00ed como datos operativos o informaci\u00f3n de ubicaci\u00f3n sobre el dispositivo que utiliza. No toda la informaci\u00f3n recopilada a trav\u00e9s de las cookies es considerada dato personal seg\u00fan las normas de protecci\u00f3n de datos personales aplicables, incluyendo el RGPD. Sin embargo, cierta informaci\u00f3n, dependiendo de su contenido y m\u00e9todo de uso, puede estar asociada con una persona espec\u00edfica, por ejemplo, si usted comparti\u00f3 sus datos personales con nosotros en el pasado, las cookies a veces pueden vincularse directamente con sus datos a trav\u00e9s de la asociaci\u00f3n de n\u00fameros de identificaci\u00f3n en archivos de cookies con otra informaci\u00f3n relacionada con usted, su cuenta y\/o solicitud de empleo.<\/span><\/p>\n<p><span style=\"font-weight: 400\">En relaci\u00f3n con la informaci\u00f3n almacenada por las cookies que pueda asociarse a una persona espec\u00edfica, se aplicar\u00e1 lo dispuesto en la Pol\u00edtica de Privacidad, en particular en lo relativo a los derechos de la persona a la que se refieren los datos y de los receptores de los datos.<\/span><\/p>\n<p><b><i>\u00bfC\u00f3mo y con qu\u00e9 finalidad utilizamos las cookies?<\/i><\/b><\/p>\n<p><span style=\"font-weight: 400\">Necesitamos cookies para que nuestro sitio web funcione correctamente, para adaptarse a la forma en que usted lo usa y para recopilar datos estad\u00edsticos. Las cookies nos ayudan a brindarle una mejor experiencia cuando navega por nuestro sitio web y tambi\u00e9n nos permite mejorar nuestro sitio. Tambi\u00e9n procesamos los datos recopilados a trav\u00e9s de las cookies para analizar la popularidad y la efectividad de nuestros servicios.<\/span><\/p>\n<p><span style=\"font-weight: 400\">Utilizamos cookies de marketing para presentarle anuncios y otro contenido personalizado. Esto incluye comunicarnos con usted a trav\u00e9s de nuestros socios publicitarios.<\/span><\/p>\n<p><span style=\"font-weight: 400\">Las cookies podr\u00edan tambi\u00e9n ser usadas en nuestros correos electr\u00f3nicos de marketing (que puede recibir si nos ha dado su consentimiento para contactarlo de esa manera) para permitirnos revisar c\u00f3mo los usuarios interact\u00faan con nuestro marketing. Esto nos ayuda a adaptarlo adecuadamente y hacerlo m\u00e1s f\u00e1cil de usar.<\/span><\/p>\n<p><span style=\"font-weight: 400\">Las cookies tambi\u00e9n se pueden utilizar para elevar la seguridad del sitio web.<\/span><\/p>\n<p><span style=\"font-weight: 400\">Le aseguramos que toda la informaci\u00f3n recopilada a trav\u00e9s de las cookies es utilizada por nosotros \u00fanicamente para los fines indicados en este documento, y en ning\u00fan caso las cookies son perjudiciales para usted o el dispositivo que utiliza, ya que no introducen cambios en la configuraci\u00f3n del mismo.<\/span><\/p>\n<p><span style=\"font-weight: 400\">A continuaci\u00f3n, describiremos las cookies que pueden ser utilizadas en nuestro sitio web:\u00a0\u00a0<\/span><\/p>\n<ol>\n<li style=\"font-weight: 400\"><span style=\"font-weight: 400\">Necesarias: estas cookies son necesarias para que el sitio web funcione y no pueden ser desactivadas en nuestros sistemas. Por lo general, solo se configuran en respuesta a acciones realizadas por usted que corresponden a una solicitud de servicios, tal como configurar sus preferencias de privacidad, iniciar sesi\u00f3n o completar formularios.<\/span><\/li>\n<li style=\"font-weight: 400\"><span style=\"font-weight: 400\">Redes Sociales: estas cookies permiten que el sitio web brinde una mejor funcionalidad y personalizaci\u00f3n. Pueden ser establecidas por nosotros o por proveedores tercerizados cuyos servicios han sido agregados a nuestras p\u00e1ginas.<\/span><\/li>\n<li style=\"font-weight: 400\"><span style=\"font-weight: 400\">Estad\u00edsticas: estas cookies nos permiten contar las visitas y las fuentes de tr\u00e1fico para que podamos medir y mejorar el rendimiento de nuestro sitio web. Nos ayudan a saber qu\u00e9 p\u00e1ginas son las m\u00e1s y menos populares y visualizar c\u00f3mo los visitantes circulan por el sitio.<\/span><\/li>\n<li style=\"font-weight: 400\"><span style=\"font-weight: 400\">Marketing: estas cookies pueden ser configuradas a trav\u00e9s de nuestro sitio web para presentarle anuncios y otro tipo de contenido personalizado. Esto incluye comunicarnos con usted a trav\u00e9s de nuestros socios publicitarios. Estas empresas pueden utilizar las cookies para crear un perfil sobre sus intereses y mostrarle anuncios relevantes en otros sitios.<\/span><\/li>\n<\/ol>\n<p><span style=\"font-weight: 400\">Para ver una descripci\u00f3n detallada de cada cookie que utilizamos (incluido su proveedor, tipo y prop\u00f3sito), haga clic en \u201cMostrar detalles\u201d en el banner de cookies; puede abrirlo en todo momento haciendo\u00a0clic\u00a0<\/span><span style=\"font-weight: 400\"><a class=\"cookie_clear\">aqu\u00ed<\/a><\/span><span style=\"font-weight: 400\">.<\/span><\/p>\n<p><b>\u00a0<\/b><b><i>\u00bfC\u00f3mo gestionar la configuraci\u00f3n de las cookies?<\/i><\/b><\/p>\n<p><span style=\"font-weight: 400\">Puede cambiar la forma de usar las cookies, incluso bloquearlos por completo o eliminarlos, a trav\u00e9s de su navegador web. Recuerde que la desactivaci\u00f3n o bloqueo de algunas de las cookies puede impedir o dificultar significativamente el correcto funcionamiento de nuestro sitio web, por ejemplo ralentiz\u00e1ndolo.<\/span><\/p>\n<p><span style=\"font-weight: 400\">Para obtener m\u00e1s informaci\u00f3n sobre las cookies, incluyendo c\u00f3mo ver qu\u00e9 cookies se han configurado, visite www.aboutcookies.org o <\/span><a rel=\"external nofollow\" target=\"_blank\" href=\"http:\/\/www.allaboutcookies.org\"><span style=\"font-weight: 400\">www.allaboutcookies.org<\/span><\/a><span style=\"font-weight: 400\">.<\/span><\/p>\n<p><span style=\"font-weight: 400\">Puede utilizar su navegador web para:\u00a0<\/span><\/p>\n<ul>\n<li style=\"font-weight: 400\"><span style=\"font-weight: 400\">eliminar todas las cookies;<\/span><\/li>\n<li style=\"font-weight: 400\"><span style=\"font-weight: 400\">bloquear todas las cookies;<\/span><\/li>\n<li style=\"font-weight: 400\"><span style=\"font-weight: 400\">permitir todas las cookies;<\/span><\/li>\n<li style=\"font-weight: 400\"><span style=\"font-weight: 400\">bloquear las cookies de \u2018terceros\u2019 (es decir, cookies configuradas por servicios en l\u00ednea distintos al que est\u00e1 visitando);<\/span><\/li>\n<li style=\"font-weight: 400\"><span style=\"font-weight: 400\">borrar todas las cookies cuando cierre el navegador;<\/span><\/li>\n<li style=\"font-weight: 400\"><span style=\"font-weight: 400\">abrir una pesta\u00f1a de \u2018navegaci\u00f3n privada\u2019 \/ \u2018incognito\u2019, que le permita navegar por la web sin registrar su historial de navegaci\u00f3n ni almacenar datos locales como cookies (sin embargo, se deben tener en cuenta las limitaciones de esta funci\u00f3n en un contexto de privacidad); e<\/span><\/li>\n<li style=\"font-weight: 400\"><span style=\"font-weight: 400\">instalar add-ons y plugins que ampl\u00edan la funcionalidad del navegador.<\/span><\/li>\n<\/ul>\n<p><span style=\"font-weight: 400\">Descubra c\u00f3mo administrar las cookies en navegadores populares:\u00a0<\/span><\/p>\n<ul>\n<li style=\"font-weight: 400\"><span style=\"font-weight: 400\">Informaci\u00f3n de cookies de <\/span><a rel=\"external nofollow\" target=\"_blank\" href=\"https:\/\/privacy.microsoft.com\/en-us\/windows-10-microsoft-edge-and-privacy\"><span style=\"font-weight: 400\">Microsoft Edge<\/span><\/a><span style=\"font-weight: 400\">.<\/span><\/li>\n<li style=\"font-weight: 400\"><span style=\"font-weight: 400\">Informaci\u00f3n de cookies de <\/span><a rel=\"external nofollow\" target=\"_blank\" href=\"https:\/\/support.microsoft.com\/en-gb\/help\/17442\/windows-internet-explorer-delete-manage-cookies\"><span style=\"font-weight: 400\">Internet Explorer<\/span><\/a><span style=\"font-weight: 400\">.<\/span><\/li>\n<li style=\"font-weight: 400\"><span style=\"font-weight: 400\">Informaci\u00f3n de cookies de <\/span><a rel=\"external nofollow\" target=\"_blank\" href=\"https:\/\/support.google.com\/chrome\/answer\/95647?hl=en-GB\"><span style=\"font-weight: 400\">Chrome<\/span><\/a><span style=\"font-weight: 400\">.<\/span><\/li>\n<li style=\"font-weight: 400\"><span style=\"font-weight: 400\">Informaci\u00f3n de cookies de <\/span><a rel=\"external nofollow\" target=\"_blank\" href=\"https:\/\/support.mozilla.org\/en-US\/kb\/delete-browsing-search-download-history-firefox\"><span style=\"font-weight: 400\">Firefox<\/span><\/a><span style=\"font-weight: 400\">.<\/span><\/li>\n<li style=\"font-weight: 400\"><span style=\"font-weight: 400\">Informaci\u00f3n de cookies de Safari \u2013 dispositivos m\u00f3viles y computadoras de escritorio.\u00a0<\/span><\/li>\n<li style=\"font-weight: 400\"><span style=\"font-weight: 400\">Informaci\u00f3n de cookies de <\/span><a rel=\"external nofollow\" target=\"_blank\" href=\"https:\/\/www.opera.com\/help\/tutorials\/security\/cookies\/\"><span style=\"font-weight: 400\">Opera.\u00a0<\/span><\/a><\/li>\n<\/ul>\n<p><span style=\"font-weight: 400\">Para encontrar informaci\u00f3n relacionada con otros navegadores, visite el sitio web del desarrollador del navegador.\u00a0<\/span><\/p>\n<p><span style=\"font-weight: 400\">Para optar por no ser rastreado por Google Analytics en todos los sitios web, visite <\/span><a rel=\"external nofollow\" target=\"_blank\" href=\"http:\/\/tools.google.com\/dlpage\/gaoptout\"><span style=\"font-weight: 400\">http:\/\/tools.google.com\/dlpage\/gaoptout<\/span><\/a><span style=\"font-weight: 400\">.\u00a0<\/span><\/p>\n<p><span style=\"font-weight: 400\">Informaci\u00f3n \u00fatil:<\/span><\/p>\n<ul>\n<li><span style=\"font-weight: 400\"> Varios sitios web brindan informaci\u00f3n detallada sobre las cookies, incluyendo AboutCookies.org y AllAboutCookies.org.<\/span><\/li>\n<li><span style=\"font-weight: 400\"> El sitio web de la Alianza Europea de Publicidad Digital Interactiva \u2018Your Online Choices\u2019 le permite instalar cookies \u2018opt-out\u2019 en diferentes redes publicitarias.<\/span><\/li>\n<li><span style=\"font-weight: 400\"> Google ha desarrollado un complemento (\u2018add-on\u2019) para el navegador que permite a los usuarios excluirse de Google Analytics en todos los sitios web que lo utilizan. Esto tambi\u00e9n est\u00e1 disponible en la tienda web de Chrome.<\/span><\/li>\n<li><span style=\"font-weight: 400\"> Algunos navegadores incluyen una funci\u00f3n conocida como \u00abNo rastrear\u00bb o DNT ( sus siglas en ingl\u00e9s para \u201cDo Not Track\u201d). Esto le permite indicar una preferencia para que los sitios web no lo rastreen. Sin embargo, aunque DNT est\u00e1 disponible en muchos navegadores, no es requisito que los sitios web reconozcan su solicitud, por lo que es posible que no siempre funcione. Puede obtener ayuda sobre c\u00f3mo usar DNT en Microsoft Edge, Internet Explorer, Firefox, Chrome, Safari y Opera.<\/span><\/li>\n<li><span style=\"font-weight: 400\"> Internet Explorer tiene una funci\u00f3n llamada Listas de protecci\u00f3n de seguimiento (\u2018Tracking Protection Lists\u2019) que le permite importar una lista de sitios web que desee bloquear.<\/span><\/li>\n<li><span style=\"font-weight: 400\"> Para obtener m\u00e1s informaci\u00f3n sobre c\u00f3mo funciona la navegaci\u00f3n privada, as\u00ed como sus limitaciones, visite las p\u00e1ginas de soporte de su navegador: Microsoft Edge, Internet Explorer, Firefox, Chrome, Safari (m\u00f3vil y de escritorio) y Opera.\u00a0<\/span><\/li>\n<\/ul>\n<p><b><i>Configuraci\u00f3n de cookies en la regi\u00f3n EMEA<\/i><\/b><\/p>\n<p><span style=\"font-weight: 400\">Nuestros usuarios en la UE, el Reino Unido, Israel y Ucrania, pueden gestionar los consentimientos para diferentes tipos de cookies.\u00a0<\/span><\/p>\n<p><span style=\"font-weight: 400\">En nuestro sitio web le proporcionamos una herramienta Cookiebot, donde puede ver todos los tipos de cookies junto con su descripci\u00f3n, puede decidir qu\u00e9 tipos de cookies acepta y cambiar f\u00e1cilmente esta configuraci\u00f3n cuando lo desee. Haga\u00a0clic <\/span><span style=\"font-weight: 400\"><a class=\"cookie_clear\">aqu\u00ed<\/a><\/span><span style=\"font-weight: 400\">\u00a0para ver y administrar sus preferencias de cookies.<\/span><\/p>\n<p><span style=\"font-weight: 400\">Es posible que sea necesario actualizar la p\u00e1gina para guardar la nueva configuraci\u00f3n de consentimiento de cookies y\/o retirar el consentimiento.<\/span><\/p>\n<p><b><i>Cookies de terceros<\/i><\/b><\/p>\n<p><span style=\"font-weight: 400\">Se utilizan principalmente para optimizar nuestros servicios y ayudarnos en las actividades de marketing. Algunas cookies de terceros tambi\u00e9n pueden ser necesarias para brindarle servicios de otras compa\u00f1\u00edas &#8211; nuestros Socios (por ejemplo, acceso a videos en nuestro sitio web).<\/span><\/p>\n<p><span style=\"font-weight: 400\">Al dar su consentimiento para las cookies de terceros, usted acepta compartir sus datos personales con nuestros Socios y procesar estos datos como se describe con respecto a cada cookie.<\/span><\/p>\n<p><span style=\"font-weight: 400\">Luego de aceptar las cookies de terceros, algunos tipos de procesamiento de datos pueden ocurrir bajo otra base legal, por ejemplo, el inter\u00e9s leg\u00edtimo del controlador o de un tercero, y usted tiene derecho a oponerse a dicho procesamiento. Los detalles se pueden encontrar en nuestra <\/span><a href=\"https:\/\/www.globallogic.com\/latam\/privacy-policy-\/\"><span style=\"font-weight: 400\">Pol\u00edtica de Privacidad<\/span><\/a><span style=\"font-weight: 400\">.<\/span><\/p>\n<p><span style=\"font-weight: 400\">Para ver detalles sobre las cookies de terceros del sitio web de GlobalLogic, consulte \u00abMostrar detalles\u00bb en el banner de cookies en \u00abProveedor\u00bb. Al hacer click en el nombre del Proveedor en el banner de cookies, usted ser\u00e1 redirigido a la Pol\u00edtica de Privacidad correspondiente de un Socio determinado. El banner de cookies se puede abrir haciendo click <\/span><span style=\"font-weight: 400\"><a class=\"cookie_clear\">aqu\u00ed<\/a><\/span><span style=\"font-weight: 400\">.<\/span><\/div>\n","protected":false},"excerpt":{"rendered":"<p>Spanish versi\u00f3n Pol\u00edtica de cookies \u00daltima actualizaci\u00f3n: 14\/02\/2023 Somos GlobalLogic, una empresa del grupo Hitachi (\u201cGlobalLogic\u201d). \u00bfQu\u00e9 son las cookies? Las cookies son piezas de informaci\u00f3n (peque\u00f1os archivos de texto) que el servidor transfiere y almacena en su dispositivo (generalmente en el disco duro de su computadora) cada vez que usted visita y\/o usa el sitio web de GlobalLogic. Almacenan informaci\u00f3n sobre c\u00f3mo usted utiliza el sitio web. Cuando visita el sitio web de GlobalLogic, las cookies nos permiten, en particular, reconocer su dispositivo y a usted como usuario recurrente y pueden recopilar datos sobre, por ejemplo, el nombre de dominio de su proveedor de servicios de Internet, tipo de navegador, tipo de sistema operativo, direcci\u00f3n IP, sitios web que visit\u00f3, elementos que ha descargado, as\u00ed como datos operativos o informaci\u00f3n de ubicaci\u00f3n sobre el dispositivo que utiliza. No toda la informaci\u00f3n recopilada a trav\u00e9s de las cookies es considerada dato personal seg\u00fan las normas de protecci\u00f3n de datos personales aplicables, incluyendo el RGPD. Sin embargo, cierta informaci\u00f3n, dependiendo de su contenido y m\u00e9todo de uso, puede estar asociada con una persona espec\u00edfica, por ejemplo, si usted comparti\u00f3 sus datos personales con nosotros en el pasado, las cookies a veces&#8230;<\/p>\n","protected":false},"author":12,"featured_media":5783,"parent":0,"menu_order":45,"comment_status":"closed","ping_status":"closed","template":"page-templates\/footer-page.php","meta":{"_acf_changed":false,"footnotes":""},"class_list":["post-15086","page","type-page","status-publish","has-post-thumbnail","hentry"],"acf":[],"aioseo_notices":[],"_links":{"self":[{"href":"https:\/\/www.globallogic.com\/latam\/wp-json\/wp\/v2\/pages\/15086","targetHints":{"allow":["GET"]}}],"collection":[{"href":"https:\/\/www.globallogic.com\/latam\/wp-json\/wp\/v2\/pages"}],"about":[{"href":"https:\/\/www.globallogic.com\/latam\/wp-json\/wp\/v2\/types\/page"}],"author":[{"embeddable":true,"href":"https:\/\/www.globallogic.com\/latam\/wp-json\/wp\/v2\/users\/12"}],"replies":[{"embeddable":true,"href":"https:\/\/www.globallogic.com\/latam\/wp-json\/wp\/v2\/comments?post=15086"}],"version-history":[{"count":0,"href":"https:\/\/www.globallogic.com\/latam\/wp-json\/wp\/v2\/pages\/15086\/revisions"}],"wp:featuredmedia":[{"embeddable":true,"href":"https:\/\/www.globallogic.com\/latam\/wp-json\/wp\/v2\/media\/5783"}],"wp:attachment":[{"href":"https:\/\/www.globallogic.com\/latam\/wp-json\/wp\/v2\/media?parent=15086"}],"curies":[{"name":"wp","href":"https:\/\/api.w.org\/{rel}","templated":true}]}}