{"id":15106,"date":"2018-03-22T07:44:00","date_gmt":"2018-03-22T07:44:00","guid":{"rendered":"https:\/\/www.globallogic.com\/latam\/?page_id=15106"},"modified":"2018-03-22T07:44:00","modified_gmt":"2018-03-22T07:44:00","slug":"gdpr","status":"publish","type":"page","link":"https:\/\/www.globallogic.com\/latam\/gdpr\/","title":{"rendered":"GDPR"},"content":{"rendered":"<div class=\"classic_editor_content\">\u00daltima actualizaci\u00f3n: 11\/08\/2021<\/p>\n<p><strong><em>\u00bfQu\u00e9 es la GDPR?<\/em><\/strong><\/p>\n<p>La Reglamentaci\u00f3n General sobre Protecci\u00f3n de Datos (General Data Protection Regulation, GDPR) entr\u00f3 en vigencia el 25 de mayo de 2018. La GDPR se converti\u00f3 autom\u00e1ticamente en ley en todos los Estados Miembro de la Uni\u00f3n Europea y el Espacio Econ\u00f3mico Europeo (UE\/EEE).<\/p>\n<p>La GDPR tiene por objeto:<\/p>\n<ul>\n<li>Consolidar las leyes en materia de privacidad de datos en toda la UE;<\/li>\n<li>Modernizar las leyes en materia de privacidad de datos en funci\u00f3n del cambio tecnol\u00f3gico;<\/li>\n<li>Mejorar de los derechos de las personas;<\/li>\n<li>Incrementar los requisitos de rendici\u00f3n de cuentas y obligaciones de controladores y procesadores de datos; y<\/li>\n<li>Garantizar una mejora en los registros y evidencia de cumplimiento de la legislaci\u00f3n de protecci\u00f3n de datos y una mayor transparencia en cuanto a la forma en que se utilizan los datos, qui\u00e9nes los utilizan y con qu\u00e9 objeto.<\/li>\n<\/ul>\n<p>La GDPR aplica a empresas (con asiento en la UE o no) que procesen datos personales de personas f\u00edsicas en la UE, incluidos los datos personales de los clientes de GL, sus clientes finales y empleados.<\/p>\n<p><strong><em>\u00bfQu\u00e9 est\u00e1 haciendo GlobalLogic en relaci\u00f3n con la GDPR?<\/em><\/strong><\/p>\n<p>GlobalLogic, una Compa\u00f1\u00eda de Grupo Hitachi, procesa datos personales tanto en calidad de controlador como de procesador y toma las obligaciones bajo la GDPR con mucha seriedad. Con el objeto de prepararnos para la GDPR, hemos dise\u00f1ado un programa de actividades que incluye:<\/p>\n<ul>\n<li>La auditor\u00eda de nuestras actividades de procesamiento de datos a nivel global;<\/li>\n<li>Una evaluaci\u00f3n de seguridad de datos en todo nuestro grupo;<\/li>\n<li>Actualizaciones de nuestras capacitaciones, pol\u00edticas y procedimientos<\/li>\n<li>La inclusi\u00f3n de t\u00e9rminos y condiciones adecuados con nuestros proveedores que act\u00faan como procesadores y sub-procesadores de datos.<\/li>\n<li>Actualizaciones de nuestra pol\u00edtica sobre uso de cookies y tecnolog\u00eda similar en nuestro sitio web, correos electr\u00f3nicos de promoci\u00f3n para que los usuarios puedan seleccionar los de su preferencia;<\/li>\n<\/ul>\n<p>En el marco de nuestro programa de GDPR, monitoreamos de forma continua las modificaciones de la ley aplicaci\u00f3n, las decisiones y lineamientos de la nueva autoridad de protecci\u00f3n de datos y las mejores pr\u00e1cticas del mercado. Revisamos nuestras pr\u00e1cticas, pol\u00edticas y procedimientos y los mantenemos debidamente actualizados, al menos una vez al a\u00f1o.<\/p>\n<p><strong><em>\u00bfCu\u00e1les son los compromisos de GlobalLogic frente a sus clientes y titulares de datos?<\/em><\/strong><\/p>\n<p>GlobalLogic tiene el compromiso de cumplir con los requerimientos de la GDPR en la pr\u00e1ctica. Ello significa que nos comprometemos a realizar lo siguiente al momento de procesar datos de nuestros clientes:<\/p>\n<ol>\n<li>S\u00f3lo procesamos datos personales que usted controla y de los cuales usted es responsable, a su solicitud, de conformidad con el acuerdo que tenemos con usted, su instrucci\u00f3n escrita o en conformidad con la ley;<\/li>\n<li>Implementamos medidas t\u00e9cnicas y organizacionales apropiadas para garantizar un nivel de seguridad adecuado a los riesgos que presenta el procesamiento, los cuales pueden incluir Seguridad para puntos de conexi\u00f3n (End Point), puertas de enlace (Gateway) y niveles de servidores (Server Level) en nuestras instalaciones, pol\u00edticas estrictas de contrase\u00f1as, actualizaciones diarias de antivirus, uso cifrado, SSL VPN para acceso externo, acceso seguro a trav\u00e9s de redes al\u00e1mbricas e inal\u00e1mbricas a nuestros sistemas, administraci\u00f3n central de revisiones, control de acceso, pol\u00edticas y capacitaci\u00f3n, entre otros.<\/li>\n<li>Tomamos todas las medidas razonables para asegurarnos de que s\u00f3lo el personal autorizado sujeto a obligaciones de confidencialidad tenga acceso a los datos personales;<\/li>\n<li>S\u00f3lo contrataremos sub-procesadores para que nos asistan en la prestaci\u00f3n de los servicios que le prestamos, con su consentimiento. Exigiremos a los sub-procesadores que se obliguen a t\u00e9rminos no menos estrictos que estos compromisos asumidos por GlobalLogic con  usted;<\/li>\n<li>No haremos nada en forma deliberada que genere a usted un incumplimiento de la GDPR y le haremos saber si advertimos que sus instrucciones son contrarias a lo permitido por la GDPR;<\/li>\n<li>Lo asistiremos en el cumplimiento de cualquier solicitud recibida por titulares de datos (personas f\u00edsicas) que ejerzan sus derechos o cualquier solicitud de una entidad regulatoria;<\/li>\n<li>Le informaremos de inmediato ni bien tomemos conocimiento de cualquier incumplimiento o supuesto incumplimiento que pueda comprometer sus datos o ponerlos en riesgo;<\/li>\n<li>En los casos que necesitemos transferir datos personales fuera de la UE\/EEE, lo haremos sujeto a los normas legales que correspondan.<\/li>\n<\/ol>\n<p>El listado anterior no es exhaustivo y GlobalLogic tiene el compromiso de cumplir todas sus obligaciones en calidad de procesador de datos personales controlados por sus clientes o los clientes finales de aquellos bajo la GDPR.<\/p>\n<p>Si tiene dudas acerca de nuestro enfoque relacionado con la privacidad de datos, comun\u00edquese con  <a rel=\"external nofollow\" target=\"_blank\" href=\"mailto:privacy@globallogic.com\">privacy@globallogic.com<\/a> y nos complacer\u00e1 responder a sus consultas.<\/div>\n","protected":false},"excerpt":{"rendered":"<p>\u00daltima actualizaci\u00f3n: 11\/08\/2021 \u00bfQu\u00e9 es la GDPR? La Reglamentaci\u00f3n General sobre Protecci\u00f3n de Datos (General Data Protection Regulation, GDPR) entr\u00f3 en vigencia el 25 de mayo de 2018. La GDPR se converti\u00f3 autom\u00e1ticamente en ley en todos los Estados Miembro de la Uni\u00f3n Europea y el Espacio Econ\u00f3mico Europeo (UE\/EEE). La GDPR tiene por objeto: Consolidar las leyes en materia de privacidad de datos en toda la UE; Modernizar las leyes en materia de privacidad de datos en funci\u00f3n del cambio tecnol\u00f3gico; Mejorar de los derechos de las personas; Incrementar los requisitos de rendici\u00f3n de cuentas y obligaciones de controladores y procesadores de datos; y Garantizar una mejora en los registros y evidencia de cumplimiento de la legislaci\u00f3n de protecci\u00f3n de datos y una mayor transparencia en cuanto a la forma en que se utilizan los datos, qui\u00e9nes los utilizan y con qu\u00e9 objeto. La GDPR aplica a empresas (con asiento en la UE o no) que procesen datos personales de personas f\u00edsicas en la UE, incluidos los datos personales de los clientes de GL, sus clientes finales y empleados. \u00bfQu\u00e9 est\u00e1 haciendo GlobalLogic en relaci\u00f3n con la GDPR? GlobalLogic, una Compa\u00f1\u00eda de Grupo Hitachi, procesa datos personales tanto en&#8230;<\/p>\n","protected":false},"author":12,"featured_media":5783,"parent":0,"menu_order":43,"comment_status":"closed","ping_status":"closed","template":"page-templates\/footer-page.php","meta":{"_acf_changed":false,"footnotes":""},"class_list":["post-15106","page","type-page","status-publish","has-post-thumbnail","hentry"],"acf":[],"aioseo_notices":[],"_links":{"self":[{"href":"https:\/\/www.globallogic.com\/latam\/wp-json\/wp\/v2\/pages\/15106","targetHints":{"allow":["GET"]}}],"collection":[{"href":"https:\/\/www.globallogic.com\/latam\/wp-json\/wp\/v2\/pages"}],"about":[{"href":"https:\/\/www.globallogic.com\/latam\/wp-json\/wp\/v2\/types\/page"}],"author":[{"embeddable":true,"href":"https:\/\/www.globallogic.com\/latam\/wp-json\/wp\/v2\/users\/12"}],"replies":[{"embeddable":true,"href":"https:\/\/www.globallogic.com\/latam\/wp-json\/wp\/v2\/comments?post=15106"}],"version-history":[{"count":0,"href":"https:\/\/www.globallogic.com\/latam\/wp-json\/wp\/v2\/pages\/15106\/revisions"}],"wp:featuredmedia":[{"embeddable":true,"href":"https:\/\/www.globallogic.com\/latam\/wp-json\/wp\/v2\/media\/5783"}],"wp:attachment":[{"href":"https:\/\/www.globallogic.com\/latam\/wp-json\/wp\/v2\/media?parent=15106"}],"curies":[{"name":"wp","href":"https:\/\/api.w.org\/{rel}","templated":true}]}}