 
{"id":20227,"date":"2019-10-17T10:11:39","date_gmt":"2019-10-17T10:11:39","guid":{"rendered":"https:\/\/www.globallogic.com\/latam\/about\/corporate-social-responsibility\/"},"modified":"2024-10-21T17:35:23","modified_gmt":"2024-10-21T17:35:23","slug":"corporate-social-responsibility","status":"publish","type":"page","link":"https:\/\/www.globallogic.com\/latam\/about\/corporate-social-responsibility\/","title":{"rendered":"Responsabilidad social empresarial"},"content":{"rendered":"    <section class=\"get_in_block  \" id=\"get-in-block_5cad53c8d99ff0d1cd7affd65373a74c\">\r\n        <div class=\"container\">\r\n            <div class=\"get_in_area\">\r\n                                    <a href=\"https:\/\/www.globallogic.com\/latam\/contact\/\" class=\"primaryBtn\">Cont\u00e1ctanos<\/a>\r\n                \r\n                                    <h2>\r\n                                                    <span>Empecemos a<\/span>\r\n                                                    <span>generar impacto<\/span>\r\n                                                    <span>en conjunto.<\/span>\r\n                                            <\/h2>\r\n                                                    <p>GlobalLogic ofrece una combinaci\u00f3n \u00fanica de experiencia y conocimientos en la intersecci\u00f3n entre datos, dise\u00f1o e ingenier\u00eda.<\/p>\r\n                                <div class=\"get_in_overlay\"><\/div>\r\n            <\/div>\r\n        <\/div>\r\n    <\/section>\r\n","protected":false},"excerpt":{"rendered":"","protected":false},"author":12,"featured_media":0,"parent":47,"menu_order":52,"comment_status":"closed","ping_status":"closed","template":"templates\/component-then-block.php","meta":{"_acf_changed":false,"footnotes":""},"class_list":["post-20227","page","type-page","status-publish","hentry"],"acf":[],"aioseo_notices":[],"_links":{"self":[{"href":"https:\/\/www.globallogic.com\/latam\/wp-json\/wp\/v2\/pages\/20227","targetHints":{"allow":["GET"]}}],"collection":[{"href":"https:\/\/www.globallogic.com\/latam\/wp-json\/wp\/v2\/pages"}],"about":[{"href":"https:\/\/www.globallogic.com\/latam\/wp-json\/wp\/v2\/types\/page"}],"author":[{"embeddable":true,"href":"https:\/\/www.globallogic.com\/latam\/wp-json\/wp\/v2\/users\/12"}],"replies":[{"embeddable":true,"href":"https:\/\/www.globallogic.com\/latam\/wp-json\/wp\/v2\/comments?post=20227"}],"version-history":[{"count":2,"href":"https:\/\/www.globallogic.com\/latam\/wp-json\/wp\/v2\/pages\/20227\/revisions"}],"predecessor-version":[{"id":100557,"href":"https:\/\/www.globallogic.com\/latam\/wp-json\/wp\/v2\/pages\/20227\/revisions\/100557"}],"up":[{"embeddable":true,"href":"https:\/\/www.globallogic.com\/latam\/wp-json\/wp\/v2\/pages\/47"}],"wp:attachment":[{"href":"https:\/\/www.globallogic.com\/latam\/wp-json\/wp\/v2\/media?parent=20227"}],"curies":[{"name":"wp","href":"https:\/\/api.w.org\/{rel}","templated":true}]}}