{"id":31511,"date":"2020-05-19T16:24:12","date_gmt":"2020-05-19T16:24:12","guid":{"rendered":"https:\/\/www.globallogic.com\/latam\/?page_id=31511"},"modified":"2026-05-05T10:20:25","modified_gmt":"2026-05-05T10:20:25","slug":"corporate-information","status":"publish","type":"page","link":"https:\/\/www.globallogic.com\/latam\/corporate-information\/","title":{"rendered":"Corporate Information"},"content":{"rendered":"<!-- Paragraph section -->\r\n<section class=\"caseContent pagecontent\">\r\n    <div class=\"container\">\r\n    <p><b><i>GlobalLogic Headquarters<\/i><\/b><b>\u00a0<\/b><\/p>\n<p><b>GlobalLogic Inc.<\/b><br \/>\n<span style=\"font-weight: 400;\">Contact: 2535 Augustine Dr 5th Floor Santa Clara California 95054, United States of America<\/span><\/p>\n<p><b><i>Argentina<\/i><\/b><span style=\"font-weight: 400;\">\u00a0<\/span><br \/>\n<b>GlobalLogic Argentina SRL<\/b><span style=\"font-weight: 400;\"><br \/>\n<\/span><span style=\"font-weight: 400;\">485 Corrientes Av., 6th Floor, City of Buenos Aires, Argentina<\/span><\/p>\n<p><b><i>Australia<\/i><\/b><br \/>\n<b>Katzion Technology Solutions Pty. Ltd.<\/b><span style=\"font-weight: 400;\"><br \/>\n<\/span><span style=\"font-weight: 400;\">Registered office: Suite 3.02, Level 3, 60 Pitt Street, Sydney NSW 2000 Australia <\/span><span style=\"font-weight: 400;\">, <\/span><span style=\"font-weight: 400;\">ACN: 616 667 102<\/span><\/p>\n<p><b><i>Canada<\/i><\/b><span style=\"font-weight: 400;\">\u00a0<\/span><br \/>\n<b>GlobalLogic Canada ULC<\/b><span style=\"font-weight: 400;\"><br \/>\n<\/span><span style=\"font-weight: 400;\">110 Yonge Street, Suite 1401, Toronto, ON M5C1T4 Canada<\/span><\/p>\n<p><b><i>Chile<\/i><\/b><span style=\"font-weight: 400;\">\u00a0<\/span><br \/>\n<b>Software R&amp;D Services GlobalLogic Inc. Chile Limitada<\/b><span style=\"font-weight: 400;\"><br \/>\n<\/span><span style=\"font-weight: 400;\">222 Miraflores St., 28th Floor, City of Santiago, Chile.<\/span><\/p>\n<p><b><i>Colombia<\/i><\/b><span style=\"font-weight: 400;\">\u00a0<\/span><br \/>\n<b>GlobalLogic Colombia S.A.S.<\/b><span style=\"font-weight: 400;\"><br \/>\n<\/span><span style=\"font-weight: 400;\">100-43, Carrera 15 St., Office 602, Bogot\u00e1, Colombia<\/span><\/p>\n<p><b><i>Croatia \/ Hrvatska<\/i><\/b><span style=\"font-weight: 400;\">\u00a0<\/span><br \/>\n<b>GlobalLogic Croatia d.o.o.<\/b><span style=\"font-weight: 400;\"><br \/>\n<\/span><span style=\"font-weight: 400;\">Registered seat in \/ Sa sjedi\u0161tem u: Radni\u010dka cesta 75, 10000 Zagreb, entered in the Commercial Register of the Commercial Court in Zagreb under MBS (register number): \/ upisan u sudskom registru Trgova\u010dkog suda u Zagrebu pod MBS (mati\u010dni broj subjekta): 080723939, OTP banka d.d., registered seat in \/ sa sjedi\u0161tem u: Split, Croatia, Domovinskog rata 61, IBAN HR1424070001100542498, SWIFT OTPVHR2X, share capital \/ temeljni kapital: EUR 53,090 fully paid-in \/ upla\u0107en u cijelosti<\/span><\/p>\n<p><span style=\"font-weight: 400;\">Management Board President \/ Predsjednik Uprave: Vladimir Kosanovi\u0107; Management Board member \/ \u010clan Uprave: Agnieszka Michalina Augustyn\u00f3w<\/span><\/p>\n<p><b>CLEAR PEAKS, S.L. (Sociedad Unipersonal)<\/b><span style=\"font-weight: 400;\">, a foreign branch of CLEAR PEAKS, S.L.U. (Spain)<\/span><span style=\"font-weight: 400;\">, <\/span><span style=\"font-weight: 400;\">registered address: Zagreb, Grama\u010da 2L, 10000 Zagreb, registration number (MBS): 081382062<\/span><\/p>\n<p><b><i>Germany \/ Deutschland<\/i><\/b><span style=\"font-weight: 400;\">\u00a0<\/span><br \/>\n<b>GlobalLogic Germany GmbH<\/b><span style=\"font-weight: 400;\"><br \/>\n<\/span><span style=\"font-weight: 400;\">Bellevuestra\u00dfe 3-5, 10785 Berlin, +49 1512 0957980, local court of Berlin-Charlottenburg \/ amtsgericht Berlin-Charlottenburg, HRB 222632 B, VAT registration number \/ USt.-Identifikationsnummer: DE277449153<\/span><\/p>\n<p><span style=\"font-weight: 400;\">Managing directors \/ Gesch\u00e4ftsf\u00fchrer: Sascha Janke, Rodrigo Cofi\u00f1o, Anna Radzivilovsky External Data Protection Officer: \/ Externer Datenschutzbeauftragter: Petra Eul-L\u00f6h, HEC Harald Eul Consulting GmbH, Auf der H\u00f6he 34, 50321 Br\u00fchl, <\/span><a rel=\"external nofollow\" target=\"_blank\" href=\"mailto:Privacy-GlobalLogicGermany@he-c.de\"><span style=\"font-weight: 400;\">Privacy-GlobalLogicGermany@he-c.de<\/span><\/a><\/p>\n<p><b>synvert consulting GmbH<\/b><span style=\"font-weight: 400;\"><br \/>\n<\/span><span style=\"font-weight: 400;\">Registered address: Munster\/Robert-Bosch-Stra\u00dfe 17a, 48153 Munster, Germany, registration number: HRB 5245<\/span><\/p>\n<p><span style=\"font-weight: 400;\">Managing directors \/ Gesch\u00e4ftsf\u00fchrer: Rodrigo Cofino, Sascha Janke, Rene Paul, Lukas Hestermann, Daniela Mo\u00df<\/span><br \/>\n<span style=\"font-weight: 400;\">External Data Protection Officer: \/ Externer Datenschutzbeauftragter: Dr. Stefan Bischoff, c\/o Wolter Hoppenberg Rechtsanw\u00e4lte Partnerschaft mbB, bischoff@wolter-hoppenberg.de<\/span><\/p>\n<p><b><i>India<\/i><\/b><span style=\"font-weight: 400;\">\u00a0<\/span><br \/>\n<b>GlobalLogic India Private Limited<\/b><span style=\"font-weight: 400;\"><br \/>\n<\/span><span style=\"font-weight: 400;\">Registered office: 207, Gupta Arcade, Plot No 5, L.S.C, Mayur Vihar, Phase -1, Extension, Delhi-110091, India. CIN: U74899DL2000PTC109036<\/span><\/p>\n<p><b>GlobalLogic Technologies Private Limited<\/b><span style=\"font-weight: 400;\"><br \/>\n<\/span><span style=\"font-weight: 400;\">Registered office: 6th floor, Block 1, DLF Cyber city, Hyderabad, Telangana 500019, India. CIN: U72200TG2006PTC067980<\/span><\/p>\n<p><b>Katzion India Private Limited<\/b><span style=\"font-weight: 400;\"><br \/>\n<\/span><span style=\"font-weight: 400;\">Registered office: 11B, Transasia Cyberpark, Infopark SEZ phase II, Kakkanad, Ernakulam, Kerala, India, 682303, CIN: U72200KL2022FTC074817<\/span><\/p>\n<p><b>Mobiveil Technologies India Private Limited<\/b><span style=\"font-weight: 400;\"><br \/>\n<\/span><span style=\"font-weight: 400;\">Registered office: 205, Gupta Arcade, Plot No 5, L.S.C, Mayur Vihar, Phase -1, Extension, Delhi-110091, India. CIN: U72200DL2012PTC444153<\/span><\/p>\n<p><b><i>Ireland<\/i><\/b><span style=\"font-weight: 400;\">\u00a0<\/span><br \/>\n<b>GlobalLogic Software and Technology Ireland Limited t\/a GlobalLogic Ireland<\/b><span style=\"font-weight: 400;\"><br \/>\n<\/span><span style=\"font-weight: 400;\">Registration Number: 522680, registered Address: Unit 2 Block C, Monksland, Athlone, Co. Roscommon, N37 W8F8, Republic of Ireland, contact address: Unit 2 Block C, Monksland, Athlone, Co. Roscommon, N37 W8F8, Republic of Ireland<\/span><\/p>\n<p><b><i>Israel<\/i><\/b><span style=\"font-weight: 400;\">\u00a0<\/span><br \/>\n<b>GlobalLogic Israel Ltd.<\/b><span style=\"font-weight: 400;\"><br \/>\n<\/span><span style=\"font-weight: 400;\">Sapir Tower, Tuval 40 Ramat Gan 52522<\/span><\/p>\n<p><b><i>Japan <\/i><\/b><b>\/ [\u65e5\u672c]<\/b><span style=\"font-weight: 400;\">\u00a0<\/span><br \/>\n<b>GlobalLogic Japan, Ltd.<\/b><span style=\"font-weight: 400;\"> ([GlobalLogic Japan \u682a\u5f0f\u4f1a\u793e])<\/span><span style=\"font-weight: 400;\"><br \/>\n<\/span><span style=\"font-weight: 400;\">17F Sapia Tower, 1-7-12 Marunouchi, Chiyoda-ku, Tokyo, 100-0005 Japan<\/span><br \/>\n<span style=\"font-weight: 400;\">Representative Director: Vaibhav Sharma<\/span><\/p>\n<p><b><i>Mexico \/ M\u00e9xico<\/i><\/b><span style=\"font-weight: 400;\">\u00a0<\/span><br \/>\n<b>GlobalLogic Mexico S. de R.L. de C.V.<\/b><span style=\"font-weight: 400;\"><br \/>\n<\/span><span style=\"font-weight: 400;\">442 Lago Alberto St., Tour A, Int. 403 Suite 555, Col. An\u00e1huac I, Secci\u00f3n, Alcald\u00eda Miguel Hidalgo, C.P. 1132, City of Mexico, Mexico<\/span><\/p>\n<p><b><i>Per\u00fa<\/i><\/b><span style=\"font-weight: 400;\">\u00a0<\/span><br \/>\n<b>GlobalLogic Peru S.A.C.<\/b><span style=\"font-weight: 400;\"><br \/>\n<\/span><span style=\"font-weight: 400;\">488 Javier Prado Este Av, 9th Floor, Office 9, San Isidro, Lima, Peru, registration number: 14962751<\/span><\/p>\n<p><b><i>Poland \/ Polska<\/i><\/b><span style=\"font-weight: 400;\">\u00a0<\/span><br \/>\n<b>GlobalLogic Poland Sp. z o.o.<\/b><span style=\"font-weight: 400;\"><br \/>\n<\/span><span style=\"font-weight: 400;\">Registered seat in \/ Siedziba: Wroclaw, Poland, ul. Strzegomska 48A, 53- 611, entered in the Enterprise Register of the National Court Register maintained by the District Court for Wroclaw-Fabryczna, VI Commercial Division of the National Court Register \/ wpisana do rejestru przedsi\u0119biorc\u00f3w Krajowego Rejestru S\u0105dowego prowadzonego przez S\u0105d Rejonowy dla Wroc\u0142awia-Fabrycznej, VI Wydzia\u0142 Gospodarczy Krajowego Rejestru S\u0105dowego, KRS (register number): 0000835233, NIP (tax ID number): 8942924978, share capital \/ kapita\u0142 zak\u0142adowy: PLN 4,962,500.00, having a status of a large entrepreneur\/ posiada status du\u017cego przedsi\u0119biorcy<\/span><\/p>\n<p><b><i>Portugal<\/i><\/b><span style=\"font-weight: 400;\">\u00a0<\/span><br \/>\n<b>xgeeks Portugal, Unipessoal LDA<\/b><span style=\"font-weight: 400;\"><br \/>\n<\/span><span style=\"font-weight: 400;\">Registered address: Edificio Moagem, Rua de S\u00e3o Francisco 14, fra\u00e7\u00f5es F-G, 2400-230 Leiria, Portugal. Registration number: NIPC 515 559 059<\/span><\/p>\n<p><b><i>Romania \/ Rom\u00e2nia<\/i><\/b><span style=\"font-weight: 400;\">\u00a0<\/span><br \/>\n<b>GlobalLogic Romania S.R.L.<\/b><span style=\"font-weight: 400;\"><br \/>\n<\/span><span style=\"font-weight: 400;\">Registered Seat \/ Sediu: Cluj Napoca, 106 Frunzisului Street, Cluj County \/ Municipiul Cluj-Napoca, Strada Frunzi\u015fului Nr. 106, Judet Cluj, registration number with the Trade Registry\/ num\u0103r de \u00eenregistrare \u00een Registrul Comer\u021bului: <\/span><span style=\"font-weight: 400;\">J2003003603124, <\/span><span style=\"font-weight: 400;\">Sole Code of Registration\/ Cod Unic de \u00cenregistrare: 16013724, share capital\/ capital social: RON 783,904 \/ 783.904 RON<\/span><\/p>\n<p><b><i>Singapore<\/i><\/b><span style=\"font-weight: 400;\">\u00a0<\/span><br \/>\n<b>Katzion Technology Solutions Pte. Ltd.<\/b><span style=\"font-weight: 400;\"><br \/>\n<\/span><span style=\"font-weight: 400;\">Registered office: 20 Collyer Quay #09-01 Singapore, 049319, registration number: 2020 162 13Z<\/span><\/p>\n<p><b><i>Slovakia \/ Slovensko<\/i><\/b><span style=\"font-weight: 400;\">\u00a0<\/span><br \/>\n<b>GlobalLogic Slovakia s.r.o.<\/b><span style=\"font-weight: 400;\"><br \/>\n<\/span><span style=\"font-weight: 400;\">Registered seat in \/ So s\u00eddlom: Ko\u0161ice, Slovak Republic, \u0160t\u00farova 50, 040 01, ID No. \/ I\u010cO: 47 782 421, registered in the Commercial Register of the Municipal Court of Ko\u0161ice, Section: Sro, File No.: 35803\/V \/ zap\u00edsan\u00e1 v Obchodnom registri Mestsk\u00e9ho s\u00fadu Ko\u0161ice, odd. Sro, vlo\u017eka \u010d.: 35803\/V; VAT number \/ I\u010c DPH : SK2024098142<\/span><\/p>\n<p><b><i>Spain \/ Espa\u00f1a<\/i><\/b><span style=\"font-weight: 400;\">\u00a0<\/span><br \/>\n<b>GlobalLogic Spain S.L.U.<\/b><span style=\"font-weight: 400;\"><br \/>\n<\/span><span style=\"font-weight: 400;\">Parque Empresarial V\u00eda Norte, 13-23 Quintanavides St., Building 2 \u2013 2nd Floor, Madrid, Spain Company\u2019s registration in the commercial registry \/ Registro Mercantil: Madrid \u2013 No. 132,222\/2022, VAT number \/ N\u00famero de Identificaci\u00f3n Fiscal: B72403280<\/span><\/p>\n<p><b>Katzion Technology Solutions, S.L.<\/b><span style=\"font-weight: 400;\"><br \/>\n<\/span><span style=\"font-weight: 400;\">318-SA-3 Padilla St., 08025 Barcelona, Spain, ACN: 23052657, <\/span><span style=\"font-weight: 400;\">VAT number \/ n\u00famero de Identificaci\u00f3n Fiscal: <\/span><span style=\"font-weight: 400;\">B13722038<\/span><\/p>\n<p><b>CLEAR PEAKS, S.L.U.<\/b><span style=\"font-weight: 400;\"><br \/>\n<\/span><span style=\"font-weight: 400;\">Registered address: Carrer Sant Eusebi 29, 08006 Barcelona, Spain, registration number: ES43017.000020355<\/span><\/p>\n<p><b><i>Sweden \/ Sverige<\/i><\/b><span style=\"font-weight: 400;\">\u00a0<\/span><br \/>\n<b>GlobalLogic Sweden AB<\/b><span style=\"font-weight: 400;\"><br \/>\n<\/span><span style=\"font-weight: 400;\">Corporate organisation number \/ Med organisationsnummer: 559042-2035, with its registered office in: \/ med registrerad adress i: G\u00f6teborg, contact \/ kontakt: M\u00e5rten Krakowgatan 2, 411 04 G\u00d6TEBORG, Sweden<\/span><\/p>\n<p><b><i>Switzerland \/ Schweiz<\/i><\/b><span style=\"font-weight: 400;\">\u00a0<\/span><br \/>\n<b>synvert consulting AG<\/b><span style=\"font-weight: 400;\"><br \/>\n<\/span><span style=\"font-weight: 400;\">Registered address: Baden\/ Brown Boveri Stra\u00dfe 12, 5400 Baden, Switzerland, registration number: CHE-100.787.493<\/span><\/p>\n<p><b>GlobalLogic Switzerland GmbH<\/b><span style=\"font-weight: 400;\"><br \/>\n<\/span><span style=\"font-weight: 400;\">Registered address: Bahnhofstrasse 64, Zurich 8001, Switzerland, registration number: CHE-412.796-767<\/span><\/p>\n<p><b><i>UK<\/i><\/b><span style=\"font-weight: 400;\">\u00a0<\/span><br \/>\n<b>GlobalLogic Corp. UK Ltd.<\/b><span style=\"font-weight: 400;\">*<\/span><span style=\"font-weight: 400;\"><br \/>\n<\/span><span style=\"font-weight: 400;\">Registration number SC357435, registered seat: Apex 3, 95 Haymarket Terrace, Edinburgh, EH12 5HD<\/span><br \/>\n<span style=\"font-weight: 400;\">*data controller for the purpose of recruitment<\/span><\/p>\n<p><b>GlobalLogic N.I. Limited<\/b><span style=\"font-weight: 400;\"><br \/>\n<\/span><span style=\"font-weight: 400;\">Registration number: NI683965, registered seat: 4th Floor Glendinning House, 6 Murray Street, Belfast, Northern Ireland, BT1 6DN<\/span><\/p>\n<p><b><i>Ukraine \/ \u0423\u043a\u0440\u0430\u0457\u043d\u0430<\/i><\/b><span style=\"font-weight: 400;\">\u00a0<\/span><br \/>\n<b>GlobalLogic Ukraine LLC <\/b><span style=\"font-weight: 400;\">(\u0422\u041e\u0412 \u00ab\u0413\u043b\u043e\u0431\u0430\u043b\u041b\u043e\u0434\u0436\u0438\u043a \u0423\u043a\u0440\u0430\u0457\u043d\u0430\u00bb)<\/span><span style=\"font-weight: 400;\"><br \/>\n<\/span><span style=\"font-weight: 400;\">Identification code of legal entity \/ \u0406\u0434\u0435\u043d\u0442\u0438\u0444\u0456\u043a\u0430\u0446\u0456\u0439\u043d\u0438\u0439 \u043a\u043e\u0434 \u044e\u0440\u0438\u0434\u0438\u0447\u043d\u043e\u0457 \u043e\u0441\u043e\u0431\u0438: 34423473, 2\/1 M.Grinchenka, Kyiv City, 03038 Ukraine \/ \u0423\u043a\u0440\u0430\u0457\u043d\u0430, 03038, \u041a\u0438\u0457\u0432, \u0432\u0443\u043b. \u041c. \u0413\u0440\u0456\u043d\u0447\u0435\u043d\u043a\u0430 2\/1, +380-44-492-9695<\/span><\/p>\n<p><b><i>United Arab Emirates<\/i><\/b><span style=\"font-weight: 400;\">\u00a0<\/span><br \/>\n<b>Katzion Technology Solutions DMCC<\/b><span style=\"font-weight: 400;\"><br \/>\n<\/span><span style=\"font-weight: 400;\">Registered office: Unit No: 328 DMCC Business Centre Level No 5 Jewellery &amp; Gemplex 2 Dubai, registration number: DMCC189321<\/span><\/p>\n<p><b>CLEAR PEAKS SL &#8211; Abu Dhabi<\/b><span style=\"font-weight: 400;\">, a foreign branch of CLEAR PEAKS, S.L.U. (Spain)<\/span><span style=\"font-weight: 400;\"><br \/>\n<\/span><span style=\"font-weight: 400;\">Registered address: Office 17, 29th Floor, Alt Space Business Center, Shining Tower, Khalidiyah Street, Abu Dhabi, UAE, registration number: CN-2098948<\/span><\/p>\n<p><b><i>Uruguay<\/i><\/b><br \/>\n<b>Hexacta S.R.L.<\/b><br \/>\n<span style=\"font-weight: 400;\">753 Plaza Independencia St., Victoria Plaza Office Tower, 12th Floor, CP 11100 Montevideo, Uruguay, registration number: 1378 &#8211; Section National Registry of Commerce January 28, 2008 TaxID (RUT): 21 603752 0015<\/span><\/p>\n<p><b>GlobalLogic Uruguay S.R.L.<\/b><br \/>\n<span style=\"font-weight: 400;\">753 Plaza Independencia St., Victoria Plaza Office Tower, 12th Floor, CP 11100 Montevideo, Uruguay, registration number: 1871 &#8211; Section National Registry of Commerce March 31, 2003 TaxID (RUT): 21 477681 0017<\/span><\/p>\n    <\/div>\r\n <\/section>\r\n ","protected":false},"excerpt":{"rendered":"","protected":false},"author":26,"featured_media":0,"parent":0,"menu_order":19,"comment_status":"closed","ping_status":"closed","template":"","meta":{"_acf_changed":false,"footnotes":""},"class_list":["post-31511","page","type-page","status-publish","hentry"],"acf":[],"aioseo_notices":[],"_links":{"self":[{"href":"https:\/\/www.globallogic.com\/latam\/wp-json\/wp\/v2\/pages\/31511","targetHints":{"allow":["GET"]}}],"collection":[{"href":"https:\/\/www.globallogic.com\/latam\/wp-json\/wp\/v2\/pages"}],"about":[{"href":"https:\/\/www.globallogic.com\/latam\/wp-json\/wp\/v2\/types\/page"}],"author":[{"embeddable":true,"href":"https:\/\/www.globallogic.com\/latam\/wp-json\/wp\/v2\/users\/26"}],"replies":[{"embeddable":true,"href":"https:\/\/www.globallogic.com\/latam\/wp-json\/wp\/v2\/comments?post=31511"}],"version-history":[{"count":5,"href":"https:\/\/www.globallogic.com\/latam\/wp-json\/wp\/v2\/pages\/31511\/revisions"}],"predecessor-version":[{"id":103387,"href":"https:\/\/www.globallogic.com\/latam\/wp-json\/wp\/v2\/pages\/31511\/revisions\/103387"}],"wp:attachment":[{"href":"https:\/\/www.globallogic.com\/latam\/wp-json\/wp\/v2\/media?parent=31511"}],"curies":[{"name":"wp","href":"https:\/\/api.w.org\/{rel}","templated":true}]}}