 
{"id":34285,"date":"2020-10-15T05:54:49","date_gmt":"2020-10-15T05:54:49","guid":{"rendered":"https:\/\/www.globallogic.com\/latam\/?page_id=34285"},"modified":"2026-04-15T09:23:04","modified_gmt":"2026-04-15T09:23:04","slug":"compliance-disclosures","status":"publish","type":"page","link":"https:\/\/www.globallogic.com\/latam\/compliance-disclosures\/","title":{"rendered":"Compliance &amp; Disclosures"},"content":{"rendered":"<div class=\"classic_editor_content\">\n<ol>\n<li><a href=\"https:\/\/www.globallogic.com\/latam\/wp-content\/uploads\/sites\/5\/2023\/09\/Codigo-de-Etica-y-Conducta-Empresarial-de-Hitachi-Group.pdf\" target=\"_blank\" rel=\"noopener\">C\u00f3digo de Conducta<\/a> \u2013 C\u00f3digo de \u00c9tica y Conducta Empresarial de Hitachi Group.<\/li>\n<li><a href=\"https:\/\/www.globallogic.com\/latam\/terms-of-services\/\">T\u00e9rminos del Servicio<\/a> &#8211; <span data-sheets-value=\"{&quot;1&quot;:2,&quot;2&quot;:&quot;El acuerdo legal entre cada visitante y GlobalLogic.&quot;}\" data-sheets-userformat=\"{&quot;2&quot;:831,&quot;3&quot;:{&quot;1&quot;:0},&quot;4&quot;:{&quot;1&quot;:2,&quot;2&quot;:16777215},&quot;5&quot;:{&quot;1&quot;:[{&quot;1&quot;:2,&quot;2&quot;:0,&quot;5&quot;:{&quot;1&quot;:2,&quot;2&quot;:0}},{&quot;1&quot;:0,&quot;2&quot;:0,&quot;3&quot;:3},{&quot;1&quot;:1,&quot;2&quot;:0,&quot;4&quot;:1}]},&quot;6&quot;:{&quot;1&quot;:[{&quot;1&quot;:2,&quot;2&quot;:0,&quot;5&quot;:{&quot;1&quot;:2,&quot;2&quot;:0}},{&quot;1&quot;:0,&quot;2&quot;:0,&quot;3&quot;:3},{&quot;1&quot;:1,&quot;2&quot;:0,&quot;4&quot;:1}]},&quot;7&quot;:{&quot;1&quot;:[{&quot;1&quot;:2,&quot;2&quot;:0,&quot;5&quot;:{&quot;1&quot;:2,&quot;2&quot;:0}},{&quot;1&quot;:0,&quot;2&quot;:0,&quot;3&quot;:3},{&quot;1&quot;:1,&quot;2&quot;:0,&quot;4&quot;:1}]},&quot;8&quot;:{&quot;1&quot;:[{&quot;1&quot;:2,&quot;2&quot;:0,&quot;5&quot;:{&quot;1&quot;:2,&quot;2&quot;:0}},{&quot;1&quot;:0,&quot;2&quot;:0,&quot;3&quot;:3},{&quot;1&quot;:1,&quot;2&quot;:0,&quot;4&quot;:1}]},&quot;11&quot;:4,&quot;12&quot;:0}\">El acuerdo legal entre cada Visitante y GlobalLogic.<\/span><\/li>\n<li><a href=\"https:\/\/www.globallogic.com\/latam\/corporate-information\/\">Informaci\u00f3n Corporativa<\/a> &#8211; <span data-sheets-value=\"{&quot;1&quot;:2,&quot;2&quot;:&quot;Datos legalmente requeridos de las empresas del grupo GlobalLogic. &quot;}\" data-sheets-userformat=\"{&quot;2&quot;:6975,&quot;3&quot;:{&quot;1&quot;:0},&quot;4&quot;:{&quot;1&quot;:2,&quot;2&quot;:16777215},&quot;5&quot;:{&quot;1&quot;:[{&quot;1&quot;:2,&quot;2&quot;:0,&quot;5&quot;:{&quot;1&quot;:2,&quot;2&quot;:0}},{&quot;1&quot;:0,&quot;2&quot;:0,&quot;3&quot;:3},{&quot;1&quot;:1,&quot;2&quot;:0,&quot;4&quot;:1}]},&quot;6&quot;:{&quot;1&quot;:[{&quot;1&quot;:2,&quot;2&quot;:0,&quot;5&quot;:{&quot;1&quot;:2,&quot;2&quot;:0}},{&quot;1&quot;:0,&quot;2&quot;:0,&quot;3&quot;:3},{&quot;1&quot;:1,&quot;2&quot;:0,&quot;4&quot;:1}]},&quot;7&quot;:{&quot;1&quot;:[{&quot;1&quot;:2,&quot;2&quot;:0,&quot;5&quot;:{&quot;1&quot;:2,&quot;2&quot;:0}},{&quot;1&quot;:0,&quot;2&quot;:0,&quot;3&quot;:3},{&quot;1&quot;:1,&quot;2&quot;:0,&quot;4&quot;:1}]},&quot;8&quot;:{&quot;1&quot;:[{&quot;1&quot;:2,&quot;2&quot;:0,&quot;5&quot;:{&quot;1&quot;:2,&quot;2&quot;:0}},{&quot;1&quot;:0,&quot;2&quot;:0,&quot;3&quot;:3},{&quot;1&quot;:1,&quot;2&quot;:0,&quot;4&quot;:1}]},&quot;11&quot;:4,&quot;12&quot;:0,&quot;14&quot;:{&quot;1&quot;:2,&quot;2&quot;:2236962},&quot;15&quot;:&quot;Arial, Helvetica, sans-serif&quot;}\">Datos legalmente requeridos de las Empresas del grupo GlobalLogic. <\/span><\/li>\n<li><a href=\"https:\/\/www.globallogic.com\/latam\/globallogic-vendor-code-of-conduct\/\">C\u00f3digo de Conducta para Proveedores<\/a> &#8211; <span data-sheets-value=\"{&quot;1&quot;:2,&quot;2&quot;:&quot;Publicaci\u00f3n de los requisitos de conducta del proveedor.&quot;}\" data-sheets-userformat=\"{&quot;2&quot;:831,&quot;3&quot;:{&quot;1&quot;:0},&quot;4&quot;:{&quot;1&quot;:2,&quot;2&quot;:16777215},&quot;5&quot;:{&quot;1&quot;:[{&quot;1&quot;:2,&quot;2&quot;:0,&quot;5&quot;:{&quot;1&quot;:2,&quot;2&quot;:0}},{&quot;1&quot;:0,&quot;2&quot;:0,&quot;3&quot;:3},{&quot;1&quot;:1,&quot;2&quot;:0,&quot;4&quot;:1}]},&quot;6&quot;:{&quot;1&quot;:[{&quot;1&quot;:2,&quot;2&quot;:0,&quot;5&quot;:{&quot;1&quot;:2,&quot;2&quot;:0}},{&quot;1&quot;:0,&quot;2&quot;:0,&quot;3&quot;:3},{&quot;1&quot;:1,&quot;2&quot;:0,&quot;4&quot;:1}]},&quot;7&quot;:{&quot;1&quot;:[{&quot;1&quot;:2,&quot;2&quot;:0,&quot;5&quot;:{&quot;1&quot;:2,&quot;2&quot;:0}},{&quot;1&quot;:0,&quot;2&quot;:0,&quot;3&quot;:3},{&quot;1&quot;:1,&quot;2&quot;:0,&quot;4&quot;:1}]},&quot;8&quot;:{&quot;1&quot;:[{&quot;1&quot;:2,&quot;2&quot;:0,&quot;5&quot;:{&quot;1&quot;:2,&quot;2&quot;:0}},{&quot;1&quot;:0,&quot;2&quot;:0,&quot;3&quot;:3},{&quot;1&quot;:1,&quot;2&quot;:0,&quot;4&quot;:1}]},&quot;11&quot;:4,&quot;12&quot;:0}\">Publicaci\u00f3n de los requisitos de Conducta del Proveedor.<\/span><\/li>\n<li><a href=\"https:\/\/www.globallogic.com\/latam\/consumer-fraud-prevention\/\">Fraude al Consumidor<\/a> &#8211; <span data-sheets-value=\"{&quot;1&quot;:2,&quot;2&quot;:&quot;Recursos del consumidor para evitar el fraude.&quot;}\" data-sheets-userformat=\"{&quot;2&quot;:6975,&quot;3&quot;:{&quot;1&quot;:0},&quot;4&quot;:{&quot;1&quot;:2,&quot;2&quot;:16777215},&quot;5&quot;:{&quot;1&quot;:[{&quot;1&quot;:2,&quot;2&quot;:0,&quot;5&quot;:{&quot;1&quot;:2,&quot;2&quot;:0}},{&quot;1&quot;:0,&quot;2&quot;:0,&quot;3&quot;:3},{&quot;1&quot;:1,&quot;2&quot;:0,&quot;4&quot;:1}]},&quot;6&quot;:{&quot;1&quot;:[{&quot;1&quot;:2,&quot;2&quot;:0,&quot;5&quot;:{&quot;1&quot;:2,&quot;2&quot;:0}},{&quot;1&quot;:0,&quot;2&quot;:0,&quot;3&quot;:3},{&quot;1&quot;:1,&quot;2&quot;:0,&quot;4&quot;:1}]},&quot;7&quot;:{&quot;1&quot;:[{&quot;1&quot;:2,&quot;2&quot;:0,&quot;5&quot;:{&quot;1&quot;:2,&quot;2&quot;:0}},{&quot;1&quot;:0,&quot;2&quot;:0,&quot;3&quot;:3},{&quot;1&quot;:1,&quot;2&quot;:0,&quot;4&quot;:1}]},&quot;8&quot;:{&quot;1&quot;:[{&quot;1&quot;:2,&quot;2&quot;:0,&quot;5&quot;:{&quot;1&quot;:2,&quot;2&quot;:0}},{&quot;1&quot;:0,&quot;2&quot;:0,&quot;3&quot;:3},{&quot;1&quot;:1,&quot;2&quot;:0,&quot;4&quot;:1}]},&quot;11&quot;:4,&quot;12&quot;:0,&quot;14&quot;:{&quot;1&quot;:2,&quot;2&quot;:2236962},&quot;15&quot;:&quot;Arial, Helvetica, sans-serif&quot;}\">Recursos del Consumidor para evitar el Fraude.<\/span><\/li>\n<li><a href=\"https:\/\/www.globallogic.com\/latam\/compliance-disclosures\/seguridad-y-salud\/\">Seguridad y Salud en el Trabajo<\/a> &#8211; Pol\u00edticas de Seguridad y Salud en el Trabajo<\/li>\n<li><a target=\"_blank\" href=\"https:\/\/www.globallogic.com\/latam\/wp-content\/uploads\/sites\/5\/2026\/04\/Politica-de-Medio-Ambiente-LatAm-2026.pdf\">Sustentabilidad<\/a> &#8211; <span data-sheets-value=\"{&quot;1&quot;:2,&quot;2&quot;:&quot;Recursos del consumidor para evitar el fraude.&quot;}\" data-sheets-userformat=\"{&quot;2&quot;:6975,&quot;3&quot;:{&quot;1&quot;:0},&quot;4&quot;:{&quot;1&quot;:2,&quot;2&quot;:16777215},&quot;5&quot;:{&quot;1&quot;:[{&quot;1&quot;:2,&quot;2&quot;:0,&quot;5&quot;:{&quot;1&quot;:2,&quot;2&quot;:0}},{&quot;1&quot;:0,&quot;2&quot;:0,&quot;3&quot;:3},{&quot;1&quot;:1,&quot;2&quot;:0,&quot;4&quot;:1}]},&quot;6&quot;:{&quot;1&quot;:[{&quot;1&quot;:2,&quot;2&quot;:0,&quot;5&quot;:{&quot;1&quot;:2,&quot;2&quot;:0}},{&quot;1&quot;:0,&quot;2&quot;:0,&quot;3&quot;:3},{&quot;1&quot;:1,&quot;2&quot;:0,&quot;4&quot;:1}]},&quot;7&quot;:{&quot;1&quot;:[{&quot;1&quot;:2,&quot;2&quot;:0,&quot;5&quot;:{&quot;1&quot;:2,&quot;2&quot;:0}},{&quot;1&quot;:0,&quot;2&quot;:0,&quot;3&quot;:3},{&quot;1&quot;:1,&quot;2&quot;:0,&quot;4&quot;:1}]},&quot;8&quot;:{&quot;1&quot;:[{&quot;1&quot;:2,&quot;2&quot;:0,&quot;5&quot;:{&quot;1&quot;:2,&quot;2&quot;:0}},{&quot;1&quot;:0,&quot;2&quot;:0,&quot;3&quot;:3},{&quot;1&quot;:1,&quot;2&quot;:0,&quot;4&quot;:1}]},&quot;11&quot;:4,&quot;12&quot;:0,&quot;14&quot;:{&quot;1&quot;:2,&quot;2&quot;:2236962},&quot;15&quot;:&quot;Arial, Helvetica, sans-serif&quot;}\">Pol\u00edtica de Medio Ambiente en LatAm.<\/span><\/li>\n<li><a href=\"https:\/\/www.globallogic.com\/latam\/compliance-disclosures\/quality-policy\/\">Quality Policy<\/a> &#8211; Pol\u00edtica de Calidad en LatAm.<\/li>\n<li><a href=\"https:\/\/www.globallogic.com\/latam\/third-party-harassment\/\" target=\"_blank\" rel=\"noopener\">Third party harassment<\/a>\u00a0\u2013 Our commitment on harassment and abusive behaviour<\/li>\n<\/ol>\n<\/div>\n","protected":false},"excerpt":{"rendered":"<p>C\u00f3digo de Conducta \u2013 C\u00f3digo de \u00c9tica y Conducta Empresarial de Hitachi Group. T\u00e9rminos del Servicio &#8211; El acuerdo legal entre cada Visitante y GlobalLogic. Informaci\u00f3n Corporativa &#8211; Datos legalmente requeridos de las Empresas del grupo GlobalLogic. C\u00f3digo de Conducta para Proveedores &#8211; Publicaci\u00f3n de los requisitos de Conducta del Proveedor. Fraude al Consumidor &#8211; Recursos del Consumidor para evitar el Fraude. Seguridad y Salud en el Trabajo &#8211; Pol\u00edticas de Seguridad y Salud en el Trabajo Sustentabilidad &#8211; Pol\u00edtica de Medio Ambiente en LatAm. Quality Policy &#8211; Pol\u00edtica de Calidad en LatAm. Third party harassment\u00a0\u2013 Our commitment on harassment and abusive behaviour<\/p>\n","protected":false},"author":26,"featured_media":0,"parent":0,"menu_order":16,"comment_status":"closed","ping_status":"closed","template":"text-content-template.php","meta":{"_acf_changed":false,"footnotes":""},"class_list":["post-34285","page","type-page","status-publish","hentry"],"acf":[],"aioseo_notices":[],"_links":{"self":[{"href":"https:\/\/www.globallogic.com\/latam\/wp-json\/wp\/v2\/pages\/34285","targetHints":{"allow":["GET"]}}],"collection":[{"href":"https:\/\/www.globallogic.com\/latam\/wp-json\/wp\/v2\/pages"}],"about":[{"href":"https:\/\/www.globallogic.com\/latam\/wp-json\/wp\/v2\/types\/page"}],"author":[{"embeddable":true,"href":"https:\/\/www.globallogic.com\/latam\/wp-json\/wp\/v2\/users\/26"}],"replies":[{"embeddable":true,"href":"https:\/\/www.globallogic.com\/latam\/wp-json\/wp\/v2\/comments?post=34285"}],"version-history":[{"count":17,"href":"https:\/\/www.globallogic.com\/latam\/wp-json\/wp\/v2\/pages\/34285\/revisions"}],"predecessor-version":[{"id":103369,"href":"https:\/\/www.globallogic.com\/latam\/wp-json\/wp\/v2\/pages\/34285\/revisions\/103369"}],"wp:attachment":[{"href":"https:\/\/www.globallogic.com\/latam\/wp-json\/wp\/v2\/media?parent=34285"}],"curies":[{"name":"wp","href":"https:\/\/api.w.org\/{rel}","templated":true}]}}