 
{"id":53,"date":"2024-08-07T07:49:17","date_gmt":"2024-08-07T07:49:17","guid":{"rendered":"https:\/\/www.globallogic.com\/latam\/?page_id=53"},"modified":"2025-03-13T10:44:52","modified_gmt":"2025-03-13T10:44:52","slug":"partners","status":"publish","type":"page","link":"https:\/\/www.globallogic.com\/latam\/about\/partners\/","title":{"rendered":"Socios"},"content":{"rendered":"    <section class=\"about_banner_block\" id=\"partners-hero-banner-block_4a983472f292b2ed190c13d854c2b5bc\">\r\n        <div class=\"container\">\r\n            <div class=\"about_banner_area\">\r\n                                    <h1>Forjamos partnerships s\u00f3lidos con l\u00edderes de la industria para crear valor para nuestros clientes.<\/h1>\r\n                                                    <div class=\"about_banner_content\">\r\n                        <p>A trav\u00e9s de una colaboraci\u00f3n estrecha con socios tecnol\u00f3gicos l\u00edderes como AWS, Google Cloud y Microsoft Azure, ofrecemos soluciones innovadoras y personalizadas que transforman los negocios. Nuestra experiencia en la nube, datos, IA y automatizaci\u00f3n ayuda a los clientes a descubrir nuevas oportunidades, acelerar el crecimiento y lograr un impacto duradero.<\/p>\r\n                                            <\/div>\r\n                            <\/div>\r\n        <\/div>\r\n                    <img fetchpriority=\"high\" width=\"1440\" height=\"300\" src=\"https:\/\/www.globallogic.com\/latam\/wp-content\/uploads\/sites\/5\/2024\/08\/about_banner-1.jpg\" class=\"home_banner_img\" alt=\"GlobalLogic\" loading=\"eager\" decoding=\"async\" srcset=\"https:\/\/www.globallogic.com\/latam\/wp-content\/uploads\/sites\/5\/2024\/08\/about_banner-1.jpg 1440w, https:\/\/www.globallogic.com\/latam\/wp-content\/uploads\/sites\/5\/2024\/08\/about_banner-1-300x63.jpg 300w, https:\/\/www.globallogic.com\/latam\/wp-content\/uploads\/sites\/5\/2024\/08\/about_banner-1-1024x214.jpg 1024w, https:\/\/www.globallogic.com\/latam\/wp-content\/uploads\/sites\/5\/2024\/08\/about_banner-1-768x161.jpg 768w\" sizes=\"(max-width: 1440px) 100vw, 1440px\" \/>            <\/section>\r\n\r\n\n\n    <section class=\"partners-block \" id=\"partners-list-block-block_8d62887bd378e77ba7cdb46adb49821d\">\r\n        <div class=\"container\">\r\n            <div class=\"partners-head-block\">\r\n                                    <div class=\"sub_head\">Socios<\/div>\r\n                                <div class=\"partners-head-content\">\r\n                                            <h2 data-aos=\"fade-right\" data-aos-duration=\"1000\">El poder del partnership<\/h2>\r\n                                                                <p>Nuestras asociaciones nos dan acceso exclusivo a herramientas, capacitaciones y recursos. Tambi\u00e9n nos permiten llevar tus productos al mercado m\u00e1s r\u00e1pido y con mejores resultados.<\/p>\r\n                                    <\/div>\r\n            <\/div>\r\n                            <div class=\"partners-cards\">\r\n                                            <div class=\"card\" id=\"post-99531\">\r\n                            <div class=\"partner-icon\">\r\n                                <img width=\"75\" height=\"44\" src=\"https:\/\/www.globallogic.com\/latam\/wp-content\/uploads\/sites\/5\/2024\/09\/AWS-logo.svg\" class=\"attachment-full size-full\" alt=\"\" loading=\"eager\" decoding=\"async\" \/>                            <\/div>\r\n                            <div class=\"card-text\">\r\n                                <h4 class=\"card-title\">AWS + GlobalLogic<\/h4>\r\n                                <div class=\"card-body\"><p>Explora los servicios de GlobalLogic como socio de AWS, ofreciendo experiencia en soluciones en la nube para acelerar tu transformaci\u00f3n digital e impulsar la innovaci\u00f3n.<\/p>\n<\/div>\r\n                                <a href=\"https:\/\/www.globallogic.com\/latam\/about\/partners\/aws\/\" class=\"secondaryBtn\"> M\u00e1s informaci\u00f3n<\/a>\r\n                            <\/div>\r\n                        <\/div>\r\n                                            <div class=\"card\" id=\"post-99637\">\r\n                            <div class=\"partner-icon\">\r\n                                <img width=\"187\" height=\"41\" src=\"https:\/\/www.globallogic.com\/latam\/wp-content\/uploads\/sites\/5\/2024\/10\/Microsoft_logo.png\" class=\"attachment-full size-full\" alt=\"\" loading=\"eager\" decoding=\"async\" \/>                            <\/div>\r\n                            <div class=\"card-text\">\r\n                                <h4 class=\"card-title\">Microsoft<\/h4>\r\n                                <div class=\"card-body\"><p>Transformando negocios en diversas industrias con Microsoft Azure<\/p>\n<\/div>\r\n                                <a href=\"https:\/\/www.globallogic.com\/latam\/about\/partners\/microsoft-azure\/\" class=\"secondaryBtn\"> M\u00e1s informaci\u00f3n<\/a>\r\n                            <\/div>\r\n                        <\/div>\r\n                                            <div class=\"card\" id=\"post-99635\">\r\n                            <div class=\"partner-icon\">\r\n                                <img width=\"544\" height=\"96\" src=\"https:\/\/www.globallogic.com\/latam\/wp-content\/uploads\/sites\/5\/2024\/10\/GoogleCloud.png\" class=\"attachment-full size-full\" alt=\"\" loading=\"eager\" decoding=\"async\" srcset=\"https:\/\/www.globallogic.com\/latam\/wp-content\/uploads\/sites\/5\/2024\/10\/GoogleCloud.png 544w, https:\/\/www.globallogic.com\/latam\/wp-content\/uploads\/sites\/5\/2024\/10\/GoogleCloud-300x53.png 300w\" sizes=\"(max-width: 544px) 100vw, 544px\" \/>                            <\/div>\r\n                            <div class=\"card-text\">\r\n                                <h4 class=\"card-title\">Google Cloud<\/h4>\r\n                                <div class=\"card-body\"><p>Acelerando la innovaci\u00f3n con Google Cloud<\/p>\n<\/div>\r\n                                <a href=\"https:\/\/www.globallogic.com\/latam\/about\/partners\/gcp\/\" class=\"secondaryBtn\"> M\u00e1s informaci\u00f3n<\/a>\r\n                            <\/div>\r\n                        <\/div>\r\n                                    <\/div>\r\n                <a href=\"#\" class=\"secondaryBtn loadBtn\">Load more<\/a>\r\n                    <\/div>\r\n    <\/section>\r\n\n\n    <section class=\"get_in_block  \" id=\"get-in-block_1b3e085676880374e23a76bebfaff0be\">\r\n        <div class=\"container\">\r\n            <div class=\"get_in_area\">\r\n                                    <a href=\"https:\/\/www.globallogic.com\/latam\/contact\/\" class=\"primaryBtn\">Cont\u00e1ctanos<\/a>\r\n                \r\n                                    <h2>\r\n                                                    <span>Empecemos a<\/span>\r\n                                                    <span>generar impacto<\/span>\r\n                                                    <span>en conjunto.<\/span>\r\n                                            <\/h2>\r\n                                                    <p>GlobalLogic ofrece una combinaci\u00f3n \u00fanica de experiencia y conocimientos en la intersecci\u00f3n entre datos, dise\u00f1o e ingenier\u00eda.<\/p>\r\n                                <div class=\"get_in_overlay\"><\/div>\r\n            <\/div>\r\n        <\/div>\r\n    <\/section>\r\n","protected":false},"excerpt":{"rendered":"","protected":false},"author":1,"featured_media":0,"parent":47,"menu_order":0,"comment_status":"closed","ping_status":"closed","template":"templates\/partners.php","meta":{"_acf_changed":false,"footnotes":""},"class_list":["post-53","page","type-page","status-publish","hentry"],"acf":[],"aioseo_notices":[],"_links":{"self":[{"href":"https:\/\/www.globallogic.com\/latam\/wp-json\/wp\/v2\/pages\/53","targetHints":{"allow":["GET"]}}],"collection":[{"href":"https:\/\/www.globallogic.com\/latam\/wp-json\/wp\/v2\/pages"}],"about":[{"href":"https:\/\/www.globallogic.com\/latam\/wp-json\/wp\/v2\/types\/page"}],"author":[{"embeddable":true,"href":"https:\/\/www.globallogic.com\/latam\/wp-json\/wp\/v2\/users\/1"}],"replies":[{"embeddable":true,"href":"https:\/\/www.globallogic.com\/latam\/wp-json\/wp\/v2\/comments?post=53"}],"version-history":[{"count":17,"href":"https:\/\/www.globallogic.com\/latam\/wp-json\/wp\/v2\/pages\/53\/revisions"}],"predecessor-version":[{"id":101095,"href":"https:\/\/www.globallogic.com\/latam\/wp-json\/wp\/v2\/pages\/53\/revisions\/101095"}],"up":[{"embeddable":true,"href":"https:\/\/www.globallogic.com\/latam\/wp-json\/wp\/v2\/pages\/47"}],"wp:attachment":[{"href":"https:\/\/www.globallogic.com\/latam\/wp-json\/wp\/v2\/media?parent=53"}],"curies":[{"name":"wp","href":"https:\/\/api.w.org\/{rel}","templated":true}]}}