{"id":14794,"date":"2018-03-22T07:50:41","date_gmt":"2018-03-22T07:50:41","guid":{"rendered":"https:\/\/www.globallogic.com\/pl-polish\/?page_id=14794"},"modified":"2018-03-22T07:50:41","modified_gmt":"2018-03-22T07:50:41","slug":"gdpr","status":"publish","type":"page","link":"https:\/\/www.globallogic.com\/pl\/gdpr\/","title":{"rendered":"RODO"},"content":{"rendered":"<div class=\"classic_editor_content\">\n<h4>PRZYGOTOWANIE SI\u0118 DO RODO<\/h4>\n<h5>Firma GlobalLogic powa\u017cnie traktuje ochron\u0119 danych osobowych<\/h5>\n<p><strong><em>Czym jest RODO?<\/em><\/strong><\/p>\n<p style=\"background: white; margin: 12.0pt 0in .0001pt 0in;\"><span lang=\"PL\" style=\"color: #555555;\">Z dniem 25 maja 2018 r. wchodzi w \u017cycie og\u00f3lne rozporz\u0105dzenie o ochronie danych (RODO). RODO automatycznie stanie si\u0119 obowi\u0105zuj\u0105cym prawem we wszystkich 28 pa\u0144stwach cz\u0142onkowskich Unii Europejskiej i Europejskiego Obszaru Gospodarczego (UE\/EOG).<\/span><\/p>\n<p><span lang=\"PL\" style=\"color: #555555;\">Cele RODO s\u0105 nast\u0119puj\u0105ce:<\/span><\/p>\n<ul>\n<li>harmonizacja przepis\u00f3w o ochronie danych w ca\u0142ej UE;<\/li>\n<li>modernizacja przepis\u00f3w o ochronie danych w \u015bwietle zmian technologicznych;<\/li>\n<li>wzmocnienie praw os\u00f3b fizycznych;<\/li>\n<li>zwi\u0119kszenie wymog\u00f3w i obowi\u0105zk\u00f3w w zakresie rozliczalno\u015bci administrator\u00f3w danych i przetwarzaj\u0105cych dane oraz<\/li>\n<li>zapewnienie lepszej dokumentacji i dowod\u00f3w zgodno\u015bci z przepisami o ochronie danych oraz wi\u0119kszej przejrzysto\u015bci w odniesieniu do sposobu wykorzystywania danych oraz tego kto i w jakim celu je wykorzystuje.<\/li>\n<\/ul>\n<p style=\"background: white; margin: 12.0pt 0in .0001pt 0in;\"><span lang=\"PL\" style=\"color: #555555;\">RODO ma zastosowanie do przedsi\u0119biorstw (w UE i poza ni\u0105), kt\u00f3re przetwarzaj\u0105 dane osobowe os\u00f3b fizycznych w UE, w tym dane osobowe klient\u00f3w firmy GL, ich klient\u00f3w ko\u0144cowych i pracownik\u00f3w.<br \/>\n<\/span><\/p>\n<p><strong><em>Co firma GlobalLogic robi w sprawie RODO?<\/em><\/strong><\/p>\n<p style=\"background: white; margin: 12.0pt 0in .0001pt 0in;\"><span lang=\"PL\" style=\"color: #555555;\">Firma GlobalLogic przetwarza dane osobowe zar\u00f3wno jako administrator, jak i przetwarzaj\u0105cy i bardzo powa\u017cnie traktuje swoje zobowi\u0105zania wynikaj\u0105ce z RODO. W celu przygotowania si\u0119 do nowych zasad podj\u0119\u0142a ona dzia\u0142ania obejmuj\u0105ce:<\/span><\/p>\n<ul>\n<li>audyt globalnych dzia\u0142a\u0144 w zakresie przetwarzania danych;<\/li>\n<li>ocen\u0119 bezpiecze\u0144stwa danych w ca\u0142ej grupie;<\/li>\n<li>aktualizacj\u0119 szkole\u0144, zasad i procedur: Kliknij <a href=\"https:\/\/www.globallogic.com\/pl-polish\/privacy-policy\">TUTAJ<\/a>, aby zapozna\u0107 si\u0119 ze zaktualizowanymi \u201eZasadami ochrony prywatno\u015bci\u201d;<\/li>\n<li>zapewnienie odpowiednich warunk\u00f3w wsp\u00f3\u0142pracy z dostawcami dzia\u0142aj\u0105cymi jako przetwarzaj\u0105cy dane i wt\u00f3rnie przetwarzaj\u0105cy dane;<\/li>\n<li>aktualizacj\u0119 zasad stosowania plik\u00f3w cookie i podobnych rozwi\u0105za\u0144 w witrynie internetowej, marketingowych wiadomo\u015bciach e\u2013mail oraz mechanizm\u00f3w umo\u017cliwiaj\u0105cych klientom wyra\u017canie swoich preferencji marketingowych. Kliknij <a href=\"https:\/\/www.globallogic.com\/pl-polish\/cookies-policy\">TUTAJ<\/a>, aby zapozna\u0107 si\u0119 ze zaktualizowanymi zasadami dotycz\u0105cymi plik\u00f3w cookie.<\/li>\n<\/ul>\n<p><strong><em>Jakie s\u0105 zobowi\u0105zania firmy GlobalLogic wobec klient\u00f3w i podmiot\u00f3w danych?<\/em><\/strong><\/p>\n<p style=\"background: white; margin: 12.0pt 0in .0001pt 0in;\"><span lang=\"PL\" style=\"color: #555555;\">Firma GlobalLogic zobowi\u0105zuje si\u0119 do przestrzegania wymog\u00f3w RODO w praktyce, co oznacza, \u017ce podczas przetwarzania danych dla swoich klient\u00f3w zobowi\u0105zuje si\u0119 do wykonywania nast\u0119puj\u0105cych czynno\u015bci:<\/span><\/p>\n<ol type=\"a\">\n<li>firma GlobalLogic przetwarza tylko dane osobowe, kt\u00f3re Pa\u0144stwo kontrolujecie i za kt\u00f3re jeste\u015bcie odpowiedzialni oraz przetwarza dane je na Pa\u0144stwa \u017cyczenie, zgodnie z zawart\u0105 z Pa\u0144stwem umow\u0105, pisemn\u0105 instrukcj\u0105 lub zgodnie z wymogami prawa;<\/li>\n<li>firma GlobalLogic wdra\u017ca odpowiednie \u015brodki techniczne i organizacyjne w celu zapewnienia poziomu bezpiecze\u0144stwa odpowiedniego do ryzyka zwi\u0105zanego z przetwarzaniem. \u015arodki te mog\u0105 polega\u0107 mi\u0119dzy innymi na zabezpieczeniu punktu ko\u0144cowego, bramki i serwera w obiektach firmy GlobalLogic, stosowaniu zasad dotycz\u0105cych si\u0142y has\u0142a, codziennej aktualizacji oprogramowania antywirusowego, stosowaniu szyfrowania, stosowaniu technologii SSL VPN w celu uzyskania dost\u0119pu z zewn\u0105trz, stosowaniu odpowiednich zasad bezpiecznego dost\u0119pu do sieci firmy GlobalLogic przez sieci przewodowe i bezprzewodowe , centralnym zarz\u0105dzaniu poprawkami do oprogramowania, kontroli dost\u0119pu, stosowaniu odpowiednich zasad i oferowaniu szkole\u0144;<\/li>\n<li>firma GlobalLogic podejmuje wszelkie uzasadnione kroki w celu zapewnienia, \u017ce dost\u0119p do danych osobowych ma wy\u0142\u0105cznie upowa\u017cniony personel podlegaj\u0105cy zobowi\u0105zaniom o zachowaniu poufno\u015bci;<\/li>\n<li>GlobalLogic b\u0119dzie anga\u017cowa\u0107 firmy wt\u00f3rnie przetwarzaj\u0105ce dane do pomocy w realizacji us\u0142ug dostarczanych Pa\u0144stwu, wy\u0142\u0105cznie za Pa\u0144stwa zgod\u0105. B\u0119dzie ona zobowi\u0105zywa\u0107 firmy wt\u00f3rnie przetwarzaj\u0105ce dane do przestrzegania warunk\u00f3w nie mniej rygorystycznych ni\u017c warunki wynikaj\u0105ce z niniejszych zobowi\u0105za\u0144 podj\u0119tych wobec Pa\u0144stwa;<\/li>\n<li>firma GlobalLogic nie podejmie \u017cadnych celowych dzia\u0142a\u0144, kt\u00f3re spowodowa\u0142yby naruszenie przez Pa\u0144stwa postanowie\u0144 RODO i poinformuje Pa\u0144stwa, je\u015bli dowie si\u0119, \u017ce Pa\u0144stwa instrukcje s\u0105 sprzeczne z tre\u015bci\u0105 RODO;<\/li>\n<li>firma GlobalLogic pomo\u017ce Pa\u0144stwu spe\u0142ni\u0107 wszelkie pro\u015bby otrzymane od podmiot\u00f3w danych (os\u00f3b fizycznych) dotycz\u0105ce skorzystania z przys\u0142uguj\u0105cych im praw oraz wszelkie pro\u015bby organ\u00f3w regulacyjnych;<\/li>\n<li>firma GlobalLogic natychmiast poinformuje Pa\u0144stwa o powzi\u0119ciu wiadomo\u015bci dotycz\u0105cej naruszenia lub podejrzenia naruszenia, kt\u00f3re mo\u017ce narazi\u0107 Pa\u0144stwa na ryzyko;<\/li>\n<li>je\u017celi firma GlobalLogic musi przekaza\u0107 dane osobowe poza UE\/EOG, b\u0119dzie si\u0119 to odbywa\u0107 zgodnie z w\u0142a\u015bciwymi zabezpieczeniami prawnymi.<\/li>\n<\/ol>\n<p style=\"background: white; margin: 12.0pt 0in .0001pt 0in;\"><span lang=\"PL\" style=\"color: #555555;\">Powy\u017csza lista nie jest wyczerpuj\u0105ca i firma GlobalLogic zobowi\u0105zuje si\u0119 do spe\u0142nienia wszystkich swoich obowi\u0105zk\u00f3w jako przetwarzaj\u0105cy dane osobowe znajduj\u0105ce si\u0119 pod kontrol\u0105 jej klient\u00f3w lub ich klient\u00f3w ko\u0144cowych w ramach RODO.<\/span><\/p>\n<p><span lang=\"PL\" style=\"color: #555555;\">W przypadku jakiekolwiek pyta\u0144 dotycz\u0105cych podej\u015bcia firmy GlobalLogic do ochrony danych osobowych nale\u017cy si\u0119 z ni\u0105 kontaktowa\u0107 pod adresem <\/span><span lang=\"PL\"><a rel=\"external nofollow\" target=\"_blank\" href=\"mailto:privacy@globallogic.com\"><span style=\"color: #ff6600;\">privacy@globallogic.com<\/span><\/a><span style=\"color: #555555;\">. Z przyjemno\u015bci\u0105 om\u00f3wimy wszelkie w\u0105tpliwo\u015bci.<\/span><\/span><\/div>\n","protected":false},"excerpt":{"rendered":"<p>PRZYGOTOWANIE SI\u0118 DO RODO Firma GlobalLogic powa\u017cnie traktuje ochron\u0119 danych osobowych Czym jest RODO? Z dniem 25 maja 2018 r. wchodzi w \u017cycie og\u00f3lne rozporz\u0105dzenie o ochronie danych (RODO). RODO automatycznie stanie si\u0119 obowi\u0105zuj\u0105cym prawem we wszystkich 28 pa\u0144stwach cz\u0142onkowskich Unii Europejskiej i Europejskiego Obszaru Gospodarczego (UE\/EOG). Cele RODO s\u0105 nast\u0119puj\u0105ce: harmonizacja przepis\u00f3w o ochronie danych w ca\u0142ej UE; modernizacja przepis\u00f3w o ochronie danych w \u015bwietle zmian technologicznych; wzmocnienie praw os\u00f3b fizycznych; zwi\u0119kszenie wymog\u00f3w i obowi\u0105zk\u00f3w w zakresie rozliczalno\u015bci administrator\u00f3w danych i przetwarzaj\u0105cych dane oraz zapewnienie lepszej dokumentacji i dowod\u00f3w zgodno\u015bci z przepisami o ochronie danych oraz wi\u0119kszej przejrzysto\u015bci w odniesieniu do sposobu wykorzystywania danych oraz tego kto i w jakim celu je wykorzystuje. RODO ma zastosowanie do przedsi\u0119biorstw (w UE i poza ni\u0105), kt\u00f3re przetwarzaj\u0105 dane osobowe os\u00f3b fizycznych w UE, w tym dane osobowe klient\u00f3w firmy GL, ich klient\u00f3w ko\u0144cowych i pracownik\u00f3w. Co firma GlobalLogic robi w sprawie RODO? Firma GlobalLogic przetwarza dane osobowe zar\u00f3wno jako administrator, jak i przetwarzaj\u0105cy i bardzo powa\u017cnie traktuje swoje zobowi\u0105zania wynikaj\u0105ce z RODO. W celu przygotowania si\u0119 do nowych zasad podj\u0119\u0142a ona dzia\u0142ania obejmuj\u0105ce: audyt globalnych dzia\u0142a\u0144 w zakresie przetwarzania danych; ocen\u0119 bezpiecze\u0144stwa danych w ca\u0142ej grupie; aktualizacj\u0119 szkole\u0144, zasad i procedur:&#8230;<\/p>\n","protected":false},"author":12,"featured_media":5783,"parent":0,"menu_order":115,"comment_status":"closed","ping_status":"closed","template":"page-templates\/footer-page.php","meta":{"_acf_changed":false,"footnotes":""},"class_list":["post-14794","page","type-page","status-publish","has-post-thumbnail","hentry"],"acf":[],"aioseo_notices":[],"_links":{"self":[{"href":"https:\/\/www.globallogic.com\/pl\/wp-json\/wp\/v2\/pages\/14794","targetHints":{"allow":["GET"]}}],"collection":[{"href":"https:\/\/www.globallogic.com\/pl\/wp-json\/wp\/v2\/pages"}],"about":[{"href":"https:\/\/www.globallogic.com\/pl\/wp-json\/wp\/v2\/types\/page"}],"author":[{"embeddable":true,"href":"https:\/\/www.globallogic.com\/pl\/wp-json\/wp\/v2\/users\/12"}],"replies":[{"embeddable":true,"href":"https:\/\/www.globallogic.com\/pl\/wp-json\/wp\/v2\/comments?post=14794"}],"version-history":[{"count":0,"href":"https:\/\/www.globallogic.com\/pl\/wp-json\/wp\/v2\/pages\/14794\/revisions"}],"wp:featuredmedia":[{"embeddable":true,"href":"https:\/\/www.globallogic.com\/pl\/wp-json\/wp\/v2\/media\/5783"}],"wp:attachment":[{"href":"https:\/\/www.globallogic.com\/pl\/wp-json\/wp\/v2\/media?parent=14794"}],"curies":[{"name":"wp","href":"https:\/\/api.w.org\/{rel}","templated":true}]}}