 
{"id":18099,"date":"2019-01-18T07:23:40","date_gmt":"2019-01-18T07:23:40","guid":{"rendered":"https:\/\/www.globallogic.com\/pl-polish\/?page_id=18099"},"modified":"2019-01-18T07:23:40","modified_gmt":"2019-01-18T07:23:40","slug":"privacy-policy-gdpr","status":"publish","type":"page","link":"https:\/\/www.globallogic.com\/pl\/privacy-policy-gdpr\/","title":{"rendered":"POLITYKA PRYWATNO\u015aCI"},"content":{"rendered":"<div class=\"classic_editor_content\"><strong><i>Jak przetwarzamy Twoje dane osobowe<\/i><\/strong><\/p>\n<p>Poniewa\u017c poda\u0142a\u015b\/e\u015b nam swoje dane osobowe, poni\u017cej informujemy co z nimi robimy (zgodnie z Rozporz\u0105dzeniem Parlamentu Europejskiego i Rady (UE) 2016\/679 z dnia 27 kwietnia 2016 r. w sprawie ochrony os\u00f3b fizycznych w zwi\u0105zku z przetwarzaniem danych osobowych i w sprawie swobodnego przep\u0142ywu takich danych oraz uchylenia dyrektywy 95\/46\/WE).<br \/>\nW razie pyta\u0144 lub uwag prosimy o kontakt z <a rel=\"external nofollow\" target=\"_blank\" href=\"mailto:privacy@globallogic.com\">privacy@globallogic.com.<\/a><\/p>\n<p><strong><i>I. Jakie dane osobowe zbieramy i jaki jest cel oraz podstawa prawna ich przetwarzania?<\/i><\/strong><\/p>\n<p>Przetwarzamy informacje, kt\u00f3re poda\u0142e\u015b nam w formularzu lub wiadomo\u015bci, oraz ew. tre\u015b\u0107 naszej dalszej komunikacji. Podstaw\u0105 prawn\u0105 dla naszego dzia\u0142ania jest wyra\u017cona przez Ciebie zgoda (art. 6 ust. 1 lit. a RODO). Nie masz obowi\u0105zku podania danych, przy czym ich brak uniemo\u017cliwi nam kontakt z Tob\u0105. Dane przetwarzamy w celu informowania Ci\u0119 o podobnych organizowanych przez nas wydarzeniach oraz o prowadzonych procesach rekrutacyjnych.<\/p>\n<p><strong><i>II. Okres przechowywania Twoich danych osobowych<\/i><\/strong><\/p>\n<p>Twoje dane b\u0119d\u0105 przechowywane do czasu odwo\u0142ania przez Ciebie zgody lub kr\u00f3cej, je\u015bli przestan\u0105 by\u0107 potrzebne do realizacji cel\u00f3w, dla kt\u00f3rych zosta\u0142y zebrane.<br \/>\nOkres przetwarzania mo\u017ce jednak ulec wyd\u0142u\u017ceniu w przypadku ewentualnych roszcze\u0144, spor\u00f3w lub je\u015bli b\u0119d\u0105 tego od nas wymaga\u0142y przepisy prawa.<\/p>\n<p><strong><i>III. Kto ma dost\u0119p do Twoich danych osobowych?<\/i><\/strong><\/p>\n<p>Do Twoich danych osobowych dost\u0119p uzyskaj\u0105 wy\u0142\u0105cznie odpowiednio upowa\u017cnieni pracownicy lub wsp\u00f3\u0142pracownicy sp\u00f3\u0142ek grupy GlobalLogic, doradcy lub audytorzy \u2013 w zakresie w jakim jest to niezb\u0119dne do wykonywania ich obowi\u0105zk\u00f3w. Masz prawo otrzyma\u0107 list\u0119 odbiorc\u00f3w danych.<br \/>\nJeste\u015bmy firm\u0105 globaln\u0105, przez co niekt\u00f3re sp\u00f3\u0142ki grupy GlobalLogic znajduj\u0105 poza Europejskim Obszarem Gospodarczym (EOG). W ka\u017cdym przypadku stosujemy wymagane zabezpieczenia, w tym standardowe klauzule umowne przyj\u0119te na mocy decyzji Komisji Europejskiej.<br \/>\nGlobalLogic mo\u017ce by\u0107 tak\u017ce zobowi\u0105zana \u2013 je\u015bli istnieje ku temu podstawa prawna \u2013 do udzielenia okre\u015blonych informacji organom w\u0142adzy publicznej, na potrzeby prowadzonych przez nie post\u0119powa\u0144.<\/p>\n<p><strong><i>IV. Dane GlobalLogic \u2013 administratora danych<\/i><\/strong><\/p>\n<p>GlobalLogic Poland Sp. z o.o. z siedzib\u0105 we Wroc\u0142awiu, ul. Strzegomska 48A, 53-611 Wroc\u0142aw, wpisana do rejestru przedsi\u0119biorc\u00f3w Krajowego Rejestru S\u0105dowego prowadzonego przez S\u0105d Rejonowy dla Wroc\u0142awiaFabrycznej we Wroc\u0142awiu, VI Wydzia\u0142 Gospodarczy Krajowego Rejestru S\u0105dowego, KRS: 0000630382, NIP: 8942924978, REGON: 020598186, kapita\u0142 zak\u0142adowy 4.962.500 z\u0142 w ca\u0142o\u015bci wp\u0142acony.<br \/>\n<strong><i>Email kontaktowy:<\/i><\/strong> <a rel=\"external nofollow\" target=\"_blank\" href=\"mailto:privacy@globallogic.com\">privacy@globallogic.com<\/a><\/p>\n<p><strong><i>V. Twoje prawa zwi\u0105zane z przetwarzaniem przez GlobalLogic Twoich danych osobowych<\/i><\/strong><\/p>\n<p><strong><i>Dost\u0119p do danych \u2013<\/i><\/strong> mo\u017cesz zwr\u00f3ci\u0107 si\u0119 do nas o informacj\u0119, jakie dane osobowe przetwarzamy na Tw\u00f3j temat.<br \/>\n<strong><i>Sprostowanie danych \u2013<\/i><\/strong> masz prawo do \u017c\u0105dania sprostowania danych, kt\u00f3re s\u0105\/stan\u0105 si\u0119 nieprawid\u0142owe albo niekompletne.<br \/>\n<strong><i>Odwo\u0142anie zgody \u2013<\/i><\/strong> zgod\u0119 na przetwarzanie Twoich danych mo\u017cesz odwo\u0142a\u0107 w ka\u017cdym czasie bez wp\u0142ywu na zgodno\u015b\u0107 z prawem przetwarzania, kt\u00f3rego dokonano przed jej cofni\u0119ciem.<br \/>\n<strong><i>Usuni\u0119cie danych \u2013<\/i><\/strong> w pewnych sytuacjach, je\u015bli chcesz aby\u015bmy usun\u0119li wszystkie Twoje dane osobowe,RODO przyznaje Ci tzw. prawo do bycia zapomnianym.<br \/>\n<strong><i>Ograniczenie przetwarzania \u2013<\/i><\/strong> w pewnych sytuacjach mo\u017cesz \u017c\u0105da\u0107 aby\u015bmy ograniczyli nasze dzia\u0142ania co do zasady wy\u0142\u0105cznie do przechowywania informacji na Tw\u00f3j temat.<br \/>\n<strong><i>Przenoszenie danych \u2013<\/i><\/strong> masz prawo do otrzymania Twoich danych w powszechnie u\u017cywanym formacie nadaj\u0105cym si\u0119 do odczytu komputerowego, a tak\u017ce do ich przes\u0142ania innemu administratorowi.<br \/>\n<strong><i>Sprzeciw \u2013<\/i><\/strong> w okre\u015blonych sytuacjach przys\u0142uguje Ci prawo sprzeciwu wobec przetwarzania Twoich danych (np. na potrzeby marketingu bezpo\u015bredniego).<br \/>\n<strong><i>Skarga do organu nadzorczego \u2013<\/i><\/strong> przys\u0142uguje Ci prawo wniesienia skargi do organu nadzorczego, kt\u00f3rym<br \/>\nw Polsce jest Prezes Urz\u0119du Ochrony Danych Osobowych. Szczeg\u00f3\u0142owy opis procedury wnoszenia skargi dost\u0119pny jest pod adresem: https:\/\/uodo.gov.pl\/pl\/83\/155.<br \/>\nOczywi\u015bcie je\u015bli masz uwagi odno\u015bnie tego, jak dzia\u0142amy, zach\u0119camy Ci\u0119 w pierwszej kolejno\u015bci do kontaktu z <a rel=\"external nofollow\" target=\"_blank\" href=\"mailto:privacy@globallogic.com\">privacy@globallogic.com.<\/a><\/div>\n","protected":false},"excerpt":{"rendered":"<p>Jak przetwarzamy Twoje dane osobowe Poniewa\u017c poda\u0142a\u015b\/e\u015b nam swoje dane osobowe, poni\u017cej informujemy co z nimi robimy (zgodnie z Rozporz\u0105dzeniem Parlamentu Europejskiego i Rady (UE) 2016\/679 z dnia 27 kwietnia 2016 r. w sprawie ochrony os\u00f3b fizycznych w zwi\u0105zku z przetwarzaniem danych osobowych i w sprawie swobodnego przep\u0142ywu takich danych oraz uchylenia dyrektywy 95\/46\/WE). W razie pyta\u0144 lub uwag prosimy o kontakt z privacy@globallogic.com. I. Jakie dane osobowe zbieramy i jaki jest cel oraz podstawa prawna ich przetwarzania? Przetwarzamy informacje, kt\u00f3re poda\u0142e\u015b nam w formularzu lub wiadomo\u015bci, oraz ew. tre\u015b\u0107 naszej dalszej komunikacji. Podstaw\u0105 prawn\u0105 dla naszego dzia\u0142ania jest wyra\u017cona przez Ciebie zgoda (art. 6 ust. 1 lit. a RODO). Nie masz obowi\u0105zku podania danych, przy czym ich brak uniemo\u017cliwi nam kontakt z Tob\u0105. Dane przetwarzamy w celu informowania Ci\u0119 o podobnych organizowanych przez nas wydarzeniach oraz o prowadzonych procesach rekrutacyjnych. II. Okres przechowywania Twoich danych osobowych Twoje dane b\u0119d\u0105 przechowywane do czasu odwo\u0142ania przez Ciebie zgody lub kr\u00f3cej, je\u015bli przestan\u0105 by\u0107 potrzebne do realizacji cel\u00f3w, dla kt\u00f3rych zosta\u0142y zebrane. Okres przetwarzania mo\u017ce jednak ulec wyd\u0142u\u017ceniu w przypadku ewentualnych roszcze\u0144, spor\u00f3w lub je\u015bli b\u0119d\u0105 tego od nas wymaga\u0142y przepisy prawa. III. Kto ma dost\u0119p do Twoich danych osobowych? Do Twoich&#8230;<\/p>\n","protected":false},"author":12,"featured_media":5783,"parent":0,"menu_order":99,"comment_status":"closed","ping_status":"closed","template":"page-templates\/footer-page.php","meta":{"_acf_changed":false,"footnotes":""},"class_list":["post-18099","page","type-page","status-publish","has-post-thumbnail","hentry"],"acf":[],"aioseo_notices":[],"_links":{"self":[{"href":"https:\/\/www.globallogic.com\/pl\/wp-json\/wp\/v2\/pages\/18099","targetHints":{"allow":["GET"]}}],"collection":[{"href":"https:\/\/www.globallogic.com\/pl\/wp-json\/wp\/v2\/pages"}],"about":[{"href":"https:\/\/www.globallogic.com\/pl\/wp-json\/wp\/v2\/types\/page"}],"author":[{"embeddable":true,"href":"https:\/\/www.globallogic.com\/pl\/wp-json\/wp\/v2\/users\/12"}],"replies":[{"embeddable":true,"href":"https:\/\/www.globallogic.com\/pl\/wp-json\/wp\/v2\/comments?post=18099"}],"version-history":[{"count":0,"href":"https:\/\/www.globallogic.com\/pl\/wp-json\/wp\/v2\/pages\/18099\/revisions"}],"wp:featuredmedia":[{"embeddable":true,"href":"https:\/\/www.globallogic.com\/pl\/wp-json\/wp\/v2\/media\/5783"}],"wp:attachment":[{"href":"https:\/\/www.globallogic.com\/pl\/wp-json\/wp\/v2\/media?parent=18099"}],"curies":[{"name":"wp","href":"https:\/\/api.w.org\/{rel}","templated":true}]}}