 
{"id":1817,"date":"2024-08-30T09:40:27","date_gmt":"2024-08-30T09:40:27","guid":{"rendered":"https:\/\/www.globallogic.com\/pl\/?page_id=1817"},"modified":"2025-03-13T11:18:46","modified_gmt":"2025-03-13T11:18:46","slug":"events","status":"publish","type":"page","link":"https:\/\/www.globallogic.com\/pl\/about\/events\/","title":{"rendered":"Wydarzenia"},"content":{"rendered":"\r\n<!-- Locations Hero banner -->\r\n \r\n<section class=\"partner_detail_banner_block locations_banner_block \" id=\"banner-locations-block_673fbfbd013cfd2ae4b12cce1f40edb9\">\r\n    <div class=\"container\">\r\n        <div class=\"banner_content_block\">\r\n            <ul class=\"breadcrumb\"><\/ul>            \r\n                            <h1>GlobalLogic wnosi \u015bwie\u017ce spojrzenie w wiadomo\u015bciach i wydarzeniach na ca\u0142ym \u015bwiecie.<\/h1>\r\n                    <\/div>\r\n    <\/div>\r\n<\/section>\r\n\n\n\n<!-- Featured Posts Slider --> \n\n\n\n<!-- Featured Posts Slider --> \n    <section class=\"event_banner_block \" id=\"fea-posts-sliderblock_9843a6a72c122debcc62a6e96b2dba13\">\n        <div class=\"container\">\n            <div class=\"swiper eventSlider\">\n                <div class=\"swiper-wrapper\">\n                                                                                                            <div class=\"swiper-slide\">\n                                        <a href=\"https:\/\/www.globallogic.com\/pl\/about\/events\/globallogic-na-women-in-tech-summit-2025\/\" class=\"insightCard fullWidth\">\n                                            <div class=\"insight_overlay\">\n                                                                                                <div class=\"insight_sub_head\">\n                                                                                                                                                                                <span>June 4 &#8211; 5, 2025<\/span>\n                                                                                                                                                                        <\/div>\n                                                                                                    <h3 class=\"trim\">GlobalLogic na Women in Tech Summit 2025<\/h3>\n                                                                                            <\/div>\n                                            \n                                                <div class=\"insight_img\">\n\n                                                    <img width=\"1130\" height=\"636\" src=\"https:\/\/www.globallogic.com\/pl\/wp-content\/uploads\/sites\/9\/2025\/05\/women-in-tech-2025.jpg\" class=\"attachment-full size-full  wpsmartcrop-image \" alt=\"\" loading=\"lazy\" decoding=\"async\" srcset=\"https:\/\/www.globallogic.com\/pl\/wp-content\/uploads\/sites\/9\/2025\/05\/women-in-tech-2025.jpg 1920w, https:\/\/www.globallogic.com\/pl\/wp-content\/uploads\/sites\/9\/2025\/05\/women-in-tech-2025-300x169.jpg 300w, https:\/\/www.globallogic.com\/pl\/wp-content\/uploads\/sites\/9\/2025\/05\/women-in-tech-2025-1024x576.jpg 1024w, https:\/\/www.globallogic.com\/pl\/wp-content\/uploads\/sites\/9\/2025\/05\/women-in-tech-2025-768x432.jpg 768w, https:\/\/www.globallogic.com\/pl\/wp-content\/uploads\/sites\/9\/2025\/05\/women-in-tech-2025-1536x864.jpg 1536w\" sizes=\"auto, (max-width: 1920px) 100vw, 1920px\" data-smartcrop-focus=\"[34,49]\" \/>\n                                                <\/div>\n                                                                                    <\/a>\n                                    <\/div>\n                                                                        <div class=\"swiper-slide\">\n                                        <a href=\"https:\/\/www.globallogic.com\/pl\/about\/events\/iot-project-based-learning-world-of-drones\/\" class=\"insightCard fullWidth\">\n                                            <div class=\"insight_overlay\">\n                                                                                                <div class=\"insight_sub_head\">\n                                                                                                                                                                                <span>July 1 &#8211; September 30, 2025<\/span>\n                                                                                                                                                                        <\/div>\n                                                                                                    <h3 class=\"trim\">IoT Project Based Learning &#8211; World of Drones<\/h3>\n                                                                                            <\/div>\n                                            \n                                                <div class=\"insight_img\">\n\n                                                    <img width=\"1130\" height=\"636\" src=\"https:\/\/www.globallogic.com\/pl\/wp-content\/uploads\/sites\/9\/2025\/05\/word-of-drones.jpg\" class=\"attachment-full size-full\" alt=\"\" loading=\"lazy\" decoding=\"async\" srcset=\"https:\/\/www.globallogic.com\/pl\/wp-content\/uploads\/sites\/9\/2025\/05\/word-of-drones.jpg 1110w, https:\/\/www.globallogic.com\/pl\/wp-content\/uploads\/sites\/9\/2025\/05\/word-of-drones-300x200.jpg 300w, https:\/\/www.globallogic.com\/pl\/wp-content\/uploads\/sites\/9\/2025\/05\/word-of-drones-1024x683.jpg 1024w, https:\/\/www.globallogic.com\/pl\/wp-content\/uploads\/sites\/9\/2025\/05\/word-of-drones-768x512.jpg 768w\" sizes=\"auto, (max-width: 1110px) 100vw, 1110px\" \/>\n                                                <\/div>\n                                                                                    <\/a>\n                                    <\/div>\n                                                                        <div class=\"swiper-slide\">\n                                        <a href=\"https:\/\/www.globallogic.com\/pl\/about\/events\/iot-smart-start-w-globallogic-koszalin\/\" class=\"insightCard fullWidth\">\n                                            <div class=\"insight_overlay\">\n                                                                                                <div class=\"insight_sub_head\">\n                                                                                                    <\/div>\n                                                                                                    <h3 class=\"trim\">IoT Smart Start w GlobalLogic Koszalin<\/h3>\n                                                                                            <\/div>\n                                            \n                                                <div class=\"insight_img\">\n\n                                                    <img width=\"1130\" height=\"636\" src=\"https:\/\/www.globallogic.com\/pl\/wp-content\/uploads\/sites\/9\/2025\/03\/1200x628-smart-start-pk-2025.jpg\" class=\"attachment-full size-full\" alt=\"\" loading=\"lazy\" decoding=\"async\" srcset=\"https:\/\/www.globallogic.com\/pl\/wp-content\/uploads\/sites\/9\/2025\/03\/1200x628-smart-start-pk-2025.jpg 1200w, https:\/\/www.globallogic.com\/pl\/wp-content\/uploads\/sites\/9\/2025\/03\/1200x628-smart-start-pk-2025-300x157.jpg 300w, https:\/\/www.globallogic.com\/pl\/wp-content\/uploads\/sites\/9\/2025\/03\/1200x628-smart-start-pk-2025-1024x536.jpg 1024w, https:\/\/www.globallogic.com\/pl\/wp-content\/uploads\/sites\/9\/2025\/03\/1200x628-smart-start-pk-2025-768x402.jpg 768w\" sizes=\"auto, (max-width: 1200px) 100vw, 1200px\" \/>\n                                                <\/div>\n                                                                                    <\/a>\n                                    <\/div>\n                                                                        <div class=\"swiper-slide\">\n                                        <a href=\"https:\/\/www.globallogic.com\/pl\/about\/events\/embedded-rust-smart-start-w-globallogic-szczecin\/\" class=\"insightCard fullWidth\">\n                                            <div class=\"insight_overlay\">\n                                                                                                <div class=\"insight_sub_head\">\n                                                                                                    <\/div>\n                                                                                                    <h3 class=\"trim\">Embedded\/Rust Smart Start w GlobalLogic Szczecin<\/h3>\n                                                                                            <\/div>\n                                            \n                                                <div class=\"insight_img\">\n\n                                                    <img width=\"1130\" height=\"636\" src=\"https:\/\/www.globallogic.com\/pl\/wp-content\/uploads\/sites\/9\/2024\/12\/1200x628-smart-start-2025.jpg\" class=\"attachment-full size-full\" alt=\"\" loading=\"lazy\" decoding=\"async\" srcset=\"https:\/\/www.globallogic.com\/pl\/wp-content\/uploads\/sites\/9\/2024\/12\/1200x628-smart-start-2025.jpg 1200w, https:\/\/www.globallogic.com\/pl\/wp-content\/uploads\/sites\/9\/2024\/12\/1200x628-smart-start-2025-300x157.jpg 300w, https:\/\/www.globallogic.com\/pl\/wp-content\/uploads\/sites\/9\/2024\/12\/1200x628-smart-start-2025-1024x536.jpg 1024w, https:\/\/www.globallogic.com\/pl\/wp-content\/uploads\/sites\/9\/2024\/12\/1200x628-smart-start-2025-768x402.jpg 768w\" sizes=\"auto, (max-width: 1200px) 100vw, 1200px\" \/>\n                                                <\/div>\n                                                                                    <\/a>\n                                    <\/div>\n                                    \n                                                                <\/div>\n                                    <div class=\"swiper_control\">\n                        <div class=\"swiper-scrollbar\"><\/div>\n                        <div class=\"swiper_nav\">\n                            <div class=\"swiper-button-prev\"><\/div>\n                            <div class=\"swiper-button-next\"><\/div>\n                        <\/div>\n                    <\/div>\n                    \n            <\/div>\n    <\/section>\n    ","protected":false},"excerpt":{"rendered":"","protected":false},"author":1,"featured_media":0,"parent":47,"menu_order":146,"comment_status":"closed","ping_status":"closed","template":"templates\/events.php","meta":{"_acf_changed":false,"footnotes":""},"class_list":["post-1817","page","type-page","status-publish","hentry"],"acf":[],"aioseo_notices":[],"_links":{"self":[{"href":"https:\/\/www.globallogic.com\/pl\/wp-json\/wp\/v2\/pages\/1817","targetHints":{"allow":["GET"]}}],"collection":[{"href":"https:\/\/www.globallogic.com\/pl\/wp-json\/wp\/v2\/pages"}],"about":[{"href":"https:\/\/www.globallogic.com\/pl\/wp-json\/wp\/v2\/types\/page"}],"author":[{"embeddable":true,"href":"https:\/\/www.globallogic.com\/pl\/wp-json\/wp\/v2\/users\/1"}],"replies":[{"embeddable":true,"href":"https:\/\/www.globallogic.com\/pl\/wp-json\/wp\/v2\/comments?post=1817"}],"version-history":[{"count":7,"href":"https:\/\/www.globallogic.com\/pl\/wp-json\/wp\/v2\/pages\/1817\/revisions"}],"predecessor-version":[{"id":102432,"href":"https:\/\/www.globallogic.com\/pl\/wp-json\/wp\/v2\/pages\/1817\/revisions\/102432"}],"up":[{"embeddable":true,"href":"https:\/\/www.globallogic.com\/pl\/wp-json\/wp\/v2\/pages\/47"}],"wp:attachment":[{"href":"https:\/\/www.globallogic.com\/pl\/wp-json\/wp\/v2\/media?parent=1817"}],"curies":[{"name":"wp","href":"https:\/\/api.w.org\/{rel}","templated":true}]}}