 
{"id":29664,"date":"2020-06-25T10:03:56","date_gmt":"2020-06-25T10:03:56","guid":{"rendered":"https:\/\/www.globallogic.com\/pl\/?page_id=29664"},"modified":"2020-06-25T10:03:56","modified_gmt":"2020-06-25T10:03:56","slug":"gdpr-statement","status":"publish","type":"page","link":"https:\/\/www.globallogic.com\/pl\/gdpr-statement\/","title":{"rendered":"O\u015bwiadczenie RODO"},"content":{"rendered":"<div class=\"classic_editor_content\">Ostatnia aktualizacja: 11 sierpnia 2021<\/p>\n<p>Z dniem 25 maja 2018 r. zacz\u0119\u0142o by\u0107 stosowane og\u00f3lne rozporz\u0105dzenie o ochronie danych (RODO). RODO automatycznie sta\u0142o si\u0119 obowi\u0105zuj\u0105cym prawem we wszystkich pa\u0144stwach cz\u0142onkowskich Unii Europejskiej i Europejskiego Obszaru Gospodarczego (UE\/EOG).<\/p>\n<p>Cele RODO s\u0105 nast\u0119puj\u0105ce:<br \/>\n1. harmonizacja przepis\u00f3w o ochronie danych w ca\u0142ej UE;<br \/>\n2. modernizacja przepis\u00f3w o ochronie danych w \u015bwietle zmian technologicznych;<br \/>\n3. wzmocnienie praw os\u00f3b fizycznych;<br \/>\n4. zwi\u0119kszenie wymog\u00f3w i obowi\u0105zk\u00f3w w zakresie rozliczalno\u015bci administrator\u00f3w danych i podmiot\u00f3w przetwarzaj\u0105cych dane; oraz<br \/>\n5. zapewnienie lepszej dokumentacji i dowod\u00f3w zgodno\u015bci z przepisami o ochronie danych oraz wi\u0119kszej przejrzysto\u015bci w odniesieniu do sposobu wykorzystywania danych oraz tego kto i w jakim celu je wykorzystuje.<\/p>\n<p>RODO ma zastosowanie do przedsi\u0119biorstw (w UE i poza ni\u0105), kt\u00f3re przetwarzaj\u0105 dane osobowe os\u00f3b fizycznych w UE, w tym dane osobowe klient\u00f3w GlobalLogic, ich klient\u00f3w ko\u0144cowych i pracownik\u00f3w.<\/p>\n<p><strong>Co firma GlobalLogic robi w ramach RODO?<\/strong><\/p>\n<p>GlobalLogic, sp\u00f3\u0142ka grupy Hitachi, przetwarza dane osobowe zar\u00f3wno jako administrator, jak i podmiot przetwarzaj\u0105cy i bardzo powa\u017cnie traktuje swoje zobowi\u0105zania wynikaj\u0105ce z RODO. W celu przygotowania si\u0119 do nowych zasad podj\u0119\u0142a ona dzia\u0142ania obejmuj\u0105ce w szczeg\u00f3lno\u015bci:<br \/>\n1. audyt globalnych dzia\u0142a\u0144 w zakresie przetwarzania danych;<br \/>\n2. ocen\u0119 bezpiecze\u0144stwa danych w ca\u0142ej grupie;<br \/>\n3. aktualizacj\u0119 szkole\u0144, zasad i procedur;<br \/>\n4. zapewnienie odpowiednich warunk\u00f3w wsp\u00f3\u0142pracy z dostawcami dzia\u0142aj\u0105cymi jako podmioty przetwarzaj\u0105ce dane i tzw. dalsze podmioty przetwarzaj\u0105ce (podmioty przetwarzaj\u0105ce dane na zlecenie innego podmiotu przetwarzaj\u0105cego);<br \/>\n5. aktualizacj\u0119 zasad stosowania plik\u00f3w cookie i podobnych rozwi\u0105za\u0144 w witrynie internetowej, marketingowych wiadomo\u015bciach e\u2013mail oraz mechanizm\u00f3w umo\u017cliwiaj\u0105cych u\u017cytkownikom wyra\u017canie swoich preferencji marketingowych.<\/p>\n<p>W ramach naszego programu RODO stale monitorujemy zmiany obowi\u0105zuj\u0105cych przepis\u00f3w, nowe wytyczne i decyzje organ\u00f3w ochrony danych oraz najlepsze praktyki rynkowe. Dokonujemy przegl\u0105du naszych praktyk, polityk i procedur oraz odpowiednio je aktualizujemy, co najmniej raz w roku.<\/p>\n<p><strong>Jakie s\u0105 zobowi\u0105zania firmy GlobalLogic wobec klient\u00f3w i os\u00f3b, kt\u00f3rych dane dotycz\u0105?<\/strong><\/p>\n<p>Firma GlobalLogic zobowi\u0105zuje si\u0119 do przestrzegania wymog\u00f3w RODO w praktyce, co oznacza, \u017ce podczas przetwarzania danych dla swoich klient\u00f3w zobowi\u0105zuje si\u0119 do wykonywania nast\u0119puj\u0105cych czynno\u015bci:<br \/>\n1. firma GlobalLogic przetwarza tylko dane osobowe, kt\u00f3rych s\u0105 Pa\u0144stwo administratorem i za kt\u00f3re jeste\u015bcie odpowiedzialni oraz przetwarza je na Pa\u0144stwa \u017cyczenie, zgodnie z zawart\u0105 z Pa\u0144stwem umow\u0105, pisemnym poleceniem lub zgodnie z wymogami prawa;<br \/>\n2. firma GlobalLogic wdra\u017ca odpowiednie \u015brodki techniczne i organizacyjne w celu zapewnienia poziomu bezpiecze\u0144stwa odpowiedniego do ryzyka zwi\u0105zanego z przetwarzaniem. \u015arodki te mog\u0105 polega\u0107, mi\u0119dzy innymi, na zabezpieczeniu punktu ko\u0144cowego, bramki i serwera w obiektach firmy GlobalLogic, stosowaniu zasad dotycz\u0105cych si\u0142y has\u0142a, codziennej aktualizacji oprogramowania antywirusowego, stosowaniu szyfrowania, stosowaniu technologii SSL VPN w celu uzyskania dost\u0119pu z zewn\u0105trz, stosowaniu odpowiednich zasad bezpiecznego dost\u0119pu do sieci firmy GlobalLogic przez sieci przewodowe i bezprzewodowe, centralnym zarz\u0105dzaniu poprawkami do oprogramowania, kontroli dost\u0119pu, wdra\u017caniu polityk i szkole\u0144;<br \/>\n3. firma GlobalLogic podejmuje wszelkie uzasadnione kroki w celu zapewnienia, \u017ce dost\u0119p do danych osobowych ma wy\u0142\u0105cznie upowa\u017cniony personel podlegaj\u0105cy zobowi\u0105zaniom do zachowania poufno\u015bci;<br \/>\n4. GlobalLogic b\u0119dzie anga\u017cowa\u0107 inne podmioty przetwarzaj\u0105ce do pomocy w realizacji \u015bwiadczonych Pa\u0144stwu us\u0142ug wy\u0142\u0105cznie za Pa\u0144stwa zgod\u0105. B\u0119dzie ona zobowi\u0105zywa\u0107 inne podmioty przetwarzaj\u0105ce dane do przestrzegania warunk\u00f3w nie mniej rygorystycznych ni\u017c warunki wynikaj\u0105ce z niniejszych zobowi\u0105za\u0144 podj\u0119tych wobec Pa\u0144stwa;<br \/>\n5. firma GlobalLogic nie podejmie \u017cadnych celowych dzia\u0142a\u0144, kt\u00f3re spowodowa\u0142yby naruszenie przez Pa\u0144stwa postanowie\u0144 RODO i poinformuje Pa\u0144stwa, je\u015bli dowie si\u0119, \u017ce Pa\u0144stwa instrukcje s\u0105 sprzeczne z tre\u015bci\u0105 RODO;<br \/>\n6. firma GlobalLogic pomo\u017ce Pa\u0144stwu spe\u0142ni\u0107 wszelkie pro\u015bby otrzymane od podmiot\u00f3w danych (os\u00f3b fizycznych) dotycz\u0105ce skorzystania z przys\u0142uguj\u0105cych im praw oraz wszelkie pro\u015bby organ\u00f3w nadzorczych;<br \/>\n7. firma GlobalLogic natychmiast poinformuje Pa\u0144stwa o powzi\u0119ciu wiadomo\u015bci dotycz\u0105cej naruszenia lub podejrzenia naruszenia, kt\u00f3re mo\u017ce narazi\u0107 Pa\u0144stwa na ryzyko;<br \/>\n8. je\u017celi firma GlobalLogic musi przekaza\u0107 dane osobowe poza UE\/EOG, b\u0119dzie si\u0119 to odbywa\u0107 zgodnie z w\u0142a\u015bciwymi zabezpieczeniami prawnymi.<\/p>\n<p>Powy\u017csza lista nie jest wyczerpuj\u0105ca i firma GlobalLogic zobowi\u0105zuje si\u0119 do spe\u0142nienia wszystkich swoich obowi\u0105zk\u00f3w w ramach RODO jako podmiot przetwarzaj\u0105cy dane osobowe, kt\u00f3rych administratorami s\u0105 nasi klienci lub ich klienci ko\u0144cowi.<\/p>\n<p>W przypadku jakichkolwiek pyta\u0144 dotycz\u0105cych podej\u015bcia firmy GlobalLogic do ochrony danych osobowych nale\u017cy si\u0119 z ni\u0105 kontaktowa\u0107 pod adresem\u00a0<a rel=\"external nofollow\" target=\"_blank\" href=\"mailto:privacy@globallogic.com\">privacy@globallogic.com<\/a>. Z przyjemno\u015bci\u0105 om\u00f3wimy wszelkie w\u0105tpliwo\u015bci.<\/div>\n","protected":false},"excerpt":{"rendered":"<p>Ostatnia aktualizacja: 11 sierpnia 2021 Z dniem 25 maja 2018 r. zacz\u0119\u0142o by\u0107 stosowane og\u00f3lne rozporz\u0105dzenie o ochronie danych (RODO). RODO automatycznie sta\u0142o si\u0119 obowi\u0105zuj\u0105cym prawem we wszystkich pa\u0144stwach cz\u0142onkowskich Unii Europejskiej i Europejskiego Obszaru Gospodarczego (UE\/EOG). Cele RODO s\u0105 nast\u0119puj\u0105ce: 1. harmonizacja przepis\u00f3w o ochronie danych w ca\u0142ej UE; 2. modernizacja przepis\u00f3w o ochronie danych w \u015bwietle zmian technologicznych; 3. wzmocnienie praw os\u00f3b fizycznych; 4. zwi\u0119kszenie wymog\u00f3w i obowi\u0105zk\u00f3w w zakresie rozliczalno\u015bci administrator\u00f3w danych i podmiot\u00f3w przetwarzaj\u0105cych dane; oraz 5. zapewnienie lepszej dokumentacji i dowod\u00f3w zgodno\u015bci z przepisami o ochronie danych oraz wi\u0119kszej przejrzysto\u015bci w odniesieniu do sposobu wykorzystywania danych oraz tego kto i w jakim celu je wykorzystuje. RODO ma zastosowanie do przedsi\u0119biorstw (w UE i poza ni\u0105), kt\u00f3re przetwarzaj\u0105 dane osobowe os\u00f3b fizycznych w UE, w tym dane osobowe klient\u00f3w GlobalLogic, ich klient\u00f3w ko\u0144cowych i pracownik\u00f3w. Co firma GlobalLogic robi w ramach RODO? GlobalLogic, sp\u00f3\u0142ka grupy Hitachi, przetwarza dane osobowe zar\u00f3wno jako administrator, jak i podmiot przetwarzaj\u0105cy i bardzo powa\u017cnie traktuje swoje zobowi\u0105zania wynikaj\u0105ce z RODO. W celu przygotowania si\u0119 do nowych zasad podj\u0119\u0142a ona dzia\u0142ania obejmuj\u0105ce w szczeg\u00f3lno\u015bci: 1. audyt globalnych dzia\u0142a\u0144 w zakresie przetwarzania danych; 2. ocen\u0119 bezpiecze\u0144stwa danych w ca\u0142ej grupie; 3. aktualizacj\u0119 szkole\u0144,&#8230;<\/p>\n","protected":false},"author":26,"featured_media":0,"parent":0,"menu_order":96,"comment_status":"closed","ping_status":"closed","template":"page-templates\/footer-page.php","meta":{"_acf_changed":false,"footnotes":""},"class_list":["post-29664","page","type-page","status-publish","hentry"],"acf":[],"aioseo_notices":[],"_links":{"self":[{"href":"https:\/\/www.globallogic.com\/pl\/wp-json\/wp\/v2\/pages\/29664","targetHints":{"allow":["GET"]}}],"collection":[{"href":"https:\/\/www.globallogic.com\/pl\/wp-json\/wp\/v2\/pages"}],"about":[{"href":"https:\/\/www.globallogic.com\/pl\/wp-json\/wp\/v2\/types\/page"}],"author":[{"embeddable":true,"href":"https:\/\/www.globallogic.com\/pl\/wp-json\/wp\/v2\/users\/26"}],"replies":[{"embeddable":true,"href":"https:\/\/www.globallogic.com\/pl\/wp-json\/wp\/v2\/comments?post=29664"}],"version-history":[{"count":0,"href":"https:\/\/www.globallogic.com\/pl\/wp-json\/wp\/v2\/pages\/29664\/revisions"}],"wp:attachment":[{"href":"https:\/\/www.globallogic.com\/pl\/wp-json\/wp\/v2\/media?parent=29664"}],"curies":[{"name":"wp","href":"https:\/\/api.w.org\/{rel}","templated":true}]}}