 
{"id":29687,"date":"2020-06-25T10:43:28","date_gmt":"2020-06-25T10:43:28","guid":{"rendered":"https:\/\/www.globallogic.com\/pl\/?page_id=29687"},"modified":"2025-11-25T12:41:24","modified_gmt":"2025-11-25T12:41:24","slug":"prywatnosc","status":"publish","type":"page","link":"https:\/\/www.globallogic.com\/pl\/prywatnosc\/","title":{"rendered":"Prywatno\u015b\u0107"},"content":{"rendered":"<div class=\"classic_editor_content\">GlobalLogic powa\u017cnie traktuje ochron\u0119 danych osobowych i zobowi\u0105zana jest do zapewniania zgodno\u015bci z wszelkimi regulacjami w tym zakresie. Ta podstrona naszej witryny internetowej zawiera informacje wyja\u015bniaj\u0105ce, w jaki spos\u00f3b zabezpieczamy prywatno\u015b\u0107 os\u00f3b, kt\u00f3rych dane osobowe przetwarzamy.<\/p>\n<p>Klikaj\u0105c w poni\u017csze linki, zapoznasz si\u0119 ze szczeg\u00f3\u0142owymi rozwi\u0105zaniami:<\/p>\n<p>1. <a href=\"https:\/\/www.globallogic.com\/pl\/privacy-policy\/\"> Og\u00f3lna Polityka Prywatno\u015bci<\/a> \u2013 odnosi si\u0119 do przetwarzania danych u\u017cytkownik\u00f3w naszej strony internetowej, naszych klient\u00f3w (z kt\u00f3rymi ju\u017c nawi\u0105zali\u015bmy lub dopiero nawi\u0105\u017cemy wsp\u00f3\u0142prac\u0119), dostawc\u00f3w, podwykonawc\u00f3w, innych os\u00f3b zainteresowanych nasz\u0105 dzia\u0142alno\u015bci\u0105 (np. przedstawicieli medi\u00f3w) lub os\u00f3b dzia\u0142aj\u0105cych w imieniu os\u00f3b\/podmiot\u00f3w wymienionych powy\u017cej (np. ich pracownik\u00f3w lub wsp\u00f3lnik\u00f3w);<br \/>\n2.<a href=\"https:\/\/www.globallogic.com\/pl\/recruitment-privacy\">Globalna Polityka Prywatno\u015bci \u2013 Rekrutacja<\/a> &#8211; informacje dla kandydat\u00f3w na stanowiska w GlobalLogic.<br \/>\n3. <a href=\"https:\/\/www.globallogic.com\/pl\/polityka-plikow-cookie\/\"> Polityka Plik\u00f3w cookie<\/a> \u2013 ten dokument odnosi si\u0119 do os\u00f3b odwiedzaj\u0105cych nasz\u0105 stron\u0119 internetow\u0105, w tym kandydat\u00f3w poszukuj\u0105cych ofert pracy, oraz do odbiorc\u00f3w naszych us\u0142ug marketingowych \u015bwiadczonych drog\u0105 e-mailow\u0105;<br \/>\n4. <a href=\"https:\/\/www.globallogic.com\/pl\/gdpr-statement\/\">O\u015bwiadczenie RODO <\/a> \u2013 informacja o podj\u0119tych przez nas krokach maj\u0105cych na celu zapewnienie zgodno\u015bci z przepisami RODO.<br \/>\nW razie pyta\u0144 lub w\u0105tpliwo\u015bci, zach\u0119camy do kontaktu pod adresem: <a rel=\"external nofollow\" target=\"_blank\" href=\"mailto:privacy@globallogic.com\">privacy@globallogic.com<\/a>.<\/div>\n","protected":false},"excerpt":{"rendered":"<p>GlobalLogic powa\u017cnie traktuje ochron\u0119 danych osobowych i zobowi\u0105zana jest do zapewniania zgodno\u015bci z wszelkimi regulacjami w tym zakresie. Ta podstrona naszej witryny internetowej zawiera informacje wyja\u015bniaj\u0105ce, w jaki spos\u00f3b zabezpieczamy prywatno\u015b\u0107 os\u00f3b, kt\u00f3rych dane osobowe przetwarzamy. Klikaj\u0105c w poni\u017csze linki, zapoznasz si\u0119 ze szczeg\u00f3\u0142owymi rozwi\u0105zaniami: 1. Og\u00f3lna Polityka Prywatno\u015bci \u2013 odnosi si\u0119 do przetwarzania danych u\u017cytkownik\u00f3w naszej strony internetowej, naszych klient\u00f3w (z kt\u00f3rymi ju\u017c nawi\u0105zali\u015bmy lub dopiero nawi\u0105\u017cemy wsp\u00f3\u0142prac\u0119), dostawc\u00f3w, podwykonawc\u00f3w, innych os\u00f3b zainteresowanych nasz\u0105 dzia\u0142alno\u015bci\u0105 (np. przedstawicieli medi\u00f3w) lub os\u00f3b dzia\u0142aj\u0105cych w imieniu os\u00f3b\/podmiot\u00f3w wymienionych powy\u017cej (np. ich pracownik\u00f3w lub wsp\u00f3lnik\u00f3w); 2.Globalna Polityka Prywatno\u015bci \u2013 Rekrutacja &#8211; informacje dla kandydat\u00f3w na stanowiska w GlobalLogic. 3. Polityka Plik\u00f3w cookie \u2013 ten dokument odnosi si\u0119 do os\u00f3b odwiedzaj\u0105cych nasz\u0105 stron\u0119 internetow\u0105, w tym kandydat\u00f3w poszukuj\u0105cych ofert pracy, oraz do odbiorc\u00f3w naszych us\u0142ug marketingowych \u015bwiadczonych drog\u0105 e-mailow\u0105; 4. O\u015bwiadczenie RODO \u2013 informacja o podj\u0119tych przez nas krokach maj\u0105cych na celu zapewnienie zgodno\u015bci z przepisami RODO. W razie pyta\u0144 lub w\u0105tpliwo\u015bci, zach\u0119camy do kontaktu pod adresem: privacy@globallogic.com.<\/p>\n","protected":false},"author":26,"featured_media":0,"parent":0,"menu_order":106,"comment_status":"closed","ping_status":"closed","template":"","meta":{"_acf_changed":false,"footnotes":""},"class_list":["post-29687","page","type-page","status-publish","hentry"],"acf":[],"aioseo_notices":[],"_links":{"self":[{"href":"https:\/\/www.globallogic.com\/pl\/wp-json\/wp\/v2\/pages\/29687","targetHints":{"allow":["GET"]}}],"collection":[{"href":"https:\/\/www.globallogic.com\/pl\/wp-json\/wp\/v2\/pages"}],"about":[{"href":"https:\/\/www.globallogic.com\/pl\/wp-json\/wp\/v2\/types\/page"}],"author":[{"embeddable":true,"href":"https:\/\/www.globallogic.com\/pl\/wp-json\/wp\/v2\/users\/26"}],"replies":[{"embeddable":true,"href":"https:\/\/www.globallogic.com\/pl\/wp-json\/wp\/v2\/comments?post=29687"}],"version-history":[{"count":1,"href":"https:\/\/www.globallogic.com\/pl\/wp-json\/wp\/v2\/pages\/29687\/revisions"}],"predecessor-version":[{"id":103668,"href":"https:\/\/www.globallogic.com\/pl\/wp-json\/wp\/v2\/pages\/29687\/revisions\/103668"}],"wp:attachment":[{"href":"https:\/\/www.globallogic.com\/pl\/wp-json\/wp\/v2\/media?parent=29687"}],"curies":[{"name":"wp","href":"https:\/\/api.w.org\/{rel}","templated":true}]}}