{"id":30672,"date":"2020-08-12T08:13:04","date_gmt":"2020-08-12T08:13:04","guid":{"rendered":"https:\/\/www.globallogic.com\/pl\/?page_id=30672"},"modified":"2020-08-12T08:13:04","modified_gmt":"2020-08-12T08:13:04","slug":"inzynieria-systemow-wbudowanych-od-zastosowan-domowych-i-przemyslowych-do-internetu-rzeczy","status":"publish","type":"page","link":"https:\/\/www.globallogic.com\/pl\/inzynieria-systemow-wbudowanych-od-zastosowan-domowych-i-przemyslowych-do-internetu-rzeczy\/","title":{"rendered":"In\u017cynieria system\u00f3w wbudowanych: od zastosowa\u0144 domowych i przemys\u0142owych do Internetu Rzeczy"},"content":{"rendered":"","protected":false},"excerpt":{"rendered":"","protected":false},"author":64,"featured_media":30673,"parent":0,"menu_order":69,"comment_status":"closed","ping_status":"closed","template":"page-templates\/contruction-projects.php","meta":{"_acf_changed":false,"footnotes":""},"class_list":["post-30672","page","type-page","status-publish","has-post-thumbnail","hentry"],"acf":[],"aioseo_notices":[],"_links":{"self":[{"href":"https:\/\/www.globallogic.com\/pl\/wp-json\/wp\/v2\/pages\/30672","targetHints":{"allow":["GET"]}}],"collection":[{"href":"https:\/\/www.globallogic.com\/pl\/wp-json\/wp\/v2\/pages"}],"about":[{"href":"https:\/\/www.globallogic.com\/pl\/wp-json\/wp\/v2\/types\/page"}],"author":[{"embeddable":true,"href":"https:\/\/www.globallogic.com\/pl\/wp-json\/wp\/v2\/users\/64"}],"replies":[{"embeddable":true,"href":"https:\/\/www.globallogic.com\/pl\/wp-json\/wp\/v2\/comments?post=30672"}],"version-history":[{"count":0,"href":"https:\/\/www.globallogic.com\/pl\/wp-json\/wp\/v2\/pages\/30672\/revisions"}],"wp:featuredmedia":[{"embeddable":true,"href":"https:\/\/www.globallogic.com\/pl\/wp-json\/wp\/v2\/media\/30673"}],"wp:attachment":[{"href":"https:\/\/www.globallogic.com\/pl\/wp-json\/wp\/v2\/media?parent=30672"}],"curies":[{"name":"wp","href":"https:\/\/api.w.org\/{rel}","templated":true}]}}