{"id":30706,"date":"2020-08-24T18:15:34","date_gmt":"2020-08-24T18:15:34","guid":{"rendered":"https:\/\/www.globallogic.com\/pl\/?page_id=30706"},"modified":"2020-08-24T18:15:34","modified_gmt":"2020-08-24T18:15:34","slug":"globallogic-mozliwosci-w-obszarze-relokacji","status":"publish","type":"page","link":"https:\/\/www.globallogic.com\/pl\/globallogic-mozliwosci-w-obszarze-relokacji\/","title":{"rendered":"Gdy chcesz si\u0119 relokowa\u0107\u2026"},"content":{"rendered":"<div class=\"classic_editor_content\">\n<div>A co w sytuacji, gdy zamarzysz o przeprowadzce do innego kraju? \u015awiat oferuje obecnie nieograniczone mo\u017cliwo\u015bci przemieszczania si\u0119 i pracy z r\u00f3\u017cnych lokalizacji, je\u017celi zdecydujesz si\u0119 na tak\u0105 zmian\u0119, pomo\u017cemy Ci w tym. Wesprzemy Ci\u0119 na ka\u017cdym etapie podr\u00f3\u017cy do nowego miejsca i u\u0142atwimy Ci proces relokacji tak jak tylko b\u0119dziemy mogli.<\/div>\n<\/div>\n","protected":false},"excerpt":{"rendered":"<p>A co w sytuacji, gdy zamarzysz o przeprowadzce do innego kraju? \u015awiat oferuje obecnie nieograniczone mo\u017cliwo\u015bci przemieszczania si\u0119 i pracy z r\u00f3\u017cnych lokalizacji, je\u017celi zdecydujesz si\u0119 na tak\u0105 zmian\u0119, pomo\u017cemy Ci w tym. Wesprzemy Ci\u0119 na ka\u017cdym etapie podr\u00f3\u017cy do nowego miejsca i u\u0142atwimy Ci proces relokacji tak jak tylko b\u0119dziemy mogli.<\/p>\n","protected":false},"author":26,"featured_media":31226,"parent":0,"menu_order":54,"comment_status":"closed","ping_status":"closed","template":"page-templates\/contruction-projects.php","meta":{"_acf_changed":false,"footnotes":""},"class_list":["post-30706","page","type-page","status-publish","has-post-thumbnail","hentry"],"acf":[],"aioseo_notices":[],"_links":{"self":[{"href":"https:\/\/www.globallogic.com\/pl\/wp-json\/wp\/v2\/pages\/30706","targetHints":{"allow":["GET"]}}],"collection":[{"href":"https:\/\/www.globallogic.com\/pl\/wp-json\/wp\/v2\/pages"}],"about":[{"href":"https:\/\/www.globallogic.com\/pl\/wp-json\/wp\/v2\/types\/page"}],"author":[{"embeddable":true,"href":"https:\/\/www.globallogic.com\/pl\/wp-json\/wp\/v2\/users\/26"}],"replies":[{"embeddable":true,"href":"https:\/\/www.globallogic.com\/pl\/wp-json\/wp\/v2\/comments?post=30706"}],"version-history":[{"count":0,"href":"https:\/\/www.globallogic.com\/pl\/wp-json\/wp\/v2\/pages\/30706\/revisions"}],"wp:featuredmedia":[{"embeddable":true,"href":"https:\/\/www.globallogic.com\/pl\/wp-json\/wp\/v2\/media\/31226"}],"wp:attachment":[{"href":"https:\/\/www.globallogic.com\/pl\/wp-json\/wp\/v2\/media?parent=30706"}],"curies":[{"name":"wp","href":"https:\/\/api.w.org\/{rel}","templated":true}]}}