 
{"id":53,"date":"2024-08-07T07:49:17","date_gmt":"2024-08-07T07:49:17","guid":{"rendered":"https:\/\/www.globallogic.com\/pl\/?page_id=53"},"modified":"2025-03-13T11:12:20","modified_gmt":"2025-03-13T11:12:20","slug":"partners","status":"publish","type":"page","link":"https:\/\/www.globallogic.com\/pl\/about\/partners\/","title":{"rendered":"Partnerzy"},"content":{"rendered":"    <section class=\"about_banner_block\" id=\"partners-hero-banner-block_88fd3b330ed53600d4891b8fffbc8ee3\">\r\n        <div class=\"container\">\r\n            <div class=\"about_banner_area\">\r\n                                    <h1>Budujemy silne partnerstwa z liderami bran\u017cy, aby tworzy\u0107 warto\u015b\u0107 dla naszych klient\u00f3w.<\/h1>\r\n                                                    <div class=\"about_banner_content\">\r\n                        <p>Poprzez wsp\u00f3\u0142prac\u0119 z wiod\u0105cymi partnerami technologicznymi, takimi jak AWS, Google Cloud i Microsoft Azure, dostarczamy innowacyjne rozwi\u0105zania, kt\u00f3re nap\u0119dzaj\u0105 transformacj\u0119 biznesow\u0105. Nasza wiedza w zakresie chmury, danych, AI i automatyzacji pomaga klientom odkrywa\u0107 nowe mo\u017cliwo\u015bci, przyspiesza\u0107 wzrost i osi\u0105ga\u0107 trwa\u0142e rezultaty.<\/p>\r\n                                            <\/div>\r\n                            <\/div>\r\n        <\/div>\r\n                    <img fetchpriority=\"high\" width=\"1440\" height=\"300\" src=\"https:\/\/www.globallogic.com\/pl\/wp-content\/uploads\/sites\/9\/2024\/08\/about_banner-1.jpg\" class=\"home_banner_img\" alt=\"GlobalLogic\" loading=\"eager\" decoding=\"async\" srcset=\"https:\/\/www.globallogic.com\/pl\/wp-content\/uploads\/sites\/9\/2024\/08\/about_banner-1.jpg 1440w, https:\/\/www.globallogic.com\/pl\/wp-content\/uploads\/sites\/9\/2024\/08\/about_banner-1-300x63.jpg 300w, https:\/\/www.globallogic.com\/pl\/wp-content\/uploads\/sites\/9\/2024\/08\/about_banner-1-1024x214.jpg 1024w, https:\/\/www.globallogic.com\/pl\/wp-content\/uploads\/sites\/9\/2024\/08\/about_banner-1-768x161.jpg 768w\" sizes=\"(max-width: 1440px) 100vw, 1440px\" \/>            <\/section>\r\n\r\n\n\n    <section class=\"partners-block \" id=\"partners-list-block-block_f15bb5b9ea762c077c3158c66513888f\">\r\n        <div class=\"container\">\r\n            <div class=\"partners-head-block\">\r\n                                    <div class=\"sub_head\">Partnerzy<\/div>\r\n                                <div class=\"partners-head-content\">\r\n                                            <h2 data-aos=\"fade-right\" data-aos-duration=\"1000\">Si\u0142a partnerstwa<\/h2>\r\n                                                                <p>Nasze partnerstwa daj\u0105 nam ekskluzywny dost\u0119p do narz\u0119dzi, szkole\u0144 i zasob\u00f3w. Umo\u017cliwiaj\u0105 nam r\u00f3wnie\u017c szybsze wprowadzenie Twoich produkt\u00f3w na rynek oraz osi\u0105ganie lepszych wynik\u00f3w.<\/p>\r\n                                    <\/div>\r\n            <\/div>\r\n                            <div class=\"partners-cards\">\r\n                                            <div class=\"card\" id=\"post-99611\">\r\n                            <div class=\"partner-icon\">\r\n                                <img width=\"75\" height=\"44\" src=\"https:\/\/www.globallogic.com\/pl\/wp-content\/uploads\/sites\/9\/2024\/09\/AWS-logo.svg\" class=\"attachment-full size-full\" alt=\"\" loading=\"eager\" decoding=\"async\" \/>                            <\/div>\r\n                            <div class=\"card-text\">\r\n                                <h4 class=\"card-title\">AWS<\/h4>\r\n                                <div class=\"card-body\"><p>Poznaj us\u0142ugi partnerskie GlobalLogic w ramach AWS, oferuj\u0105ce eksperck\u0105 wiedz\u0119 w zakresie rozwi\u0105za\u0144 chmurowych, kt\u00f3re przyspieszaj\u0105 transformacj\u0119 cyfrow\u0105 i wspieraj\u0105 innowacje.<\/p>\n<\/div>\r\n                                <a href=\"https:\/\/www.globallogic.com\/pl\/about\/partners\/aws\/\" class=\"secondaryBtn\">Dowiedz si\u0119 wi\u0119cej<\/a>\r\n                            <\/div>\r\n                        <\/div>\r\n                                            <div class=\"card\" id=\"post-99673\">\r\n                            <div class=\"partner-icon\">\r\n                                <img width=\"187\" height=\"41\" src=\"https:\/\/www.globallogic.com\/pl\/wp-content\/uploads\/sites\/9\/2024\/10\/Microsoft_logo.png\" class=\"attachment-full size-full\" alt=\"\" loading=\"eager\" decoding=\"async\" \/>                            <\/div>\r\n                            <div class=\"card-text\">\r\n                                <h4 class=\"card-title\">Microsoft<\/h4>\r\n                                <div class=\"card-body\"><p>Dowiedz si\u0119, jak GlobalLogic, jako partner Microsoft, dostarcza rozwi\u0105zania chmurowe, AI i in\u017cynierii cyfrowej, aby przyspieszy\u0107 innowacje i transformacj\u0119.<\/p>\n<\/div>\r\n                                <a href=\"https:\/\/www.globallogic.com\/pl\/about\/partners\/microsoft-azure\/\" class=\"secondaryBtn\">Dowiedz si\u0119 wi\u0119cej<\/a>\r\n                            <\/div>\r\n                        <\/div>\r\n                                            <div class=\"card\" id=\"post-99675\">\r\n                            <div class=\"partner-icon\">\r\n                                <img width=\"544\" height=\"96\" src=\"https:\/\/www.globallogic.com\/pl\/wp-content\/uploads\/sites\/9\/2024\/10\/GoogleCloud.png\" class=\"attachment-full size-full\" alt=\"\" loading=\"eager\" decoding=\"async\" srcset=\"https:\/\/www.globallogic.com\/pl\/wp-content\/uploads\/sites\/9\/2024\/10\/GoogleCloud.png 544w, https:\/\/www.globallogic.com\/pl\/wp-content\/uploads\/sites\/9\/2024\/10\/GoogleCloud-300x53.png 300w\" sizes=\"(max-width: 544px) 100vw, 544px\" \/>                            <\/div>\r\n                            <div class=\"card-text\">\r\n                                <h4 class=\"card-title\">Google Cloud<\/h4>\r\n                                <div class=\"card-body\"><p>Przyspiesz rozw\u00f3j innowacji z GlobalLogic i Google Cloud, wspieraj\u0105c wzrost swojego biznesu dzi\u0119ki AI, skalowalnym rozwi\u0105zaniom chmurowym oraz nowoczesnym metodom tworzenia aplikacji.<\/p>\n<\/div>\r\n                                <a href=\"https:\/\/www.globallogic.com\/pl\/about\/partners\/gcp\/\" class=\"secondaryBtn\">Dowiedz si\u0119 wi\u0119cej<\/a>\r\n                            <\/div>\r\n                        <\/div>\r\n                                            <div class=\"card\" id=\"post-103708\">\r\n                            <div class=\"partner-icon\">\r\n                                <img width=\"889\" height=\"649\" src=\"https:\/\/www.globallogic.com\/pl\/wp-content\/uploads\/sites\/9\/2026\/01\/Salesforce-Logo-889x649-1.png\" class=\"attachment-full size-full\" alt=\"\" loading=\"eager\" decoding=\"async\" srcset=\"https:\/\/www.globallogic.com\/pl\/wp-content\/uploads\/sites\/9\/2026\/01\/Salesforce-Logo-889x649-1.png 889w, https:\/\/www.globallogic.com\/pl\/wp-content\/uploads\/sites\/9\/2026\/01\/Salesforce-Logo-889x649-1-300x219.png 300w, https:\/\/www.globallogic.com\/pl\/wp-content\/uploads\/sites\/9\/2026\/01\/Salesforce-Logo-889x649-1-768x561.png 768w\" sizes=\"(max-width: 889px) 100vw, 889px\" \/>                            <\/div>\r\n                            <div class=\"card-text\">\r\n                                <h4 class=\"card-title\">Salesforce<\/h4>\r\n                                <div class=\"card-body\"><p>Przekszta\u0142caj do\u015bwiadczenia klient\u00f3w i przyspieszaj innowacje dzi\u0119ki bran\u017cowym rozwi\u0105zaniom Salesforce od GlobalLogic, zaprojektowanym, by wspiera\u0107 transformacj\u0119 cyfrow\u0105 na du\u017c\u0105 skal\u0119.<\/p>\n<\/div>\r\n                                <a href=\"https:\/\/www.globallogic.com\/pl\/about\/partners\/salesforce-partner\/\" class=\"secondaryBtn\">Dowiedz si\u0119 wi\u0119cej<\/a>\r\n                            <\/div>\r\n                        <\/div>\r\n                                            <div class=\"card\" id=\"post-103738\">\r\n                            <div class=\"partner-icon\">\r\n                                <img width=\"768\" height=\"202\" src=\"https:\/\/www.globallogic.com\/pl\/wp-content\/uploads\/sites\/9\/2026\/01\/Adobe-logo-color.png\" class=\"attachment-full size-full\" alt=\"\" loading=\"eager\" decoding=\"async\" srcset=\"https:\/\/www.globallogic.com\/pl\/wp-content\/uploads\/sites\/9\/2026\/01\/Adobe-logo-color.png 768w, https:\/\/www.globallogic.com\/pl\/wp-content\/uploads\/sites\/9\/2026\/01\/Adobe-logo-color-300x79.png 300w\" sizes=\"(max-width: 768px) 100vw, 768px\" \/>                            <\/div>\r\n                            <div class=\"card-text\">\r\n                                <h4 class=\"card-title\">Adobe<\/h4>\r\n                                <div class=\"card-body\"><p>Nawi\u0105\u017c wsp\u00f3\u0142prac\u0119 z GlobalLogic, aby podnie\u015b\u0107 jako\u015b\u0107 do\u015bwiadcze\u0144 cyfrowych, zoptymalizowa\u0107 e-commerce i usprawni\u0107 automatyzacj\u0119 marketingu dzi\u0119ki certyfikowanej ekspertyzie Adobe.<\/p>\n<\/div>\r\n                                <a href=\"https:\/\/www.globallogic.com\/pl\/about\/partners\/adobe\/\" class=\"secondaryBtn\">Dowiedz si\u0119 wi\u0119cej<\/a>\r\n                            <\/div>\r\n                        <\/div>\r\n                                            <div class=\"card\" id=\"post-103776\">\r\n                            <div class=\"partner-icon\">\r\n                                <img width=\"712\" height=\"208\" src=\"https:\/\/www.globallogic.com\/pl\/wp-content\/uploads\/sites\/9\/2026\/01\/Boomi_2-Color_Logo_Positive.png\" class=\"attachment-full size-full\" alt=\"\" loading=\"eager\" decoding=\"async\" srcset=\"https:\/\/www.globallogic.com\/pl\/wp-content\/uploads\/sites\/9\/2026\/01\/Boomi_2-Color_Logo_Positive.png 712w, https:\/\/www.globallogic.com\/pl\/wp-content\/uploads\/sites\/9\/2026\/01\/Boomi_2-Color_Logo_Positive-300x88.png 300w\" sizes=\"(max-width: 712px) 100vw, 712px\" \/>                            <\/div>\r\n                            <div class=\"card-text\">\r\n                                <h4 class=\"card-title\">Boomi<\/h4>\r\n                                <div class=\"card-body\"><p>Partnerstwo GlobalLogic z Boomi pomaga naszym klientom odblokowa\u0107 dane i aplikacje, jednocze\u015bnie zapewniaj\u0105c jednolity obraz biznesowy do zarz\u0105dzania efektywno\u015bci\u0105 operacyjn\u0105, zwinno\u015bci\u0105 i innowacyjno\u015bci\u0105 w skali ca\u0142ego przedsi\u0119biorstwa.<\/p>\n<\/div>\r\n                                <a href=\"https:\/\/www.globallogic.com\/pl\/about\/partners\/boomi-partner\/\" class=\"secondaryBtn\">Dowiedz si\u0119 wi\u0119cej<\/a>\r\n                            <\/div>\r\n                        <\/div>\r\n                                            <div class=\"card\" id=\"post-103791\">\r\n                            <div class=\"partner-icon\">\r\n                                <img width=\"385\" height=\"109\" src=\"https:\/\/www.globallogic.com\/pl\/wp-content\/uploads\/sites\/9\/2026\/01\/ServiceNow-Black_Green-Logo.png\" class=\"attachment-full size-full\" alt=\"\" loading=\"eager\" decoding=\"async\" srcset=\"https:\/\/www.globallogic.com\/pl\/wp-content\/uploads\/sites\/9\/2026\/01\/ServiceNow-Black_Green-Logo.png 385w, https:\/\/www.globallogic.com\/pl\/wp-content\/uploads\/sites\/9\/2026\/01\/ServiceNow-Black_Green-Logo-300x85.png 300w\" sizes=\"(max-width: 385px) 100vw, 385px\" \/>                            <\/div>\r\n                            <div class=\"card-text\">\r\n                                <h4 class=\"card-title\">ServiceNow<\/h4>\r\n                                <div class=\"card-body\"><p>ServiceNow umo\u017cliwia organizacjom korporacyjnym realizacj\u0119 cel\u00f3w transformacji cyfrowej dzi\u0119ki jednej, zintegrowanej platformie chmurowej.<\/p>\n<\/div>\r\n                                <a href=\"https:\/\/www.globallogic.com\/pl\/about\/partners\/servicenow\/\" class=\"secondaryBtn\">Dowiedz si\u0119 wi\u0119cej<\/a>\r\n                            <\/div>\r\n                        <\/div>\r\n                                            <div class=\"card\" id=\"post-103800\">\r\n                            <div class=\"partner-icon\">\r\n                                <img width=\"945\" height=\"323\" src=\"https:\/\/www.globallogic.com\/pl\/wp-content\/uploads\/sites\/9\/2026\/01\/Overture-1.jpg\" class=\"attachment-full size-full\" alt=\"\" loading=\"eager\" decoding=\"async\" srcset=\"https:\/\/www.globallogic.com\/pl\/wp-content\/uploads\/sites\/9\/2026\/01\/Overture-1.jpg 945w, https:\/\/www.globallogic.com\/pl\/wp-content\/uploads\/sites\/9\/2026\/01\/Overture-1-300x103.jpg 300w, https:\/\/www.globallogic.com\/pl\/wp-content\/uploads\/sites\/9\/2026\/01\/Overture-1-768x263.jpg 768w\" sizes=\"(max-width: 945px) 100vw, 945px\" \/>                            <\/div>\r\n                            <div class=\"card-text\">\r\n                                <h4 class=\"card-title\">Overture Maps Foundation<\/h4>\r\n                                <div class=\"card-body\"><p>Wykorzystaj zaawansowane us\u0142ugi geoprzestrzenne i otwarte dane mapowe, kt\u00f3re umo\u017cliwiaj\u0105 tworzenie, aktualizowanie i udoskonalanie map w czasie rzeczywistym, a tak\u017ce opracowywanie rozwi\u0105za\u0144 mapowych nowej generacji.<\/p>\n<\/div>\r\n                                <a href=\"https:\/\/www.globallogic.com\/pl\/about\/partners\/we-are-overture-maps-foundation-partner\/\" class=\"secondaryBtn\">Dowiedz si\u0119 wi\u0119cej<\/a>\r\n                            <\/div>\r\n                        <\/div>\r\n                                    <\/div>\r\n                <a href=\"#\" class=\"secondaryBtn loadBtn\">Load more<\/a>\r\n                    <\/div>\r\n    <\/section>\r\n\n\n    <section class=\"get_in_block  \" id=\"get-in-block_92e407eb2988c7ae0b319ca6e266d78b\">\r\n        <div class=\"container\">\r\n            <div class=\"get_in_area\">\r\n                                    <a href=\"https:\/\/www.globallogic.com\/pl\/contact\/\" class=\"primaryBtn\">Skontaktuj si\u0119 z nami<\/a>\r\n                \r\n                                    <h2>\r\n                                                    <span>Zacznijmy <\/span>\r\n                                                    <span>razem wywiera\u0107<\/span>\r\n                                                    <span>realny wp\u0142yw.<\/span>\r\n                                            <\/h2>\r\n                                                    <p>GlobalLogic \u0142\u0105czy unikalne do\u015bwiadczenie i wiedz\u0119 z zakresu danych, projektowania oraz in\u017cynierii.<\/p>\r\n                                <div class=\"get_in_overlay\"><\/div>\r\n            <\/div>\r\n        <\/div>\r\n    <\/section>\r\n","protected":false},"excerpt":{"rendered":"<p>Poznaj, jak nasze partnerstwa z AWS, Google Cloud i Microsoft Azure wspieraj\u0105 innowacje, przyspieszaj\u0105 rozw\u00f3j i dostarczaj\u0105 dopasowane rozwi\u0105zania cyfrowe dla klient\u00f3w.<\/p>\n","protected":false},"author":1,"featured_media":0,"parent":47,"menu_order":97,"comment_status":"closed","ping_status":"closed","template":"templates\/partners.php","meta":{"_acf_changed":false,"footnotes":""},"class_list":["post-53","page","type-page","status-publish","hentry"],"acf":[],"aioseo_notices":[],"_links":{"self":[{"href":"https:\/\/www.globallogic.com\/pl\/wp-json\/wp\/v2\/pages\/53","targetHints":{"allow":["GET"]}}],"collection":[{"href":"https:\/\/www.globallogic.com\/pl\/wp-json\/wp\/v2\/pages"}],"about":[{"href":"https:\/\/www.globallogic.com\/pl\/wp-json\/wp\/v2\/types\/page"}],"author":[{"embeddable":true,"href":"https:\/\/www.globallogic.com\/pl\/wp-json\/wp\/v2\/users\/1"}],"replies":[{"embeddable":true,"href":"https:\/\/www.globallogic.com\/pl\/wp-json\/wp\/v2\/comments?post=53"}],"version-history":[{"count":14,"href":"https:\/\/www.globallogic.com\/pl\/wp-json\/wp\/v2\/pages\/53\/revisions"}],"predecessor-version":[{"id":101171,"href":"https:\/\/www.globallogic.com\/pl\/wp-json\/wp\/v2\/pages\/53\/revisions\/101171"}],"up":[{"embeddable":true,"href":"https:\/\/www.globallogic.com\/pl\/wp-json\/wp\/v2\/pages\/47"}],"wp:attachment":[{"href":"https:\/\/www.globallogic.com\/pl\/wp-json\/wp\/v2\/media?parent=53"}],"curies":[{"name":"wp","href":"https:\/\/api.w.org\/{rel}","templated":true}]}}