{"id":60,"date":"2024-08-09T04:56:02","date_gmt":"2024-08-09T04:56:02","guid":{"rendered":"https:\/\/www.globallogic.com\/pl\/?page_id=60"},"modified":"2025-03-13T11:18:21","modified_gmt":"2025-03-13T11:18:21","slug":"press-room","status":"publish","type":"page","link":"https:\/\/www.globallogic.com\/pl\/about\/press-room\/","title":{"rendered":"Press Room"},"content":{"rendered":"\r\n<!-- Locations Hero banner -->\r\n \r\n<section class=\"partner_detail_banner_block locations_banner_block \" id=\"banner-locations-block_50b2715d1cd1b9b00cb02abd68ea1175\">\r\n    <div class=\"container\">\r\n        <div class=\"banner_content_block\">\r\n            <ul class=\"breadcrumb\"><\/ul>            \r\n                            <h1>GlobalLogic dzieli si\u0119 ze \u015bwiatem nowymi pomys\u0142ami i ekspertyz\u0105, zar\u00f3wno w mediach, jak i podczas najr\u00f3\u017cniejszych wydarze\u0144.<\/h1>\r\n                    <\/div>\r\n    <\/div>\r\n<\/section>\r\n\n\n\n<!-- Featured Posts Slider --> \n    <section class=\"event_banner_block \" id=\"fea-posts-sliderblock_a65d3649890a7cfc83834bccbe2b8859\">\n        <div class=\"container\">\n            <div class=\"swiper eventSlider\">\n                <div class=\"swiper-wrapper\">\n                                                                                                            <div class=\"swiper-slide\">\n                                        <a href=\"https:\/\/www.globallogic.com\/pl\/about\/press-room\/press-release\/globallogic-announces-availability-of-velocityai-on-google-cloud-marketplace-to-accelerate-enterprise-ai-adoption-and-it-ot-integration-at-scale\/\" class=\"insightCard fullWidth\">\n                                            <div class=\"insight_overlay\">\n                                                                                                <div class=\"insight_sub_head\">\n                                                                                                                                                                    <span><\/span>\n                                                                                                    <\/div>\n                                                                                                    <h3 class=\"trim\">GlobalLogic udost\u0119pnia VelocityAI w Google Cloud Marketplace, aby przyspieszy\u0107 adopcj\u0119 sztucznej inteligencji i integracj\u0119 IT\/OT w skali przedsi\u0119biorstwa<\/h3>\n                                                                                            <\/div>\n                                            \n                                                <div class=\"insight_img\">\n\n                                                    <img width=\"1130\" height=\"636\" src=\"https:\/\/www.globallogic.com\/pl\/wp-content\/uploads\/sites\/9\/2026\/04\/gl-velocityAI-1024x576-1.png\" class=\"attachment-full size-full\" alt=\"Abstract 3D orange shapes in motion blur, resembling two interlocking L\u2011blocks.\" loading=\"lazy\" decoding=\"async\" srcset=\"https:\/\/www.globallogic.com\/pl\/wp-content\/uploads\/sites\/9\/2026\/04\/gl-velocityAI-1024x576-1.png 1024w, https:\/\/www.globallogic.com\/pl\/wp-content\/uploads\/sites\/9\/2026\/04\/gl-velocityAI-1024x576-1-300x169.png 300w, https:\/\/www.globallogic.com\/pl\/wp-content\/uploads\/sites\/9\/2026\/04\/gl-velocityAI-1024x576-1-768x432.png 768w\" sizes=\"auto, (max-width: 1024px) 100vw, 1024px\" \/>\n                                                <\/div>\n                                                                                    <\/a>\n                                    <\/div>\n                                                                        <div class=\"swiper-slide\">\n                                        <a href=\"https:\/\/www.globallogic.com\/pl\/about\/press-room\/recognitions\/globallogic-z-diamentem-forbesa-2026\/\" class=\"insightCard fullWidth\">\n                                            <div class=\"insight_overlay\">\n                                                                                                <div class=\"insight_sub_head\">\n                                                                                                                                                                    <span><\/span>\n                                                                                                    <\/div>\n                                                                                                    <h3 class=\"trim\">GlobalLogic z Diamentem Forbesa 2026<\/h3>\n                                                                                            <\/div>\n                                            \n                                                <div class=\"insight_img\">\n\n                                                    <img width=\"1130\" height=\"636\" src=\"https:\/\/www.globallogic.com\/pl\/wp-content\/uploads\/sites\/9\/2026\/03\/Forbes-Diamond-Article.jpg\" class=\"attachment-full size-full  wpsmartcrop-image \" alt=\"\" loading=\"lazy\" decoding=\"async\" srcset=\"https:\/\/www.globallogic.com\/pl\/wp-content\/uploads\/sites\/9\/2026\/03\/Forbes-Diamond-Article.jpg 500w, https:\/\/www.globallogic.com\/pl\/wp-content\/uploads\/sites\/9\/2026\/03\/Forbes-Diamond-Article-300x198.jpg 300w\" sizes=\"auto, (max-width: 500px) 100vw, 500px\" data-smartcrop-focus=\"[94,10]\" \/>\n                                                <\/div>\n                                                                                    <\/a>\n                                    <\/div>\n                                                                        <div class=\"swiper-slide\">\n                                        <a href=\"https:\/\/www.globallogic.com\/pl\/about\/press-room\/press-release\/globallogic-and-elektrobit-strengthen-partnership-to-accelerate-next-generation-software-defined-vehicles\/\" class=\"insightCard fullWidth\">\n                                            <div class=\"insight_overlay\">\n                                                                                                <div class=\"insight_sub_head\">\n                                                                                                                                                                    <span><\/span>\n                                                                                                    <\/div>\n                                                                                                    <h3 class=\"trim\">GlobalLogic i Elektrobit zacie\u015bniaj\u0105 wsp\u00f3\u0142prac\u0119 w celu przyspieszenia rozwoju pojazd\u00f3w definiowanych programowo (SDV) nowej generacji<\/h3>\n                                                                                            <\/div>\n                                            \n                                                <div class=\"insight_img\">\n\n                                                    <img width=\"1130\" height=\"636\" src=\"https:\/\/www.globallogic.com\/pl\/wp-content\/uploads\/sites\/9\/2026\/01\/large-Website-feature-image.png\" class=\"attachment-full size-full\" alt=\"\" loading=\"lazy\" decoding=\"async\" srcset=\"https:\/\/www.globallogic.com\/pl\/wp-content\/uploads\/sites\/9\/2026\/01\/large-Website-feature-image.png 786w, https:\/\/www.globallogic.com\/pl\/wp-content\/uploads\/sites\/9\/2026\/01\/large-Website-feature-image-300x195.png 300w, https:\/\/www.globallogic.com\/pl\/wp-content\/uploads\/sites\/9\/2026\/01\/large-Website-feature-image-768x500.png 768w\" sizes=\"auto, (max-width: 786px) 100vw, 786px\" \/>\n                                                <\/div>\n                                                                                    <\/a>\n                                    <\/div>\n                                                                        <div class=\"swiper-slide\">\n                                        <a href=\"https:\/\/www.globallogic.com\/pl\/about\/press-room\/recognitions\/globallogic-wins-silver-in-brandon-hall-groups-excellence-in-technology-awards\/\" class=\"insightCard fullWidth\">\n                                            <div class=\"insight_overlay\">\n                                                                                                <div class=\"insight_sub_head\">\n                                                                                                                                                                    <span><\/span>\n                                                                                                    <\/div>\n                                                                                                    <h3 class=\"trim\">GlobalLogic zdobywa srebrn\u0105 nagrod\u0119 w presti\u017cowym konkursie Brandon Hall Group Excellence in Technology Awards<\/h3>\n                                                                                            <\/div>\n                                            \n                                                <div class=\"insight_img\">\n\n                                                    <img width=\"1130\" height=\"636\" src=\"https:\/\/www.globallogic.com\/pl\/wp-content\/uploads\/sites\/9\/2026\/02\/Brandon-Hall-award-HeroImage-V1.jpg\" class=\"attachment-full size-full\" alt=\"\" loading=\"lazy\" decoding=\"async\" srcset=\"https:\/\/www.globallogic.com\/pl\/wp-content\/uploads\/sites\/9\/2026\/02\/Brandon-Hall-award-HeroImage-V1.jpg 768w, https:\/\/www.globallogic.com\/pl\/wp-content\/uploads\/sites\/9\/2026\/02\/Brandon-Hall-award-HeroImage-V1-300x200.jpg 300w\" sizes=\"auto, (max-width: 768px) 100vw, 768px\" \/>\n                                                <\/div>\n                                                                                    <\/a>\n                                    <\/div>\n                                    \n                                                                <\/div>\n                                    <div class=\"swiper_control\">\n                        <div class=\"swiper-scrollbar\"><\/div>\n                        <nav class=\"swiper_nav\" aria-label=\"Featured Post Slider Navigation\">\n                            <div class=\"swiper-button-prev\"><\/div>\n                            <div class=\"swiper-button-next\"><\/div>\n                        <\/nav>\n                    <\/div>\n                    \n            <\/div>\n    <\/section>\n    ","protected":false},"excerpt":{"rendered":"","protected":false},"author":1,"featured_media":0,"parent":47,"menu_order":101,"comment_status":"closed","ping_status":"closed","template":"templates\/news-events.php","meta":{"_acf_changed":false,"footnotes":""},"class_list":["post-60","page","type-page","status-publish","hentry"],"acf":[],"aioseo_notices":[],"_links":{"self":[{"href":"https:\/\/www.globallogic.com\/pl\/wp-json\/wp\/v2\/pages\/60","targetHints":{"allow":["GET"]}}],"collection":[{"href":"https:\/\/www.globallogic.com\/pl\/wp-json\/wp\/v2\/pages"}],"about":[{"href":"https:\/\/www.globallogic.com\/pl\/wp-json\/wp\/v2\/types\/page"}],"author":[{"embeddable":true,"href":"https:\/\/www.globallogic.com\/pl\/wp-json\/wp\/v2\/users\/1"}],"replies":[{"embeddable":true,"href":"https:\/\/www.globallogic.com\/pl\/wp-json\/wp\/v2\/comments?post=60"}],"version-history":[{"count":9,"href":"https:\/\/www.globallogic.com\/pl\/wp-json\/wp\/v2\/pages\/60\/revisions"}],"predecessor-version":[{"id":102427,"href":"https:\/\/www.globallogic.com\/pl\/wp-json\/wp\/v2\/pages\/60\/revisions\/102427"}],"up":[{"embeddable":true,"href":"https:\/\/www.globallogic.com\/pl\/wp-json\/wp\/v2\/pages\/47"}],"wp:attachment":[{"href":"https:\/\/www.globallogic.com\/pl\/wp-json\/wp\/v2\/media?parent=60"}],"curies":[{"name":"wp","href":"https:\/\/api.w.org\/{rel}","templated":true}]}}