 
{"id":730,"date":"2024-08-21T11:23:50","date_gmt":"2024-08-21T11:23:50","guid":{"rendered":"https:\/\/www.globallogic.com\/pl\/?page_id=730"},"modified":"2024-10-18T20:42:30","modified_gmt":"2024-10-18T20:42:30","slug":"career-search-page","status":"publish","type":"page","link":"https:\/\/www.globallogic.com\/pl\/career-search-page\/","title":{"rendered":"Career Listing"},"content":{"rendered":"\r\n<!-- About Impact Section -->\r\n        <section class=\"impact_block  reverse list_type_content career_spotlight theme-gray\" id=\"about-impact-block_02ac3ef423c58e1100b9a3fa31b2d84c\">\r\n            <div class=\"container\">\r\n                <div class=\"impact_area\">\r\n                    <div class=\"impact_content\">\r\n                        <div>\r\n                                                            <div class=\"sub_head\">Dlaczego GlobalLogic?<\/div>\r\n                                                                                        <h2>Rozwijaj umiej\u0119tno\u015bci. Tw\u00f3rz zmiany.<\/h2>\r\n                                                    <\/div>\r\n                        <div>\r\n                                                                                        <ul>\n<li>Kultura skoncentrowana na ludziach<\/li>\n<li>Ciekawe wyzwania i praca pe\u0142na pasji<\/li>\n<\/ul>\n                                                                                        <a href=\"https:\/\/www.globallogic.com\/pl\/whygl-nasze-benefity\/\" class=\"secondaryBtn\">Dowiedz si\u0119 wi\u0119cej<\/a>\r\n                                                    <\/div>\r\n                    <\/div>\r\n                                            <div class=\"impact_image\">\r\n                            <img fetchpriority=\"high\" width=\"555\" height=\"720\" src=\"https:\/\/www.globallogic.com\/pl\/wp-content\/uploads\/sites\/9\/2024\/10\/Desktop_Career-Search_Left.jpg\" class=\"location_img\" alt=\"\" loading=\"eager\" decoding=\"async\" srcset=\"https:\/\/www.globallogic.com\/pl\/wp-content\/uploads\/sites\/9\/2024\/10\/Desktop_Career-Search_Left.jpg 1920w, https:\/\/www.globallogic.com\/pl\/wp-content\/uploads\/sites\/9\/2024\/10\/Desktop_Career-Search_Left-300x168.jpg 300w, https:\/\/www.globallogic.com\/pl\/wp-content\/uploads\/sites\/9\/2024\/10\/Desktop_Career-Search_Left-1024x572.jpg 1024w, https:\/\/www.globallogic.com\/pl\/wp-content\/uploads\/sites\/9\/2024\/10\/Desktop_Career-Search_Left-768x429.jpg 768w, https:\/\/www.globallogic.com\/pl\/wp-content\/uploads\/sites\/9\/2024\/10\/Desktop_Career-Search_Left-1536x858.jpg 1536w\" sizes=\"(max-width: 1920px) 100vw, 1920px\" \/>                        <\/div>\r\n                                    <\/div>\r\n            <\/div>\r\n        <\/section>\r\n    ","protected":false},"excerpt":{"rendered":"","protected":false},"author":1,"featured_media":0,"parent":0,"menu_order":21,"comment_status":"closed","ping_status":"closed","template":"templates\/career-listing.php","meta":{"_acf_changed":false,"footnotes":""},"class_list":["post-730","page","type-page","status-publish","hentry"],"acf":[],"aioseo_notices":[],"_links":{"self":[{"href":"https:\/\/www.globallogic.com\/pl\/wp-json\/wp\/v2\/pages\/730","targetHints":{"allow":["GET"]}}],"collection":[{"href":"https:\/\/www.globallogic.com\/pl\/wp-json\/wp\/v2\/pages"}],"about":[{"href":"https:\/\/www.globallogic.com\/pl\/wp-json\/wp\/v2\/types\/page"}],"author":[{"embeddable":true,"href":"https:\/\/www.globallogic.com\/pl\/wp-json\/wp\/v2\/users\/1"}],"replies":[{"embeddable":true,"href":"https:\/\/www.globallogic.com\/pl\/wp-json\/wp\/v2\/comments?post=730"}],"version-history":[{"count":6,"href":"https:\/\/www.globallogic.com\/pl\/wp-json\/wp\/v2\/pages\/730\/revisions"}],"predecessor-version":[{"id":100293,"href":"https:\/\/www.globallogic.com\/pl\/wp-json\/wp\/v2\/pages\/730\/revisions\/100293"}],"wp:attachment":[{"href":"https:\/\/www.globallogic.com\/pl\/wp-json\/wp\/v2\/media?parent=730"}],"curies":[{"name":"wp","href":"https:\/\/api.w.org\/{rel}","templated":true}]}}