{"id":82346,"date":"2023-03-08T14:30:02","date_gmt":"2023-03-08T14:30:02","guid":{"rendered":"https:\/\/www.globallogic.com\/pl\/?page_id=82346"},"modified":"2025-03-27T11:44:37","modified_gmt":"2025-03-27T11:44:37","slug":"strategia-podatkowa","status":"publish","type":"page","link":"https:\/\/www.globallogic.com\/pl\/strategia-podatkowa\/","title":{"rendered":"Strategia podatkowa"},"content":{"rendered":"<div class=\"classic_editor_content\"><a target=\"_blank\" href=\"https:\/\/www.globallogic.com\/pl\/wp-content\/uploads\/sites\/9\/2025\/03\/2025_03_27_GlobalLogic_Informacja-o-realizowanej-strategii-podatkowej.pdf\"><strong>Informacja o realizowanej strategii podatkowej za rok podatkowy trwaj\u0105cy od 1 kwietnia 2023 r. do 31 marca 2024 r.<\/strong><\/a><\/p>\n<p><a target=\"_blank\" href=\"https:\/\/www.globallogic.com\/pl\/wp-content\/uploads\/sites\/9\/2024\/03\/2024_03_12_GlobalLogic_Informacja-o-realizowanej-strategii-podatkowej.pdf\">Informacja o realizowanej strategii podatkowej za rok podatkowy trwaj\u0105cy od 1 kwietnia 2022 r. do 31 marca 2023 r.<\/a><\/p>\n<p><a target=\"_blank\" href=\"https:\/\/www.globallogic.com\/pl\/wp-content\/uploads\/sites\/9\/2023\/03\/2023_03_07_GlobalLogic_Informacja-o-realizowanej-strategii-podatkowej.pdf\">Informacja o realizowanej strategii podatkowej za rok podatkowy trwaj\u0105cy od 1 kwietnia 2021 r. do 31 marca 2022 r.<\/a><\/p>\n<p><a target=\"_blank\" href=\"https:\/\/www.globallogic.com\/pl\/wp-content\/uploads\/sites\/9\/2022\/03\/2022_03_GlobalLogic_Informacja-o-realizowanej-strategii-podatkowej.pdf\">Informacja o realizowanej strategii podatkowej za rok podatkowy trwaj\u0105cy od 1 kwietnia 2020 r. do 31 marca 2021 r.<\/a><\/div>\n","protected":false},"excerpt":{"rendered":"<p>Informacja o realizowanej strategii podatkowej za rok podatkowy trwaj\u0105cy od 1 kwietnia 2023 r. do 31 marca 2024 r. Informacja o realizowanej strategii podatkowej za rok podatkowy trwaj\u0105cy od 1 kwietnia 2022 r. do 31 marca 2023 r. Informacja o realizowanej strategii podatkowej za rok podatkowy trwaj\u0105cy od 1 kwietnia 2021 r. do 31 marca 2022 r. Informacja o realizowanej strategii podatkowej za rok podatkowy trwaj\u0105cy od 1 kwietnia 2020 r. do 31 marca 2021 r.<\/p>\n","protected":false},"author":67,"featured_media":0,"parent":0,"menu_order":121,"comment_status":"closed","ping_status":"closed","template":"","meta":{"_acf_changed":false,"footnotes":""},"class_list":["post-82346","page","type-page","status-publish","hentry"],"acf":[],"aioseo_notices":[],"_links":{"self":[{"href":"https:\/\/www.globallogic.com\/pl\/wp-json\/wp\/v2\/pages\/82346","targetHints":{"allow":["GET"]}}],"collection":[{"href":"https:\/\/www.globallogic.com\/pl\/wp-json\/wp\/v2\/pages"}],"about":[{"href":"https:\/\/www.globallogic.com\/pl\/wp-json\/wp\/v2\/types\/page"}],"author":[{"embeddable":true,"href":"https:\/\/www.globallogic.com\/pl\/wp-json\/wp\/v2\/users\/67"}],"replies":[{"embeddable":true,"href":"https:\/\/www.globallogic.com\/pl\/wp-json\/wp\/v2\/comments?post=82346"}],"version-history":[{"count":1,"href":"https:\/\/www.globallogic.com\/pl\/wp-json\/wp\/v2\/pages\/82346\/revisions"}],"predecessor-version":[{"id":102722,"href":"https:\/\/www.globallogic.com\/pl\/wp-json\/wp\/v2\/pages\/82346\/revisions\/102722"}],"wp:attachment":[{"href":"https:\/\/www.globallogic.com\/pl\/wp-json\/wp\/v2\/media?parent=82346"}],"curies":[{"name":"wp","href":"https:\/\/api.w.org\/{rel}","templated":true}]}}