{"id":97400,"date":"2024-09-10T13:47:17","date_gmt":"2024-09-10T13:47:17","guid":{"rendered":"https:\/\/www.globallogic.com\/pl\/?page_id=97400"},"modified":"2025-03-13T11:12:41","modified_gmt":"2025-03-13T11:12:41","slug":"blogs","status":"publish","type":"page","link":"https:\/\/www.globallogic.com\/pl\/insights\/blogs\/","title":{"rendered":"Blogi"},"content":{"rendered":"\r\n<!-- Locations Hero banner -->\r\n \r\n<section class=\"partner_detail_banner_block locations_banner_block \" id=\"banner-locations-block_0f0ca68cba16607f86c4cdd381a338a4\">\r\n    <div class=\"container\">\r\n        <div class=\"banner_content_block\">\r\n            <ul class=\"breadcrumb\"><\/ul>            \r\n                            <h1>Explore fresh thinking from some of GlobalLogic&#8217;s strategists and engineers<\/h1>\r\n                    <\/div>\r\n    <\/div>\r\n<\/section>\r\n\n\n\n<!-- Featured Posts Slider --> \n    <section class=\"event_banner_block \" id=\"fea-posts-sliderblock_0ec57ec27c4928db7ffd651f8c24e1f5\">\n        <div class=\"container\">\n            <div class=\"swiper eventSlider\">\n                <div class=\"swiper-wrapper\">\n                    \n                            \n                            \n                                                                                            <div class=\"swiper-slide\">\n                                        <a href=\"https:\/\/www.globallogic.com\/pl\/insights\/blogs\/dla-dzikich-pszczol-i-nas-wszystkich-od-inspiracji-po-technologiczna-rewolucje\/\" class=\"insightCard fullWidth\" insightpost-92082>\n                                            <div class=\"insight_overlay\">\n                                                <div class=\"insight_tags\">\n                                                    <span class=\"category-tag\">Internet of Things<\/span><span class=\"category-tag\">Technologia<\/span><span class=\"industry-tag\">Technology<\/span>                                                <\/div>\n                                                <div class=\"insight_sub_head\">\n                                                    <div class=\"author-list\">\n                                                                                                                    <span>GlobalLogic<\/span>                                                    <\/div>\n                                                                                                                                                                                                                        <span>4 September 2024<\/span>\n                                                                                                    <\/div>\n                                                <h3 class=\"trim\">Dla dzikich pszcz\u00f3\u0142 i nas wszystkich \u2013 od inspiracji po technologiczn\u0105 rewolucj\u0119<\/h3>\n                                            <\/div>\n                                                                                            <div class=\"insight_img\">\n                                                    <img width=\"1130\" height=\"636\" src=\"https:\/\/www.globallogic.com\/pl\/wp-content\/uploads\/sites\/9\/2024\/09\/blog-bees-02.jpg\" class=\"attachment-full size-full\" alt=\"\" loading=\"lazy\" decoding=\"async\" srcset=\"https:\/\/www.globallogic.com\/pl\/wp-content\/uploads\/sites\/9\/2024\/09\/blog-bees-02.jpg 1200w, https:\/\/www.globallogic.com\/pl\/wp-content\/uploads\/sites\/9\/2024\/09\/blog-bees-02-300x157.jpg 300w, https:\/\/www.globallogic.com\/pl\/wp-content\/uploads\/sites\/9\/2024\/09\/blog-bees-02-1024x536.jpg 1024w, https:\/\/www.globallogic.com\/pl\/wp-content\/uploads\/sites\/9\/2024\/09\/blog-bees-02-768x402.jpg 768w\" sizes=\"auto, (max-width: 1200px) 100vw, 1200px\" \/>                                                <\/div>\n                                                                                    <\/a>\n                                    <\/div>\n\n                                                                        <div class=\"swiper-slide\">\n                                        <a href=\"https:\/\/www.globallogic.com\/pl\/insights\/blogs\/co-oznacza-kreatywnosc-w-it-z-wizyta-w-globallogic-gdansk\/\" class=\"insightCard fullWidth\" insightpost-92034>\n                                            <div class=\"insight_overlay\">\n                                                <div class=\"insight_tags\">\n                                                    <span class=\"category-tag\">Technologia<\/span><span class=\"industry-tag\">Technology<\/span>                                                <\/div>\n                                                <div class=\"insight_sub_head\">\n                                                    <div class=\"author-list\">\n                                                                                                                    <span>GlobalLogic<\/span>                                                    <\/div>\n                                                                                                                                                                                                                        <span>24 July 2024<\/span>\n                                                                                                    <\/div>\n                                                <h3 class=\"trim\">Co oznacza kreatywno\u015b\u0107 w IT? Z wizyt\u0105 w GlobalLogic Gda\u0144sk<\/h3>\n                                            <\/div>\n                                                                                            <div class=\"insight_img\">\n                                                    <img width=\"1130\" height=\"636\" src=\"https:\/\/www.globallogic.com\/pl\/wp-content\/uploads\/sites\/9\/2024\/07\/creativity-it-01.jpg\" class=\"attachment-full size-full  wpsmartcrop-image \" alt=\"\" loading=\"lazy\" decoding=\"async\" srcset=\"https:\/\/www.globallogic.com\/pl\/wp-content\/uploads\/sites\/9\/2024\/07\/creativity-it-01.jpg 1200w, https:\/\/www.globallogic.com\/pl\/wp-content\/uploads\/sites\/9\/2024\/07\/creativity-it-01-300x157.jpg 300w, https:\/\/www.globallogic.com\/pl\/wp-content\/uploads\/sites\/9\/2024\/07\/creativity-it-01-1024x536.jpg 1024w, https:\/\/www.globallogic.com\/pl\/wp-content\/uploads\/sites\/9\/2024\/07\/creativity-it-01-768x402.jpg 768w\" sizes=\"auto, (max-width: 1200px) 100vw, 1200px\" data-smartcrop-focus=\"[50,50]\" \/>                                                <\/div>\n                                                                                    <\/a>\n                                    <\/div>\n\n                                                                        <div class=\"swiper-slide\">\n                                        <a href=\"https:\/\/www.globallogic.com\/pl\/insights\/blogs\/jak-zbudowac-swoja-interdyscyplinarnosc-7-porad-dla-specjalistow-it\/\" class=\"insightCard fullWidth\" insightpost-91864>\n                                            <div class=\"insight_overlay\">\n                                                <div class=\"insight_tags\">\n                                                    <span class=\"category-tag\">Agile<\/span><span class=\"category-tag\">Architecture<\/span><span class=\"industry-tag\">Technology<\/span>                                                <\/div>\n                                                <div class=\"insight_sub_head\">\n                                                    <div class=\"author-list\">\n                                                                                                                    <span>GlobalLogic<\/span>                                                    <\/div>\n                                                                                                                                                                                                                        <span>24 June 2024<\/span>\n                                                                                                    <\/div>\n                                                <h3 class=\"trim\">Jak zbudowa\u0107 swoj\u0105 interdyscyplinarno\u015b\u0107? &#8211; 7 porad dla specjalist\u00f3w IT<\/h3>\n                                            <\/div>\n                                                                                            <div class=\"insight_img\">\n                                                    <img width=\"1130\" height=\"636\" src=\"https:\/\/www.globallogic.com\/pl\/wp-content\/uploads\/sites\/9\/2024\/06\/interdisciplinary-02.jpg\" class=\"attachment-full size-full\" alt=\"\" loading=\"lazy\" decoding=\"async\" srcset=\"https:\/\/www.globallogic.com\/pl\/wp-content\/uploads\/sites\/9\/2024\/06\/interdisciplinary-02.jpg 1200w, https:\/\/www.globallogic.com\/pl\/wp-content\/uploads\/sites\/9\/2024\/06\/interdisciplinary-02-300x157.jpg 300w, https:\/\/www.globallogic.com\/pl\/wp-content\/uploads\/sites\/9\/2024\/06\/interdisciplinary-02-1024x536.jpg 1024w, https:\/\/www.globallogic.com\/pl\/wp-content\/uploads\/sites\/9\/2024\/06\/interdisciplinary-02-768x402.jpg 768w\" sizes=\"auto, (max-width: 1200px) 100vw, 1200px\" \/>                                                <\/div>\n                                                                                    <\/a>\n                                    <\/div>\n\n                                                                        <div class=\"swiper-slide\">\n                                        <a href=\"https:\/\/www.globallogic.com\/pl\/insights\/blogs\/o-samochodach-ktorych-nie-zobaczysz-jeszcze-nawet-w-reklamach-z-wizyta-u-innowatorow-ze-szczecina\/\" class=\"insightCard fullWidth\" insightpost-90579>\n                                            <div class=\"insight_overlay\">\n                                                <div class=\"insight_tags\">\n                                                    <span class=\"category-tag\">Analytics<\/span><span class=\"category-tag\">Data Engineering<\/span><span class=\"category-tag\">Smart and Portable Devices<\/span><span class=\"industry-tag\">Mobility<\/span><span class=\"industry-tag\">Technology<\/span>                                                <\/div>\n                                                <div class=\"insight_sub_head\">\n                                                    <div class=\"author-list\">\n                                                                                                                    <span>GlobalLogic<\/span>                                                    <\/div>\n                                                                                                                                                                                                                        <span>24 April 2024<\/span>\n                                                                                                    <\/div>\n                                                <h3 class=\"trim\">O samochodach, kt\u00f3rych nie zobaczysz jeszcze nawet w reklamach \u2013 z wizyt\u0105 u innowator\u00f3w ze Szczecina<\/h3>\n                                            <\/div>\n                                                                                            <div class=\"insight_img\">\n                                                    <img width=\"1130\" height=\"636\" src=\"https:\/\/www.globallogic.com\/pl\/wp-content\/uploads\/sites\/9\/2024\/04\/1200x627-blog-szczecin-www-1.jpg\" class=\"attachment-full size-full\" alt=\"\" loading=\"lazy\" decoding=\"async\" srcset=\"https:\/\/www.globallogic.com\/pl\/wp-content\/uploads\/sites\/9\/2024\/04\/1200x627-blog-szczecin-www-1.jpg 500w, https:\/\/www.globallogic.com\/pl\/wp-content\/uploads\/sites\/9\/2024\/04\/1200x627-blog-szczecin-www-1-300x200.jpg 300w\" sizes=\"auto, (max-width: 500px) 100vw, 500px\" \/>                                                <\/div>\n                                                                                    <\/a>\n                                    <\/div>\n\n                                    \n                                                    \n                                    <\/div>\n                                    <div class=\"swiper_control\">\n                        <div class=\"swiper-scrollbar\"><\/div>\n                        <nav class=\"swiper_nav\" aria-label=\"Featured Post Slider Navigation\">\n                            <div class=\"swiper-button-prev\"><\/div>\n                            <div class=\"swiper-button-next\"><\/div>\n                        <\/nav>\n                    <\/div>\n                    \n            <\/div>\n    <\/section>\n    ","protected":false},"excerpt":{"rendered":"","protected":false},"author":1,"featured_media":0,"parent":99,"menu_order":16,"comment_status":"closed","ping_status":"closed","template":"templates\/insights-blogs.php","meta":{"_acf_changed":false,"footnotes":""},"class_list":["post-97400","page","type-page","status-publish","hentry"],"acf":[],"aioseo_notices":[],"_links":{"self":[{"href":"https:\/\/www.globallogic.com\/pl\/wp-json\/wp\/v2\/pages\/97400","targetHints":{"allow":["GET"]}}],"collection":[{"href":"https:\/\/www.globallogic.com\/pl\/wp-json\/wp\/v2\/pages"}],"about":[{"href":"https:\/\/www.globallogic.com\/pl\/wp-json\/wp\/v2\/types\/page"}],"author":[{"embeddable":true,"href":"https:\/\/www.globallogic.com\/pl\/wp-json\/wp\/v2\/users\/1"}],"replies":[{"embeddable":true,"href":"https:\/\/www.globallogic.com\/pl\/wp-json\/wp\/v2\/comments?post=97400"}],"version-history":[{"count":7,"href":"https:\/\/www.globallogic.com\/pl\/wp-json\/wp\/v2\/pages\/97400\/revisions"}],"predecessor-version":[{"id":102422,"href":"https:\/\/www.globallogic.com\/pl\/wp-json\/wp\/v2\/pages\/97400\/revisions\/102422"}],"up":[{"embeddable":true,"href":"https:\/\/www.globallogic.com\/pl\/wp-json\/wp\/v2\/pages\/99"}],"wp:attachment":[{"href":"https:\/\/www.globallogic.com\/pl\/wp-json\/wp\/v2\/media?parent=97400"}],"curies":[{"name":"wp","href":"https:\/\/api.w.org\/{rel}","templated":true}]}}