 
{"id":99,"date":"2024-08-13T06:45:03","date_gmt":"2024-08-13T06:45:03","guid":{"rendered":"https:\/\/www.globallogic.com\/pl\/?page_id=99"},"modified":"2025-03-13T11:08:57","modified_gmt":"2025-03-13T11:08:57","slug":"insights","status":"publish","type":"page","link":"https:\/\/www.globallogic.com\/pl\/insights\/","title":{"rendered":"Insights"},"content":{"rendered":"\r\n<!-- Locations Hero banner -->\r\n \r\n<section class=\"partner_detail_banner_block locations_banner_block \" id=\"banner-locations-block_bbcd96597a53a239fda27a0d3196e3b3\">\r\n    <div class=\"container\">\r\n        <div class=\"banner_content_block\">\r\n            <ul class=\"breadcrumb\"><\/ul>            \r\n                            <h1>Zainspiruj si\u0119 innowacyjnymi pomys\u0142ami strateg\u00f3w i in\u017cynier\u00f3w z GlobalLogic<\/h1>\r\n                    <\/div>\r\n    <\/div>\r\n<\/section>\r\n\n\n\n<!-- Featured Posts Slider --> \n    <section class=\"event_banner_block \" id=\"fea-posts-sliderblock_4ad9ccc72e81bd2d2ba26ddc4960c4c3\">\n        <div class=\"container\">\n            <div class=\"swiper eventSlider\">\n                <div class=\"swiper-wrapper\">\n                    \n                                                                                            <div class=\"swiper-slide\">\n                                        <a href=\"https:\/\/www.globallogic.com\/pl\/insights\/case-studies\/angular-modernization-ai\/\" class=\"insightCard fullWidth\" insightpost-102460>\n                                            <div class=\"insight_overlay\">\n                                                <div class=\"insight_tags\">\n                                                    <span class=\"category-tag\">AI-Powered SDLC<\/span><span class=\"category-tag\">GenAI<\/span><span class=\"industry-tag\">Technology<\/span>                                                <\/div>\n                                                <div class=\"insight_sub_head\">\n                                                    <div class=\"author-list\">\n                                                                                                                    <span>GlobalLogic<\/span>                                                    <\/div>\n                                                                                                                                                        <\/div>\n                                                <h3 class=\"trim\">Od przestarza\u0142ych system\u00f3w do najnowocze\u015bniejszych rozwi\u0105za\u0144: Migracja Angular z wykorzystaniem AI dla globalnego lidera oprogramowania<\/h3>\n                                            <\/div>\n                                                                                            <div class=\"insight_img\">\n                                                    <img width=\"1130\" height=\"636\" src=\"https:\/\/www.globallogic.com\/pl\/wp-content\/uploads\/sites\/9\/2025\/02\/Web-Desktop-Image-1.jpg\" class=\"attachment-full size-full\" alt=\"\" loading=\"lazy\" decoding=\"async\" srcset=\"https:\/\/www.globallogic.com\/pl\/wp-content\/uploads\/sites\/9\/2025\/02\/Web-Desktop-Image-1.jpg 1920w, https:\/\/www.globallogic.com\/pl\/wp-content\/uploads\/sites\/9\/2025\/02\/Web-Desktop-Image-1-300x169.jpg 300w, https:\/\/www.globallogic.com\/pl\/wp-content\/uploads\/sites\/9\/2025\/02\/Web-Desktop-Image-1-1024x576.jpg 1024w, https:\/\/www.globallogic.com\/pl\/wp-content\/uploads\/sites\/9\/2025\/02\/Web-Desktop-Image-1-768x432.jpg 768w, https:\/\/www.globallogic.com\/pl\/wp-content\/uploads\/sites\/9\/2025\/02\/Web-Desktop-Image-1-1536x864.jpg 1536w\" sizes=\"auto, (max-width: 1920px) 100vw, 1920px\" \/>                                                <\/div>\n                                                                                    <\/a>\n                                    <\/div>\n\n                                                                        <div class=\"swiper-slide\">\n                                        <a href=\"https:\/\/www.globallogic.com\/pl\/insights\/case-studies\/ai-api-documentation-automation-rental-tech\/\" class=\"insightCard fullWidth\" insightpost-102483>\n                                            <div class=\"insight_overlay\">\n                                                <div class=\"insight_tags\">\n                                                    <span class=\"category-tag\">AI-Powered SDLC<\/span><span class=\"industry-tag\">Retail and Consumer<\/span>                                                <\/div>\n                                                <div class=\"insight_sub_head\">\n                                                    <div class=\"author-list\">\n                                                                                                                    <span>GlobalLogic<\/span>                                                    <\/div>\n                                                                                                                                                        <\/div>\n                                                <h3 class=\"trim\">Optymalizacja dokumentacji API dzi\u0119ki automatyzacji opartej na GenAI<\/h3>\n                                            <\/div>\n                                                                                            <div class=\"insight_img\">\n                                                    <img width=\"1130\" height=\"636\" src=\"https:\/\/www.globallogic.com\/pl\/wp-content\/uploads\/sites\/9\/2025\/02\/Web-Desktop-Image-1920x1080-3.jpg\" class=\"attachment-full size-full\" alt=\"\" loading=\"lazy\" decoding=\"async\" srcset=\"https:\/\/www.globallogic.com\/pl\/wp-content\/uploads\/sites\/9\/2025\/02\/Web-Desktop-Image-1920x1080-3.jpg 1920w, https:\/\/www.globallogic.com\/pl\/wp-content\/uploads\/sites\/9\/2025\/02\/Web-Desktop-Image-1920x1080-3-300x169.jpg 300w, https:\/\/www.globallogic.com\/pl\/wp-content\/uploads\/sites\/9\/2025\/02\/Web-Desktop-Image-1920x1080-3-1024x576.jpg 1024w, https:\/\/www.globallogic.com\/pl\/wp-content\/uploads\/sites\/9\/2025\/02\/Web-Desktop-Image-1920x1080-3-768x432.jpg 768w, https:\/\/www.globallogic.com\/pl\/wp-content\/uploads\/sites\/9\/2025\/02\/Web-Desktop-Image-1920x1080-3-1536x864.jpg 1536w\" sizes=\"auto, (max-width: 1920px) 100vw, 1920px\" \/>                                                <\/div>\n                                                                                    <\/a>\n                                    <\/div>\n\n                                                                        <div class=\"swiper-slide\">\n                                        <a href=\"https:\/\/www.globallogic.com\/pl\/insights\/case-studies\/ai-software-development-automation-energy-tech\/\" class=\"insightCard fullWidth\" insightpost-102474>\n                                            <div class=\"insight_overlay\">\n                                                <div class=\"insight_tags\">\n                                                    <span class=\"category-tag\">AI-Powered SDLC<\/span><span class=\"industry-tag\">Industrial and Energy<\/span>                                                <\/div>\n                                                <div class=\"insight_sub_head\">\n                                                    <div class=\"author-list\">\n                                                                                                                    <span>GlobalLogic<\/span>                                                    <\/div>\n                                                                                                                                                        <\/div>\n                                                <h3 class=\"trim\">Optymalizacja SDLC dla globalnego lidera technologii energetycznych<\/h3>\n                                            <\/div>\n                                                                                            <div class=\"insight_img\">\n                                                    <img width=\"1130\" height=\"636\" src=\"https:\/\/www.globallogic.com\/pl\/wp-content\/uploads\/sites\/9\/2025\/02\/GL3.0_CaseStudy_Streamlining-the-SDLC-for-a-leader-in-global-energy-technology_Web-Desktop-Image.jpg\" class=\"attachment-full size-full\" alt=\"\" loading=\"lazy\" decoding=\"async\" srcset=\"https:\/\/www.globallogic.com\/pl\/wp-content\/uploads\/sites\/9\/2025\/02\/GL3.0_CaseStudy_Streamlining-the-SDLC-for-a-leader-in-global-energy-technology_Web-Desktop-Image.jpg 1920w, https:\/\/www.globallogic.com\/pl\/wp-content\/uploads\/sites\/9\/2025\/02\/GL3.0_CaseStudy_Streamlining-the-SDLC-for-a-leader-in-global-energy-technology_Web-Desktop-Image-300x169.jpg 300w, https:\/\/www.globallogic.com\/pl\/wp-content\/uploads\/sites\/9\/2025\/02\/GL3.0_CaseStudy_Streamlining-the-SDLC-for-a-leader-in-global-energy-technology_Web-Desktop-Image-1024x576.jpg 1024w, https:\/\/www.globallogic.com\/pl\/wp-content\/uploads\/sites\/9\/2025\/02\/GL3.0_CaseStudy_Streamlining-the-SDLC-for-a-leader-in-global-energy-technology_Web-Desktop-Image-768x432.jpg 768w, https:\/\/www.globallogic.com\/pl\/wp-content\/uploads\/sites\/9\/2025\/02\/GL3.0_CaseStudy_Streamlining-the-SDLC-for-a-leader-in-global-energy-technology_Web-Desktop-Image-1536x864.jpg 1536w\" sizes=\"auto, (max-width: 1920px) 100vw, 1920px\" \/>                                                <\/div>\n                                                                                    <\/a>\n                                    <\/div>\n\n                                                                        <div class=\"swiper-slide\">\n                                        <a href=\"https:\/\/www.globallogic.com\/pl\/insights\/blogs\/dla-dzikich-pszczol-i-nas-wszystkich-od-inspiracji-po-technologiczna-rewolucje\/\" class=\"insightCard fullWidth\" insightpost-92082>\n                                            <div class=\"insight_overlay\">\n                                                <div class=\"insight_tags\">\n                                                    <span class=\"category-tag\">Internet of Things<\/span><span class=\"category-tag\">Technologia<\/span><span class=\"industry-tag\">Technology<\/span>                                                <\/div>\n                                                <div class=\"insight_sub_head\">\n                                                    <div class=\"author-list\">\n                                                                                                                    <span>GlobalLogic<\/span>                                                    <\/div>\n                                                                                                                                                                                                                        <span>4 September 2024<\/span>\n                                                                                                    <\/div>\n                                                <h3 class=\"trim\">Dla dzikich pszcz\u00f3\u0142 i nas wszystkich \u2013 od inspiracji po technologiczn\u0105 rewolucj\u0119<\/h3>\n                                            <\/div>\n                                                                                            <div class=\"insight_img\">\n                                                    <img width=\"1130\" height=\"636\" src=\"https:\/\/www.globallogic.com\/pl\/wp-content\/uploads\/sites\/9\/2024\/09\/blog-bees-02.jpg\" class=\"attachment-full size-full\" alt=\"\" loading=\"lazy\" decoding=\"async\" srcset=\"https:\/\/www.globallogic.com\/pl\/wp-content\/uploads\/sites\/9\/2024\/09\/blog-bees-02.jpg 1200w, https:\/\/www.globallogic.com\/pl\/wp-content\/uploads\/sites\/9\/2024\/09\/blog-bees-02-300x157.jpg 300w, https:\/\/www.globallogic.com\/pl\/wp-content\/uploads\/sites\/9\/2024\/09\/blog-bees-02-1024x536.jpg 1024w, https:\/\/www.globallogic.com\/pl\/wp-content\/uploads\/sites\/9\/2024\/09\/blog-bees-02-768x402.jpg 768w\" sizes=\"auto, (max-width: 1200px) 100vw, 1200px\" \/>                                                <\/div>\n                                                                                    <\/a>\n                                    <\/div>\n\n                                    \n                                                    \n                                    <\/div>\n                                    <div class=\"swiper_control\">\n                        <div class=\"swiper-scrollbar\"><\/div>\n                        <div class=\"swiper_nav\">\n                            <div class=\"swiper-button-prev\"><\/div>\n                            <div class=\"swiper-button-next\"><\/div>\n                        <\/div>\n                    <\/div>\n                    \n            <\/div>\n    <\/section>\n    ","protected":false},"excerpt":{"rendered":"<p>GlobalLogic promuje dzielenie si\u0119 wiedz\u0105 &#8211; zach\u0119caj\u0105c naszych utalentowanych in\u017cynier\u00f3w, projektant\u00f3w i strateg\u00f3w do dzielenia si\u0119 swoimi do\u015bwiadczeniami i spostrze\u017ceniami ze \u015bwiatem. <\/p>\n","protected":false},"author":1,"featured_media":0,"parent":0,"menu_order":67,"comment_status":"closed","ping_status":"closed","template":"templates\/insights.php","meta":{"_acf_changed":false,"footnotes":""},"class_list":["post-99","page","type-page","status-publish","hentry"],"acf":[],"aioseo_notices":[],"_links":{"self":[{"href":"https:\/\/www.globallogic.com\/pl\/wp-json\/wp\/v2\/pages\/99","targetHints":{"allow":["GET"]}}],"collection":[{"href":"https:\/\/www.globallogic.com\/pl\/wp-json\/wp\/v2\/pages"}],"about":[{"href":"https:\/\/www.globallogic.com\/pl\/wp-json\/wp\/v2\/types\/page"}],"author":[{"embeddable":true,"href":"https:\/\/www.globallogic.com\/pl\/wp-json\/wp\/v2\/users\/1"}],"replies":[{"embeddable":true,"href":"https:\/\/www.globallogic.com\/pl\/wp-json\/wp\/v2\/comments?post=99"}],"version-history":[{"count":14,"href":"https:\/\/www.globallogic.com\/pl\/wp-json\/wp\/v2\/pages\/99\/revisions"}],"predecessor-version":[{"id":102420,"href":"https:\/\/www.globallogic.com\/pl\/wp-json\/wp\/v2\/pages\/99\/revisions\/102420"}],"wp:attachment":[{"href":"https:\/\/www.globallogic.com\/pl\/wp-json\/wp\/v2\/media?parent=99"}],"curies":[{"name":"wp","href":"https:\/\/api.w.org\/{rel}","templated":true}]}}