{"id":15097,"date":"2018-03-20T14:03:43","date_gmt":"2018-03-20T14:03:43","guid":{"rendered":"https:\/\/www.globallogic.com\/sk\/?page_id=15097"},"modified":"2018-03-20T14:03:43","modified_gmt":"2018-03-20T14:03:43","slug":"cookies-policy","status":"publish","type":"page","link":"https:\/\/www.globallogic.com\/sk\/cookies-policy\/","title":{"rendered":"Pravidl\u00e1 pou\u017e\u00edvania s\u00faborov cookies"},"content":{"rendered":"<div class=\"classic_editor_content\"><b>Pravidl\u00e1 pou\u017e\u00edvania s\u00faborov cookies<\/b><\/p>\n<p><span style=\"font-weight: 400;\">Posledn\u00e1 aktualiz\u00e1cia: 14\/02\/2023<\/span><\/p>\n<p><span style=\"font-weight: 400;\">Sme GlobalLogic, \u010dlen skupiny Hitachi (\u201eGlobalLogic\u201c).\u00a0<\/span><\/p>\n<p><b><i>\u010co s\u00fa to cookies?<\/i><\/b><\/p>\n<p><span style=\"font-weight: 400;\">Cookies s\u00fabory s\u00fa \u010dasti inform\u00e1ci\u00ed (mal\u00e9 textov\u00e9 z\u00e1znamy), ktor\u00e9 s\u00fa preveden\u00e9 serverom a ulo\u017een\u00e9 na va\u0161om zariaden\u00ed kedyko\u013evek nav\u0161t\u00edvite alebo pou\u017eijete webov\u00fa str\u00e1nku GlobalLogic. Ukladaj\u00fa inform\u00e1cie na z\u00e1klade toho, ako ste vyu\u017eili dan\u00fa webov\u00fa str\u00e1nku.<\/span><\/p>\n<p><span style=\"font-weight: 400;\">Ak nav\u0161t\u00edvite webov\u00fa str\u00e1nku GlobalLogic, cookies n\u00e1m umo\u017enia, najm\u00e4, rozpozna\u0165 va\u0161e zariadenie taktie\u017e v\u00e1s ako op\u00e4tovn\u00e9ho pou\u017e\u00edvate\u013ea a\u00a0m\u00f4\u017eu zbiera\u0165 \u00fadaje napr\u00edklad oh\u013eadom dom\u00e9nov\u00e9ho n\u00e1zvu v\u00e1\u0161ho poskytovate\u013ea internetov\u00fdch slu\u017eieb, typu preh\u013ead\u00e1va\u010da, typu opera\u010dn\u00e9ho syst\u00e9mu, IP adresy, webstr\u00e1nok, ktor\u00e9 ste nav\u0161t\u00edvili, vami stiahnut\u00fdch s\u00faborov, a taktie\u017e zbiera\u0165 aj operat\u00edvne \u00fadaje alebo inform\u00e1cie oh\u013eadom lok\u00e1cie zariadenia, ktor\u00fd pou\u017e\u00edvate. Nie v\u0161etky inform\u00e1cie zhroma\u017eden\u00e9 prostredn\u00edctvom s\u00faborov cookies sa pova\u017euj\u00fa za osobn\u00e9 \u00fadaje pod\u013ea platn\u00fdch predpisov o\u00a0ochrane osobn\u00fdch \u00fadajov, vr\u00e1tane GDPR. Niektor\u00e9 inform\u00e1cie, v z\u00e1vislosti od ich obsahu a sp\u00f4sobu pou\u017eitia, v\u0161ak m\u00f4\u017eu by\u0165 spojen\u00e9 s konkr\u00e9tnou osobou, napr. ak ste s nami v minulosti zdie\u013eali svoje osobn\u00e9 \u00fadaje, s\u00fabory cookies m\u00f4\u017eu by\u0165 niekedy prepojen\u00e9 priamo s va\u0161imi \u00fadajmi prostredn\u00edctvom spojenia identifika\u010dn\u00fdch \u010d\u00edsel v s\u00faboroch cookies s in\u00fdmi inform\u00e1ciami t\u00fdkaj\u00facimi sa va\u0161ej osoby, v\u00e1\u0161ho \u00fa\u010dtu a\/alebo pracovnej aplik\u00e1cie.<\/span><\/p>\n<p><span style=\"font-weight: 400;\">Vo vz\u0165ahu k inform\u00e1ci\u00e1m zhroma\u017eden\u00fdm s\u00fabormi cookies, ktor\u00e9 m\u00f4\u017eu by\u0165 spojen\u00e9 s konkr\u00e9tnou osobou, platia pravidl\u00e1 Z\u00e1sad ochrany osobn\u00fdch \u00fadajov, najm\u00e4 pokia\u013e ide o pr\u00e1va dotknutej osoby a pr\u00edjemcov osobn\u00fdch \u00fadajov.<\/span><\/p>\n<p><b><i>Ako a za ak\u00fdm \u00fa\u010delom pou\u017e\u00edvame Cookies?<\/i><\/b><\/p>\n<p><span style=\"font-weight: 400;\">Cookies s\u00fabory s\u00fa potrebn\u00e9 na spr\u00e1vne fungovanie na\u0161ej webovej str\u00e1nky, na prisp\u00f4sobenie sa sp\u00f4sobu, ak\u00fdm ju u\u017e\u00edvate, a taktie\u017e na zber \u0161tatistick\u00fdch \u00fadajov. Pom\u00e1haj\u00fa n\u00e1m poskytn\u00fa\u0165 v\u00e1m dobr\u00fd z\u00e1\u017eitok pri prehliadan\u00ed na\u0161ej webovej str\u00e1nky a tie\u017e n\u00e1m umo\u017e\u0148uj\u00fa zlep\u0161ova\u0165 na\u0161u str\u00e1nku. \u00dadaje zhroma\u017eden\u00e9 prostredn\u00edctvom s\u00faborov cookie spracov\u00e1vame takisto aj na anal\u00fdzu popularity a efektivity na\u0161ich slu\u017eieb.<\/span><\/p>\n<p><span style=\"font-weight: 400;\">Pou\u017e\u00edvame marketingov\u00e9 s\u00fabory cookies, aby sme v\u00e1m mohli zobrazova\u0165 reklamy a in\u00fd prisp\u00f4soben\u00fd obsah. To zah\u0155\u0148a aj kontaktovanie va\u0161ej osoby prostredn\u00edctvom na\u0161ich reklamn\u00fdch partnerov.<\/span><\/p>\n<p><span style=\"font-weight: 400;\">S\u00fabory Cookies m\u00f4\u017eu by\u0165 pou\u017eit\u00e9 aj v na\u0161ich marketingov\u00fdch e-mailoch (ktor\u00e9 m\u00f4\u017eete obdr\u017ea\u0165, ak ste n\u00e1m poskytli v\u00e1\u0161 s\u00fahlas s kontaktovan\u00edm va\u0161ej osoby t\u00fdmto sp\u00f4sobom), umo\u017e\u0148uj\u00fac n\u00e1m t\u00fdm presk\u00fama\u0165, ako n\u00e1\u0161 marketing p\u00f4sob\u00ed na u\u017e\u00edvate\u013eov. To n\u00e1m pom\u00e1ha ich vhodnej\u0161ie prisp\u00f4sobi\u0165 a urobi\u0165 ich viac u\u017e\u00edvate\u013esky-prijate\u013en\u00fdmi.<\/span><\/p>\n<p><span style=\"font-weight: 400;\">S\u00fabory Cookies m\u00f4\u017eu by\u0165 vyu\u017eit\u00e9 aj na zv\u00fd\u0161enie bezpe\u010dnosti webovej str\u00e1nky.<\/span><\/p>\n<p><span style=\"font-weight: 400;\">Ubezpe\u010dujeme v\u00e1s, \u017ee v\u0161etky inform\u00e1cie z\u00edskan\u00e9 prostredn\u00edctvom s\u00faborov cookies s\u00fa z\u00a0na\u0161ej strany pou\u017e\u00edvan\u00e9 iba na \u00fa\u010dely uveden\u00e9 v\u00a0tomto dokumente. V\u00a0\u017eiadnom pr\u00edpade nie s\u00fa \u0161kodliv\u00fdmi pre v\u00e1s, ani pre zariadenie, ktor\u00e9 pou\u017e\u00edvate, nako\u013eko nezavadzaj\u00fa \u017eiadne konfigura\u010dne zmeny.<\/span><\/p>\n<p><span style=\"font-weight: 400;\">Ni\u017e\u0161ie je uveden\u00fd v\u0161eobecn\u00fd popis s\u00faborov cookies, ktor\u00e9 m\u00f4\u017eu by\u0165 pou\u017eit\u00e9 na na\u0161ej webovej str\u00e1nke:<\/span><\/p>\n<ol>\n<li style=\"font-weight: 400;\" aria-level=\"1\"><span style=\"font-weight: 400;\">Nevyhnutn\u00e9: tieto cookies s\u00fa nevyhnutn\u00e9 pre fungovanie webovej str\u00e1nky a nemo\u017eno ich v na\u0161ich syst\u00e9moch vypn\u00fa\u0165 (odmietnu\u0165). Zvy\u010dajne sa nastavuj\u00fa iba v reakcii na vami vykonan\u00e9 akcie, ktor\u00e9 predstavuj\u00fa po\u017eiadavku na slu\u017eby, ako napr. nastavenie va\u0161ich preferenci\u00ed ochrany osobn\u00fdch \u00fadajov, prihl\u00e1senie alebo vyplnenie formul\u00e1rov.<\/span><\/li>\n<li style=\"font-weight: 400;\" aria-level=\"1\"><span style=\"font-weight: 400;\">Soci\u00e1lne m\u00e9di\u00e1: tieto s\u00fabory cookies umo\u017e\u0148uj\u00fa webovej str\u00e1nke poskytova\u0165 roz\u0161\u00edren\u00fa funk\u010dnos\u0165 a personaliz\u00e1ciu. M\u00f4\u017eeme ich nastavi\u0165 my alebo poskytovatelia tret\u00edch str\u00e1n, ktor\u00fdch slu\u017eby sme pridali na na\u0161e str\u00e1nky.<\/span><\/li>\n<li style=\"font-weight: 400;\" aria-level=\"1\"><span style=\"font-weight: 400;\">\u0160tatistika: tieto cookies n\u00e1m umo\u017e\u0148uj\u00fa po\u010d\u00edta\u0165 n\u00e1v\u0161tevy a zdroje n\u00e1v\u0161tevnosti (\u201etraffic sources\u201c), aby sme mohli mera\u0165 a zlep\u0161ova\u0165 v\u00fdkonnos\u0165 na\u0161ej webovej str\u00e1nky. Pom\u00e1haj\u00fa n\u00e1m zisti\u0165, ktor\u00e9 str\u00e1nky s\u00fa najpopul\u00e1rnej\u0161ie a ktor\u00e9 najmenej, a vidie\u0165, ako sa n\u00e1v\u0161tevn\u00edci na str\u00e1nke pohybuj\u00fa.<\/span><\/li>\n<li style=\"font-weight: 400;\" aria-level=\"1\"><span style=\"font-weight: 400;\">Marketing: tieto s\u00fabory cookies m\u00f4\u017eu by\u0165 nastaven\u00e9 prostredn\u00edctvom na\u0161ej webovej str\u00e1nky, aby v\u00e1m zobrazovali reklamy a in\u00fd prisp\u00f4soben\u00fd obsah. To zah\u0155\u0148a aj kontaktovanie va\u0161ej osoby prostredn\u00edctvom na\u0161ich reklamn\u00fdch partnerov. Tieto spolo\u010dnosti ich m\u00f4\u017eu pou\u017ei\u0165 na vytvorenie profilu va\u0161ich z\u00e1ujmov a zobrazenie relevantn\u00fdch rekl\u00e1m na in\u00fdch str\u00e1nkach.<\/span><\/li>\n<\/ol>\n<p><span style=\"font-weight: 400;\">K nahliadnutiu detailn\u00e9ho popisu ka\u017ed\u00e9ho s\u00faboru cookies, ktor\u00fd pou\u017e\u00edvame (vr\u00e1tane jeho poskytovate\u013ea, typu a\u00a0\u00fa\u010delu), pros\u00edm kliknite na tla\u010didlo \u201dzobraz detaily\u201d na cookies li\u0161te (banner) \u2013 m\u00f4\u017eete ju otvori\u0165 kedyko\u013evek kliknut\u00edm <\/span><span style=\"font-weight: 400;\"><a class=\"cookie_clear\">sem<\/a><\/span><span style=\"font-weight: 400;\">.<\/span><\/p>\n<p><b><i>Ako spravova\u0165 cookies nastavenia?<\/i><\/b><\/p>\n<p><span style=\"font-weight: 400;\">M\u00f4\u017eete zmeni\u0165 sp\u00f4sob vyu\u017e\u00edvania s\u00faborov cookies, ako ich aj \u00faplne zablokova\u0165 alebo\u00a0vymaza\u0165, prostredn\u00edctvom v\u00e1\u0161ho internetov\u00e9ho prehliada\u010da. Majte pros\u00edme na pam\u00e4ti, \u017ee deaktivovanie alebo blokovanie niektor\u00fdch cookies m\u00f4\u017ee zna\u010dne s\u0165a\u017ei\u0165 spr\u00e1vne fungovanie na\u0161ej webovej str\u00e1nky, napr\u00edklad jej spomalen\u00edm.<\/span><\/p>\n<p><span style=\"font-weight: 400;\">Ak sa chcete dozvedie\u0165 viac o s\u00faboroch cookie, vr\u00e1tane toho, ako zisti\u0165, ktor\u00e9 s\u00fabory cookie boli nastaven\u00e9, nav\u0161t\u00edvte str\u00e1nku <\/span><a rel=\"external nofollow\" target=\"_blank\" href=\"about:blank\"><span style=\"font-weight: 400;\">www.aboutcookies.org<\/span><\/a><span style=\"font-weight: 400;\"> alebo <\/span><a rel=\"external nofollow\" target=\"_blank\" href=\"http:\/\/www.allaboutcookies.org\"><span style=\"font-weight: 400;\">www.allaboutcookies.org<\/span><\/a><span style=\"font-weight: 400;\">.<\/span><\/p>\n<p><span style=\"font-weight: 400;\">V\u00e1\u0161 webov\u00fd prehliada\u010d m\u00f4\u017eete vyu\u017ei\u0165 na:<\/span><\/p>\n<ul>\n<li style=\"font-weight: 400;\" aria-level=\"1\"><span style=\"font-weight: 400;\">Odstr\u00e1nenie v\u0161etk\u00fdch s\u00faborov cookies,<\/span><\/li>\n<li style=\"font-weight: 400;\" aria-level=\"1\"><span style=\"font-weight: 400;\">Blokovanie v\u0161etk\u00fdch s\u00faborov cookies,<\/span><\/li>\n<li style=\"font-weight: 400;\" aria-level=\"1\"><span style=\"font-weight: 400;\">Povolenie v\u0161etk\u00fdch s\u00faborov cookies,<\/span><\/li>\n<li style=\"font-weight: 400;\" aria-level=\"1\"><span style=\"font-weight: 400;\">Blokovanie s\u00faborov cookies \u201etret\u00edch str\u00e1n\u201c (tzn. s\u00fabory cookies nastaven\u00e9 in\u00fdmi online slu\u017ebami, ako je t\u00e1, ktor\u00fa nav\u0161tevujete),<\/span><\/li>\n<li style=\"font-weight: 400;\" aria-level=\"1\"><span style=\"font-weight: 400;\">Vy\u010distenie v\u0161etk\u00fdch s\u00faborov cookies pri zatvoren\u00ed prehliada\u010da,<\/span><\/li>\n<li style=\"font-weight: 400;\" aria-level=\"1\"><span style=\"font-weight: 400;\">Otvorenie re\u017eimu \u201es\u00fakromn\u00e9 prehliadanie\u201c \/ \u201einkognito\u201c, ktor\u00e1 v\u00e1m umo\u017e\u0148uje prehliada\u0165 web bez zaznamen\u00e1vania hist\u00f3rie prehliadania alebo ukladania miestnych \u00fadajov, ako s\u00fa s\u00fabory cookies (mali by ste v\u0161ak pozna\u0165 limity tejto funkcionality v kontexte ochrany s\u00fakromia)m a<\/span><\/li>\n<li style=\"font-weight: 400;\" aria-level=\"1\"><span style=\"font-weight: 400;\">In\u0161talovanie doplnkov a z\u00e1suvn\u00fdch modulov (plug-ins), ktor\u00e9 roz\u0161iruj\u00fa funk\u010dnos\u0165 prehliada\u010da.<\/span><\/li>\n<\/ul>\n<p><span style=\"font-weight: 400;\">Zistite, ako spravova\u0165 s\u00fabory cookies v ob\u013e\u00faben\u00fdch prehliada\u010doch:<\/span><\/p>\n<ul>\n<li style=\"font-weight: 400;\" aria-level=\"1\"><span style=\"font-weight: 400;\">Microsoft Edge inform\u00e1cia o\u00a0s\u00faboroch cookies<\/span><\/li>\n<li style=\"font-weight: 400;\" aria-level=\"1\"><span style=\"font-weight: 400;\">Internet Explorer inform\u00e1cia o\u00a0s\u00faboroch cookies<\/span><\/li>\n<li style=\"font-weight: 400;\" aria-level=\"1\"><span style=\"font-weight: 400;\">Chrome inform\u00e1cia o\u00a0s\u00faboroch cookies<\/span><\/li>\n<li style=\"font-weight: 400;\" aria-level=\"1\"><span style=\"font-weight: 400;\">Firefox inform\u00e1cia o\u00a0s\u00faboroch cookies<\/span><\/li>\n<li style=\"font-weight: 400;\" aria-level=\"1\"><span style=\"font-weight: 400;\">Safari inform\u00e1cia o\u00a0s\u00faboroch cookies \u2013 pre mobiln\u00e9 zariadenia a\u00a0po\u010d\u00edta\u010de<\/span><\/li>\n<li style=\"font-weight: 400;\" aria-level=\"1\"><span style=\"font-weight: 400;\">Opera inform\u00e1cia o\u00a0s\u00faboroch cookies<\/span><\/li>\n<\/ul>\n<p><span style=\"font-weight: 400;\">Ak chcete n\u00e1js\u0165 inform\u00e1cie t\u00fdkaj\u00face sa in\u00fdch prehliada\u010dov, nav\u0161t\u00edvte webov\u00fa str\u00e1nku v\u00fdvoj\u00e1ra pr\u00edslu\u0161n\u00e9ho prehliada\u010da.<\/span><\/p>\n<p><span style=\"font-weight: 400;\">Ak sa chcete odhl\u00e1si\u0165 (opt-out) zo sledovania slu\u017ebou Google Analytics na v\u0161etk\u00fdch webov\u00fdch str\u00e1nkach, nav\u0161t\u00edvte str\u00e1nku <\/span><a rel=\"external nofollow\" target=\"_blank\" href=\"http:\/\/tools.google.com\/dlpage\/gaoptout\"><span style=\"font-weight: 400;\">http:\/\/tools.google.com\/dlpage\/gaoptout<\/span><\/a><span style=\"font-weight: 400;\">.<\/span><\/p>\n<p><span style=\"font-weight: 400;\">\u010eal\u0161ie u\u017eito\u010dn\u00e9 inform\u00e1cie:<\/span><\/p>\n<ul>\n<li style=\"font-weight: 400;\" aria-level=\"1\"><span style=\"font-weight: 400;\">Viacer\u00e9 webov\u00e9 str\u00e1nky poskytuj\u00fa podrobn\u00e9 inform\u00e1cie o s\u00faboroch cookies, vr\u00e1tane AboutCookies.org a AllAboutCookies.org.<\/span><\/li>\n<li style=\"font-weight: 400;\" aria-level=\"1\"><span style=\"font-weight: 400;\">Webov\u00e1 str\u00e1nka in\u0161tit\u00facie \u201eEuropean Interactive Digital Advertising Alliance &#8211; Your Online Choices\u201c v\u00e1m umo\u017e\u0148uje in\u0161talova\u0165 s\u00fabory cookies na odhl\u00e1senie (opt-out) v r\u00f4znych reklamn\u00fdch sie\u0165ach.<\/span><\/li>\n<li style=\"font-weight: 400;\" aria-level=\"1\"><span style=\"font-weight: 400;\">Spolo\u010dnos\u0165 Google vyvinula doplnok prehliada\u010da, ktor\u00fd pou\u017e\u00edvate\u013eom umo\u017e\u0148uje odhl\u00e1si\u0165 sa (opt-out) zo slu\u017eby Google Analytics na v\u0161etk\u00fdch webov\u00fdch str\u00e1nkach, ktor\u00e9 ju pou\u017e\u00edvaj\u00fa. Je k dispoz\u00edcii aj v internetovom obchode Chrome.<\/span><\/li>\n<li style=\"font-weight: 400;\" aria-level=\"1\"><span style=\"font-weight: 400;\">Niektor\u00e9 prehliada\u010de obsahuj\u00fa funkciu zn\u00e1mu ako \u201eDo Not Track\u201c alebo DNT. T\u00e1 v\u00e1m umo\u017e\u0148uje ur\u010di\u0165 preferenciu, \u017ee webov\u00e9 str\u00e1nky v\u00e1s nemaj\u00fa sledova\u0165. Hoci je DNT k dispoz\u00edcii v mnoh\u00fdch prehliada\u010doch, webov\u00e9 str\u00e1nky nemusia rozpozna\u0165 jeho po\u017eiadavku, tak\u017ee nemus\u00ed v\u017edy fungova\u0165. Pomoc s vyu\u017e\u00edvan\u00edm DNT m\u00f4\u017eete z\u00edska\u0165 v prehliada\u010doch Microsoft Edge, Internet Explorer, Firefox, Chrome, Safari a\u00a0Opera.<\/span><\/li>\n<li style=\"font-weight: 400;\" aria-level=\"1\"><span style=\"font-weight: 400;\">Internet Explorer m\u00e1 funkciu s n\u00e1zvom Zoznamy ochrany pred sledovan\u00edm (\u201eTracking Protection Lists\u201c), ktor\u00e1 v\u00e1m umo\u017e\u0148uje importova\u0165 zoznam webov\u00fdch lokal\u00edt, ktor\u00e9 chcete blokova\u0165.<\/span><\/li>\n<li style=\"font-weight: 400;\" aria-level=\"1\"><span style=\"font-weight: 400;\">\u010eal\u0161ie inform\u00e1cie o tom, ako funguje anonymn\u00e9 prehliadanie, ako aj o jeho obmedzeniach, n\u00e1jdete na str\u00e1nkach podpory pre v\u00e1\u0161 prehliada\u010d: Microsoft Edge, Internet Explorer, Firefox, Chrome, Safari (pre mobiln\u00e9 zariadenia a po\u010d\u00edta\u010de) a\u00a0Opera.<\/span><\/li>\n<\/ul>\n<p><b><i>Cookies nastavenia v\u00a0regi\u00f3ne EMEA<\/i><\/b><\/p>\n<p><span style=\"font-weight: 400;\">Na\u0161i u\u017e\u00edvatelia v\u00a0r\u00e1mci E\u00da, Spojen\u00e9ho kr\u00e1\u013eovstva, Izraelu a Ukrajiny m\u00f4\u017eu spravova\u0165 s\u00fahlasy k r\u00f4znym typom cookie s\u00faborov.\u00a0<\/span><\/p>\n<p><span style=\"font-weight: 400;\">Na na\u0161ej webovej str\u00e1nke v\u00e1m poskytujeme \u201eCookiebot\u201c n\u00e1stroj, prostredn\u00edctvom ktor\u00e9ho m\u00f4\u017eete vidie\u0165 v\u0161etky typy cookies s ich popisom a kde sa n\u00e1sledne m\u00f4\u017eete rozhodn\u00fa\u0165, ktor\u00e9 typy cookies s\u00faborov akceptujete. Taktie\u017e m\u00f4\u017eete jednoducho zmeni\u0165 tieto nastavenia kedyko\u013evek si to budete pria\u0165. Kliknut\u00edm\u00a0<\/span><span style=\"font-weight: 400;\"><a class=\"cookie_clear\">sem<\/a><\/span><span style=\"font-weight: 400;\">\u00a0zobraz\u00edte a spravujete svoje predvo\u013eby s\u00faborov cookies.<\/span><\/p>\n<p><span style=\"font-weight: 400;\">Obnovenie str\u00e1nky m\u00f4\u017ee by\u0165 potrebn\u00e9 na ulo\u017eenie nov\u00fdch nastaven\u00ed s\u00fahlasu so s\u00fabormi cookie a\/alebo odvolanie s\u00fahlasu.<\/span><\/p>\n<p><b><i>Cookies \u201etret\u00edch str\u00e1n\u201c<\/i><\/b><\/p>\n<p><span style=\"font-weight: 400;\">Prim\u00e1rne sl\u00fa\u017eia na optimaliz\u00e1ciu na\u0161ich slu\u017eieb a pom\u00e1haj\u00fa n\u00e1m v marketingov\u00fdch aktivit\u00e1ch. Niektor\u00e9 s\u00fabory cookies tret\u00edch str\u00e1n m\u00f4\u017eu by\u0165 potrebn\u00e9 aj na poskytovanie slu\u017eieb in\u00fdch spolo\u010dnost\u00ed \u2013 na\u0161ich partnerov (napr. pr\u00edstup k vide\u00e1m na na\u0161ej webovej str\u00e1nke).<\/span><\/p>\n<p><span style=\"font-weight: 400;\">Udelen\u00edm s\u00fahlasu so s\u00fabormi cookies tret\u00edch str\u00e1n s\u00fahlas\u00edte so zdie\u013ean\u00edm va\u0161ich osobn\u00fdch \u00fadajov s na\u0161imi partnermi a so spracovan\u00edm t\u00fdchto \u00fadajov, ako je op\u00edsan\u00e9 v s\u00favislosti s ka\u017ed\u00fdm jednotliv\u00fdm s\u00faborom cookies.<\/span><\/p>\n<p><span style=\"font-weight: 400;\">Po udelen\u00ed s\u00fahlasu s\u00a0vyu\u017e\u00edvan\u00edm s\u00faborov cookies tret\u00edch str\u00e1n m\u00f4\u017eu niektor\u00e9 druhy spracovania \u00fadajov prebieha\u0165 na inom pr\u00e1vnom z\u00e1klade \u2013 napr. opr\u00e1vnen\u00fd z\u00e1ujem prev\u00e1dzkovate\u013ea alebo tretej strany \u2013 pri\u010dom m\u00e1te pr\u00e1vo namieta\u0165 proti tak\u00e9muto spracovaniu. Podrobnosti n\u00e1jdete v na\u0161ich <\/span><a href=\"https:\/\/www.globallogic.com\/sk\/privacy-policy\/\"><span style=\"font-weight: 400;\">Z\u00e1sad\u00e1ch ochrany osobn\u00fdch \u00fadajov<\/span><\/a><span style=\"font-weight: 400;\">.<\/span><\/p>\n<p><span style=\"font-weight: 400;\">Ak chcete zobrazi\u0165 podrobnosti t\u00fdkaj\u00face sa s\u00faborov cookies tret\u00edch str\u00e1n pre webov\u00fa str\u00e1nku GlobalLogic, pozrite si \u010das\u0165 \u201eZobrazi\u0165 podrobnosti\u201c na cookies li\u0161te (banneri) v \u010dasti \u201ePoskytovate\u013e\u201c. Ak kliknete na meno konkr\u00e9tneho poskytovate\u013ea na cookies li\u0161te (banneri), budete presmerovan\u00ed na pr\u00edslu\u0161n\u00e9 Z\u00e1sady ochrany osobn\u00fdch \u00fadajov dan\u00e9ho partnera. Cookies li\u0161tu (banner) je mo\u017en\u00e9 otvori\u0165 kliknut\u00edm <\/span><span style=\"font-weight: 400;\"><a class=\"cookie_clear\">sem<\/a><\/span><span style=\"font-weight: 400;\">.<\/span><\/div>\n","protected":false},"excerpt":{"rendered":"<p>Pravidl\u00e1 pou\u017e\u00edvania s\u00faborov cookies Posledn\u00e1 aktualiz\u00e1cia: 14\/02\/2023 Sme GlobalLogic, \u010dlen skupiny Hitachi (\u201eGlobalLogic\u201c).\u00a0 \u010co s\u00fa to cookies? Cookies s\u00fabory s\u00fa \u010dasti inform\u00e1ci\u00ed (mal\u00e9 textov\u00e9 z\u00e1znamy), ktor\u00e9 s\u00fa preveden\u00e9 serverom a ulo\u017een\u00e9 na va\u0161om zariaden\u00ed kedyko\u013evek nav\u0161t\u00edvite alebo pou\u017eijete webov\u00fa str\u00e1nku GlobalLogic. Ukladaj\u00fa inform\u00e1cie na z\u00e1klade toho, ako ste vyu\u017eili dan\u00fa webov\u00fa str\u00e1nku. Ak nav\u0161t\u00edvite webov\u00fa str\u00e1nku GlobalLogic, cookies n\u00e1m umo\u017enia, najm\u00e4, rozpozna\u0165 va\u0161e zariadenie taktie\u017e v\u00e1s ako op\u00e4tovn\u00e9ho pou\u017e\u00edvate\u013ea a\u00a0m\u00f4\u017eu zbiera\u0165 \u00fadaje napr\u00edklad oh\u013eadom dom\u00e9nov\u00e9ho n\u00e1zvu v\u00e1\u0161ho poskytovate\u013ea internetov\u00fdch slu\u017eieb, typu preh\u013ead\u00e1va\u010da, typu opera\u010dn\u00e9ho syst\u00e9mu, IP adresy, webstr\u00e1nok, ktor\u00e9 ste nav\u0161t\u00edvili, vami stiahnut\u00fdch s\u00faborov, a taktie\u017e zbiera\u0165 aj operat\u00edvne \u00fadaje alebo inform\u00e1cie oh\u013eadom lok\u00e1cie zariadenia, ktor\u00fd pou\u017e\u00edvate. Nie v\u0161etky inform\u00e1cie zhroma\u017eden\u00e9 prostredn\u00edctvom s\u00faborov cookies sa pova\u017euj\u00fa za osobn\u00e9 \u00fadaje pod\u013ea platn\u00fdch predpisov o\u00a0ochrane osobn\u00fdch \u00fadajov, vr\u00e1tane GDPR. Niektor\u00e9 inform\u00e1cie, v z\u00e1vislosti od ich obsahu a sp\u00f4sobu pou\u017eitia, v\u0161ak m\u00f4\u017eu by\u0165 spojen\u00e9 s konkr\u00e9tnou osobou, napr. ak ste s nami v minulosti zdie\u013eali svoje osobn\u00e9 \u00fadaje, s\u00fabory cookies m\u00f4\u017eu by\u0165 niekedy prepojen\u00e9 priamo s va\u0161imi \u00fadajmi prostredn\u00edctvom spojenia identifika\u010dn\u00fdch \u010d\u00edsel v s\u00faboroch cookies s in\u00fdmi inform\u00e1ciami t\u00fdkaj\u00facimi sa va\u0161ej osoby, v\u00e1\u0161ho \u00fa\u010dtu a\/alebo pracovnej aplik\u00e1cie. Vo vz\u0165ahu k inform\u00e1ci\u00e1m zhroma\u017eden\u00fdm s\u00fabormi cookies, ktor\u00e9 m\u00f4\u017eu by\u0165 spojen\u00e9 s konkr\u00e9tnou osobou, platia pravidl\u00e1&#8230;<\/p>\n","protected":false},"author":12,"featured_media":5783,"parent":0,"menu_order":66,"comment_status":"closed","ping_status":"closed","template":"page-templates\/footer-page.php","meta":{"_acf_changed":false,"footnotes":""},"class_list":["post-15097","page","type-page","status-publish","has-post-thumbnail","hentry"],"acf":[],"aioseo_notices":[],"_links":{"self":[{"href":"https:\/\/www.globallogic.com\/sk\/wp-json\/wp\/v2\/pages\/15097","targetHints":{"allow":["GET"]}}],"collection":[{"href":"https:\/\/www.globallogic.com\/sk\/wp-json\/wp\/v2\/pages"}],"about":[{"href":"https:\/\/www.globallogic.com\/sk\/wp-json\/wp\/v2\/types\/page"}],"author":[{"embeddable":true,"href":"https:\/\/www.globallogic.com\/sk\/wp-json\/wp\/v2\/users\/12"}],"replies":[{"embeddable":true,"href":"https:\/\/www.globallogic.com\/sk\/wp-json\/wp\/v2\/comments?post=15097"}],"version-history":[{"count":0,"href":"https:\/\/www.globallogic.com\/sk\/wp-json\/wp\/v2\/pages\/15097\/revisions"}],"wp:featuredmedia":[{"embeddable":true,"href":"https:\/\/www.globallogic.com\/sk\/wp-json\/wp\/v2\/media\/5783"}],"wp:attachment":[{"href":"https:\/\/www.globallogic.com\/sk\/wp-json\/wp\/v2\/media?parent=15097"}],"curies":[{"name":"wp","href":"https:\/\/api.w.org\/{rel}","templated":true}]}}