 
{"id":15116,"date":"2018-03-22T07:54:22","date_gmt":"2018-03-22T07:54:22","guid":{"rendered":"https:\/\/www.globallogic.com\/sk\/?page_id=15116"},"modified":"2018-03-22T07:54:22","modified_gmt":"2018-03-22T07:54:22","slug":"gdpr","status":"publish","type":"page","link":"https:\/\/www.globallogic.com\/sk\/gdpr\/","title":{"rendered":"GDPR"},"content":{"rendered":"<div class=\"classic_editor_content\">Posledn\u00e1 aktualiz\u00e1cia: 11\/08\/2021<\/p>\n<p>V\u0161eobecn\u00e9 nariadenie o ochrane osobn\u00fdch \u00fadajov (GDPR) nadobudlo platnos\u0165 25. m\u00e1ja 2018. GDPR  sa automaticky stalo predpisom platn\u00fdm vo v\u0161etk\u00fdch \u010dlensk\u00fdch \u0161t\u00e1toch Eur\u00f3pskej \u00danie a Eur\u00f3pskeho hospod\u00e1rskeho priestoru. (EU\/EEA)<\/p>\n<p>Ciele GDPR s\u00fa:<\/p>\n<ol>\n<li>Harmonizova\u0165 z\u00e1kony o ochrane \u00fadajov naprie\u010d EU;<\/li>\n<li>Modernizova\u0165 z\u00e1kony o ochrane \u00fadajov vo svetle technologick\u00fdch zmien;<\/li>\n<li>Roz\u0161\u00edri\u0165 pr\u00e1va jednotlivcov;<\/li>\n<li>Zv\u00fd\u0161i\u0165 po\u017eiadavky na zodpovednos\u0165 a povinnosti pre prev\u00e1dzkovate\u013eov a sprostredkovate\u013eov \u00fadajov;<\/li>\n<li>Zabezpe\u010di\u0165 lep\u0161ie z\u00e1znamy a evidenciu o dodr\u017eiavan\u00ed pr\u00e1vnych predpisov na ochranu osobn\u00fdch \u00fadajov a v\u00e4\u010d\u0161iu prieh\u013eadnos\u0165 o tom ako sa \u00fadaje pou\u017e\u00edvaj\u00fa, kto ich pou\u017e\u00edva a za ak\u00fdm \u00fa\u010delom.<\/li>\n<\/ol>\n<p>GDPR sa uplat\u0148uje na podniky (\u010di v r\u00e1mci EU alebo nie), ktor\u00e9 sprac\u00favaj\u00fa osobn\u00e9 \u00fadaje jednotlivcov v EU, vr\u00e1tane osobn\u00fdch \u00fadajov GL z\u00e1kazn\u00edkov, ich kone\u010dn\u00fdch klientov a zamestnancov.<\/p>\n<p><strong><em>Ako GlobalLogic pristupuje k dodr\u017eiavaniu GDPR?<\/em><\/strong><\/p>\n<p>GlobalLogic, \u010dlen skupiny Hitachi, spracov\u00e1va osobn\u00e9 \u00fadaje s\u00fa\u010dasne ako prev\u00e1dzkovate\u013e a sprostredkovate\u013e, pri\u010dom berie povinnosti vypl\u00fdvaj\u00face z GDPR ve\u013emi v\u00e1\u017ene.<\/p>\n<p>S cie\u013eom pripravi\u0165 sa na GDPR sme uskuto\u010dnili program aktiv\u00edt najm\u00e4:<\/p>\n<ol>\n<li>Audit na\u0161ich glob\u00e1lnych \u010dinnost\u00ed pri spracov\u00e1van\u00ed \u00fadajov;<\/li>\n<li>Pos\u00fadenie bezpe\u010dnosti \u00fadajov v celej na\u0161ej skupine;<\/li>\n<li>Aktualiz\u00e1cia na\u0161ich \u0161kolen\u00ed, postupov a proced\u00far;<\/li>\n<li>Zabezpe\u010denie, aby boli zaveden\u00e9 vhodn\u00e9 podmienky pre spolupr\u00e1cu s na\u0161imi predajcami konaj\u00facimi ako sprostredkovatelia \u00fadajov a z\u00e1stupcovia sprostredkovate\u013eov;<\/li>\n<li>Aktualiz\u00e1cie pou\u017e\u00edvania s\u00faborov cookies a podobn\u00fdch technol\u00f3gi\u00ed na na\u0161ich webov\u00fdch str\u00e1nkach, marketingov\u00fdch e-mailoch a na\u0161ich mechanizmoch umo\u017e\u0148uj\u00facich pou\u017e\u00edvate\u013eom vyjadri\u0165 svoje marketingov\u00e9 preferencie.<\/li>\n<\/ol>\n<p>V r\u00e1mci n\u00e1\u0161ho GDPR programu st\u00e1le monitorujeme zmeny pr\u00edslu\u0161n\u00fdch predpisov, nov\u00e9 usmernenia a rozhodnutia org\u00e1nov v oblasti ochrany osobn\u00fdch \u00fadajov ako aj najlep\u0161ie trhov\u00e9 postupy. Prehodnocujeme na\u0161e met\u00f3dy, smernice a postupy a pod\u013ea toho ich aktualizujeme najmenej na ro\u010dnej b\u00e1ze. V r\u00e1mci n\u00e1\u0161ho GDPR programu st\u00e1le monitorujeme zmeny pr\u00edslu\u0161n\u00fdch predpisov, nov\u00e9 usmernenia a rozhodnutia org\u00e1nov v oblasti ochrany osobn\u00fdch \u00fadajov ako aj najlep\u0161ie trhov\u00e9 postupy. Prehodnocujeme na\u0161e met\u00f3dy, smernice a postupy a pod\u013ea toho ich aktualizujeme najmenej na ro\u010dnej b\u00e1ze. <\/p>\n<p><strong><em>Ak\u00e9 s\u00fa z\u00e1v\u00e4zky spolo\u010dnosti GlobalLogic vo\u010di z\u00e1kazn\u00edkom a dotknut\u00fdm osob\u00e1m?<\/em><\/strong><\/p>\n<p>Spolo\u010dnos\u0165 GlobalLogic sa zav\u00e4zuje dodr\u017eiava\u0165 po\u017eiadavky GDPR v praxi. To znamen\u00e1, \u017ee pri spracovan\u00ed osobn\u00fdch \u00fadajov na\u0161ich z\u00e1kazn\u00edkov dodr\u017eiavame nasledovn\u00e9:<\/p>\n<ol>\n<li>Sprac\u00favame iba osobn\u00e9 \u00fadaje, ktor\u00e9 m\u00e1te pod kontrolou a za ktor\u00e9 nesiete zodpovednos\u0165, na z\u00e1klade Va\u0161ej \u017eiadosti v s\u00falade s dohodou, ktor\u00fa s Vami m\u00e1me uzatvoren\u00fa, p\u00edsomn\u00e9ho pokynu alebo v s\u00falade so z\u00e1konom;<\/li>\n<li>Prij\u00edmame vhodn\u00e9 technick\u00e9 a organiza\u010dn\u00e9 opatrenia na zabezpe\u010denie \u00farovne bezpe\u010dnosti primeranej rizik\u00e1m, ktor\u00e9 spracovanie predstavuje a ktor\u00e9 m\u00f4\u017ee zah\u0155\u0148a\u0165 End point, Gateway a Server Level Security v na\u0161ich priestoroch, siln\u00fa politiku hesiel, denn\u00e9 antiv\u00edrusov\u00e9 aktualiz\u00e1cie, u\u017e\u00edvanie \u0161ifrovania, SSL VPN pre extern\u00fd pr\u00edstup, bezpe\u010dn\u00fd pr\u00edstup cez k\u00e1blov\u00e9 a bezdr\u00f4tov\u00e9 siete do na\u0161ich syst\u00e9mov, centr\u00e1lna spr\u00e1va opr\u00e1v, kontrola pr\u00edstupu, bezpe\u010dnostn\u00e1 politika a odborn\u00e1 pr\u00edprava;<\/li>\n<li>Podnik\u00e1me v\u0161etky primeran\u00e9 kroky na zabezpe\u010denie toho, aby k osobn\u00fdm \u00fadajom mali pr\u00edstup len opr\u00e1vnen\u00ed pracovn\u00edci\/zamestnanci, na ktor\u00fdch sa vz\u0165ahuje povinnos\u0165 zachov\u00e1vania ml\u010danlivosti;<\/li>\n<li>Z\u00e1stupcov sprostredkovate\u013eov zapoj\u00edme len s Va\u0161\u00edm s\u00fahlasom, aby sme V\u00e1m pomohli pri vyu\u017e\u00edvan\u00ed slu\u017eieb, ktor\u00e9 V\u00e1m poskytujeme.<\/li>\n<li>Nebudeme podnika\u0165 kroky, ktor\u00e9 by mali za n\u00e1sledok poru\u0161ovanie GDPR, upovedom\u00edme V\u00e1s, ak sa dozvieme, \u017ee Va\u0161e pokyny s\u00fa v rozpore s t\u00fdm, \u010do GDPR povo\u013euje; <\/li>\n<li>Pom\u00f4\u017eeme V\u00e1m splni\u0165 v\u0161etky po\u017eiadavky, ktor\u00e9 dotknut\u00e9 osoby (jednotlivci) prijali pri v\u00fdkone svojich pr\u00e1v alebo ak\u00fdchko\u013evek po\u017eiadaviek regul\u00e1tora;<\/li>\n<li>Budeme V\u00e1s informova\u0165 ihne\u010f po tom, ako sa dozvieme o akomko\u013evek poru\u0161en\u00ed alebo podozren\u00ed z poru\u0161enia, ktor\u00e9 by mohlo ohrozi\u0165 va\u0161e \u00fadaje alebo ich vystavi\u0165 riziku;<\/li>\n<li>Ak budeme potrebova\u0165 prenies\u0165 osobn\u00e9 \u00fadaje z E\u00da\/EHP, budeme tak robi\u0165 za dodr\u017eania primeran\u00fdch pr\u00e1vnych z\u00e1ruk.<\/li>\n<\/ol>\n<p>&nbsp;<\/p>\n<p>Uveden\u00fd zoznam nie je \u00fapln\u00fd a spolo\u010dnos\u0165 GlobalLogic sa zav\u00e4zuje plni\u0165 v\u0161etky svoje povinnosti ako sprostredkovate\u013e osobn\u00fdch \u00fadajov na\u0161ich z\u00e1kazn\u00edkov alebo ich kone\u010dn\u00fdch klientov pod\u013ea GDPR.<\/p>\n<p>&nbsp;<\/p>\n<p>Ak m\u00e1te ak\u00e9ko\u013evek ot\u00e1zky t\u00fdkaj\u00face sa n\u00e1\u0161ho pr\u00edstupu k ochrane osobn\u00fdch \u00fadajov, kontaktujte  <a rel=\"external nofollow\" target=\"_blank\" href=\"mailto:privacy@globallogic.com\">privacy@globallogic.com<\/a> a radi ich s Vami prediskutujeme.<\/div>\n","protected":false},"excerpt":{"rendered":"<p>Posledn\u00e1 aktualiz\u00e1cia: 11\/08\/2021 V\u0161eobecn\u00e9 nariadenie o ochrane osobn\u00fdch \u00fadajov (GDPR) nadobudlo platnos\u0165 25. m\u00e1ja 2018. GDPR sa automaticky stalo predpisom platn\u00fdm vo v\u0161etk\u00fdch \u010dlensk\u00fdch \u0161t\u00e1toch Eur\u00f3pskej \u00danie a Eur\u00f3pskeho hospod\u00e1rskeho priestoru. (EU\/EEA) Ciele GDPR s\u00fa: Harmonizova\u0165 z\u00e1kony o ochrane \u00fadajov naprie\u010d EU; Modernizova\u0165 z\u00e1kony o ochrane \u00fadajov vo svetle technologick\u00fdch zmien; Roz\u0161\u00edri\u0165 pr\u00e1va jednotlivcov; Zv\u00fd\u0161i\u0165 po\u017eiadavky na zodpovednos\u0165 a povinnosti pre prev\u00e1dzkovate\u013eov a sprostredkovate\u013eov \u00fadajov; Zabezpe\u010di\u0165 lep\u0161ie z\u00e1znamy a evidenciu o dodr\u017eiavan\u00ed pr\u00e1vnych predpisov na ochranu osobn\u00fdch \u00fadajov a v\u00e4\u010d\u0161iu prieh\u013eadnos\u0165 o tom ako sa \u00fadaje pou\u017e\u00edvaj\u00fa, kto ich pou\u017e\u00edva a za ak\u00fdm \u00fa\u010delom. GDPR sa uplat\u0148uje na podniky (\u010di v r\u00e1mci EU alebo nie), ktor\u00e9 sprac\u00favaj\u00fa osobn\u00e9 \u00fadaje jednotlivcov v EU, vr\u00e1tane osobn\u00fdch \u00fadajov GL z\u00e1kazn\u00edkov, ich kone\u010dn\u00fdch klientov a zamestnancov. Ako GlobalLogic pristupuje k dodr\u017eiavaniu GDPR? GlobalLogic, \u010dlen skupiny Hitachi, spracov\u00e1va osobn\u00e9 \u00fadaje s\u00fa\u010dasne ako prev\u00e1dzkovate\u013e a sprostredkovate\u013e, pri\u010dom berie povinnosti vypl\u00fdvaj\u00face z GDPR ve\u013emi v\u00e1\u017ene. S cie\u013eom pripravi\u0165 sa na GDPR sme uskuto\u010dnili program aktiv\u00edt najm\u00e4: Audit na\u0161ich glob\u00e1lnych \u010dinnost\u00ed pri spracov\u00e1van\u00ed \u00fadajov; Pos\u00fadenie bezpe\u010dnosti \u00fadajov v celej na\u0161ej skupine; Aktualiz\u00e1cia na\u0161ich \u0161kolen\u00ed, postupov a proced\u00far; Zabezpe\u010denie, aby boli zaveden\u00e9 vhodn\u00e9 podmienky pre spolupr\u00e1cu s na\u0161imi predajcami konaj\u00facimi ako sprostredkovatelia \u00fadajov a z\u00e1stupcovia sprostredkovate\u013eov; Aktualiz\u00e1cie pou\u017e\u00edvania s\u00faborov&#8230;<\/p>\n","protected":false},"author":12,"featured_media":5783,"parent":0,"menu_order":64,"comment_status":"closed","ping_status":"closed","template":"page-templates\/footer-page.php","meta":{"_acf_changed":false,"footnotes":""},"class_list":["post-15116","page","type-page","status-publish","has-post-thumbnail","hentry"],"acf":[],"aioseo_notices":[],"_links":{"self":[{"href":"https:\/\/www.globallogic.com\/sk\/wp-json\/wp\/v2\/pages\/15116","targetHints":{"allow":["GET"]}}],"collection":[{"href":"https:\/\/www.globallogic.com\/sk\/wp-json\/wp\/v2\/pages"}],"about":[{"href":"https:\/\/www.globallogic.com\/sk\/wp-json\/wp\/v2\/types\/page"}],"author":[{"embeddable":true,"href":"https:\/\/www.globallogic.com\/sk\/wp-json\/wp\/v2\/users\/12"}],"replies":[{"embeddable":true,"href":"https:\/\/www.globallogic.com\/sk\/wp-json\/wp\/v2\/comments?post=15116"}],"version-history":[{"count":0,"href":"https:\/\/www.globallogic.com\/sk\/wp-json\/wp\/v2\/pages\/15116\/revisions"}],"wp:featuredmedia":[{"embeddable":true,"href":"https:\/\/www.globallogic.com\/sk\/wp-json\/wp\/v2\/media\/5783"}],"wp:attachment":[{"href":"https:\/\/www.globallogic.com\/sk\/wp-json\/wp\/v2\/media?parent=15116"}],"curies":[{"name":"wp","href":"https:\/\/api.w.org\/{rel}","templated":true}]}}