 
{"id":1817,"date":"2024-08-30T09:40:27","date_gmt":"2024-08-30T09:40:27","guid":{"rendered":"https:\/\/www.globallogic.com\/sk\/?page_id=1817"},"modified":"2025-03-13T09:59:41","modified_gmt":"2025-03-13T09:59:41","slug":"events","status":"publish","type":"page","link":"https:\/\/www.globallogic.com\/sk\/about\/events\/","title":{"rendered":"Podujatia"},"content":{"rendered":"\r\n<!-- Locations Hero banner -->\r\n \r\n<section class=\"partner_detail_banner_block locations_banner_block \" id=\"banner-locations-block_b75ec4286ddcdcef318dc11a2797ba96\">\r\n    <div class=\"container\">\r\n        <div class=\"banner_content_block\">\r\n            <ul class=\"breadcrumb\"><\/ul>            \r\n                            <h1>GlobalLogic sa s vami del\u00ed o nov\u00e9 n\u00e1pady prostredn\u00edctvom noviniek a podujat\u00ed po celom svete.<\/h1>\r\n                    <\/div>\r\n    <\/div>\r\n<\/section>\r\n\n\n\n<!-- Featured Posts Slider --> \n\n\n\n<!-- Featured Posts Slider --> \n    <section class=\"event_banner_block \" id=\"fea-posts-sliderblock_9843a6a72c122debcc62a6e96b2dba13\">\n        <div class=\"container\">\n            <div class=\"swiper eventSlider\">\n                <div class=\"swiper-wrapper\">\n                                                                                                            <div class=\"swiper-slide\">\n                                        <a href=\"https:\/\/www.globallogic.com\/sk\/about\/events\/buducnost-zdravia-ked-technologie-liecia\/\" class=\"insightCard fullWidth\">\n                                            <div class=\"insight_overlay\">\n                                                                                                <div class=\"insight_sub_head\">\n                                                                                                                                                                                <span>November 5, 2024<\/span>\n                                                                                                                                                                        <\/div>\n                                                                                                    <h3 class=\"trim\">Bud\u00facnos\u0165 zdravia: Ke\u010f technol\u00f3gie lie\u010dia<\/h3>\n                                                                                            <\/div>\n                                            \n                                                <div class=\"insight_img\">\n\n                                                    <img width=\"1130\" height=\"636\" src=\"https:\/\/www.globallogic.com\/sk\/wp-content\/uploads\/sites\/8\/2024\/10\/Meetup_BuducnostZdravia_Web-1.jpg\" class=\"attachment-full size-full\" alt=\"\" loading=\"lazy\" decoding=\"async\" srcset=\"https:\/\/www.globallogic.com\/sk\/wp-content\/uploads\/sites\/8\/2024\/10\/Meetup_BuducnostZdravia_Web-1.jpg 1000w, https:\/\/www.globallogic.com\/sk\/wp-content\/uploads\/sites\/8\/2024\/10\/Meetup_BuducnostZdravia_Web-1-300x198.jpg 300w, https:\/\/www.globallogic.com\/sk\/wp-content\/uploads\/sites\/8\/2024\/10\/Meetup_BuducnostZdravia_Web-1-768x507.jpg 768w\" sizes=\"auto, (max-width: 1000px) 100vw, 1000px\" \/>\n                                                <\/div>\n                                                                                    <\/a>\n                                    <\/div>\n                                                                        <div class=\"swiper-slide\">\n                                        <a href=\"https:\/\/www.globallogic.com\/sk\/about\/events\/globallogic-meetup-vyuzitie-neuronovych-sieti-v-medicine\/\" class=\"insightCard fullWidth\">\n                                            <div class=\"insight_overlay\">\n                                                                                                <div class=\"insight_sub_head\">\n                                                                                                                                                                                <span>September 24, 2024<\/span>\n                                                                                                                                                                        <\/div>\n                                                                                                    <h3 class=\"trim\">GlobalLogic Meetup: Vyu\u017eitie neur\u00f3nov\u00fdch siet\u00ed v medic\u00edne<\/h3>\n                                                                                            <\/div>\n                                            \n                                                <div class=\"insight_img\">\n\n                                                    <img width=\"1130\" height=\"636\" src=\"https:\/\/www.globallogic.com\/sk\/wp-content\/uploads\/sites\/8\/2024\/11\/GL_Meetup_VyuzitieNEUsietivMED_WEB-1.jpg\" class=\"attachment-full size-full  wpsmartcrop-image \" alt=\"\" loading=\"lazy\" decoding=\"async\" srcset=\"https:\/\/www.globallogic.com\/sk\/wp-content\/uploads\/sites\/8\/2024\/11\/GL_Meetup_VyuzitieNEUsietivMED_WEB-1.jpg 500w, https:\/\/www.globallogic.com\/sk\/wp-content\/uploads\/sites\/8\/2024\/11\/GL_Meetup_VyuzitieNEUsietivMED_WEB-1-300x198.jpg 300w\" sizes=\"auto, (max-width: 500px) 100vw, 500px\" data-smartcrop-focus=\"[50,50]\" \/>\n                                                <\/div>\n                                                                                    <\/a>\n                                    <\/div>\n                                                                        <div class=\"swiper-slide\">\n                                        <a href=\"https:\/\/www.globallogic.com\/sk\/about\/events\/automobil-elektronik-kongress-2024\/\" class=\"insightCard fullWidth\">\n                                            <div class=\"insight_overlay\">\n                                                                                                <div class=\"insight_sub_head\">\n                                                                                                                                                                                <span>June 18 &#8211; 19, 2024<\/span>\n                                                                                                                                                                        <\/div>\n                                                                                                    <h3 class=\"trim\">Automobil-Elektronik Kongress 2024<\/h3>\n                                                                                            <\/div>\n                                            \n                                                <div class=\"insight_img\">\n\n                                                    <img width=\"1130\" height=\"636\" src=\"https:\/\/www.globallogic.com\/wp-content\/uploads\/2024\/06\/banner-5-e1730173722643.png\" class=\"attachment-full size-full\" alt=\"\" loading=\"lazy\" decoding=\"async\" srcset=\"https:\/\/www.globallogic.com\/wp-content\/uploads\/2024\/06\/banner-5-e1730173722643.png 1260w, https:\/\/www.globallogic.com\/wp-content\/uploads\/2024\/06\/banner-5-e1730173722643-300x178.png 300w, https:\/\/www.globallogic.com\/wp-content\/uploads\/2024\/06\/banner-5-e1730173722643-1024x608.png 1024w, https:\/\/www.globallogic.com\/wp-content\/uploads\/2024\/06\/banner-5-e1730173722643-768x456.png 768w\" sizes=\"auto, (max-width: 1260px) 100vw, 1260px\" \/>\n                                                <\/div>\n                                                                                    <\/a>\n                                    <\/div>\n                                                                        <div class=\"swiper-slide\">\n                                        <a href=\"https:\/\/www.globallogic.com\/sk\/about\/events\/ai-marathon-globallogic-education\/\" class=\"insightCard fullWidth\">\n                                            <div class=\"insight_overlay\">\n                                                                                                <div class=\"insight_sub_head\">\n                                                                                                                                                                                <span>May 28 &#8211; June 6, 2024<\/span>\n                                                                                                                                                                        <\/div>\n                                                                                                    <h3 class=\"trim\">AI Marat\u00f3n od GlobalLogic Education<\/h3>\n                                                                                            <\/div>\n                                            \n                                                <div class=\"insight_img\">\n\n                                                    <img width=\"1130\" height=\"636\" src=\"https:\/\/www.globallogic.com\/sk\/wp-content\/uploads\/sites\/8\/2024\/04\/GL_SVK_AIMarathon_WEB.jpg\" class=\"attachment-full size-full\" alt=\"\" loading=\"lazy\" decoding=\"async\" srcset=\"https:\/\/www.globallogic.com\/sk\/wp-content\/uploads\/sites\/8\/2024\/04\/GL_SVK_AIMarathon_WEB.jpg 500w, https:\/\/www.globallogic.com\/sk\/wp-content\/uploads\/sites\/8\/2024\/04\/GL_SVK_AIMarathon_WEB-300x197.jpg 300w\" sizes=\"auto, (max-width: 500px) 100vw, 500px\" \/>\n                                                <\/div>\n                                                                                    <\/a>\n                                    <\/div>\n                                    \n                                                                <\/div>\n                                    <div class=\"swiper_control\">\n                        <div class=\"swiper-scrollbar\"><\/div>\n                        <div class=\"swiper_nav\">\n                            <div class=\"swiper-button-prev\"><\/div>\n                            <div class=\"swiper-button-next\"><\/div>\n                        <\/div>\n                    <\/div>\n                    \n            <\/div>\n    <\/section>\n    ","protected":false},"excerpt":{"rendered":"","protected":false},"author":1,"featured_media":0,"parent":47,"menu_order":0,"comment_status":"closed","ping_status":"closed","template":"templates\/events.php","meta":{"_acf_changed":false,"footnotes":""},"class_list":["post-1817","page","type-page","status-publish","hentry"],"acf":[],"aioseo_notices":[],"_links":{"self":[{"href":"https:\/\/www.globallogic.com\/sk\/wp-json\/wp\/v2\/pages\/1817","targetHints":{"allow":["GET"]}}],"collection":[{"href":"https:\/\/www.globallogic.com\/sk\/wp-json\/wp\/v2\/pages"}],"about":[{"href":"https:\/\/www.globallogic.com\/sk\/wp-json\/wp\/v2\/types\/page"}],"author":[{"embeddable":true,"href":"https:\/\/www.globallogic.com\/sk\/wp-json\/wp\/v2\/users\/1"}],"replies":[{"embeddable":true,"href":"https:\/\/www.globallogic.com\/sk\/wp-json\/wp\/v2\/comments?post=1817"}],"version-history":[{"count":7,"href":"https:\/\/www.globallogic.com\/sk\/wp-json\/wp\/v2\/pages\/1817\/revisions"}],"predecessor-version":[{"id":101986,"href":"https:\/\/www.globallogic.com\/sk\/wp-json\/wp\/v2\/pages\/1817\/revisions\/101986"}],"up":[{"embeddable":true,"href":"https:\/\/www.globallogic.com\/sk\/wp-json\/wp\/v2\/pages\/47"}],"wp:attachment":[{"href":"https:\/\/www.globallogic.com\/sk\/wp-json\/wp\/v2\/media?parent=1817"}],"curies":[{"name":"wp","href":"https:\/\/api.w.org\/{rel}","templated":true}]}}