 
{"id":1823,"date":"2024-08-30T09:45:37","date_gmt":"2024-08-30T09:45:37","guid":{"rendered":"https:\/\/www.globallogic.com\/sk\/?page_id=1823"},"modified":"2025-02-07T06:11:25","modified_gmt":"2025-02-07T06:11:25","slug":"media-coverage","status":"publish","type":"page","link":"https:\/\/www.globallogic.com\/sk\/about\/press-room\/media-coverage\/","title":{"rendered":"Nap\u00edsali o n\u00e1s"},"content":{"rendered":"\r\n<!-- Locations Hero banner -->\r\n \r\n<section class=\"partner_detail_banner_block locations_banner_block \" id=\"banner-locations-block_ccc5da006ae19e19aceb050d517a7cd2\">\r\n    <div class=\"container\">\r\n        <div class=\"banner_content_block\">\r\n            <ul class=\"breadcrumb\"><\/ul>            \r\n                            <h1>GlobalLogic sa s vami del\u00ed o nov\u00e9 n\u00e1pady prostredn\u00edctvom noviniek a podujat\u00ed po celom svete.<\/h1>\r\n                    <\/div>\r\n    <\/div>\r\n<\/section>\r\n\n\n\n<!-- Featured Posts Slider --> \n\n\n\n<!-- Featured Posts Slider --> \n    <section class=\"event_banner_block \" id=\"fea-posts-sliderblock_93207e90f10b69ef89eaca377322bb81\">\n        <div class=\"container\">\n            <div class=\"swiper eventSlider\">\n                <div class=\"swiper-wrapper\">\n                                                                                                            <div class=\"swiper-slide\">\n                                        <a href=\"https:\/\/www.globallogic.com\/sk\/about\/press-room\/media-coverage\/spolupraca-pre-europsku-vesmirnu-agenturu\/\" class=\"insightCard fullWidth\">\n                                            <div class=\"insight_overlay\">\n                                                                                                <div class=\"insight_sub_head\">\n                                                                                                                                                                    <span><\/span>\n                                                                                                    <\/div>\n                                                                                                    <h3 class=\"trim\">\u00daspe\u0161n\u00e1 spolupr\u00e1ca pre Eur\u00f3psku vesm\u00edrnu agent\u00faru<\/h3>\n                                                                                            <\/div>\n                                            \n                                                <div class=\"insight_img\">\n\n                                                    <img width=\"1130\" height=\"636\" src=\"https:\/\/www.globallogic.com\/sk\/wp-content\/uploads\/sites\/8\/2023\/11\/ASPIS_tlacova_sprava_Web500pxX330px.jpg\" class=\"attachment-full size-full\" alt=\"\" loading=\"lazy\" decoding=\"async\" srcset=\"https:\/\/www.globallogic.com\/sk\/wp-content\/uploads\/sites\/8\/2023\/11\/ASPIS_tlacova_sprava_Web500pxX330px.jpg 500w, https:\/\/www.globallogic.com\/sk\/wp-content\/uploads\/sites\/8\/2023\/11\/ASPIS_tlacova_sprava_Web500pxX330px-300x198.jpg 300w\" sizes=\"auto, (max-width: 500px) 100vw, 500px\" \/>\n                                                <\/div>\n                                                                                    <\/a>\n                                    <\/div>\n                                                                        <div class=\"swiper-slide\">\n                                        <a href=\"https:\/\/www.globallogic.com\/sk\/about\/press-room\/media-coverage\/potencial-ai-na-transformaciu-zdravotnej-starostlivosti\/\" class=\"insightCard fullWidth\">\n                                            <div class=\"insight_overlay\">\n                                                                                                <div class=\"insight_sub_head\">\n                                                                                                                                                                    <span><\/span>\n                                                                                                    <\/div>\n                                                                                                    <h3 class=\"trim\">Potenci\u00e1l AI na transform\u00e1ciu zdravotnej starostlivosti<\/h3>\n                                                                                            <\/div>\n                                            \n                                                <div class=\"insight_img\">\n\n                                                    <img width=\"1130\" height=\"636\" src=\"https:\/\/www.globallogic.com\/sk\/wp-content\/uploads\/sites\/8\/2023\/05\/Medical_web.jpg\" class=\"attachment-full size-full\" alt=\"\" loading=\"lazy\" decoding=\"async\" srcset=\"https:\/\/www.globallogic.com\/sk\/wp-content\/uploads\/sites\/8\/2023\/05\/Medical_web.jpg 500w, https:\/\/www.globallogic.com\/sk\/wp-content\/uploads\/sites\/8\/2023\/05\/Medical_web-300x198.jpg 300w\" sizes=\"auto, (max-width: 500px) 100vw, 500px\" \/>\n                                                <\/div>\n                                                                                    <\/a>\n                                    <\/div>\n                                                                        <div class=\"swiper-slide\">\n                                        <a href=\"https:\/\/www.globallogic.com\/sk\/about\/press-room\/media-coverage\/veronika-dudova-aj-zena-moze-manazovat-it-technicke-timy\/\" class=\"insightCard fullWidth\">\n                                            <div class=\"insight_overlay\">\n                                                                                                <div class=\"insight_sub_head\">\n                                                                                                                                                                    <span><\/span>\n                                                                                                    <\/div>\n                                                                                                    <h3 class=\"trim\">Veronika Dudov\u00e1: Aj \u017eena m\u00f4\u017ee mana\u017eova\u0165 IT technick\u00e9 t\u00edmy<\/h3>\n                                                                                            <\/div>\n                                            \n                                                <div class=\"insight_img\">\n\n                                                    <img width=\"1130\" height=\"636\" src=\"https:\/\/www.globallogic.com\/sk\/wp-content\/uploads\/sites\/8\/2023\/04\/Dudova_Denzien_Web.jpg\" class=\"attachment-full size-full\" alt=\"\" loading=\"lazy\" decoding=\"async\" srcset=\"https:\/\/www.globallogic.com\/sk\/wp-content\/uploads\/sites\/8\/2023\/04\/Dudova_Denzien_Web.jpg 500w, https:\/\/www.globallogic.com\/sk\/wp-content\/uploads\/sites\/8\/2023\/04\/Dudova_Denzien_Web-300x198.jpg 300w\" sizes=\"auto, (max-width: 500px) 100vw, 500px\" \/>\n                                                <\/div>\n                                                                                    <\/a>\n                                    <\/div>\n                                                                        <div class=\"swiper-slide\">\n                                        <a href=\"https:\/\/www.globallogic.com\/sk\/about\/press-room\/media-coverage\/zdenka-otocila-svoj-karierny-zivot-o-180-stupnov-chce-to-odvahu-ale-it-za-to-stoji\/\" class=\"insightCard fullWidth\">\n                                            <div class=\"insight_overlay\">\n                                                                                                <div class=\"insight_sub_head\">\n                                                                                                                                                                    <span><\/span>\n                                                                                                    <\/div>\n                                                                                                    <h3 class=\"trim\">Zdenka oto\u010dila svoj kari\u00e9rny \u017eivot o 180 stup\u0148ov: Chce to odvahu, ale IT za to stoj\u00ed<\/h3>\n                                                                                            <\/div>\n                                            \n                                                <div class=\"insight_img\">\n\n                                                    <img width=\"1130\" height=\"636\" src=\"https:\/\/www.globallogic.com\/sk\/wp-content\/uploads\/sites\/8\/2023\/04\/Rozhovor-GL-s-32.jpg\" class=\"attachment-full size-full\" alt=\"\" loading=\"lazy\" decoding=\"async\" srcset=\"https:\/\/www.globallogic.com\/sk\/wp-content\/uploads\/sites\/8\/2023\/04\/Rozhovor-GL-s-32.jpg 1376w, https:\/\/www.globallogic.com\/sk\/wp-content\/uploads\/sites\/8\/2023\/04\/Rozhovor-GL-s-32-300x200.jpg 300w, https:\/\/www.globallogic.com\/sk\/wp-content\/uploads\/sites\/8\/2023\/04\/Rozhovor-GL-s-32-1024x682.jpg 1024w, https:\/\/www.globallogic.com\/sk\/wp-content\/uploads\/sites\/8\/2023\/04\/Rozhovor-GL-s-32-768x512.jpg 768w\" sizes=\"auto, (max-width: 1376px) 100vw, 1376px\" \/>\n                                                <\/div>\n                                                                                    <\/a>\n                                    <\/div>\n                                    \n                                                                <\/div>\n                                    <div class=\"swiper_control\">\n                        <div class=\"swiper-scrollbar\"><\/div>\n                        <div class=\"swiper_nav\">\n                            <div class=\"swiper-button-prev\"><\/div>\n                            <div class=\"swiper-button-next\"><\/div>\n                        <\/div>\n                    <\/div>\n                    \n            <\/div>\n    <\/section>\n    ","protected":false},"excerpt":{"rendered":"","protected":false},"author":1,"featured_media":0,"parent":60,"menu_order":0,"comment_status":"closed","ping_status":"closed","template":"templates\/media-coverage.php","meta":{"_acf_changed":false,"footnotes":""},"class_list":["post-1823","page","type-page","status-publish","hentry"],"acf":[],"aioseo_notices":[],"_links":{"self":[{"href":"https:\/\/www.globallogic.com\/sk\/wp-json\/wp\/v2\/pages\/1823","targetHints":{"allow":["GET"]}}],"collection":[{"href":"https:\/\/www.globallogic.com\/sk\/wp-json\/wp\/v2\/pages"}],"about":[{"href":"https:\/\/www.globallogic.com\/sk\/wp-json\/wp\/v2\/types\/page"}],"author":[{"embeddable":true,"href":"https:\/\/www.globallogic.com\/sk\/wp-json\/wp\/v2\/users\/1"}],"replies":[{"embeddable":true,"href":"https:\/\/www.globallogic.com\/sk\/wp-json\/wp\/v2\/comments?post=1823"}],"version-history":[{"count":4,"href":"https:\/\/www.globallogic.com\/sk\/wp-json\/wp\/v2\/pages\/1823\/revisions"}],"predecessor-version":[{"id":101984,"href":"https:\/\/www.globallogic.com\/sk\/wp-json\/wp\/v2\/pages\/1823\/revisions\/101984"}],"up":[{"embeddable":true,"href":"https:\/\/www.globallogic.com\/sk\/wp-json\/wp\/v2\/pages\/60"}],"wp:attachment":[{"href":"https:\/\/www.globallogic.com\/sk\/wp-json\/wp\/v2\/media?parent=1823"}],"curies":[{"name":"wp","href":"https:\/\/api.w.org\/{rel}","templated":true}]}}