 
{"id":1825,"date":"2024-08-30T09:47:33","date_gmt":"2024-08-30T09:47:33","guid":{"rendered":"https:\/\/www.globallogic.com\/sk\/?page_id=1825"},"modified":"2025-02-07T06:13:12","modified_gmt":"2025-02-07T06:13:12","slug":"recognitions","status":"publish","type":"page","link":"https:\/\/www.globallogic.com\/sk\/about\/press-room\/recognitions\/","title":{"rendered":"Ocenenia"},"content":{"rendered":"\r\n<!-- Locations Hero banner -->\r\n \r\n<section class=\"partner_detail_banner_block locations_banner_block \" id=\"banner-locations-block_882c8451d6998d5fc2419b1c6a62caa2\">\r\n    <div class=\"container\">\r\n        <div class=\"banner_content_block\">\r\n            <ul class=\"breadcrumb\"><\/ul>            \r\n                            <h1>GlobalLogic sa s vami del\u00ed o nov\u00e9 n\u00e1pady prostredn\u00edctvom noviniek a podujat\u00ed po celom svete.<\/h1>\r\n                    <\/div>\r\n    <\/div>\r\n<\/section>\r\n\n\n\n<!-- Featured Posts Slider --> \n\n\n\n<!-- Featured Posts Slider --> \n    <section class=\"event_banner_block \" id=\"fea-posts-sliderblock_d0223f91c6c0831cf50d7035a44c0a97\">\n        <div class=\"container\">\n            <div class=\"swiper eventSlider\">\n                <div class=\"swiper-wrapper\">\n                                                                                                            <div class=\"swiper-slide\">\n                                        <a href=\"https:\/\/www.globallogic.com\/sk\/about\/press-room\/recognitions\/globallogic-wins-silver-in-brandon-hall-groups-excellence-in-technology-awards\/\" class=\"insightCard fullWidth\">\n                                            <div class=\"insight_overlay\">\n                                                                                                <div class=\"insight_sub_head\">\n                                                                                                                                                                    <span><\/span>\n                                                                                                    <\/div>\n                                                                                                    <h3 class=\"trim\">Spolo\u010dnos\u0165 GlobalLogic z\u00edskala strieborn\u00e9 ocenenie v\u00a0r\u00e1mci hodnotenia Excellence in Technology Awards skupiny Brandon Hall Group<\/h3>\n                                                                                            <\/div>\n                                            \n                                                <div class=\"insight_img\">\n\n                                                    <img width=\"1130\" height=\"636\" src=\"https:\/\/www.globallogic.com\/sk\/wp-content\/uploads\/sites\/8\/2026\/02\/Brandon-Hall-award-HeroImage-V1.jpg\" class=\"attachment-full size-full\" alt=\"\" loading=\"lazy\" decoding=\"async\" srcset=\"https:\/\/www.globallogic.com\/sk\/wp-content\/uploads\/sites\/8\/2026\/02\/Brandon-Hall-award-HeroImage-V1.jpg 768w, https:\/\/www.globallogic.com\/sk\/wp-content\/uploads\/sites\/8\/2026\/02\/Brandon-Hall-award-HeroImage-V1-300x200.jpg 300w\" sizes=\"auto, (max-width: 768px) 100vw, 768px\" \/>\n                                                <\/div>\n                                                                                    <\/a>\n                                    <\/div>\n                                                                        <div class=\"swiper-slide\">\n                                        <a href=\"https:\/\/www.globallogic.com\/sk\/about\/press-room\/recognitions\/moving-challenge-spolocnosti-globallogic-patri-medzi-najlepsie-iniciativy-pre-wellbeing-zamestnancov-v-europe\/\" class=\"insightCard fullWidth\">\n                                            <div class=\"insight_overlay\">\n                                                                                                <div class=\"insight_sub_head\">\n                                                                                                                                                                    <span><\/span>\n                                                                                                    <\/div>\n                                                                                                    <h3 class=\"trim\">Moving Challenge spolo\u010dnosti GlobalLogic patr\u00ed medzi najlep\u0161ie iniciat\u00edvy pre wellbeing zamestnancov v Eur\u00f3pe<\/h3>\n                                                                                            <\/div>\n                                            \n                                                <div class=\"insight_img\">\n\n                                                    <img width=\"1130\" height=\"636\" src=\"https:\/\/www.globallogic.com\/sk\/wp-content\/uploads\/sites\/8\/2025\/09\/Best-Employee-Wellbeing-Initiatives-01.jpg\" class=\"attachment-full size-full\" alt=\"\" loading=\"lazy\" decoding=\"async\" srcset=\"https:\/\/www.globallogic.com\/sk\/wp-content\/uploads\/sites\/8\/2025\/09\/Best-Employee-Wellbeing-Initiatives-01.jpg 1200w, https:\/\/www.globallogic.com\/sk\/wp-content\/uploads\/sites\/8\/2025\/09\/Best-Employee-Wellbeing-Initiatives-01-300x200.jpg 300w, https:\/\/www.globallogic.com\/sk\/wp-content\/uploads\/sites\/8\/2025\/09\/Best-Employee-Wellbeing-Initiatives-01-1024x683.jpg 1024w, https:\/\/www.globallogic.com\/sk\/wp-content\/uploads\/sites\/8\/2025\/09\/Best-Employee-Wellbeing-Initiatives-01-768x512.jpg 768w\" sizes=\"auto, (max-width: 1200px) 100vw, 1200px\" \/>\n                                                <\/div>\n                                                                                    <\/a>\n                                    <\/div>\n                                                                        <div class=\"swiper-slide\">\n                                        <a href=\"https:\/\/www.globallogic.com\/sk\/about\/press-room\/recognitions\/spolocnost-hitachi-vymenovala-novych-ambasadorov-ai-expertov-na-vyvoj-a-vyuzivanie-umelej-inteligencie\/\" class=\"insightCard fullWidth\">\n                                            <div class=\"insight_overlay\">\n                                                                                                <div class=\"insight_sub_head\">\n                                                                                                                                                                    <span><\/span>\n                                                                                                    <\/div>\n                                                                                                    <h3 class=\"trim\">Spolo\u010dnos\u0165 Hitachi vymenovala nov\u00fdch \u201eambas\u00e1dorov\u00a0AI\u201c \u2013 expertov na v\u00fdvoj a\u00a0vyu\u017e\u00edvanie umelej inteligencie<\/h3>\n                                                                                            <\/div>\n                                            \n                                                <div class=\"insight_img\">\n\n                                                    <img width=\"1130\" height=\"636\" src=\"https:\/\/www.globallogic.com\/sk\/wp-content\/uploads\/sites\/8\/2025\/07\/Web-Thumbnail_GL_325x195_250714.jpg\" class=\"attachment-full size-full\" alt=\"\" loading=\"lazy\" decoding=\"async\" srcset=\"https:\/\/www.globallogic.com\/sk\/wp-content\/uploads\/sites\/8\/2025\/07\/Web-Thumbnail_GL_325x195_250714.jpg 325w, https:\/\/www.globallogic.com\/sk\/wp-content\/uploads\/sites\/8\/2025\/07\/Web-Thumbnail_GL_325x195_250714-300x180.jpg 300w\" sizes=\"auto, (max-width: 325px) 100vw, 325px\" \/>\n                                                <\/div>\n                                                                                    <\/a>\n                                    <\/div>\n                                                                        <div class=\"swiper-slide\">\n                                        <a href=\"https:\/\/www.globallogic.com\/sk\/about\/press-room\/recognitions\/globallogic-recognized-with-2025-atd-best-award\/\" class=\"insightCard fullWidth\">\n                                            <div class=\"insight_overlay\">\n                                                                                                <div class=\"insight_sub_head\">\n                                                                                                                                                                    <span><\/span>\n                                                                                                    <\/div>\n                                                                                                    <h3 class=\"trim\">Spolo\u010dnos\u0165 GlobalLogic z\u00edskala ocenenie ATD BEST Award za rok 2025<\/h3>\n                                                                                            <\/div>\n                                            \n                                                <div class=\"insight_img\">\n\n                                                    <img width=\"1130\" height=\"636\" src=\"https:\/\/www.globallogic.com\/sk\/wp-content\/uploads\/sites\/8\/2025\/05\/website-best-awards.jpg\" class=\"attachment-full size-full  wpsmartcrop-image \" alt=\"\" loading=\"lazy\" decoding=\"async\" srcset=\"https:\/\/www.globallogic.com\/sk\/wp-content\/uploads\/sites\/8\/2025\/05\/website-best-awards.jpg 1536w, https:\/\/www.globallogic.com\/sk\/wp-content\/uploads\/sites\/8\/2025\/05\/website-best-awards-300x198.jpg 300w, https:\/\/www.globallogic.com\/sk\/wp-content\/uploads\/sites\/8\/2025\/05\/website-best-awards-1024x675.jpg 1024w, https:\/\/www.globallogic.com\/sk\/wp-content\/uploads\/sites\/8\/2025\/05\/website-best-awards-768x507.jpg 768w\" sizes=\"auto, (max-width: 1536px) 100vw, 1536px\" data-smartcrop-focus=\"[25,50]\" \/>\n                                                <\/div>\n                                                                                    <\/a>\n                                    <\/div>\n                                    \n                                                                <\/div>\n                                    <div class=\"swiper_control\">\n                        <div class=\"swiper-scrollbar\"><\/div>\n                        <div class=\"swiper_nav\">\n                            <div class=\"swiper-button-prev\"><\/div>\n                            <div class=\"swiper-button-next\"><\/div>\n                        <\/div>\n                    <\/div>\n                    \n            <\/div>\n    <\/section>\n    ","protected":false},"excerpt":{"rendered":"","protected":false},"author":1,"featured_media":0,"parent":60,"menu_order":0,"comment_status":"closed","ping_status":"closed","template":"templates\/awards.php","meta":{"_acf_changed":false,"footnotes":""},"class_list":["post-1825","page","type-page","status-publish","hentry"],"acf":[],"aioseo_notices":[],"_links":{"self":[{"href":"https:\/\/www.globallogic.com\/sk\/wp-json\/wp\/v2\/pages\/1825","targetHints":{"allow":["GET"]}}],"collection":[{"href":"https:\/\/www.globallogic.com\/sk\/wp-json\/wp\/v2\/pages"}],"about":[{"href":"https:\/\/www.globallogic.com\/sk\/wp-json\/wp\/v2\/types\/page"}],"author":[{"embeddable":true,"href":"https:\/\/www.globallogic.com\/sk\/wp-json\/wp\/v2\/users\/1"}],"replies":[{"embeddable":true,"href":"https:\/\/www.globallogic.com\/sk\/wp-json\/wp\/v2\/comments?post=1825"}],"version-history":[{"count":6,"href":"https:\/\/www.globallogic.com\/sk\/wp-json\/wp\/v2\/pages\/1825\/revisions"}],"predecessor-version":[{"id":101985,"href":"https:\/\/www.globallogic.com\/sk\/wp-json\/wp\/v2\/pages\/1825\/revisions\/101985"}],"up":[{"embeddable":true,"href":"https:\/\/www.globallogic.com\/sk\/wp-json\/wp\/v2\/pages\/60"}],"wp:attachment":[{"href":"https:\/\/www.globallogic.com\/sk\/wp-json\/wp\/v2\/media?parent=1825"}],"curies":[{"name":"wp","href":"https:\/\/api.w.org\/{rel}","templated":true}]}}