{"id":21079,"date":"2020-01-02T11:01:26","date_gmt":"2020-01-02T11:01:26","guid":{"rendered":"https:\/\/www.globallogic.com\/sk\/?page_id=21079"},"modified":"2020-01-02T11:01:26","modified_gmt":"2020-01-02T11:01:26","slug":"legal-notice","status":"publish","type":"page","link":"https:\/\/www.globallogic.com\/sk\/legal-notice\/","title":{"rendered":"Pr\u00e1vne ozn\u00e1menie"},"content":{"rendered":"<div class=\"classic_editor_content\"><strong>Ako naklad\u00e1me s va\u0161imi osobn\u00fdmi \u00fadajmi<\/strong><\/p>\n<p>Poskytli ste n\u00e1m svoje osobn\u00e9 \u00fadaje, preto ni\u017e\u0161ie uv\u00e1dzame inform\u00e1ciu o\u00a0tom, ako s\u00a0nimi zaobch\u00e1dzame (v\u00a0s\u00falade s\u00a0Nariaden\u00edm Eur\u00f3pskeho parlamentu a\u00a0Rady (E\u00da) 2016\/679 z\u00a027.\u00a0apr\u00edla\u00a02016 o\u00a0ochrane fyzick\u00fdch os\u00f4b pri sprac\u00favan\u00ed osobn\u00fdch \u00fadajov a\u00a0o\u00a0vo\u013enom pohybe tak\u00fdchto \u00fadajov, ktor\u00fdm sa zru\u0161uje smernica 95\/46\/ES, \u010falej len \u201ev\u0161eobecn\u00e9 nariadenie o\u00a0ochrane \u00fadajov\u201c).<\/p>\n<p>V pr\u00edpade, \u017ee mate ot\u00e1zky alebo pripomienky, nap\u00ed\u0161te n\u00e1m na \u00a0<a rel=\"external nofollow\" target=\"_blank\" href=\"mailto:privacy@globallogic.com\">privacy@globallogic.com.<\/a><\/div>\n","protected":false},"excerpt":{"rendered":"<p>Ako naklad\u00e1me s va\u0161imi osobn\u00fdmi \u00fadajmi Poskytli ste n\u00e1m svoje osobn\u00e9 \u00fadaje, preto ni\u017e\u0161ie uv\u00e1dzame inform\u00e1ciu o\u00a0tom, ako s\u00a0nimi zaobch\u00e1dzame (v\u00a0s\u00falade s\u00a0Nariaden\u00edm Eur\u00f3pskeho parlamentu a\u00a0Rady (E\u00da) 2016\/679 z\u00a027.\u00a0apr\u00edla\u00a02016 o\u00a0ochrane fyzick\u00fdch os\u00f4b pri sprac\u00favan\u00ed osobn\u00fdch \u00fadajov a\u00a0o\u00a0vo\u013enom pohybe tak\u00fdchto \u00fadajov, ktor\u00fdm sa zru\u0161uje smernica 95\/46\/ES, \u010falej len \u201ev\u0161eobecn\u00e9 nariadenie o\u00a0ochrane \u00fadajov\u201c). V pr\u00edpade, \u017ee mate ot\u00e1zky alebo pripomienky, nap\u00ed\u0161te n\u00e1m na \u00a0privacy@globallogic.com.<\/p>\n","protected":false},"author":12,"featured_media":0,"parent":0,"menu_order":93,"comment_status":"closed","ping_status":"closed","template":"page-templates\/footer-page.php","meta":{"_acf_changed":false,"footnotes":""},"class_list":["post-21079","page","type-page","status-publish","hentry"],"acf":[],"aioseo_notices":[],"_links":{"self":[{"href":"https:\/\/www.globallogic.com\/sk\/wp-json\/wp\/v2\/pages\/21079","targetHints":{"allow":["GET"]}}],"collection":[{"href":"https:\/\/www.globallogic.com\/sk\/wp-json\/wp\/v2\/pages"}],"about":[{"href":"https:\/\/www.globallogic.com\/sk\/wp-json\/wp\/v2\/types\/page"}],"author":[{"embeddable":true,"href":"https:\/\/www.globallogic.com\/sk\/wp-json\/wp\/v2\/users\/12"}],"replies":[{"embeddable":true,"href":"https:\/\/www.globallogic.com\/sk\/wp-json\/wp\/v2\/comments?post=21079"}],"version-history":[{"count":0,"href":"https:\/\/www.globallogic.com\/sk\/wp-json\/wp\/v2\/pages\/21079\/revisions"}],"wp:attachment":[{"href":"https:\/\/www.globallogic.com\/sk\/wp-json\/wp\/v2\/media?parent=21079"}],"curies":[{"name":"wp","href":"https:\/\/api.w.org\/{rel}","templated":true}]}}