 
{"id":33714,"date":"2020-10-15T14:34:52","date_gmt":"2020-10-15T14:34:52","guid":{"rendered":"https:\/\/www.globallogic.com\/sk\/?page_id=33714"},"modified":"2024-10-14T05:37:40","modified_gmt":"2024-10-14T05:37:40","slug":"privacy","status":"publish","type":"page","link":"https:\/\/www.globallogic.com\/sk\/privacy\/","title":{"rendered":"Ochrana s\u00fakromia"},"content":{"rendered":"<div class=\"classic_editor_content\">Spolo\u010dnos\u0165 GlobalLogic neberie ochranu s\u00fakromia a\u00a0citliv\u00fdch \u00fadajov na \u013eahk\u00fa v\u00e1hu a\u00a0zav\u00e4zuje sa dodr\u017eiava\u0165 v\u0161etky relevantn\u00e9 predpisy a\u00a0normy. Nasleduj\u00face inform\u00e1cie vysvet\u013euj\u00fa, ako chr\u00e1nime d\u00f4vernos\u0165 osobn\u00fdch \u00fadajov, ktor\u00e9 sprac\u00favame.<\/p>\n<p>Podrobnej\u0161ie inform\u00e1cie z\u00edskate, ke\u010f kliknete na nasleduj\u00face linky:<\/p>\n<p>1. <a href=\"https:\/\/www.globallogic.com\/sk\/privacy-policy\/\">Z\u00e1sady ochrany pou\u017e\u00edvania osobn\u00fdch \u00fadajov a s\u00fakromia<\/a> \u2013 z\u00e1sady spracovania osobn\u00fdch \u00fadajov u\u017e\u00edvate\u013eov tejto str\u00e1nky, na\u0161ich potenci\u00e1lnych alebo s\u00fa\u010dasn\u00fdch klientov, dod\u00e1vate\u013eov, partnerov a\u00a0\u010fal\u0161\u00edch os\u00f4b zauj\u00edmaj\u00facich sa o\u00a0na\u0161u \u010dinnos\u0165 (napr. m\u00e9di\u00e1) alebo t\u00fdch, ktor\u00ed vy\u0161\u0161ie menovan\u00fdch zastupuj\u00fa (napr. v\u00a0poz\u00edcii\u00a0 zamestnancov alebo partnerov);<br \/>\n2. <a href=\"https:\/\/www.globallogic.com\/sk\/recruitment-privacy\/\">Glob\u00e1lne ozn\u00e1menie o ochrane osobn\u00fdch \u00fadajov pri prij\u00edman\u00ed<\/a> \u2013 ozn\u00e1menie pre uch\u00e1dza\u010dov na poz\u00edcie v spolo\u010dnosti GlobalLogic.<br \/>\n3. <a href=\"https:\/\/www.globallogic.com\/sk\/cookies-policy\/\">Pravidl\u00e1 pou\u017e\u00edvania s\u00faborov cookies<\/a> \u2013 Tento dokument obsahuje inform\u00e1cie o pou\u017e\u00edvan\u00ed\u00a0s\u00faborov cookies t\u00fdkaj\u00facich sa n\u00e1v\u0161tevn\u00edkov na\u0161ej str\u00e1nky,\u00a0vr\u00e1tane kandid\u00e1tov zauj\u00edmaj\u00facich sa o kari\u00e9rne pr\u00edle\u017eitosti, a\u00a0adres\u00e1tov na\u0161ich marketingov\u00fdch\u00a0emailov;<br \/>\n4. <a href=\"https:\/\/www.globallogic.com\/sk\/gdpr\/\">Vyhl\u00e1senie o GDPR<\/a> \u2013 inform\u00e1cia o\u00a0na\u0161ich aktivit\u00e1ch v\u00a0oblasti dodr\u017eiavania GDPR.<\/p>\n<p>V\u00a0pr\u00edpade ot\u00e1zok n\u00e1m m\u00f4\u017eete kedyko\u013evek nap\u00edsa\u0165 na <a rel=\"external nofollow\" target=\"_blank\" href=\"mailto:privacy@globallogic.com\">privacy@globallogic.com<\/a>.<\/div>\n","protected":false},"excerpt":{"rendered":"<p>Spolo\u010dnos\u0165 GlobalLogic neberie ochranu s\u00fakromia a\u00a0citliv\u00fdch \u00fadajov na \u013eahk\u00fa v\u00e1hu a\u00a0zav\u00e4zuje sa dodr\u017eiava\u0165 v\u0161etky relevantn\u00e9 predpisy a\u00a0normy. Nasleduj\u00face inform\u00e1cie vysvet\u013euj\u00fa, ako chr\u00e1nime d\u00f4vernos\u0165 osobn\u00fdch \u00fadajov, ktor\u00e9 sprac\u00favame. Podrobnej\u0161ie inform\u00e1cie z\u00edskate, ke\u010f kliknete na nasleduj\u00face linky: 1. Z\u00e1sady ochrany pou\u017e\u00edvania osobn\u00fdch \u00fadajov a s\u00fakromia \u2013 z\u00e1sady spracovania osobn\u00fdch \u00fadajov u\u017e\u00edvate\u013eov tejto str\u00e1nky, na\u0161ich potenci\u00e1lnych alebo s\u00fa\u010dasn\u00fdch klientov, dod\u00e1vate\u013eov, partnerov a\u00a0\u010fal\u0161\u00edch os\u00f4b zauj\u00edmaj\u00facich sa o\u00a0na\u0161u \u010dinnos\u0165 (napr. m\u00e9di\u00e1) alebo t\u00fdch, ktor\u00ed vy\u0161\u0161ie menovan\u00fdch zastupuj\u00fa (napr. v\u00a0poz\u00edcii\u00a0 zamestnancov alebo partnerov); 2. Glob\u00e1lne ozn\u00e1menie o ochrane osobn\u00fdch \u00fadajov pri prij\u00edman\u00ed \u2013 ozn\u00e1menie pre uch\u00e1dza\u010dov na poz\u00edcie v spolo\u010dnosti GlobalLogic. 3. Pravidl\u00e1 pou\u017e\u00edvania s\u00faborov cookies \u2013 Tento dokument obsahuje inform\u00e1cie o pou\u017e\u00edvan\u00ed\u00a0s\u00faborov cookies t\u00fdkaj\u00facich sa n\u00e1v\u0161tevn\u00edkov na\u0161ej str\u00e1nky,\u00a0vr\u00e1tane kandid\u00e1tov zauj\u00edmaj\u00facich sa o kari\u00e9rne pr\u00edle\u017eitosti, a\u00a0adres\u00e1tov na\u0161ich marketingov\u00fdch\u00a0emailov; 4. Vyhl\u00e1senie o GDPR \u2013 inform\u00e1cia o\u00a0na\u0161ich aktivit\u00e1ch v\u00a0oblasti dodr\u017eiavania GDPR. V\u00a0pr\u00edpade ot\u00e1zok n\u00e1m m\u00f4\u017eete kedyko\u013evek nap\u00edsa\u0165 na privacy@globallogic.com.<\/p>\n","protected":false},"author":26,"featured_media":0,"parent":0,"menu_order":26,"comment_status":"closed","ping_status":"closed","template":"text-content-template.php","meta":{"_acf_changed":false,"footnotes":""},"class_list":["post-33714","page","type-page","status-publish","hentry"],"acf":[],"aioseo_notices":[],"_links":{"self":[{"href":"https:\/\/www.globallogic.com\/sk\/wp-json\/wp\/v2\/pages\/33714","targetHints":{"allow":["GET"]}}],"collection":[{"href":"https:\/\/www.globallogic.com\/sk\/wp-json\/wp\/v2\/pages"}],"about":[{"href":"https:\/\/www.globallogic.com\/sk\/wp-json\/wp\/v2\/types\/page"}],"author":[{"embeddable":true,"href":"https:\/\/www.globallogic.com\/sk\/wp-json\/wp\/v2\/users\/26"}],"replies":[{"embeddable":true,"href":"https:\/\/www.globallogic.com\/sk\/wp-json\/wp\/v2\/comments?post=33714"}],"version-history":[{"count":1,"href":"https:\/\/www.globallogic.com\/sk\/wp-json\/wp\/v2\/pages\/33714\/revisions"}],"predecessor-version":[{"id":99905,"href":"https:\/\/www.globallogic.com\/sk\/wp-json\/wp\/v2\/pages\/33714\/revisions\/99905"}],"wp:attachment":[{"href":"https:\/\/www.globallogic.com\/sk\/wp-json\/wp\/v2\/media?parent=33714"}],"curies":[{"name":"wp","href":"https:\/\/api.w.org\/{rel}","templated":true}]}}