 
{"id":37292,"date":"2021-02-10T13:31:46","date_gmt":"2021-02-10T13:31:46","guid":{"rendered":"https:\/\/www.globallogic.com\/sk\/?page_id=37292"},"modified":"2021-02-10T13:31:46","modified_gmt":"2021-02-10T13:31:46","slug":"insights-2","status":"publish","type":"page","link":"https:\/\/www.globallogic.com\/sk\/insights-2\/","title":{"rendered":"N\u00e1\u0161 poh\u013ead"},"content":{"rendered":"","protected":false},"excerpt":{"rendered":"","protected":false},"author":12,"featured_media":0,"parent":0,"menu_order":20,"comment_status":"closed","ping_status":"closed","template":"page-templates\/new-insight.php","meta":{"_acf_changed":false,"footnotes":""},"class_list":["post-37292","page","type-page","status-publish","hentry"],"acf":[],"aioseo_notices":[],"_links":{"self":[{"href":"https:\/\/www.globallogic.com\/sk\/wp-json\/wp\/v2\/pages\/37292","targetHints":{"allow":["GET"]}}],"collection":[{"href":"https:\/\/www.globallogic.com\/sk\/wp-json\/wp\/v2\/pages"}],"about":[{"href":"https:\/\/www.globallogic.com\/sk\/wp-json\/wp\/v2\/types\/page"}],"author":[{"embeddable":true,"href":"https:\/\/www.globallogic.com\/sk\/wp-json\/wp\/v2\/users\/12"}],"replies":[{"embeddable":true,"href":"https:\/\/www.globallogic.com\/sk\/wp-json\/wp\/v2\/comments?post=37292"}],"version-history":[{"count":0,"href":"https:\/\/www.globallogic.com\/sk\/wp-json\/wp\/v2\/pages\/37292\/revisions"}],"wp:attachment":[{"href":"https:\/\/www.globallogic.com\/sk\/wp-json\/wp\/v2\/media?parent=37292"}],"curies":[{"name":"wp","href":"https:\/\/api.w.org\/{rel}","templated":true}]}}