 
{"id":53,"date":"2024-08-07T07:49:17","date_gmt":"2024-08-07T07:49:17","guid":{"rendered":"https:\/\/www.globallogic.com\/sk\/?page_id=53"},"modified":"2025-03-13T09:56:08","modified_gmt":"2025-03-13T09:56:08","slug":"partners","status":"publish","type":"page","link":"https:\/\/www.globallogic.com\/sk\/partners\/","title":{"rendered":"Partneri"},"content":{"rendered":"    <section class=\"about_banner_block\" id=\"partners-hero-banner-block_f95723d4f7a8a798f7ec60c3a2314ba1\">\r\n        <div class=\"container\">\r\n            <div class=\"about_banner_area\">\r\n                                    <h1>Vytv\u00e1rame siln\u00e9 partnerstv\u00e1 s l\u00eddrami v odvetv\u00ed, aby sme klientom vytv\u00e1rali hodnoty.<\/h1>\r\n                                                    <div class=\"about_banner_content\">\r\n                        <p>\u00dazkou spolupr\u00e1cou s popredn\u00fdmi technologick\u00fdmi partnermi ako s\u00fa AWS, Google Cloud a Microsoft Azure prin\u00e1\u0161ame inovat\u00edvne, na mieru \u0161it\u00e9 rie\u0161enia podporuj\u00face transform\u00e1ciu podnikania. Na\u0161e odborn\u00e9 znalosti cloudu, d\u00e1t, umelej inteligencie a automatiz\u00e1cie pom\u00e1haj\u00fa klientom odomkn\u00fa\u0165 nov\u00e9 pr\u00edle\u017eitosti, ur\u00fdchli\u0165 rast a dosiahnu\u0165 trval\u00e9 \u00fapechy.<\/p>\r\n                                            <\/div>\r\n                            <\/div>\r\n        <\/div>\r\n                    <img fetchpriority=\"high\" width=\"1440\" height=\"300\" src=\"https:\/\/www.globallogic.com\/sk\/wp-content\/uploads\/sites\/8\/2024\/08\/about_banner-1.jpg\" class=\"home_banner_img\" alt=\"GlobalLogic\" loading=\"eager\" decoding=\"async\" srcset=\"https:\/\/www.globallogic.com\/sk\/wp-content\/uploads\/sites\/8\/2024\/08\/about_banner-1.jpg 1440w, https:\/\/www.globallogic.com\/sk\/wp-content\/uploads\/sites\/8\/2024\/08\/about_banner-1-300x63.jpg 300w, https:\/\/www.globallogic.com\/sk\/wp-content\/uploads\/sites\/8\/2024\/08\/about_banner-1-1024x214.jpg 1024w, https:\/\/www.globallogic.com\/sk\/wp-content\/uploads\/sites\/8\/2024\/08\/about_banner-1-768x161.jpg 768w\" sizes=\"(max-width: 1440px) 100vw, 1440px\" \/>            <\/section>\r\n\r\n\n\n    <section class=\"partners-block \" id=\"partners-list-block-block_639e69285565eca857b5534a5b344de3\">\r\n        <div class=\"container\">\r\n            <div class=\"partners-head-block\">\r\n                                    <div class=\"sub_head\">Partneri<\/div>\r\n                                <div class=\"partners-head-content\">\r\n                                            <h2 data-aos=\"fade-right\" data-aos-duration=\"1000\">Sila partnerstva<\/h2>\r\n                                                                <p>Partnerstv\u00e1 n\u00e1m zais\u0165uj\u00fa exkluz\u00edvny pr\u00edstup k n\u00e1strojom, \u0161koleniam a zdrojom. Umo\u017e\u0148uj\u00fa n\u00e1m tie\u017e dosta\u0165 va\u0161e produkty na trh r\u00fdchlej\u0161ie a efekt\u00edvnej\u0161ie.<\/p>\r\n                                    <\/div>\r\n            <\/div>\r\n                            <div class=\"partners-cards\">\r\n                                            <div class=\"card\" id=\"post-103842\">\r\n                            <div class=\"partner-icon\">\r\n                                <img src=\"https:\/\/www.globallogic.com\/sk\/wp-content\/uploads\/sites\/8\/2026\/01\/ServiceNow-Black_Green-Logo.png\" class=\"attachment-full size-full\" alt=\"\" loading=\"eager\" decoding=\"async\" \/>                            <\/div>\r\n                            <div class=\"card-text\">\r\n                                <h4 class=\"card-title\">ServiceNow<\/h4>\r\n                                <div class=\"card-body\"><p>ServiceNow pom\u00e1ha podnikom dosahova\u0165 ciele v oblasti digit\u00e1lnej transform\u00e1cie prostredn\u00edctvom jedinej cloudovej platformy.<\/p>\n<\/div>\r\n                                <a href=\"https:\/\/www.globallogic.com\/sk\/about\/partners\/servicenow\/\" class=\"secondaryBtn\">Zistite viac<\/a>\r\n                            <\/div>\r\n                        <\/div>\r\n                                            <div class=\"card\" id=\"post-103791\">\r\n                            <div class=\"partner-icon\">\r\n                                <img src=\"https:\/\/www.globallogic.com\/sk\/wp-content\/uploads\/sites\/8\/2026\/01\/Adobe-logo-color.png\" class=\"attachment-full size-full\" alt=\"\" loading=\"eager\" decoding=\"async\" \/>                            <\/div>\r\n                            <div class=\"card-text\">\r\n                                <h4 class=\"card-title\">Adobe<\/h4>\r\n                                <div class=\"card-body\"><p>Vylep\u0161ite digit\u00e1lne sk\u00fasenosti pre svojich z\u00e1kazn\u00edkov, optimalizujte svoje elektronick\u00e9 obchodn\u00e9 postupy a zefekt\u00edvnite automatiz\u00e1ciu svojho marketingu s odborn\u00edkmi GlobalLogic certifikovan\u00fdmi na pr\u00e1cu s Adobe.<\/p>\n<\/div>\r\n                                <a href=\"https:\/\/www.globallogic.com\/sk\/about\/partners\/adobe\/\" class=\"secondaryBtn\">Zistite viac<\/a>\r\n                            <\/div>\r\n                        <\/div>\r\n                                            <div class=\"card\" id=\"post-103851\">\r\n                            <div class=\"partner-icon\">\r\n                                <img src=\"https:\/\/www.globallogic.com\/sk\/wp-content\/uploads\/sites\/8\/2026\/01\/Overture-1.jpg\" class=\"attachment-full size-full\" alt=\"\" loading=\"eager\" decoding=\"async\" \/>                            <\/div>\r\n                            <div class=\"card-text\">\r\n                                <h4 class=\"card-title\">Overture Maps Foundation<\/h4>\r\n                                <div class=\"card-body\"><p>Vyu\u017eite \u0161pi\u010dkov\u00e9 geopriestorov\u00e9 slu\u017eby a open map \u00fadaje, ktor\u00e9 umo\u017e\u0148uj\u00fa vytv\u00e1ranie a aktualiz\u00e1cie m\u00e1p v re\u00e1lnom \u010dase i vytv\u00e1ranie mapov\u00fdch rie\u0161en\u00ed novej gener\u00e1cie.<\/p>\n<\/div>\r\n                                <a href=\"https:\/\/www.globallogic.com\/sk\/about\/partners\/we-are-overture-maps-foundation-partner\/\" class=\"secondaryBtn\">Zistite viac<\/a>\r\n                            <\/div>\r\n                        <\/div>\r\n                                            <div class=\"card\" id=\"post-99618\">\r\n                            <div class=\"partner-icon\">\r\n                                <img width=\"75\" height=\"44\" src=\"https:\/\/www.globallogic.com\/sk\/wp-content\/uploads\/sites\/8\/2024\/09\/AWS-logo.svg\" class=\"attachment-full size-full\" alt=\"\" loading=\"eager\" decoding=\"async\" \/>                            <\/div>\r\n                            <div class=\"card-text\">\r\n                                <h4 class=\"card-title\">AWS<\/h4>\r\n                                <div class=\"card-body\"><p>Zap\u00f4sobte rie\u0161eniami na b\u00e1ze AWS<\/p>\n<\/div>\r\n                                <a href=\"https:\/\/www.globallogic.com\/sk\/about\/partners\/aws\/\" class=\"secondaryBtn\">Zistite viac<\/a>\r\n                            <\/div>\r\n                        <\/div>\r\n                                            <div class=\"card\" id=\"post-100014\">\r\n                            <div class=\"partner-icon\">\r\n                                <img width=\"187\" height=\"41\" src=\"https:\/\/www.globallogic.com\/sk\/wp-content\/uploads\/sites\/8\/2024\/10\/Microsoft_logo.png\" class=\"attachment-full size-full\" alt=\"\" loading=\"eager\" decoding=\"async\" \/>                            <\/div>\r\n                            <div class=\"card-text\">\r\n                                <h4 class=\"card-title\">Microsoft<\/h4>\r\n                                <div class=\"card-body\"><p>Transform\u00e1cia podnikov v najr\u00f4znej\u0161\u00edch odvetviach s Microsoft Azure<\/p>\n<\/div>\r\n                                <a href=\"https:\/\/www.globallogic.com\/sk\/about\/partners\/microsoft-azure\/\" class=\"secondaryBtn\">Zistite viac<\/a>\r\n                            <\/div>\r\n                        <\/div>\r\n                                            <div class=\"card\" id=\"post-99673\">\r\n                            <div class=\"partner-icon\">\r\n                                <img width=\"544\" height=\"96\" src=\"https:\/\/www.globallogic.com\/sk\/wp-content\/uploads\/sites\/8\/2024\/10\/GoogleCloud.png\" class=\"attachment-full size-full\" alt=\"\" loading=\"eager\" decoding=\"async\" srcset=\"https:\/\/www.globallogic.com\/sk\/wp-content\/uploads\/sites\/8\/2024\/10\/GoogleCloud.png 544w, https:\/\/www.globallogic.com\/sk\/wp-content\/uploads\/sites\/8\/2024\/10\/GoogleCloud-300x53.png 300w\" sizes=\"(max-width: 544px) 100vw, 544px\" \/>                            <\/div>\r\n                            <div class=\"card-text\">\r\n                                <h4 class=\"card-title\">Google Cloud<\/h4>\r\n                                <div class=\"card-body\"><p>Podpora inov\u00e1ci\u00ed s Google Cloud<\/p>\n<\/div>\r\n                                <a href=\"https:\/\/www.globallogic.com\/sk\/about\/partners\/gcp\/\" class=\"secondaryBtn\">Zistite viac<\/a>\r\n                            <\/div>\r\n                        <\/div>\r\n                                            <div class=\"card\" id=\"post-103824\">\r\n                            <div class=\"partner-icon\">\r\n                                <img src=\"https:\/\/www.globallogic.com\/sk\/wp-content\/uploads\/sites\/8\/2026\/01\/Boomi_2-Color_Logo_Positive.png\" class=\"attachment-full size-full\" alt=\"\" loading=\"eager\" decoding=\"async\" \/>                            <\/div>\r\n                            <div class=\"card-text\">\r\n                                <h4 class=\"card-title\">Boomi<\/h4>\r\n                                <div class=\"card-body\"><p>V\u010faka partnerstvu spolo\u010dnost\u00ed GlobalLogic a Boomi maj\u00fa na\u0161i klienti pr\u00edstup k d\u00e1tam a aplik\u00e1ci\u00e1m Boomi a z\u00e1rove\u0148 z\u00edskaj\u00fa jednotn\u00fd poh\u013ead na riadenie prev\u00e1dzkovej efekt\u00edvnosti, agility a inov\u00e1ci\u00ed na podnikovej \u00farovni.<\/p>\n<\/div>\r\n                                <a href=\"https:\/\/www.globallogic.com\/sk\/about\/partners\/boomi-partner\/\" class=\"secondaryBtn\">Zistite viac<\/a>\r\n                            <\/div>\r\n                        <\/div>\r\n                                            <div class=\"card\" id=\"post-103764\">\r\n                            <div class=\"partner-icon\">\r\n                                <img src=\"https:\/\/www.globallogic.com\/sk\/wp-content\/uploads\/sites\/8\/2026\/01\/Salesforce-Logo-889x649-1.png\" class=\"attachment-full size-full\" alt=\"\" loading=\"eager\" decoding=\"async\" \/>                            <\/div>\r\n                            <div class=\"card-text\">\r\n                                <h4 class=\"card-title\">Salesforce<\/h4>\r\n                                <div class=\"card-body\"><p>Me\u0148te sk\u00fasenos\u0165, ktor\u00fa pon\u00fakate svojim z\u00e1kazn\u00edkom, k lep\u0161iemu a ur\u00fdchlite inov\u00e1cie pomocou rie\u0161en\u00ed \u0161pecifick\u00fdch pre konkr\u00e9tne odvetvia od spolo\u010dnosti GlobalLogic, ktor\u00e9 s\u00fa navrhnut\u00e9 tak, aby podporovali digit\u00e1lnu transform\u00e1ciu vo ve\u013ekom meradle.<\/p>\n<\/div>\r\n                                <a href=\"https:\/\/www.globallogic.com\/sk\/about\/partners\/salesforce-partner\/\" class=\"secondaryBtn\">Zistite viac<\/a>\r\n                            <\/div>\r\n                        <\/div>\r\n                                    <\/div>\r\n                <a href=\"#\" class=\"secondaryBtn loadBtn\">Load more<\/a>\r\n                    <\/div>\r\n    <\/section>\r\n\n\n    <section class=\"get_in_block  \" id=\"get-in-block_140cf8e5d86a38dcfa917b755563c973\">\r\n        <div class=\"container\">\r\n            <div class=\"get_in_area\">\r\n                                    <a href=\"https:\/\/www.globallogic.com\/sk\/contact\/\" class=\"primaryBtn\">Ozvite sa n\u00e1m<\/a>\r\n                \r\n                                    <h2>\r\n                                                    <span>Po\u010fme spolo\u010dne<\/span>\r\n                                                    <span>vytv\u00e1ra\u0165 \u0161pi\u010dkov\u00e9<\/span>\r\n                                                    <span>rie\u0161enia.<\/span>\r\n                                            <\/h2>\r\n                                                    <p>GlobalLogic prin\u00e1\u0161a jedine\u010dn\u00e9 sk\u00fasenosti a odborn\u00e9 znalosti sp\u00e1jaj\u00face d\u00e1ta, dizajn a v\u00fdvoj \u0161pi\u010dkov\u00fdch rie\u0161en\u00ed.<\/p>\r\n                                <div class=\"get_in_overlay\"><\/div>\r\n            <\/div>\r\n        <\/div>\r\n    <\/section>\r\n","protected":false},"excerpt":{"rendered":"<p>Pozrite sa, ako na\u0161e partnerstvo so spolo\u010dnos\u0165ami AWS, Google Cloud a Microsoft Azure podporuje inov\u00e1cie, ur\u00fdch\u013euje rast a prin\u00e1\u0161a klientom na mieru \u0161it\u00e9 digit\u00e1lne rie\u0161enia.<\/p>\n","protected":false},"author":1,"featured_media":0,"parent":0,"menu_order":0,"comment_status":"closed","ping_status":"closed","template":"templates\/partners.php","meta":{"_acf_changed":false,"footnotes":""},"class_list":["post-53","page","type-page","status-publish","hentry"],"acf":[],"aioseo_notices":[],"_links":{"self":[{"href":"https:\/\/www.globallogic.com\/sk\/wp-json\/wp\/v2\/pages\/53","targetHints":{"allow":["GET"]}}],"collection":[{"href":"https:\/\/www.globallogic.com\/sk\/wp-json\/wp\/v2\/pages"}],"about":[{"href":"https:\/\/www.globallogic.com\/sk\/wp-json\/wp\/v2\/types\/page"}],"author":[{"embeddable":true,"href":"https:\/\/www.globallogic.com\/sk\/wp-json\/wp\/v2\/users\/1"}],"replies":[{"embeddable":true,"href":"https:\/\/www.globallogic.com\/sk\/wp-json\/wp\/v2\/comments?post=53"}],"version-history":[{"count":17,"href":"https:\/\/www.globallogic.com\/sk\/wp-json\/wp\/v2\/pages\/53\/revisions"}],"predecessor-version":[{"id":100779,"href":"https:\/\/www.globallogic.com\/sk\/wp-json\/wp\/v2\/pages\/53\/revisions\/100779"}],"wp:attachment":[{"href":"https:\/\/www.globallogic.com\/sk\/wp-json\/wp\/v2\/media?parent=53"}],"curies":[{"name":"wp","href":"https:\/\/api.w.org\/{rel}","templated":true}]}}