{"id":58829,"date":"2021-11-11T06:16:10","date_gmt":"2021-11-11T06:16:10","guid":{"rendered":"https:\/\/www.globallogic.com\/sk\/?page_id=58829"},"modified":"2024-10-18T12:22:10","modified_gmt":"2024-10-18T12:22:10","slug":"udrzatelnost","status":"publish","type":"page","link":"https:\/\/www.globallogic.com\/sk\/about\/udrzatelnost\/","title":{"rendered":"Udr\u017eate\u013enos\u0165"},"content":{"rendered":"<div class=\"classic_editor_content\">Ako s\u00fa\u010das\u0165 skupiny Hitachi sme \u010dlenom rodiny spolo\u010dnost\u00ed, ktor\u00e9 sa prostredn\u00edctvom <a target=\"_blank\" href=\"https:\/\/social-innovation.hitachi\/en-eu\/about\/\" rel=\"external nofollow\" target=\"_blank\">Div\u00edzie soci\u00e1lnych inov\u00e1ci\u00ed<\/a> s\u00fastredia na nach\u00e1dzanie rie\u0161en\u00ed t\u00fdch najp\u00e1l\u010divej\u0161\u00edch soci\u00e1lnych a environment\u00e1lnych potrieb sveta.<\/p>\n<p><a target=\"_blank\" href=\"https:\/\/www.hitachi.us\/about\/hitachi\/sustainability\" rel=\"external nofollow\" target=\"_blank\">Zistite viac<\/a> o na\u0161ej iniciat\u00edve zameranej na rie\u0161enie soci\u00e1lnych, environment\u00e1lnych a ekonomick\u00fdch probl\u00e9mov, a t\u00fdm aj na budovanie udr\u017eate\u013enej spolo\u010dnosti a zlep\u0161ovanie kvality \u017eivota pre v\u0161etk\u00fdch.  <\/p>\n<h3 class=\"w-100 mt-5 mb-3\">Udr\u017eate\u013enos\u0165 pod\u013ea Hitachi<\/h3>\n<p>My v Hitachi pova\u017eujeme ciele udr\u017eate\u013en\u00e9ho rozvoja OSN za iniciat\u00edvu, ktor\u00e1 je k\u013e\u00fa\u010dov\u00e1 pre budovanie udr\u017eate\u013enej spolo\u010dnosti a zlep\u0161ovanie kvality \u017eivot \u013eud\u00ed prostredn\u00edctvom rie\u0161enia soci\u00e1lnych, environment\u00e1lnych a ekonomick\u00fdch probl\u00e9mov. Na\u0161\u00edm z\u00e1v\u00e4zkom je prispie\u0165 k dosiahnutiu spom\u00ednan\u00fdch cie\u013eov pomocou vyu\u017e\u00edvania soci\u00e1lnych inov\u00e1ci\u00ed a presadzovan\u00edm udr\u017eate\u013enosti v priemysle i v celej spolo\u010dnosti.<\/p>\n<p>Spolo\u010dnos\u0165 Hitachi je glob\u00e1lnym konglomer\u00e1tom p\u00f4sobiacim v r\u00f4znych oblastiach. Sme preto presved\u010den\u00ed, \u017ee na\u0161a \u010dinnos\u0165 by mala nap\u013a\u0148a\u0165 nielen na\u0161e finan\u010dn\u00e9 ciele, ale mala by tie\u017e zni\u017eova\u0165 negat\u00edvne soci\u00e1lne a environment\u00e1lne javy. Z\u00e1rove\u0148 vn\u00edmame vz\u00e1jomn\u00fa prepojenos\u0165 jednotliv\u00fdch cie\u013eov udr\u017eate\u013en\u00e9ho rozvoja, preto sme odhodlan\u00ed prostredn\u00edctvom soci\u00e1lnych inov\u00e1ci\u00ed priamo i nepriamo prispieva\u0165 k nap\u013a\u0148aniu v\u0161etk\u00fdch 17 cie\u013eov trvalo udr\u017eate\u013en\u00e9ho rozvoja OSN.<\/p>\n<p>&nbsp;<\/p>\n<p><a href=\"https:\/\/www.hitachi.us\/about\/hitachi\/sustainability\" target=\"_blank\" rel=\"external nofollow\" target=\"_blank\"><img loading=\"lazy\" decoding=\"async\" class=\"wp-image-60526 size-full aligncenter\" src=\"https:\/\/www.globallogic.com\/wp-content\/uploads\/2021\/10\/image1170x530cropped-1.jpg\" alt=\"hitachi sustainability\" width=\"1170\" height=\"611\" \/><\/a><\/p>\n<p>&nbsp;<\/p>\n<p class=\"text-center\"><a class=\"sustainability-button\" href=\"https:\/\/www.hitachi.com\/sustainability\/download\/\" target=\"_blank\" rel=\"external nofollow\" target=\"_blank\">Spr\u00e1va o udr\u017eate\u013enosti skupiny Hitachi  <\/a><\/p>\n<\/div>\n","protected":false},"excerpt":{"rendered":"<p>Ako s\u00fa\u010das\u0165 skupiny Hitachi sme \u010dlenom rodiny spolo\u010dnost\u00ed, ktor\u00e9 sa prostredn\u00edctvom Div\u00edzie soci\u00e1lnych inov\u00e1ci\u00ed s\u00fastredia na nach\u00e1dzanie rie\u0161en\u00ed t\u00fdch najp\u00e1l\u010divej\u0161\u00edch soci\u00e1lnych a environment\u00e1lnych potrieb sveta. Zistite viac o na\u0161ej iniciat\u00edve zameranej na rie\u0161enie soci\u00e1lnych, environment\u00e1lnych a ekonomick\u00fdch probl\u00e9mov, a t\u00fdm aj na budovanie udr\u017eate\u013enej spolo\u010dnosti a zlep\u0161ovanie kvality \u017eivota pre v\u0161etk\u00fdch. Udr\u017eate\u013enos\u0165 pod\u013ea Hitachi My v Hitachi pova\u017eujeme ciele udr\u017eate\u013en\u00e9ho rozvoja OSN za iniciat\u00edvu, ktor\u00e1 je k\u013e\u00fa\u010dov\u00e1 pre budovanie udr\u017eate\u013enej spolo\u010dnosti a zlep\u0161ovanie kvality \u017eivot \u013eud\u00ed prostredn\u00edctvom rie\u0161enia soci\u00e1lnych, environment\u00e1lnych a ekonomick\u00fdch probl\u00e9mov. Na\u0161\u00edm z\u00e1v\u00e4zkom je prispie\u0165 k dosiahnutiu spom\u00ednan\u00fdch cie\u013eov pomocou vyu\u017e\u00edvania soci\u00e1lnych inov\u00e1ci\u00ed a presadzovan\u00edm udr\u017eate\u013enosti v priemysle i v celej spolo\u010dnosti. Spolo\u010dnos\u0165 Hitachi je glob\u00e1lnym konglomer\u00e1tom p\u00f4sobiacim v r\u00f4znych oblastiach. Sme preto presved\u010den\u00ed, \u017ee na\u0161a \u010dinnos\u0165 by mala nap\u013a\u0148a\u0165 nielen na\u0161e finan\u010dn\u00e9 ciele, ale mala by tie\u017e zni\u017eova\u0165 negat\u00edvne soci\u00e1lne a environment\u00e1lne javy. Z\u00e1rove\u0148 vn\u00edmame vz\u00e1jomn\u00fa prepojenos\u0165 jednotliv\u00fdch cie\u013eov udr\u017eate\u013en\u00e9ho rozvoja, preto sme odhodlan\u00ed prostredn\u00edctvom soci\u00e1lnych inov\u00e1ci\u00ed priamo i nepriamo prispieva\u0165 k nap\u013a\u0148aniu v\u0161etk\u00fdch 17 cie\u013eov trvalo udr\u017eate\u013en\u00e9ho rozvoja OSN. &nbsp; &nbsp; Spr\u00e1va o udr\u017eate\u013enosti skupiny Hitachi<\/p>\n","protected":false},"author":7,"featured_media":0,"parent":47,"menu_order":10,"comment_status":"closed","ping_status":"closed","template":"","meta":{"_acf_changed":false,"footnotes":""},"class_list":["post-58829","page","type-page","status-publish","hentry"],"acf":[],"aioseo_notices":[],"_links":{"self":[{"href":"https:\/\/www.globallogic.com\/sk\/wp-json\/wp\/v2\/pages\/58829","targetHints":{"allow":["GET"]}}],"collection":[{"href":"https:\/\/www.globallogic.com\/sk\/wp-json\/wp\/v2\/pages"}],"about":[{"href":"https:\/\/www.globallogic.com\/sk\/wp-json\/wp\/v2\/types\/page"}],"author":[{"embeddable":true,"href":"https:\/\/www.globallogic.com\/sk\/wp-json\/wp\/v2\/users\/7"}],"replies":[{"embeddable":true,"href":"https:\/\/www.globallogic.com\/sk\/wp-json\/wp\/v2\/comments?post=58829"}],"version-history":[{"count":1,"href":"https:\/\/www.globallogic.com\/sk\/wp-json\/wp\/v2\/pages\/58829\/revisions"}],"predecessor-version":[{"id":100214,"href":"https:\/\/www.globallogic.com\/sk\/wp-json\/wp\/v2\/pages\/58829\/revisions\/100214"}],"up":[{"embeddable":true,"href":"https:\/\/www.globallogic.com\/sk\/wp-json\/wp\/v2\/pages\/47"}],"wp:attachment":[{"href":"https:\/\/www.globallogic.com\/sk\/wp-json\/wp\/v2\/media?parent=58829"}],"curies":[{"name":"wp","href":"https:\/\/api.w.org\/{rel}","templated":true}]}}