 
{"id":60,"date":"2024-08-09T04:56:02","date_gmt":"2024-08-09T04:56:02","guid":{"rendered":"https:\/\/www.globallogic.com\/sk\/?page_id=60"},"modified":"2025-03-13T10:01:38","modified_gmt":"2025-03-13T10:01:38","slug":"press-room","status":"publish","type":"page","link":"https:\/\/www.globallogic.com\/sk\/about\/press-room\/","title":{"rendered":"Tla\u010dov\u00e9 spr\u00e1vy"},"content":{"rendered":"\r\n<!-- Locations Hero banner -->\r\n \r\n<section class=\"partner_detail_banner_block locations_banner_block \" id=\"banner-locations-block_804ae849f8c13d53abc7cdb2bc7ee958\">\r\n    <div class=\"container\">\r\n        <div class=\"banner_content_block\">\r\n            <ul class=\"breadcrumb\"><\/ul>            \r\n                            <h1>GlobalLogic prin\u00e1\u0161a nov\u00e9 perspekt\u00edvy v spr\u00e1vach a prostredn\u00edctvom podujat\u00ed po celom svete.<\/h1>\r\n                    <\/div>\r\n    <\/div>\r\n<\/section>\r\n\n\n\n<!-- Featured Posts Slider --> \n\n\n\n<!-- Featured Posts Slider --> \n    <section class=\"event_banner_block \" id=\"fea-posts-sliderblock_a65d3649890a7cfc83834bccbe2b8859\">\n        <div class=\"container\">\n            <div class=\"swiper eventSlider\">\n                <div class=\"swiper-wrapper\">\n                                                                                                            <div class=\"swiper-slide\">\n                                        <a href=\"https:\/\/www.globallogic.com\/sk\/about\/press-room\/press-release\/globallogic-and-elektrobit-strengthen-partnership-to-accelerate-next-generation-software-defined-vehicles\/\" class=\"insightCard fullWidth\">\n                                            <div class=\"insight_overlay\">\n                                                                                                <div class=\"insight_sub_head\">\n                                                                                                                                                                    <span><\/span>\n                                                                                                    <\/div>\n                                                                                                    <h3 class=\"trim\">Spolo\u010dnosti GlobalLogic a\u00a0Elektrobit posil\u0148uj\u00fa svoje partnerstvo s\u00a0cie\u013eom ur\u00fdchli\u0165 v\u00fdvoj softv\u00e9rovo definovan\u00fdch vozidiel novej gener\u00e1cie<\/h3>\n                                                                                            <\/div>\n                                            \n                                                <div class=\"insight_img\">\n\n                                                    <img width=\"1130\" height=\"636\" src=\"https:\/\/www.globallogic.com\/sk\/wp-content\/uploads\/sites\/8\/2026\/01\/large-Website-feature-image.png\" class=\"attachment-full size-full  wpsmartcrop-image \" alt=\"\" loading=\"lazy\" decoding=\"async\" srcset=\"https:\/\/www.globallogic.com\/sk\/wp-content\/uploads\/sites\/8\/2026\/01\/large-Website-feature-image.png 786w, https:\/\/www.globallogic.com\/sk\/wp-content\/uploads\/sites\/8\/2026\/01\/large-Website-feature-image-300x195.png 300w, https:\/\/www.globallogic.com\/sk\/wp-content\/uploads\/sites\/8\/2026\/01\/large-Website-feature-image-768x500.png 768w\" sizes=\"auto, (max-width: 786px) 100vw, 786px\" data-smartcrop-focus=\"[63,49]\" \/>\n                                                <\/div>\n                                                                                    <\/a>\n                                    <\/div>\n                                                                        <div class=\"swiper-slide\">\n                                        <a href=\"https:\/\/www.globallogic.com\/sk\/about\/press-room\/recognitions\/globallogic-wins-silver-in-brandon-hall-groups-excellence-in-technology-awards\/\" class=\"insightCard fullWidth\">\n                                            <div class=\"insight_overlay\">\n                                                                                                <div class=\"insight_sub_head\">\n                                                                                                                                                                    <span><\/span>\n                                                                                                    <\/div>\n                                                                                                    <h3 class=\"trim\">Spolo\u010dnos\u0165 GlobalLogic z\u00edskala strieborn\u00e9 ocenenie v\u00a0r\u00e1mci hodnotenia Excellence in Technology Awards skupiny Brandon Hall Group<\/h3>\n                                                                                            <\/div>\n                                            \n                                                <div class=\"insight_img\">\n\n                                                    <img width=\"1130\" height=\"636\" src=\"https:\/\/www.globallogic.com\/sk\/wp-content\/uploads\/sites\/8\/2026\/02\/Brandon-Hall-award-HeroImage-V1.jpg\" class=\"attachment-full size-full\" alt=\"\" loading=\"lazy\" decoding=\"async\" srcset=\"https:\/\/www.globallogic.com\/sk\/wp-content\/uploads\/sites\/8\/2026\/02\/Brandon-Hall-award-HeroImage-V1.jpg 768w, https:\/\/www.globallogic.com\/sk\/wp-content\/uploads\/sites\/8\/2026\/02\/Brandon-Hall-award-HeroImage-V1-300x200.jpg 300w\" sizes=\"auto, (max-width: 768px) 100vw, 768px\" \/>\n                                                <\/div>\n                                                                                    <\/a>\n                                    <\/div>\n                                                                        <div class=\"swiper-slide\">\n                                        <a href=\"https:\/\/www.globallogic.com\/sk\/about\/press-room\/press-release\/globallogic-appoints-lujean-smith-as-chief-marketing-officer\/\" class=\"insightCard fullWidth\">\n                                            <div class=\"insight_overlay\">\n                                                                                                <div class=\"insight_sub_head\">\n                                                                                                                                                                    <span><\/span>\n                                                                                                    <\/div>\n                                                                                                    <h3 class=\"trim\">LuJean Smith nastupuje na poz\u00edciu Chief Marketing Officer spolo\u010dnosti GlobalLogic<\/h3>\n                                                                                            <\/div>\n                                            \n                                                <div class=\"insight_img\">\n\n                                                    <img width=\"1130\" height=\"636\" src=\"https:\/\/www.globallogic.com\/sk\/wp-content\/uploads\/sites\/8\/2026\/01\/LuJean_Smith_.png\" class=\"attachment-full size-full\" alt=\"\" loading=\"lazy\" decoding=\"async\" srcset=\"https:\/\/www.globallogic.com\/sk\/wp-content\/uploads\/sites\/8\/2026\/01\/LuJean_Smith_.png 708w, https:\/\/www.globallogic.com\/sk\/wp-content\/uploads\/sites\/8\/2026\/01\/LuJean_Smith_-300x269.png 300w\" sizes=\"auto, (max-width: 708px) 100vw, 708px\" \/>\n                                                <\/div>\n                                                                                    <\/a>\n                                    <\/div>\n                                                                        <div class=\"swiper-slide\">\n                                        <a href=\"https:\/\/www.globallogic.com\/sk\/about\/press-room\/press-release\/globallogic-announces-strategic-leadership-appointments-to-drive-next-phase-of-growth\/\" class=\"insightCard fullWidth\">\n                                            <div class=\"insight_overlay\">\n                                                                                                <div class=\"insight_sub_head\">\n                                                                                                                                                                    <span><\/span>\n                                                                                                    <\/div>\n                                                                                                    <h3 class=\"trim\">GlobalLogic ozn\u00e1mil men\u00e1 nov\u00fdch strategick\u00fdch \u010dlenov mana\u017ementu, ktor\u00ed bud\u00fa riadi\u0165 \u010fal\u0161iu f\u00e1zu rastu spolo\u010dnosti<\/h3>\n                                                                                            <\/div>\n                                            \n                                                <div class=\"insight_img\">\n\n                                                    <img width=\"1130\" height=\"636\" src=\"https:\/\/www.globallogic.com\/sk\/wp-content\/uploads\/sites\/8\/2025\/12\/Frame.png\" class=\"attachment-full size-full\" alt=\"\" loading=\"lazy\" decoding=\"async\" srcset=\"https:\/\/www.globallogic.com\/sk\/wp-content\/uploads\/sites\/8\/2025\/12\/Frame.png 1920w, https:\/\/www.globallogic.com\/sk\/wp-content\/uploads\/sites\/8\/2025\/12\/Frame-300x169.png 300w, https:\/\/www.globallogic.com\/sk\/wp-content\/uploads\/sites\/8\/2025\/12\/Frame-1024x576.png 1024w, https:\/\/www.globallogic.com\/sk\/wp-content\/uploads\/sites\/8\/2025\/12\/Frame-768x432.png 768w, https:\/\/www.globallogic.com\/sk\/wp-content\/uploads\/sites\/8\/2025\/12\/Frame-1536x864.png 1536w\" sizes=\"auto, (max-width: 1920px) 100vw, 1920px\" \/>\n                                                <\/div>\n                                                                                    <\/a>\n                                    <\/div>\n                                    \n                                                                <\/div>\n                                    <div class=\"swiper_control\">\n                        <div class=\"swiper-scrollbar\"><\/div>\n                        <div class=\"swiper_nav\">\n                            <div class=\"swiper-button-prev\"><\/div>\n                            <div class=\"swiper-button-next\"><\/div>\n                        <\/div>\n                    <\/div>\n                    \n            <\/div>\n    <\/section>\n    ","protected":false},"excerpt":{"rendered":"","protected":false},"author":1,"featured_media":0,"parent":47,"menu_order":0,"comment_status":"closed","ping_status":"closed","template":"templates\/news-events.php","meta":{"_acf_changed":false,"footnotes":""},"class_list":["post-60","page","type-page","status-publish","hentry"],"acf":[],"aioseo_notices":[],"_links":{"self":[{"href":"https:\/\/www.globallogic.com\/sk\/wp-json\/wp\/v2\/pages\/60","targetHints":{"allow":["GET"]}}],"collection":[{"href":"https:\/\/www.globallogic.com\/sk\/wp-json\/wp\/v2\/pages"}],"about":[{"href":"https:\/\/www.globallogic.com\/sk\/wp-json\/wp\/v2\/types\/page"}],"author":[{"embeddable":true,"href":"https:\/\/www.globallogic.com\/sk\/wp-json\/wp\/v2\/users\/1"}],"replies":[{"embeddable":true,"href":"https:\/\/www.globallogic.com\/sk\/wp-json\/wp\/v2\/comments?post=60"}],"version-history":[{"count":10,"href":"https:\/\/www.globallogic.com\/sk\/wp-json\/wp\/v2\/pages\/60\/revisions"}],"predecessor-version":[{"id":101981,"href":"https:\/\/www.globallogic.com\/sk\/wp-json\/wp\/v2\/pages\/60\/revisions\/101981"}],"up":[{"embeddable":true,"href":"https:\/\/www.globallogic.com\/sk\/wp-json\/wp\/v2\/pages\/47"}],"wp:attachment":[{"href":"https:\/\/www.globallogic.com\/sk\/wp-json\/wp\/v2\/media?parent=60"}],"curies":[{"name":"wp","href":"https:\/\/api.w.org\/{rel}","templated":true}]}}