 
{"id":621,"date":"2024-08-20T06:03:34","date_gmt":"2024-08-20T06:03:34","guid":{"rendered":"https:\/\/www.globallogic.com\/sk\/?page_id=621"},"modified":"2025-01-30T07:19:08","modified_gmt":"2025-01-30T07:19:08","slug":"regional","status":"publish","type":"page","link":"https:\/\/www.globallogic.com\/sk\/about\/leadership\/regional\/","title":{"rendered":"Regional"},"content":{"rendered":"\r\n<!-- Leadership Hero banner -->\r\n<section class=\"leadership_banner_block \" id=\"banner-leaderships-block_e955f16aef038182a6e487b71e266aaf\">\r\n    <div class=\"container\">\r\n        <div class=\"leader_banner_area\">\r\n                            <div class=\"banner-left\">\r\n                    <h1>Stretnite na\u0161ich l\u00eddrov <\/h1>\r\n                <\/div>\r\n                        <div class=\"banner-right\">\r\n                                    <div class=\"banner-description\">T\u00edm l\u00eddrov GlobalLogic prin\u00e1\u0161a glob\u00e1lny poh\u013ead, bohat\u00e9 sk\u00fasenosti v odvetv\u00ed a v\u00e1\u0161e\u0148 pre inov\u00e1cie do svojich rol\u00ed.<\/div>\r\n                            <\/div>\r\n        <\/div>\r\n    <\/div>\r\n            <img fetchpriority=\"high\" width=\"1440\" height=\"1010\" src=\"https:\/\/www.globallogic.com\/sk\/wp-content\/uploads\/sites\/8\/2025\/01\/Meet-Our-Leaders-hero.jpg\" class=\"leader_banner_img\" alt=\"\" loading=\"eager\" decoding=\"async\" srcset=\"https:\/\/www.globallogic.com\/sk\/wp-content\/uploads\/sites\/8\/2025\/01\/Meet-Our-Leaders-hero.jpg 1920w, https:\/\/www.globallogic.com\/sk\/wp-content\/uploads\/sites\/8\/2025\/01\/Meet-Our-Leaders-hero-300x169.jpg 300w, https:\/\/www.globallogic.com\/sk\/wp-content\/uploads\/sites\/8\/2025\/01\/Meet-Our-Leaders-hero-1024x576.jpg 1024w, https:\/\/www.globallogic.com\/sk\/wp-content\/uploads\/sites\/8\/2025\/01\/Meet-Our-Leaders-hero-768x432.jpg 768w, https:\/\/www.globallogic.com\/sk\/wp-content\/uploads\/sites\/8\/2025\/01\/Meet-Our-Leaders-hero-1536x864.jpg 1536w\" sizes=\"(max-width: 1920px) 100vw, 1920px\" \/>    <\/section>\r\n\n\n\r\n<!-- leadership tab -->\r\n    <section class=\"leadership_tab \" id=\"profiles-terms-block_cf397db00f99669b99b665365a80beff\">\r\n        <div class=\"tabs-wrap\">\r\n            <div class=\"container\">\r\n                <ul class=\"tabs\">\r\n                                        <li><a href=\"https:\/\/www.globallogic.com\/sk\/about\/leadership\/\" class=\"tab \">Vedenie spolo\u010dnosti<\/a><\/li>                         <li><a href=\"https:\/\/www.globallogic.com\/sk\/about\/leadership\/regional\/\" class=\"tab active\">Region\u00e1lny mana\u017ement<\/a><\/li>                         <li><a href=\"https:\/\/www.globallogic.com\/sk\/about\/leadership\/business-unit\/\" class=\"tab \">Mana\u017ement obchodn\u00fdch jednotiek<\/a><\/li>                 <\/ul>\r\n            <\/div>\r\n        <\/div>\r\n                                    <div class=\"container\">\r\n                    <div class=\"leadership-tab-content\">\r\n                        <div class=\"leadership-tab-item\">\r\n                            <div class=\"boxContent\">\r\n                                                                    <div class=\"box\">\r\n                                        <a href=\"https:\/\/www.globallogic.com\/sk\/about\/leadership\/dr-yuliia-shtukaturova\/\">\r\n                                                                                            <div class=\"image\">\r\n                                                <img src=\"https:\/\/www.globallogic.com\/sk\/wp-content\/uploads\/sites\/8\/2025\/06\/Yullia-Shtukaturova-501x669-1.jpg\" class=\"attachment-full size-full\" alt=\"leader\" loading=\"eager\" decoding=\"async\" \/>                                                <\/div>\r\n                                                                                        <div class=\"person-details\">\r\n                                                                                                                                                <div class=\"role\">Group Vice President &#038; Head of EMEA<\/div>\r\n                                                <h5 class=\"name\">Dr. Yuliia Shtukaturova<\/h5>\r\n                                            <\/div>\r\n                                        <\/a>\r\n                                    <\/div>\r\n                                                                    <div class=\"box\">\r\n                                        <a href=\"https:\/\/www.globallogic.com\/sk\/about\/leadership\/piyush-jha\/\">\r\n                                                                                            <div class=\"image\">\r\n                                                <img width=\"501\" height=\"669\" src=\"https:\/\/www.globallogic.com\/sk\/wp-content\/uploads\/sites\/8\/2024\/10\/Piyush-Jha-501x669-1.jpg\" class=\"attachment-full size-full  wpsmartcrop-image \" alt=\"leader\" loading=\"eager\" decoding=\"async\" srcset=\"https:\/\/www.globallogic.com\/sk\/wp-content\/uploads\/sites\/8\/2024\/10\/Piyush-Jha-501x669-1.jpg 501w, https:\/\/www.globallogic.com\/sk\/wp-content\/uploads\/sites\/8\/2024\/10\/Piyush-Jha-501x669-1-225x300.jpg 225w\" sizes=\"(max-width: 501px) 100vw, 501px\" data-smartcrop-focus=\"[46,17]\" \/>                                                <\/div>\r\n                                                                                        <div class=\"person-details\">\r\n                                                                                                                                                <div class=\"role\">Group Vice President &#038; Head of Asia Pacific<\/div>\r\n                                                <h5 class=\"name\">Piyush Jha<\/h5>\r\n                                            <\/div>\r\n                                        <\/a>\r\n                                    <\/div>\r\n                                                                    <div class=\"box\">\r\n                                        <a href=\"https:\/\/www.globallogic.com\/sk\/about\/leadership\/vishal-anand\/\">\r\n                                                                                            <div class=\"image\">\r\n                                                <img width=\"1366\" height=\"2048\" src=\"https:\/\/www.globallogic.com\/sk\/wp-content\/uploads\/sites\/8\/2019\/06\/Vishal-Anand-profile.jpg\" class=\"attachment-full size-full  wpsmartcrop-image \" alt=\"leader\" loading=\"eager\" decoding=\"async\" srcset=\"https:\/\/www.globallogic.com\/sk\/wp-content\/uploads\/sites\/8\/2019\/06\/Vishal-Anand-profile.jpg 1366w, https:\/\/www.globallogic.com\/sk\/wp-content\/uploads\/sites\/8\/2019\/06\/Vishal-Anand-profile-200x300.jpg 200w, https:\/\/www.globallogic.com\/sk\/wp-content\/uploads\/sites\/8\/2019\/06\/Vishal-Anand-profile-683x1024.jpg 683w, https:\/\/www.globallogic.com\/sk\/wp-content\/uploads\/sites\/8\/2019\/06\/Vishal-Anand-profile-768x1151.jpg 768w, https:\/\/www.globallogic.com\/sk\/wp-content\/uploads\/sites\/8\/2019\/06\/Vishal-Anand-profile-1025x1536.jpg 1025w\" sizes=\"(max-width: 1366px) 100vw, 1366px\" data-smartcrop-focus=\"[54,24]\" \/>                                                <\/div>\r\n                                                                                        <div class=\"person-details\">\r\n                                                                                                                                                <div class=\"role\">Chief Operations Officer | Head of Americas<\/div>\r\n                                                <h5 class=\"name\">Vishal Anand<\/h5>\r\n                                            <\/div>\r\n                                        <\/a>\r\n                                    <\/div>\r\n                                                                    <div class=\"box\">\r\n                                        <a href=\"https:\/\/www.globallogic.com\/sk\/about\/leadership\/vivek-daga\/\">\r\n                                                                                            <div class=\"image\">\r\n                                                <img width=\"501\" height=\"669\" src=\"https:\/\/www.globallogic.com\/sk\/wp-content\/uploads\/sites\/8\/2024\/10\/Vivek-Daga-501x669-2.jpg\" class=\"attachment-full size-full  wpsmartcrop-image \" alt=\"leader\" loading=\"eager\" decoding=\"async\" srcset=\"https:\/\/www.globallogic.com\/sk\/wp-content\/uploads\/sites\/8\/2024\/10\/Vivek-Daga-501x669-2.jpg 501w, https:\/\/www.globallogic.com\/sk\/wp-content\/uploads\/sites\/8\/2024\/10\/Vivek-Daga-501x669-2-225x300.jpg 225w\" sizes=\"(max-width: 501px) 100vw, 501px\" data-smartcrop-focus=\"[49,28]\" \/>                                                <\/div>\r\n                                                                                        <div class=\"person-details\">\r\n                                                                                                                                                <div class=\"role\">Group Vice President and Head of UK&#038;I and Emerging Markets <br>Industry Leader, Financial Services and Consumer, EMEA<\/div>\r\n                                                <h5 class=\"name\">Vivek Daga<\/h5>\r\n                                            <\/div>\r\n                                        <\/a>\r\n                                    <\/div>\r\n                                                                    <div class=\"box\">\r\n                                        <a href=\"https:\/\/www.globallogic.com\/sk\/about\/leadership\/r-vikrant-nair\/\">\r\n                                                                                            <div class=\"image\">\r\n                                                <img width=\"501\" height=\"669\" src=\"https:\/\/www.globallogic.com\/sk\/wp-content\/uploads\/sites\/8\/2024\/10\/Vikrant-Nair-501x669-1.jpg\" class=\"attachment-full size-full  wpsmartcrop-image \" alt=\"leader\" loading=\"eager\" decoding=\"async\" srcset=\"https:\/\/www.globallogic.com\/sk\/wp-content\/uploads\/sites\/8\/2024\/10\/Vikrant-Nair-501x669-1.jpg 501w, https:\/\/www.globallogic.com\/sk\/wp-content\/uploads\/sites\/8\/2024\/10\/Vikrant-Nair-501x669-1-225x300.jpg 225w\" sizes=\"(max-width: 501px) 100vw, 501px\" data-smartcrop-focus=\"[43,22]\" \/>                                                <\/div>\r\n                                                                                        <div class=\"person-details\">\r\n                                                                                                                                                <div class=\"role\">Country Head GlobalLogic Japan<\/div>\r\n                                                <h5 class=\"name\">R. Vikrant Nair<\/h5>\r\n                                            <\/div>\r\n                                        <\/a>\r\n                                    <\/div>\r\n                                                                    <div class=\"box\">\r\n                                        <a href=\"https:\/\/www.globallogic.com\/sk\/about\/leadership\/marius-vanca\/\">\r\n                                                                                            <div class=\"image\">\r\n                                                <img width=\"501\" height=\"669\" src=\"https:\/\/www.globallogic.com\/sk\/wp-content\/uploads\/sites\/8\/2025\/08\/Marius-Vanca-501x669-1.jpg\" class=\"attachment-full size-full  wpsmartcrop-image \" alt=\"leader\" loading=\"eager\" decoding=\"async\" srcset=\"https:\/\/www.globallogic.com\/sk\/wp-content\/uploads\/sites\/8\/2025\/08\/Marius-Vanca-501x669-1.jpg 501w, https:\/\/www.globallogic.com\/sk\/wp-content\/uploads\/sites\/8\/2025\/08\/Marius-Vanca-501x669-1-225x300.jpg 225w\" sizes=\"(max-width: 501px) 100vw, 501px\" data-smartcrop-focus=\"[50,25]\" \/>                                                <\/div>\r\n                                                                                        <div class=\"person-details\">\r\n                                                                                                                                                <div class=\"role\">Vice President &#038; Head of GlobalLogic Romania<\/div>\r\n                                                <h5 class=\"name\">Marius V\u00e2nca<\/h5>\r\n                                            <\/div>\r\n                                        <\/a>\r\n                                    <\/div>\r\n                                                            <\/div>\r\n                        <\/div>\r\n                    <\/div>\r\n                <\/div>\r\n                <!-- <div class=\"pagination_area\">\r\n                    <div class=\"container\">\r\n                        <div class=\"pagination\">\r\n                                                    <\/div>\r\n                    <\/div>\r\n                <\/div> -->\r\n                <\/section>\r\n\n\n\r\n<!-- Open Vacancy -->\r\n    <section class=\"leadership-open-vacancies location-open-vacancies\" id=\"open-vacancy-block_9a2403b15b7085984098bef673cd3872\">\r\n        <div class=\"container\">\r\n            <div class=\"open-vacancies-content\">\r\n                                    <h2>Va\u0161a pr\u00edle\u017eitos\u0165 zanecha\u0165 vplyv za\u010d\u00edna pr\u00e1ve teraz<\/h2>\r\n                \r\n                <div class=\"leader_banner_buttons\">\r\n                                            <a href=\"https:\/\/www.globallogic.com\/sk\/careers\/\" class=\"primaryBtn\">Objavte otvoren\u00e9 pracovn\u00e9 poz\u00edcie<\/a>\r\n                                                                <a href=\"https:\/\/www.globallogic.com\/sk\/about\/\" class=\"primaryBtn white\">Zistite o n\u00e1s viac<\/a>\r\n                                    <\/div>\r\n\r\n            <\/div>\r\n        <\/div>\r\n                    <img width=\"1440\" height=\"1010\" src=\"https:\/\/www.globallogic.com\/sk\/wp-content\/uploads\/sites\/8\/2024\/08\/open-vacancies.webp\" class=\"open-vacancies_img\" alt=\"ExploreOpenVacancies\" loading=\"eager\" decoding=\"async\" srcset=\"https:\/\/www.globallogic.com\/sk\/wp-content\/uploads\/sites\/8\/2024\/08\/open-vacancies.webp 1440w, https:\/\/www.globallogic.com\/sk\/wp-content\/uploads\/sites\/8\/2024\/08\/open-vacancies-300x131.webp 300w, https:\/\/www.globallogic.com\/sk\/wp-content\/uploads\/sites\/8\/2024\/08\/open-vacancies-1024x448.webp 1024w, https:\/\/www.globallogic.com\/sk\/wp-content\/uploads\/sites\/8\/2024\/08\/open-vacancies-768x336.webp 768w\" sizes=\"(max-width: 1440px) 100vw, 1440px\" \/>            \r\n            <\/section>\r\n","protected":false},"excerpt":{"rendered":"","protected":false},"author":1,"featured_media":0,"parent":51,"menu_order":0,"comment_status":"closed","ping_status":"closed","template":"templates\/leadership-profiles.php","meta":{"_acf_changed":false,"footnotes":""},"class_list":["post-621","page","type-page","status-publish","hentry"],"acf":[],"aioseo_notices":[],"_links":{"self":[{"href":"https:\/\/www.globallogic.com\/sk\/wp-json\/wp\/v2\/pages\/621","targetHints":{"allow":["GET"]}}],"collection":[{"href":"https:\/\/www.globallogic.com\/sk\/wp-json\/wp\/v2\/pages"}],"about":[{"href":"https:\/\/www.globallogic.com\/sk\/wp-json\/wp\/v2\/types\/page"}],"author":[{"embeddable":true,"href":"https:\/\/www.globallogic.com\/sk\/wp-json\/wp\/v2\/users\/1"}],"replies":[{"embeddable":true,"href":"https:\/\/www.globallogic.com\/sk\/wp-json\/wp\/v2\/comments?post=621"}],"version-history":[{"count":7,"href":"https:\/\/www.globallogic.com\/sk\/wp-json\/wp\/v2\/pages\/621\/revisions"}],"predecessor-version":[{"id":101901,"href":"https:\/\/www.globallogic.com\/sk\/wp-json\/wp\/v2\/pages\/621\/revisions\/101901"}],"up":[{"embeddable":true,"href":"https:\/\/www.globallogic.com\/sk\/wp-json\/wp\/v2\/pages\/51"}],"wp:attachment":[{"href":"https:\/\/www.globallogic.com\/sk\/wp-json\/wp\/v2\/media?parent=621"}],"curies":[{"name":"wp","href":"https:\/\/api.w.org\/{rel}","templated":true}]}}