{"id":7421,"date":"2016-02-16T11:28:19","date_gmt":"2016-02-16T11:28:19","guid":{"rendered":"https:\/\/www.globallogic.com\/?page_id=7421"},"modified":"2016-02-16T11:28:19","modified_gmt":"2016-02-16T11:28:19","slug":"personal-information-disclaimer","status":"publish","type":"page","link":"https:\/\/www.globallogic.com\/sk\/personal-information-disclaimer\/","title":{"rendered":"Vyhl\u00e1senie v\u00fdhrady zodpovednosti t\u00fdkaj\u00face sa osobn\u00fdch inform\u00e1ci\u00ed"},"content":{"rendered":"<div class=\"classic_editor_content\">Spolo\u010dnos\u0165 GlobalLogic nikdy ne\u017eiada od uch\u00e1dza\u010dov o zamestnanie inform\u00e1cie t\u00fdkaj\u00face sa ich osobn\u00fdch financi\u00ed, neprij\u00edma zamestnancov okam\u017eite po jedinom pracovnom pohovore a nepodmie\u0148uje prijatie nov\u00fdch zamestnancov zak\u00fapen\u00edm ak\u00e9hoko\u013evek softv\u00e9ru a\/alebo pracovn\u00e9ho vybavenia. V pr\u00edpade, \u017ee v\u00e1s oslovil niekto, kto tvrd\u00ed, \u017ee zastupuje spolo\u010dnos\u0165 GlobalLogic, a kto pritom po\u017eaduje \u010doko\u013evek z vy\u0161\u0161ie uveden\u00e9ho, pros\u00edm ozn\u00e1mte to ochrancovi pr\u00e1v spotrebite\u013eov Feder\u00e1lnej obchodnej komisie USA (Federal Trade Commission\u2019s\u00a0<a href=\"https:\/\/www.ftccomplaintassistant.gov\/\" target=\"_blank\" rel=\"external nofollow\" target=\"_blank\">Consumer Sentinel<\/a>\u00a0) alebo Centru FBI pre internetov\u00fa kriminalitu (<a href=\"http:\/\/www.ic3.gov\/\" target=\"_blank\" rel=\"external nofollow\" target=\"_blank\">Internet Crime Complaint Center<\/a>). \u010eal\u0161ie inform\u00e1cie o <a rel=\"external nofollow\" target=\"_blank\" href=\"https:\/\/archives.fbi.gov\/archives\/news\/stories\/2009\/april\/workathome_041709\">podvodn\u00fdch ponuk\u00e1ch pr\u00e1ce z domu<\/a> a in\u00fdch typoch podvodn\u00fdch pon\u00fak n\u00e1jdete na str\u00e1nke <a rel=\"external nofollow\" target=\"_blank\" href=\"https:\/\/www.fbi.gov\/\">fbi.gov<\/a>.<\/div>\n","protected":false},"excerpt":{"rendered":"<p>Spolo\u010dnos\u0165 GlobalLogic nikdy ne\u017eiada od uch\u00e1dza\u010dov o zamestnanie inform\u00e1cie t\u00fdkaj\u00face sa ich osobn\u00fdch financi\u00ed, neprij\u00edma zamestnancov okam\u017eite po jedinom pracovnom pohovore a nepodmie\u0148uje prijatie nov\u00fdch zamestnancov zak\u00fapen\u00edm ak\u00e9hoko\u013evek softv\u00e9ru a\/alebo pracovn\u00e9ho vybavenia. V pr\u00edpade, \u017ee v\u00e1s oslovil niekto, kto tvrd\u00ed, \u017ee zastupuje spolo\u010dnos\u0165 GlobalLogic, a kto pritom po\u017eaduje \u010doko\u013evek z vy\u0161\u0161ie uveden\u00e9ho, pros\u00edm ozn\u00e1mte to ochrancovi pr\u00e1v spotrebite\u013eov Feder\u00e1lnej obchodnej komisie USA (Federal Trade Commission\u2019s\u00a0Consumer Sentinel\u00a0) alebo Centru FBI pre internetov\u00fa kriminalitu (Internet Crime Complaint Center). \u010eal\u0161ie inform\u00e1cie o podvodn\u00fdch ponuk\u00e1ch pr\u00e1ce z domu a in\u00fdch typoch podvodn\u00fdch pon\u00fak n\u00e1jdete na str\u00e1nke fbi.gov.<\/p>\n","protected":false},"author":12,"featured_media":6030,"parent":0,"menu_order":96,"comment_status":"closed","ping_status":"closed","template":"page-templates\/footer-page.php","meta":{"_acf_changed":false,"footnotes":""},"class_list":["post-7421","page","type-page","status-publish","has-post-thumbnail","hentry"],"acf":[],"aioseo_notices":[],"_links":{"self":[{"href":"https:\/\/www.globallogic.com\/sk\/wp-json\/wp\/v2\/pages\/7421","targetHints":{"allow":["GET"]}}],"collection":[{"href":"https:\/\/www.globallogic.com\/sk\/wp-json\/wp\/v2\/pages"}],"about":[{"href":"https:\/\/www.globallogic.com\/sk\/wp-json\/wp\/v2\/types\/page"}],"author":[{"embeddable":true,"href":"https:\/\/www.globallogic.com\/sk\/wp-json\/wp\/v2\/users\/12"}],"replies":[{"embeddable":true,"href":"https:\/\/www.globallogic.com\/sk\/wp-json\/wp\/v2\/comments?post=7421"}],"version-history":[{"count":0,"href":"https:\/\/www.globallogic.com\/sk\/wp-json\/wp\/v2\/pages\/7421\/revisions"}],"wp:featuredmedia":[{"embeddable":true,"href":"https:\/\/www.globallogic.com\/sk\/wp-json\/wp\/v2\/media\/6030"}],"wp:attachment":[{"href":"https:\/\/www.globallogic.com\/sk\/wp-json\/wp\/v2\/media?parent=7421"}],"curies":[{"name":"wp","href":"https:\/\/api.w.org\/{rel}","templated":true}]}}