{"id":97398,"date":"2024-09-10T13:43:04","date_gmt":"2024-09-10T13:43:04","guid":{"rendered":"https:\/\/www.globallogic.com\/sk\/?page_id=97398"},"modified":"2025-02-06T06:54:33","modified_gmt":"2025-02-06T06:54:33","slug":"case-studies","status":"publish","type":"page","link":"https:\/\/www.globallogic.com\/sk\/insights\/case-studies\/","title":{"rendered":"Pr\u00edpadov\u00e9 \u0161t\u00fadie"},"content":{"rendered":"\r\n<!-- Locations Hero banner -->\r\n \r\n<section class=\"partner_detail_banner_block locations_banner_block \" id=\"banner-locations-block_fcb4184a3d861043a2b770c127aa469d\">\r\n    <div class=\"container\">\r\n        <div class=\"banner_content_block\">\r\n            <ul class=\"breadcrumb\"><\/ul>            \r\n                            <h1>Nechajte sa in\u0161pirova\u0165 inovat\u00edvnymi my\u0161lienkami od l\u00eddrov a in\u017einierov z GlobalLogic<\/h1>\r\n                    <\/div>\r\n    <\/div>\r\n<\/section>\r\n\n\n\n<!-- Featured Posts Slider --> \n    <section class=\"event_banner_block \" id=\"fea-posts-sliderblock_b89656c061b0b137b666cb2a79db0679\">\n        <div class=\"container\">\n            <div class=\"swiper eventSlider\">\n                <div class=\"swiper-wrapper\">\n                    \n                            \n                            \n                                                                                            <div class=\"swiper-slide\">\n                                        <a href=\"https:\/\/www.globallogic.com\/sk\/insights\/case-studies\/catalina-meni-vouchery-na-spojenie-na-baze-ai-2\/\" class=\"insightCard fullWidth\" insightpost-103060>\n                                            <div class=\"insight_overlay\">\n                                                <div class=\"insight_tags\">\n                                                    <span class=\"category-tag\">Analytics<\/span><span class=\"category-tag\">Data Engineering<\/span><span class=\"industry-tag\">Retail and Consumer<\/span>                                                <\/div>\n                                                <div class=\"insight_sub_head\">\n                                                    <div class=\"author-list\">\n                                                                                                                    <span>GlobalLogic<\/span>                                                    <\/div>\n                                                                                                                                                        <\/div>\n                                                <h3 class=\"trim\">Catalina men\u00ed vouchery na spojenie na b\u00e1ze AI<\/h3>\n                                            <\/div>\n                                                                                            <div class=\"insight_img\">\n                                                    <img width=\"1130\" height=\"636\" src=\"https:\/\/www.globallogic.com\/sk\/wp-content\/uploads\/sites\/8\/2025\/05\/Catalina-Web-2048x1152_optimized.png\" class=\"attachment-full size-full\" alt=\"\" loading=\"lazy\" decoding=\"async\" srcset=\"https:\/\/www.globallogic.com\/sk\/wp-content\/uploads\/sites\/8\/2025\/05\/Catalina-Web-2048x1152_optimized.png 1024w, https:\/\/www.globallogic.com\/sk\/wp-content\/uploads\/sites\/8\/2025\/05\/Catalina-Web-2048x1152_optimized-300x169.png 300w, https:\/\/www.globallogic.com\/sk\/wp-content\/uploads\/sites\/8\/2025\/05\/Catalina-Web-2048x1152_optimized-768x432.png 768w\" sizes=\"auto, (max-width: 1024px) 100vw, 1024px\" \/>                                                <\/div>\n                                                                                    <\/a>\n                                    <\/div>\n\n                                                                        <div class=\"swiper-slide\">\n                                        <a href=\"https:\/\/www.globallogic.com\/sk\/insights\/case-studies\/angular-modernization-ai\/\" class=\"insightCard fullWidth\" insightpost-102019>\n                                            <div class=\"insight_overlay\">\n                                                <div class=\"insight_tags\">\n                                                    <span class=\"category-tag\">AI-Powered SDLC<\/span><span class=\"category-tag\">GenAI<\/span><span class=\"industry-tag\">Technology<\/span>                                                <\/div>\n                                                <div class=\"insight_sub_head\">\n                                                    <div class=\"author-list\">\n                                                                                                                    <span>GlobalLogic<\/span>                                                    <\/div>\n                                                                                                                                                        <\/div>\n                                                <h3 class=\"trim\">Od zastaran\u00fdch k \u0161pi\u010dkov\u00fdm syst\u00e9mom: Migr\u00e1cia na Angular u l\u00eddra v oblasti softv\u00e9rov\u00fdch rie\u0161en\u00ed<\/h3>\n                                            <\/div>\n                                                                                            <div class=\"insight_img\">\n                                                    <img width=\"1130\" height=\"636\" src=\"https:\/\/www.globallogic.com\/sk\/wp-content\/uploads\/sites\/8\/2025\/02\/Web-Desktop-Image-1.jpg\" class=\"attachment-full size-full\" alt=\"\" loading=\"lazy\" decoding=\"async\" srcset=\"https:\/\/www.globallogic.com\/sk\/wp-content\/uploads\/sites\/8\/2025\/02\/Web-Desktop-Image-1.jpg 1920w, https:\/\/www.globallogic.com\/sk\/wp-content\/uploads\/sites\/8\/2025\/02\/Web-Desktop-Image-1-300x169.jpg 300w, https:\/\/www.globallogic.com\/sk\/wp-content\/uploads\/sites\/8\/2025\/02\/Web-Desktop-Image-1-1024x576.jpg 1024w, https:\/\/www.globallogic.com\/sk\/wp-content\/uploads\/sites\/8\/2025\/02\/Web-Desktop-Image-1-768x432.jpg 768w, https:\/\/www.globallogic.com\/sk\/wp-content\/uploads\/sites\/8\/2025\/02\/Web-Desktop-Image-1-1536x864.jpg 1536w\" sizes=\"auto, (max-width: 1920px) 100vw, 1920px\" \/>                                                <\/div>\n                                                                                    <\/a>\n                                    <\/div>\n\n                                                                        <div class=\"swiper-slide\">\n                                        <a href=\"https:\/\/www.globallogic.com\/sk\/insights\/case-studies\/ai-api-documentation-automation-rental-tech\/\" class=\"insightCard fullWidth\" insightpost-102039>\n                                            <div class=\"insight_overlay\">\n                                                <div class=\"insight_tags\">\n                                                    <span class=\"category-tag\">AI-Powered SDLC<\/span><span class=\"industry-tag\">Retail and Consumer<\/span>                                                <\/div>\n                                                <div class=\"insight_sub_head\">\n                                                    <div class=\"author-list\">\n                                                                                                                    <span>GlobalLogic<\/span>                                                    <\/div>\n                                                                                                                                                        <\/div>\n                                                <h3 class=\"trim\">Zefekt\u00edvnenie dokument\u00e1cie API pomocou automatiz\u00e1cie na b\u00e1ze GenAI<\/h3>\n                                            <\/div>\n                                                                                            <div class=\"insight_img\">\n                                                    <img width=\"1130\" height=\"636\" src=\"https:\/\/www.globallogic.com\/sk\/wp-content\/uploads\/sites\/8\/2025\/02\/Web-Desktop-Image-1920x1080-3.jpg\" class=\"attachment-full size-full\" alt=\"\" loading=\"lazy\" decoding=\"async\" srcset=\"https:\/\/www.globallogic.com\/sk\/wp-content\/uploads\/sites\/8\/2025\/02\/Web-Desktop-Image-1920x1080-3.jpg 1920w, https:\/\/www.globallogic.com\/sk\/wp-content\/uploads\/sites\/8\/2025\/02\/Web-Desktop-Image-1920x1080-3-300x169.jpg 300w, https:\/\/www.globallogic.com\/sk\/wp-content\/uploads\/sites\/8\/2025\/02\/Web-Desktop-Image-1920x1080-3-1024x576.jpg 1024w, https:\/\/www.globallogic.com\/sk\/wp-content\/uploads\/sites\/8\/2025\/02\/Web-Desktop-Image-1920x1080-3-768x432.jpg 768w, https:\/\/www.globallogic.com\/sk\/wp-content\/uploads\/sites\/8\/2025\/02\/Web-Desktop-Image-1920x1080-3-1536x864.jpg 1536w\" sizes=\"auto, (max-width: 1920px) 100vw, 1920px\" \/>                                                <\/div>\n                                                                                    <\/a>\n                                    <\/div>\n\n                                                                        <div class=\"swiper-slide\">\n                                        <a href=\"https:\/\/www.globallogic.com\/sk\/insights\/case-studies\/ai-software-development-automation-energy-tech\/\" class=\"insightCard fullWidth\" insightpost-102030>\n                                            <div class=\"insight_overlay\">\n                                                <div class=\"insight_tags\">\n                                                    <span class=\"category-tag\">AI-Powered SDLC<\/span><span class=\"industry-tag\">Priemysel a energetika<\/span><span class=\"industry-tag\">Technology<\/span>                                                <\/div>\n                                                <div class=\"insight_sub_head\">\n                                                    <div class=\"author-list\">\n                                                                                                                    <span>GlobalLogic<\/span>                                                    <\/div>\n                                                                                                                                                        <\/div>\n                                                <h3 class=\"trim\">Zefekt\u00edvnenie \u017eivotn\u00e9ho cyklu v\u00fdvoja softv\u00e9ru (SDLC) pre popredn\u00fa spolo\u010dnos\u0165 v oblasti energetick\u00fdch technol\u00f3gi\u00ed<\/h3>\n                                            <\/div>\n                                                                                            <div class=\"insight_img\">\n                                                    <img width=\"1130\" height=\"636\" src=\"https:\/\/www.globallogic.com\/sk\/wp-content\/uploads\/sites\/8\/2025\/02\/GL3.0_CaseStudy_Streamlining-the-SDLC-for-a-leader-in-global-energy-technology_Web-Desktop-Image.jpg\" class=\"attachment-full size-full\" alt=\"\" loading=\"lazy\" decoding=\"async\" srcset=\"https:\/\/www.globallogic.com\/sk\/wp-content\/uploads\/sites\/8\/2025\/02\/GL3.0_CaseStudy_Streamlining-the-SDLC-for-a-leader-in-global-energy-technology_Web-Desktop-Image.jpg 1920w, https:\/\/www.globallogic.com\/sk\/wp-content\/uploads\/sites\/8\/2025\/02\/GL3.0_CaseStudy_Streamlining-the-SDLC-for-a-leader-in-global-energy-technology_Web-Desktop-Image-300x169.jpg 300w, https:\/\/www.globallogic.com\/sk\/wp-content\/uploads\/sites\/8\/2025\/02\/GL3.0_CaseStudy_Streamlining-the-SDLC-for-a-leader-in-global-energy-technology_Web-Desktop-Image-1024x576.jpg 1024w, https:\/\/www.globallogic.com\/sk\/wp-content\/uploads\/sites\/8\/2025\/02\/GL3.0_CaseStudy_Streamlining-the-SDLC-for-a-leader-in-global-energy-technology_Web-Desktop-Image-768x432.jpg 768w, https:\/\/www.globallogic.com\/sk\/wp-content\/uploads\/sites\/8\/2025\/02\/GL3.0_CaseStudy_Streamlining-the-SDLC-for-a-leader-in-global-energy-technology_Web-Desktop-Image-1536x864.jpg 1536w\" sizes=\"auto, (max-width: 1920px) 100vw, 1920px\" \/>                                                <\/div>\n                                                                                    <\/a>\n                                    <\/div>\n\n                                    \n                                                    \n                                    <\/div>\n                                    <div class=\"swiper_control\">\n                        <div class=\"swiper-scrollbar\"><\/div>\n                        <nav class=\"swiper_nav\" aria-label=\"Featured Post Slider Navigation\">\n                            <div class=\"swiper-button-prev\"><\/div>\n                            <div class=\"swiper-button-next\"><\/div>\n                        <\/nav>\n                    <\/div>\n                    \n            <\/div>\n    <\/section>\n    ","protected":false},"excerpt":{"rendered":"","protected":false},"author":1,"featured_media":0,"parent":99,"menu_order":0,"comment_status":"closed","ping_status":"closed","template":"templates\/insights-casestudies.php","meta":{"_acf_changed":false,"footnotes":""},"class_list":["post-97398","page","type-page","status-publish","hentry"],"acf":[],"aioseo_notices":[],"_links":{"self":[{"href":"https:\/\/www.globallogic.com\/sk\/wp-json\/wp\/v2\/pages\/97398","targetHints":{"allow":["GET"]}}],"collection":[{"href":"https:\/\/www.globallogic.com\/sk\/wp-json\/wp\/v2\/pages"}],"about":[{"href":"https:\/\/www.globallogic.com\/sk\/wp-json\/wp\/v2\/types\/page"}],"author":[{"embeddable":true,"href":"https:\/\/www.globallogic.com\/sk\/wp-json\/wp\/v2\/users\/1"}],"replies":[{"embeddable":true,"href":"https:\/\/www.globallogic.com\/sk\/wp-json\/wp\/v2\/comments?post=97398"}],"version-history":[{"count":7,"href":"https:\/\/www.globallogic.com\/sk\/wp-json\/wp\/v2\/pages\/97398\/revisions"}],"predecessor-version":[{"id":101977,"href":"https:\/\/www.globallogic.com\/sk\/wp-json\/wp\/v2\/pages\/97398\/revisions\/101977"}],"up":[{"embeddable":true,"href":"https:\/\/www.globallogic.com\/sk\/wp-json\/wp\/v2\/pages\/99"}],"wp:attachment":[{"href":"https:\/\/www.globallogic.com\/sk\/wp-json\/wp\/v2\/media?parent=97398"}],"curies":[{"name":"wp","href":"https:\/\/api.w.org\/{rel}","templated":true}]}}