{"id":97400,"date":"2024-09-10T13:47:17","date_gmt":"2024-09-10T13:47:17","guid":{"rendered":"https:\/\/www.globallogic.com\/sk\/?page_id=97400"},"modified":"2025-03-13T09:58:38","modified_gmt":"2025-03-13T09:58:38","slug":"blogs","status":"publish","type":"page","link":"https:\/\/www.globallogic.com\/sk\/insights\/blogs\/","title":{"rendered":"Blogy"},"content":{"rendered":"\r\n<!-- Locations Hero banner -->\r\n \r\n<section class=\"partner_detail_banner_block locations_banner_block \" id=\"banner-locations-block_9d5517f4c2a8e85edeae400ee39065cd\">\r\n    <div class=\"container\">\r\n        <div class=\"banner_content_block\">\r\n            <ul class=\"breadcrumb\"><\/ul>            \r\n                            <h1>Nechajte sa in\u0161pirova\u0165 inovat\u00edvnymi my\u0161lienkami od l\u00eddrov a in\u017einierov z GlobalLogic<\/h1>\r\n                    <\/div>\r\n    <\/div>\r\n<\/section>\r\n\n\n\n<!-- Featured Posts Slider --> \n    <section class=\"event_banner_block \" id=\"fea-posts-sliderblock_25d7e3a66e2355c7b048832fe630f126\">\n        <div class=\"container\">\n            <div class=\"swiper eventSlider\">\n                <div class=\"swiper-wrapper\">\n                    \n                                                                                            <div class=\"swiper-slide\">\n                                        <a href=\"https:\/\/www.globallogic.com\/sk\/insights\/blogs\/umela-inteligencia-ai-v-maloobchode-sest-vyhod-ai-transformacie-ktore-su-uz-tu\/\" class=\"insightCard fullWidth\" insightpost-103667>\n                                            <div class=\"insight_overlay\">\n                                                <div class=\"insight_tags\">\n                                                    <span class=\"category-tag\">Data Engineering<\/span><span class=\"category-tag\">GenAI<\/span><span class=\"category-tag\">IT \/ OT Transformation<\/span><span class=\"industry-tag\">Retail and Consumer<\/span>                                                <\/div>\n                                                <div class=\"insight_sub_head\">\n                                                    <div class=\"author-list\">\n                                                        <div class=\"author_links\">                                                                    <span>GlobalLogic<\/span>\n                                                                    <\/div>                                                    <\/div>\n                                                                                                                                                                                                                        <span>6 November 2025<\/span>\n                                                                                                    <\/div>\n                                                <h3 class=\"trim\">Umel\u00e1 inteligencia (AI) v maloobchode: \u0161es\u0165 v\u00fdhod AI transform\u00e1cie , ktor\u00e9 s\u00fa u\u017e tu<\/h3>\n                                            <\/div>\n                                                                                            <div class=\"insight_img\">\n                                                    <img width=\"1130\" height=\"636\" src=\"https:\/\/www.globallogic.com\/sk\/wp-content\/uploads\/sites\/8\/2025\/11\/AI-in-Retail-Visual-1.jpg\" class=\"attachment-full size-full\" alt=\"\" loading=\"lazy\" decoding=\"async\" srcset=\"https:\/\/www.globallogic.com\/sk\/wp-content\/uploads\/sites\/8\/2025\/11\/AI-in-Retail-Visual-1.jpg 1600w, https:\/\/www.globallogic.com\/sk\/wp-content\/uploads\/sites\/8\/2025\/11\/AI-in-Retail-Visual-1-300x188.jpg 300w, https:\/\/www.globallogic.com\/sk\/wp-content\/uploads\/sites\/8\/2025\/11\/AI-in-Retail-Visual-1-1024x640.jpg 1024w, https:\/\/www.globallogic.com\/sk\/wp-content\/uploads\/sites\/8\/2025\/11\/AI-in-Retail-Visual-1-768x480.jpg 768w, https:\/\/www.globallogic.com\/sk\/wp-content\/uploads\/sites\/8\/2025\/11\/AI-in-Retail-Visual-1-1536x960.jpg 1536w\" sizes=\"auto, (max-width: 1600px) 100vw, 1600px\" \/>                                                <\/div>\n                                                                                    <\/a>\n                                    <\/div>\n\n                                                                        <div class=\"swiper-slide\">\n                                        <a href=\"https:\/\/www.globallogic.com\/sk\/insights\/blogs\/ingrid-tomcejova-od-humanitnych-vied-k-uspesnej-kariere-v-it\/\" class=\"insightCard fullWidth\" insightpost-102971>\n                                            <div class=\"insight_overlay\">\n                                                <div class=\"insight_tags\">\n                                                    <span class=\"category-tag\">Work-life<\/span><span class=\"industry-tag\">Nezaraden\u00e9<\/span>                                                <\/div>\n                                                <div class=\"insight_sub_head\">\n                                                    <div class=\"author-list\">\n                                                        <div class=\"author_links\">                                                                    <span>GlobalLogic<\/span>\n                                                                    <\/div>                                                    <\/div>\n                                                                                                                                                                                                                        <span>23 April 2025<\/span>\n                                                                                                    <\/div>\n                                                <h3 class=\"trim\">Ingrid Tom\u010dejov\u00e1: Od humanitn\u00fdch vied k \u00faspe\u0161nej kari\u00e9re v IT<\/h3>\n                                            <\/div>\n                                                                                            <div class=\"insight_img\">\n                                                    <img width=\"1130\" height=\"636\" src=\"https:\/\/www.globallogic.com\/sk\/wp-content\/uploads\/sites\/8\/2025\/04\/1000001076-1.jpg\" class=\"attachment-full size-full\" alt=\"\" loading=\"lazy\" decoding=\"async\" srcset=\"https:\/\/www.globallogic.com\/sk\/wp-content\/uploads\/sites\/8\/2025\/04\/1000001076-1.jpg 1814w, https:\/\/www.globallogic.com\/sk\/wp-content\/uploads\/sites\/8\/2025\/04\/1000001076-1-300x225.jpg 300w, https:\/\/www.globallogic.com\/sk\/wp-content\/uploads\/sites\/8\/2025\/04\/1000001076-1-1024x768.jpg 1024w, https:\/\/www.globallogic.com\/sk\/wp-content\/uploads\/sites\/8\/2025\/04\/1000001076-1-768x576.jpg 768w, https:\/\/www.globallogic.com\/sk\/wp-content\/uploads\/sites\/8\/2025\/04\/1000001076-1-1536x1152.jpg 1536w\" sizes=\"auto, (max-width: 1814px) 100vw, 1814px\" \/>                                                <\/div>\n                                                                                    <\/a>\n                                    <\/div>\n\n                                                                        <div class=\"swiper-slide\">\n                                        <a href=\"https:\/\/www.globallogic.com\/sk\/insights\/blogs\/prve-kroky-k-uspesnej-it-kariere-staz-v-globallogic-slovakia\/\" class=\"insightCard fullWidth\" insightpost-100897>\n                                            <div class=\"insight_overlay\">\n                                                <div class=\"insight_tags\">\n                                                    <span class=\"category-tag\">Work-life<\/span><span class=\"industry-tag\">Nezaraden\u00e9<\/span>                                                <\/div>\n                                                <div class=\"insight_sub_head\">\n                                                    <div class=\"author-list\">\n                                                                                                                    <span>GlobalLogic<\/span>                                                    <\/div>\n                                                                                                                                                                                                                        <span>25 September 2024<\/span>\n                                                                                                    <\/div>\n                                                <h3 class=\"trim\">Prv\u00e9 kroky k \u00faspe\u0161nej IT kari\u00e9re &#8211; st\u00e1\u017e v GlobalLogic Slovakia<\/h3>\n                                            <\/div>\n                                                                                            <div class=\"insight_img\">\n                                                    <img width=\"1130\" height=\"636\" src=\"https:\/\/www.globallogic.com\/sk\/wp-content\/uploads\/sites\/8\/2024\/12\/smiling-teen-girl-with-boy-library-604x330-1.jpg\" class=\"attachment-full size-full\" alt=\"\" loading=\"lazy\" decoding=\"async\" srcset=\"https:\/\/www.globallogic.com\/sk\/wp-content\/uploads\/sites\/8\/2024\/12\/smiling-teen-girl-with-boy-library-604x330-1.jpg 604w, https:\/\/www.globallogic.com\/sk\/wp-content\/uploads\/sites\/8\/2024\/12\/smiling-teen-girl-with-boy-library-604x330-1-300x164.jpg 300w\" sizes=\"auto, (max-width: 604px) 100vw, 604px\" \/>                                                <\/div>\n                                                                                    <\/a>\n                                    <\/div>\n\n                                                                        <div class=\"swiper-slide\">\n                                        <a href=\"https:\/\/www.globallogic.com\/sk\/insights\/blogs\/nfr-12-klucovych-aspektov-pre-vyvoj-mobilnych-aplikacii\/\" class=\"insightCard fullWidth\" insightpost-89819>\n                                            <div class=\"insight_overlay\">\n                                                <div class=\"insight_tags\">\n                                                    <span class=\"category-tag\">Architecture<\/span><span class=\"industry-tag\">Mobilita<\/span><span class=\"industry-tag\">Technology<\/span>                                                <\/div>\n                                                <div class=\"insight_sub_head\">\n                                                    <div class=\"author-list\">\n                                                        <div class=\"author_links\">                                                                    <span>Abhishek Gedam<\/span>\n                                                                <\/div>                                                    <\/div>\n                                                                                                                                                                                                                        <span>21 May 2024<\/span>\n                                                                                                    <\/div>\n                                                <h3 class=\"trim\">NFR: 12\u00a0k\u013e\u00fa\u010dov\u00fdch aspektov pre v\u00fdvoj mobiln\u00fdch aplik\u00e1ci\u00ed<\/h3>\n                                            <\/div>\n                                                                                            <div class=\"insight_img\">\n                                                    <img width=\"1130\" height=\"636\" src=\"https:\/\/www.globallogic.com\/sk\/wp-content\/uploads\/sites\/8\/2024\/05\/1-NFR-12-klucovych-aspektov-pre-vyvoj-mobilnych-aplikacii.png\" class=\"attachment-full size-full\" alt=\"\" loading=\"lazy\" decoding=\"async\" srcset=\"https:\/\/www.globallogic.com\/sk\/wp-content\/uploads\/sites\/8\/2024\/05\/1-NFR-12-klucovych-aspektov-pre-vyvoj-mobilnych-aplikacii.png 500w, https:\/\/www.globallogic.com\/sk\/wp-content\/uploads\/sites\/8\/2024\/05\/1-NFR-12-klucovych-aspektov-pre-vyvoj-mobilnych-aplikacii-300x198.png 300w\" sizes=\"auto, (max-width: 500px) 100vw, 500px\" \/>                                                <\/div>\n                                                                                    <\/a>\n                                    <\/div>\n\n                                    \n                                                    \n                                    <\/div>\n                                    <div class=\"swiper_control\">\n                        <div class=\"swiper-scrollbar\"><\/div>\n                        <nav class=\"swiper_nav\" aria-label=\"Featured Post Slider Navigation\">\n                            <div class=\"swiper-button-prev\"><\/div>\n                            <div class=\"swiper-button-next\"><\/div>\n                        <\/nav>\n                    <\/div>\n                    \n            <\/div>\n    <\/section>\n    ","protected":false},"excerpt":{"rendered":"","protected":false},"author":1,"featured_media":0,"parent":99,"menu_order":0,"comment_status":"closed","ping_status":"closed","template":"templates\/insights-blogs.php","meta":{"_acf_changed":false,"footnotes":""},"class_list":["post-97400","page","type-page","status-publish","hentry"],"acf":[],"aioseo_notices":[],"_links":{"self":[{"href":"https:\/\/www.globallogic.com\/sk\/wp-json\/wp\/v2\/pages\/97400","targetHints":{"allow":["GET"]}}],"collection":[{"href":"https:\/\/www.globallogic.com\/sk\/wp-json\/wp\/v2\/pages"}],"about":[{"href":"https:\/\/www.globallogic.com\/sk\/wp-json\/wp\/v2\/types\/page"}],"author":[{"embeddable":true,"href":"https:\/\/www.globallogic.com\/sk\/wp-json\/wp\/v2\/users\/1"}],"replies":[{"embeddable":true,"href":"https:\/\/www.globallogic.com\/sk\/wp-json\/wp\/v2\/comments?post=97400"}],"version-history":[{"count":9,"href":"https:\/\/www.globallogic.com\/sk\/wp-json\/wp\/v2\/pages\/97400\/revisions"}],"predecessor-version":[{"id":101979,"href":"https:\/\/www.globallogic.com\/sk\/wp-json\/wp\/v2\/pages\/97400\/revisions\/101979"}],"up":[{"embeddable":true,"href":"https:\/\/www.globallogic.com\/sk\/wp-json\/wp\/v2\/pages\/99"}],"wp:attachment":[{"href":"https:\/\/www.globallogic.com\/sk\/wp-json\/wp\/v2\/media?parent=97400"}],"curies":[{"name":"wp","href":"https:\/\/api.w.org\/{rel}","templated":true}]}}