 
{"id":97402,"date":"2024-09-10T13:54:02","date_gmt":"2024-09-10T13:54:02","guid":{"rendered":"https:\/\/www.globallogic.com\/sk\/?page_id=97402"},"modified":"2024-10-31T05:24:57","modified_gmt":"2024-10-31T05:24:57","slug":"webinars","status":"publish","type":"page","link":"https:\/\/www.globallogic.com\/sk\/insights\/webinars\/","title":{"rendered":"Webin\u00e1re"},"content":{"rendered":"\r\n<!-- Locations Hero banner -->\r\n \r\n<section class=\"partner_detail_banner_block locations_banner_block \" id=\"banner-locations-block_4a937255144d5ec428bd44a83fcdec22\">\r\n    <div class=\"container\">\r\n        <div class=\"banner_content_block\">\r\n            <ul class=\"breadcrumb\"><\/ul>            \r\n                            <h1>Nechajte sa in\u0161pirova\u0165 inovat\u00edvnymi my\u0161lienkami od l\u00eddrov a in\u017einierov z GlobalLogic<\/h1>\r\n                    <\/div>\r\n    <\/div>\r\n<\/section>\r\n\n\n\n<!-- Featured Posts Slider --> \n    <section class=\"event_banner_block \" id=\"fea-posts-sliderblock_f182fe816a0f5462b10c229b54cf9a61\">\n        <div class=\"container\">\n            <div class=\"swiper eventSlider\">\n                <div class=\"swiper-wrapper\">\n                                    <\/div>\n                \n            <\/div>\n    <\/section>\n    ","protected":false},"excerpt":{"rendered":"","protected":false},"author":1,"featured_media":0,"parent":99,"menu_order":0,"comment_status":"closed","ping_status":"closed","template":"templates\/insights-webinars.php","meta":{"_acf_changed":false,"footnotes":""},"class_list":["post-97402","page","type-page","status-publish","hentry"],"acf":[],"aioseo_notices":[],"_links":{"self":[{"href":"https:\/\/www.globallogic.com\/sk\/wp-json\/wp\/v2\/pages\/97402","targetHints":{"allow":["GET"]}}],"collection":[{"href":"https:\/\/www.globallogic.com\/sk\/wp-json\/wp\/v2\/pages"}],"about":[{"href":"https:\/\/www.globallogic.com\/sk\/wp-json\/wp\/v2\/types\/page"}],"author":[{"embeddable":true,"href":"https:\/\/www.globallogic.com\/sk\/wp-json\/wp\/v2\/users\/1"}],"replies":[{"embeddable":true,"href":"https:\/\/www.globallogic.com\/sk\/wp-json\/wp\/v2\/comments?post=97402"}],"version-history":[{"count":5,"href":"https:\/\/www.globallogic.com\/sk\/wp-json\/wp\/v2\/pages\/97402\/revisions"}],"predecessor-version":[{"id":100774,"href":"https:\/\/www.globallogic.com\/sk\/wp-json\/wp\/v2\/pages\/97402\/revisions\/100774"}],"up":[{"embeddable":true,"href":"https:\/\/www.globallogic.com\/sk\/wp-json\/wp\/v2\/pages\/99"}],"wp:attachment":[{"href":"https:\/\/www.globallogic.com\/sk\/wp-json\/wp\/v2\/media?parent=97402"}],"curies":[{"name":"wp","href":"https:\/\/api.w.org\/{rel}","templated":true}]}}